 {"id":5886,"date":"2019-12-04T11:53:23","date_gmt":"2019-12-04T11:53:23","guid":{"rendered":"http:\/\/www.nexeimpressions.com\/vernis-digital-2d-i-3d\/"},"modified":"2025-11-06T16:48:04","modified_gmt":"2025-11-06T14:48:04","slug":"2d-and-3d-digital-varnish","status":"publish","type":"page","link":"https:\/\/nexeimpressions.com\/en\/2d-and-3d-digital-varnish\/","title":{"rendered":"2D and 3D digital varnish"},"content":{"rendered":"<div class=\"wpb-content-wrapper\"><p>[vc_row css_animation=&#8221;&#8221; row_type=&#8221;row&#8221; use_row_as_full_screen_section=&#8221;no&#8221; type=&#8221;full_width&#8221; angled_section=&#8221;no&#8221; text_align=&#8221;left&#8221; background_image_as_pattern=&#8221;without_pattern&#8221;][vc_column width=&#8221;1\/6&#8243;][\/vc_column][vc_column width=&#8221;2\/3&#8243;][vc_empty_space][vc_column_text]<strong><a tabindex=\"0\" href=\"\/?page_id=5861\"><span class=\"back-arrow\">\u2190 <\/span>DIGITAL FINISHES<\/a><\/strong>[\/vc_column_text][vc_empty_space][\/vc_column][vc_column width=&#8221;1\/6&#8243;][\/vc_column][\/vc_row][vc_row css_animation=&#8221;&#8221; row_type=&#8221;row&#8221; use_row_as_full_screen_section=&#8221;no&#8221; type=&#8221;full_width&#8221; angled_section=&#8221;no&#8221; text_align=&#8221;left&#8221; background_image_as_pattern=&#8221;without_pattern&#8221;][vc_column width=&#8221;1\/6&#8243;][\/vc_column][vc_column width=&#8221;2\/3&#8243;][vc_single_image image=&#8221;5989&#8243; img_size=&#8221;900&#215;600&#8243; qode_css_animation=&#8221;&#8221;][vc_empty_space height=&#8221;50px&#8221;][\/vc_column][vc_column width=&#8221;1\/6&#8243;][\/vc_column][\/vc_row][vc_row css_animation=&#8221;&#8221; row_type=&#8221;row&#8221; use_row_as_full_screen_section=&#8221;no&#8221; type=&#8221;full_width&#8221; angled_section=&#8221;no&#8221; text_align=&#8221;left&#8221; background_image_as_pattern=&#8221;without_pattern&#8221;][vc_column width=&#8221;1\/6&#8243;][\/vc_column][vc_column width=&#8221;2\/3&#8243;][vc_empty_space height=&#8221;32 px&#8221;][vc_column_text]<\/p>\n<h3><strong>Benefits<\/strong><\/h3>\n<p>[\/vc_column_text][vc_empty_space height=&#8221;32 px&#8221;][vc_column_text]<span style=\"color: #303030;\">The selective 2D and 3D varnish can be applied to virtually any type of support, whether paper or synthetic, creating very striking effects, both to the eye and to the touch. The application of the varnish is ideal in those cases where the aim is to attract the attention of the consumer or to transmit a quality image.<\/span>[\/vc_column_text][vc_empty_space height=&#8221;20 px&#8221;][vc_column_text]<span style=\"color: #303030;\">This finish also generates interaction, it is possible <strong>to apply it in its 2D or 3D dimension, depending on the thickness you are looking for<\/strong>. Among its main characteristics, the liquid repellency and the high resistance to the friction stand out.<\/span>[\/vc_column_text][vc_empty_space height=&#8221;20 px&#8221;][vc_column_text]<span style=\"color: #303030;\">The <strong>selective 2D varnish<\/strong> is applied as a print finish to highlight design details through gloss, using 100% black to create the silhouette of the areas to be covered.<\/span>[\/vc_column_text][\/vc_column][vc_column width=&#8221;1\/6&#8243;][\/vc_column][\/vc_row][vc_row css_animation=&#8221;&#8221; row_type=&#8221;row&#8221; use_row_as_full_screen_section=&#8221;no&#8221; type=&#8221;full_width&#8221; angled_section=&#8221;no&#8221; text_align=&#8221;left&#8221; background_image_as_pattern=&#8221;without_pattern&#8221;][vc_column width=&#8221;1\/6&#8243;][\/vc_column][vc_column width=&#8221;2\/6&#8243;][vc_empty_space height=&#8221;32 px&#8221;][vc_single_image image=&#8221;5981&#8243; img_size=&#8221;900&#215;600&#8243; qode_css_animation=&#8221;&#8221;][vc_empty_space height=&#8221;32 px&#8221;][\/vc_column][vc_column width=&#8221;2\/6&#8243;][vc_empty_space height=&#8221;32 px&#8221;][vc_single_image image=&#8221;5977&#8243; img_size=&#8221;900&#215;600&#8243; qode_css_animation=&#8221;&#8221;][vc_empty_space height=&#8221;32 px&#8221;][\/vc_column][vc_column width=&#8221;1\/6&#8243;][\/vc_column][\/vc_row][vc_row css_animation=&#8221;&#8221; row_type=&#8221;row&#8221; use_row_as_full_screen_section=&#8221;no&#8221; type=&#8221;full_width&#8221; angled_section=&#8221;no&#8221; text_align=&#8221;left&#8221; background_image_as_pattern=&#8221;without_pattern&#8221;][vc_column width=&#8221;1\/6&#8243;][\/vc_column][vc_column width=&#8221;2\/3&#8243;][vc_column_text]<span style=\"color: #303030;\">The <strong>selective 3D varnish<\/strong> creates texture with relief which gives volume and depth to the images. It is also used to highlight text or motifs. This is achieved by using a black gradient layer: the higher the percentage of black, the greater the relief, with a maximum of 100% and a minimum of 10%.<\/span>[\/vc_column_text][\/vc_column][vc_column width=&#8221;1\/6&#8243;][\/vc_column][\/vc_row][vc_row css_animation=&#8221;&#8221; row_type=&#8221;row&#8221; use_row_as_full_screen_section=&#8221;no&#8221; type=&#8221;full_width&#8221; angled_section=&#8221;no&#8221; text_align=&#8221;left&#8221; background_image_as_pattern=&#8221;without_pattern&#8221;][vc_column width=&#8221;1\/6&#8243;][\/vc_column][vc_column width=&#8221;2\/6&#8243;][vc_empty_space height=&#8221;32 px&#8221;][vc_single_image image=&#8221;5985&#8243; img_size=&#8221;900&#215;600&#8243; qode_css_animation=&#8221;&#8221;][vc_empty_space height=&#8221;32 px&#8221;][\/vc_column][vc_column width=&#8221;2\/6&#8243;][vc_empty_space height=&#8221;32 px&#8221;][vc_single_image image=&#8221;5993&#8243; img_size=&#8221;900&#215;600&#8243; qode_css_animation=&#8221;&#8221;][vc_empty_space height=&#8221;32 px&#8221;][\/vc_column][vc_column width=&#8221;1\/6&#8243;][\/vc_column][\/vc_row][vc_row css_animation=&#8221;&#8221; row_type=&#8221;row&#8221; use_row_as_full_screen_section=&#8221;no&#8221; type=&#8221;full_width&#8221; angled_section=&#8221;no&#8221; text_align=&#8221;left&#8221; background_image_as_pattern=&#8221;without_pattern&#8221;][vc_column width=&#8221;1\/6&#8243;][\/vc_column][vc_column width=&#8221;2\/3&#8243;][vc_column_text]<span style=\"color: #303030;\">Both varnishes can be combined with other finishes such as digital printing to differentiate the most outstanding elements of the brand and obtain a connotation associated with luxury. They can also be combined in the same piece with the special inks or the laser die, depending on the needs of each design.<\/span><\/p>\n<p><span style=\"color: #303030;\">The digital varnish is not only used to highlight areas with high brightness and\/or relief, but also serves as a resource to create <strong>watermark effects<\/strong>.<\/span>[\/vc_column_text][vc_empty_space height=&#8221;32 px&#8221;][\/vc_column][vc_column width=&#8221;1\/6&#8243;][\/vc_column][\/vc_row][vc_row css_animation=&#8221;&#8221; row_type=&#8221;row&#8221; use_row_as_full_screen_section=&#8221;no&#8221; type=&#8221;full_width&#8221; angled_section=&#8221;no&#8221; text_align=&#8221;left&#8221; background_image_as_pattern=&#8221;without_pattern&#8221;][vc_column width=&#8221;1\/6&#8243;][\/vc_column][vc_column width=&#8221;2\/3&#8243;][vc_column_text]<\/p>\n<h3><strong>Specifications<\/strong><\/h3>\n<p>[\/vc_column_text][vc_empty_space height=&#8221;32 px&#8221;][vc_column_text]<span style=\"color: #303030;\">The final artwork is delivered in pdf format with a minimum resolution of 300 dpi and at actual size. The pdf has to contain a page with the graphic design, and another one with the areas selected to apply the digital varnish, outlining the area and naming that layer as &#8220;Varnish&#8221; to identify it correctly. A margin of at least 3 mm must be respected from the cutting edge and from the folds without application of varnish. Remember to point out the cutting guidelines.<\/span><\/p>\n<p><span style=\"color: #303030;\">It is advisable to use the registration marks to ensure that they exactly match the areas of the design you wish to cover with the varnish layer. For a better finish, it is recommended to apply on dark surfaces. It is mandatory to apply matte plasticization on parts with a digital varnish finish. In addition, the application of the varnish in folds or crevices should be avoided, otherwise it could come off due to the pressure exerted.<\/span><\/p>\n<p><span style=\"color: #303030;\">For application in typographies or lines, it must be taken into account that the line must have a minimum of 0.5 mm in 3D and 0.25 mm in 2D; and in openwork 1 mm in 3D and 0.5 mm in 2D.<\/span>[\/vc_column_text][vc_empty_space height=&#8221;32 px&#8221;][vc_column_text]<\/p>\n<h3><strong>Remarks<\/strong><\/h3>\n<p>[\/vc_column_text][vc_empty_space height=&#8221;32 px&#8221;][vc_column_text]<span style=\"color: #303030;\">El barniz digital puede aplicarse en una infinidad de piezas como packaging, tarjetas de visita, felicitaciones, tr\u00edpticos, cat\u00e1logos comerciales o cubiertas de libros. Normalmente, este acabado se utiliza en elementos de comunicaci\u00f3n y packaging referente a joyer\u00edas, antig\u00fcedades, art\u00edculos de lujo, productos de belleza, bebidas de cierto valor, galer\u00edas de arte, estudios de arquitectura y dise\u00f1o, etc. No obstante, es aplicable a cualquier producto que se quiera destacar.<\/span>[\/vc_column_text][\/vc_column][vc_column width=&#8221;1\/6&#8243;][\/vc_column][\/vc_row][vc_row css_animation=&#8221;&#8221; row_type=&#8221;row&#8221; use_row_as_full_screen_section=&#8221;no&#8221; type=&#8221;full_width&#8221; angled_section=&#8221;no&#8221; text_align=&#8221;left&#8221; background_image_as_pattern=&#8221;without_pattern&#8221;][vc_column][vc_empty_space height=&#8221;90px&#8221;][vc_column_text]<\/p>\n<h2 style=\"text-align: center;\"><span style=\"color: #cc0033;\">Your estimate in 2 hours<\/span><\/h2>\n<p>[\/vc_column_text][vc_empty_space][\/vc_column][\/vc_row][vc_row css_animation=&#8221;&#8221; row_type=&#8221;row&#8221; use_row_as_full_screen_section=&#8221;no&#8221; type=&#8221;full_width&#8221; angled_section=&#8221;no&#8221; text_align=&#8221;center&#8221; background_image_as_pattern=&#8221;without_pattern&#8221;][vc_column width=&#8221;1\/4&#8243;][\/vc_column][vc_column width=&#8221;1\/4&#8243;][vc_empty_space height=&#8221;20px&#8221;]<a  itemprop=\"url\" href=\"http:\/\/nexeimpressions.com\/en\/request-a-budget\/\" target=\"_self\" data-hover-background-color=\"#cc0033\" data-hover-border-color=\"#cc0033\" data-hover-color=\"#ffffff\" class=\"qbutton  medium center default\" style=\"color: #cc0033; border-color: #cc0033; font-style: normal; font-weight: 800; margin: 0px 0px 0px 0px; background-color:#ffffff;\">REQUEST YOUR ESTIMATE<\/a>[\/vc_column][vc_column width=&#8221;1\/4&#8243;][vc_empty_space height=&#8221;20px&#8221;]<a  itemprop=\"url\" href=\"mailto:info@nexeimpressions.com\" target=\"_self\" data-hover-background-color=\"#ffffff\" data-hover-border-color=\"#cc0033\" data-hover-color=\"#cc0033\" class=\"qbutton  medium center default\" style=\"color: #ffffff; border-color: #cc0033; font-style: normal; font-weight: 800; margin: 0px 0px 0px 0px; background-color:#cc0033;\">info@nexeimpressions.com<\/a>[\/vc_column][vc_column width=&#8221;1\/4&#8243;][\/vc_column][\/vc_row][vc_row css_animation=&#8221;&#8221; row_type=&#8221;row&#8221; use_row_as_full_screen_section=&#8221;no&#8221; type=&#8221;full_width&#8221; angled_section=&#8221;no&#8221; text_align=&#8221;center&#8221; background_image_as_pattern=&#8221;without_pattern&#8221;][vc_column][vc_empty_space height=&#8221;70px&#8221;][\/vc_column][\/vc_row]<\/p>\n<\/div>","protected":false},"excerpt":{"rendered":"<p>[vc_row css_animation=&#8221;&#8221; row_type=&#8221;row&#8221; use_row_as_full_screen_section=&#8221;no&#8221; type=&#8221;full_width&#8221; angled_section=&#8221;no&#8221; text_align=&#8221;left&#8221; background_image_as_pattern=&#8221;without_pattern&#8221;][vc_column width=&#8221;1\/6&#8243;][\/vc_column][vc_column width=&#8221;2\/3&#8243;][vc_empty_space][vc_column_text]\u2190 DIGITAL FINISHES[\/vc_column_text][vc_empty_space][\/vc_column][vc_column width=&#8221;1\/6&#8243;][\/vc_column][\/vc_row][vc_row css_animation=&#8221;&#8221; row_type=&#8221;row&#8221; use_row_as_full_screen_section=&#8221;no&#8221; type=&#8221;full_width&#8221; angled_section=&#8221;no&#8221; text_align=&#8221;left&#8221; background_image_as_pattern=&#8221;without_pattern&#8221;][vc_column width=&#8221;1\/6&#8243;][\/vc_column][vc_column width=&#8221;2\/3&#8243;][vc_single_image image=&#8221;5989&#8243; img_size=&#8221;900&#215;600&#8243; qode_css_animation=&#8221;&#8221;][vc_empty_space height=&#8221;50px&#8221;][\/vc_column][vc_column width=&#8221;1\/6&#8243;][\/vc_column][\/vc_row][vc_row css_animation=&#8221;&#8221; row_type=&#8221;row&#8221; use_row_as_full_screen_section=&#8221;no&#8221; type=&#8221;full_width&#8221; angled_section=&#8221;no&#8221; text_align=&#8221;left&#8221; background_image_as_pattern=&#8221;without_pattern&#8221;][vc_column width=&#8221;1\/6&#8243;][\/vc_column][vc_column width=&#8221;2\/3&#8243;][vc_empty_space height=&#8221;32 px&#8221;][vc_column_text] Benefits [\/vc_column_text][vc_empty_space height=&#8221;32 px&#8221;][vc_column_text]The selective 2D and&#8230;<\/p>\n","protected":false},"author":1,"featured_media":0,"parent":0,"menu_order":202,"comment_status":"closed","ping_status":"closed","template":"","meta":{"footnotes":""},"class_list":["post-5886","page","type-page","status-publish","hentry"],"yoast_head":"<!-- This site is optimized with the Yoast SEO plugin v25.0 - https:\/\/yoast.com\/wordpress\/plugins\/seo\/ -->\n<title>2D and 3D digital varnish &#8211; Nexe Impressions<\/title>\n<meta name=\"description\" content=\"The selective 2D and 3D varnish can be applied to virtually any type of support, whether paper or synthetic, creating very striking effects.\" \/>\n<meta name=\"robots\" content=\"index, follow, max-snippet:-1, max-image-preview:large, max-video-preview:-1\" \/>\n<link rel=\"canonical\" href=\"https:\/\/nexeimpressions.com\/en\/2d-and-3d-digital-varnish\/\" \/>\n<meta property=\"og:locale\" content=\"en_US\" \/>\n<meta property=\"og:type\" content=\"article\" \/>\n<meta property=\"og:title\" content=\"2D and 3D digital varnish &#8211; Nexe Impressions\" \/>\n<meta property=\"og:description\" content=\"The selective 2D and 3D varnish can be applied to virtually any type of support, whether paper or synthetic, creating very striking effects.\" \/>\n<meta property=\"og:url\" content=\"https:\/\/nexeimpressions.com\/en\/2d-and-3d-digital-varnish\/\" \/>\n<meta property=\"og:site_name\" content=\"Nexe Impressions\" \/>\n<meta property=\"article:publisher\" content=\"https:\/\/www.facebook.com\/nexeimpressions\" \/>\n<meta property=\"article:modified_time\" content=\"2025-11-06T14:48:04+00:00\" \/>\n<meta name=\"twitter:card\" content=\"summary_large_image\" \/>\n<meta name=\"twitter:label1\" content=\"Est. reading time\" \/>\n\t<meta name=\"twitter:data1\" content=\"5 minutes\" \/>\n<script type=\"application\/ld+json\" class=\"yoast-schema-graph\">{\"@context\":\"https:\/\/schema.org\",\"@graph\":[{\"@type\":\"WebPage\",\"@id\":\"https:\/\/nexeimpressions.com\/en\/2d-and-3d-digital-varnish\/\",\"url\":\"https:\/\/nexeimpressions.com\/en\/2d-and-3d-digital-varnish\/\",\"name\":\"2D and 3D digital varnish &#8211; Nexe Impressions\",\"isPartOf\":{\"@id\":\"https:\/\/nexeimpressions.com\/en\/#website\"},\"datePublished\":\"2019-12-04T11:53:23+00:00\",\"dateModified\":\"2025-11-06T14:48:04+00:00\",\"description\":\"The selective 2D and 3D varnish can be applied to virtually any type of support, whether paper or synthetic, creating very striking effects.\",\"breadcrumb\":{\"@id\":\"https:\/\/nexeimpressions.com\/en\/2d-and-3d-digital-varnish\/#breadcrumb\"},\"inLanguage\":\"en-US\",\"potentialAction\":[{\"@type\":\"ReadAction\",\"target\":[\"https:\/\/nexeimpressions.com\/en\/2d-and-3d-digital-varnish\/\"]}]},{\"@type\":\"BreadcrumbList\",\"@id\":\"https:\/\/nexeimpressions.com\/en\/2d-and-3d-digital-varnish\/#breadcrumb\",\"itemListElement\":[{\"@type\":\"ListItem\",\"position\":1,\"name\":\"Home\",\"item\":\"https:\/\/nexeimpressions.com\/en\/\"},{\"@type\":\"ListItem\",\"position\":2,\"name\":\"2D and 3D digital varnish\"}]},{\"@type\":\"WebSite\",\"@id\":\"https:\/\/nexeimpressions.com\/en\/#website\",\"url\":\"https:\/\/nexeimpressions.com\/en\/\",\"name\":\"Nexe Impressions\",\"description\":\"Print worthy\",\"potentialAction\":[{\"@type\":\"SearchAction\",\"target\":{\"@type\":\"EntryPoint\",\"urlTemplate\":\"https:\/\/nexeimpressions.com\/en\/?s={search_term_string}\"},\"query-input\":{\"@type\":\"PropertyValueSpecification\",\"valueRequired\":true,\"valueName\":\"search_term_string\"}}],\"inLanguage\":\"en-US\"}]}<\/script>\n<!-- \/ Yoast SEO plugin. -->","yoast_head_json":{"title":"2D and 3D digital varnish &#8211; Nexe Impressions","description":"The selective 2D and 3D varnish can be applied to virtually any type of support, whether paper or synthetic, creating very striking effects.","robots":{"index":"index","follow":"follow","max-snippet":"max-snippet:-1","max-image-preview":"max-image-preview:large","max-video-preview":"max-video-preview:-1"},"canonical":"https:\/\/nexeimpressions.com\/en\/2d-and-3d-digital-varnish\/","og_locale":"en_US","og_type":"article","og_title":"2D and 3D digital varnish &#8211; Nexe Impressions","og_description":"The selective 2D and 3D varnish can be applied to virtually any type of support, whether paper or synthetic, creating very striking effects.","og_url":"https:\/\/nexeimpressions.com\/en\/2d-and-3d-digital-varnish\/","og_site_name":"Nexe Impressions","article_publisher":"https:\/\/www.facebook.com\/nexeimpressions","article_modified_time":"2025-11-06T14:48:04+00:00","twitter_card":"summary_large_image","twitter_misc":{"Est. reading time":"5 minutes"},"schema":{"@context":"https:\/\/schema.org","@graph":[{"@type":"WebPage","@id":"https:\/\/nexeimpressions.com\/en\/2d-and-3d-digital-varnish\/","url":"https:\/\/nexeimpressions.com\/en\/2d-and-3d-digital-varnish\/","name":"2D and 3D digital varnish &#8211; Nexe Impressions","isPartOf":{"@id":"https:\/\/nexeimpressions.com\/en\/#website"},"datePublished":"2019-12-04T11:53:23+00:00","dateModified":"2025-11-06T14:48:04+00:00","description":"The selective 2D and 3D varnish can be applied to virtually any type of support, whether paper or synthetic, creating very striking effects.","breadcrumb":{"@id":"https:\/\/nexeimpressions.com\/en\/2d-and-3d-digital-varnish\/#breadcrumb"},"inLanguage":"en-US","potentialAction":[{"@type":"ReadAction","target":["https:\/\/nexeimpressions.com\/en\/2d-and-3d-digital-varnish\/"]}]},{"@type":"BreadcrumbList","@id":"https:\/\/nexeimpressions.com\/en\/2d-and-3d-digital-varnish\/#breadcrumb","itemListElement":[{"@type":"ListItem","position":1,"name":"Home","item":"https:\/\/nexeimpressions.com\/en\/"},{"@type":"ListItem","position":2,"name":"2D and 3D digital varnish"}]},{"@type":"WebSite","@id":"https:\/\/nexeimpressions.com\/en\/#website","url":"https:\/\/nexeimpressions.com\/en\/","name":"Nexe Impressions","description":"Print worthy","potentialAction":[{"@type":"SearchAction","target":{"@type":"EntryPoint","urlTemplate":"https:\/\/nexeimpressions.com\/en\/?s={search_term_string}"},"query-input":{"@type":"PropertyValueSpecification","valueRequired":true,"valueName":"search_term_string"}}],"inLanguage":"en-US"}]}},"_links":{"self":[{"href":"https:\/\/nexeimpressions.com\/en\/wp-json\/wp\/v2\/pages\/5886","targetHints":{"allow":["GET"]}}],"collection":[{"href":"https:\/\/nexeimpressions.com\/en\/wp-json\/wp\/v2\/pages"}],"about":[{"href":"https:\/\/nexeimpressions.com\/en\/wp-json\/wp\/v2\/types\/page"}],"author":[{"embeddable":true,"href":"https:\/\/nexeimpressions.com\/en\/wp-json\/wp\/v2\/users\/1"}],"replies":[{"embeddable":true,"href":"https:\/\/nexeimpressions.com\/en\/wp-json\/wp\/v2\/comments?post=5886"}],"version-history":[{"count":2,"href":"https:\/\/nexeimpressions.com\/en\/wp-json\/wp\/v2\/pages\/5886\/revisions"}],"predecessor-version":[{"id":25350,"href":"https:\/\/nexeimpressions.com\/en\/wp-json\/wp\/v2\/pages\/5886\/revisions\/25350"}],"wp:attachment":[{"href":"https:\/\/nexeimpressions.com\/en\/wp-json\/wp\/v2\/media?parent=5886"}],"curies":[{"name":"wp","href":"https:\/\/api.w.org\/{rel}","templated":true}]}}