 {"id":14678,"date":"2021-02-08T14:28:08","date_gmt":"2021-02-08T14:28:08","guid":{"rendered":"https:\/\/www.nexeimpressions.com\/tapa-dura-geltex\/"},"modified":"2021-02-08T14:35:41","modified_gmt":"2021-02-08T14:35:41","slug":"tapa-dura-geltex","status":"publish","type":"page","link":"https:\/\/nexeimpressions.com\/es\/tapa-dura-geltex\/","title":{"rendered":"Tapa dura Geltex"},"content":{"rendered":"<div class=\"wpb-content-wrapper\"><p>[vc_row css_animation=\u00bb\u00bb row_type=\u00bbrow\u00bb use_row_as_full_screen_section=\u00bbno\u00bb type=\u00bbfull_width\u00bb angled_section=\u00bbno\u00bb text_align=\u00bbleft\u00bb background_image_as_pattern=\u00bbwithout_pattern\u00bb][vc_column][vc_gallery interval=\u00bb3&#8243; images=\u00bb14666,14670,14674&#8243; img_size=\u00bblarge\u00bb onclick=\u00bb\u00bb][vc_empty_space height=\u00bb50px\u00bb][\/vc_column][\/vc_row]<\/p>\n<\/div>","protected":false},"excerpt":{"rendered":"<p>[vc_row css_animation=\u00bb\u00bb row_type=\u00bbrow\u00bb use_row_as_full_screen_section=\u00bbno\u00bb type=\u00bbfull_width\u00bb angled_section=\u00bbno\u00bb text_align=\u00bbleft\u00bb background_image_as_pattern=\u00bbwithout_pattern\u00bb][vc_column][vc_gallery interval=\u00bb3&#8243; images=\u00bb14666,14670,14674&#8243; img_size=\u00bblarge\u00bb onclick=\u00bb\u00bb][vc_empty_space height=\u00bb50px\u00bb][\/vc_column][\/vc_row]<\/p>\n","protected":false},"author":1,"featured_media":0,"parent":0,"menu_order":25,"comment_status":"closed","ping_status":"closed","template":"","meta":{"footnotes":""},"class_list":["post-14678","page","type-page","status-publish","hentry"],"yoast_head":"<!-- This site is optimized with the Yoast SEO plugin v25.0 - https:\/\/yoast.com\/wordpress\/plugins\/seo\/ -->\n<title>Tapa dura Geltex &#8211; Nexe Impressions<\/title>\n<meta name=\"description\" content=\"Consulta nuestra gran variedad de acabados: impresi\u00f3n en tinta blanca, encuadernaci\u00f3n en tapa dura Geltex, relieve seco y mucho m\u00e1s!\" \/>\n<meta name=\"robots\" content=\"index, follow, max-snippet:-1, max-image-preview:large, max-video-preview:-1\" \/>\n<link rel=\"canonical\" href=\"https:\/\/nexeimpressions.com\/es\/tapa-dura-geltex\/\" \/>\n<meta property=\"og:locale\" content=\"es_ES\" \/>\n<meta property=\"og:type\" content=\"article\" \/>\n<meta property=\"og:title\" content=\"Tapa dura Geltex &#8211; Nexe Impressions\" \/>\n<meta property=\"og:description\" content=\"Consulta nuestra gran variedad de acabados: impresi\u00f3n en tinta blanca, encuadernaci\u00f3n en tapa dura Geltex, relieve seco y mucho m\u00e1s!\" \/>\n<meta property=\"og:url\" content=\"https:\/\/nexeimpressions.com\/es\/tapa-dura-geltex\/\" \/>\n<meta property=\"og:site_name\" content=\"Nexe Impressions\" \/>\n<meta property=\"article:publisher\" content=\"https:\/\/www.facebook.com\/nexeimpressions\" \/>\n<meta property=\"article:modified_time\" content=\"2021-02-08T14:35:41+00:00\" \/>\n<meta name=\"twitter:card\" content=\"summary_large_image\" \/>\n<script type=\"application\/ld+json\" class=\"yoast-schema-graph\">{\"@context\":\"https:\/\/schema.org\",\"@graph\":[{\"@type\":\"WebPage\",\"@id\":\"https:\/\/nexeimpressions.com\/es\/tapa-dura-geltex\/\",\"url\":\"https:\/\/nexeimpressions.com\/es\/tapa-dura-geltex\/\",\"name\":\"Tapa dura Geltex &#8211; Nexe Impressions\",\"isPartOf\":{\"@id\":\"https:\/\/nexeimpressions.com\/es\/#website\"},\"datePublished\":\"2021-02-08T14:28:08+00:00\",\"dateModified\":\"2021-02-08T14:35:41+00:00\",\"description\":\"Consulta nuestra gran variedad de acabados: impresi\u00f3n en tinta blanca, encuadernaci\u00f3n en tapa dura Geltex, relieve seco y mucho m\u00e1s!\",\"breadcrumb\":{\"@id\":\"https:\/\/nexeimpressions.com\/es\/tapa-dura-geltex\/#breadcrumb\"},\"inLanguage\":\"es\",\"potentialAction\":[{\"@type\":\"ReadAction\",\"target\":[\"https:\/\/nexeimpressions.com\/es\/tapa-dura-geltex\/\"]}]},{\"@type\":\"BreadcrumbList\",\"@id\":\"https:\/\/nexeimpressions.com\/es\/tapa-dura-geltex\/#breadcrumb\",\"itemListElement\":[{\"@type\":\"ListItem\",\"position\":1,\"name\":\"Home\",\"item\":\"https:\/\/nexeimpressions.com\/es\/\"},{\"@type\":\"ListItem\",\"position\":2,\"name\":\"Tapa dura Geltex\"}]},{\"@type\":\"WebSite\",\"@id\":\"https:\/\/nexeimpressions.com\/es\/#website\",\"url\":\"https:\/\/nexeimpressions.com\/es\/\",\"name\":\"Nexe Impressions\",\"description\":\"Print worthy\",\"potentialAction\":[{\"@type\":\"SearchAction\",\"target\":{\"@type\":\"EntryPoint\",\"urlTemplate\":\"https:\/\/nexeimpressions.com\/es\/?s={search_term_string}\"},\"query-input\":{\"@type\":\"PropertyValueSpecification\",\"valueRequired\":true,\"valueName\":\"search_term_string\"}}],\"inLanguage\":\"es\"}]}<\/script>\n<!-- \/ Yoast SEO plugin. -->","yoast_head_json":{"title":"Tapa dura Geltex &#8211; Nexe Impressions","description":"Consulta nuestra gran variedad de acabados: impresi\u00f3n en tinta blanca, encuadernaci\u00f3n en tapa dura Geltex, relieve seco y mucho m\u00e1s!","robots":{"index":"index","follow":"follow","max-snippet":"max-snippet:-1","max-image-preview":"max-image-preview:large","max-video-preview":"max-video-preview:-1"},"canonical":"https:\/\/nexeimpressions.com\/es\/tapa-dura-geltex\/","og_locale":"es_ES","og_type":"article","og_title":"Tapa dura Geltex &#8211; Nexe Impressions","og_description":"Consulta nuestra gran variedad de acabados: impresi\u00f3n en tinta blanca, encuadernaci\u00f3n en tapa dura Geltex, relieve seco y mucho m\u00e1s!","og_url":"https:\/\/nexeimpressions.com\/es\/tapa-dura-geltex\/","og_site_name":"Nexe Impressions","article_publisher":"https:\/\/www.facebook.com\/nexeimpressions","article_modified_time":"2021-02-08T14:35:41+00:00","twitter_card":"summary_large_image","schema":{"@context":"https:\/\/schema.org","@graph":[{"@type":"WebPage","@id":"https:\/\/nexeimpressions.com\/es\/tapa-dura-geltex\/","url":"https:\/\/nexeimpressions.com\/es\/tapa-dura-geltex\/","name":"Tapa dura Geltex &#8211; Nexe Impressions","isPartOf":{"@id":"https:\/\/nexeimpressions.com\/es\/#website"},"datePublished":"2021-02-08T14:28:08+00:00","dateModified":"2021-02-08T14:35:41+00:00","description":"Consulta nuestra gran variedad de acabados: impresi\u00f3n en tinta blanca, encuadernaci\u00f3n en tapa dura Geltex, relieve seco y mucho m\u00e1s!","breadcrumb":{"@id":"https:\/\/nexeimpressions.com\/es\/tapa-dura-geltex\/#breadcrumb"},"inLanguage":"es","potentialAction":[{"@type":"ReadAction","target":["https:\/\/nexeimpressions.com\/es\/tapa-dura-geltex\/"]}]},{"@type":"BreadcrumbList","@id":"https:\/\/nexeimpressions.com\/es\/tapa-dura-geltex\/#breadcrumb","itemListElement":[{"@type":"ListItem","position":1,"name":"Home","item":"https:\/\/nexeimpressions.com\/es\/"},{"@type":"ListItem","position":2,"name":"Tapa dura Geltex"}]},{"@type":"WebSite","@id":"https:\/\/nexeimpressions.com\/es\/#website","url":"https:\/\/nexeimpressions.com\/es\/","name":"Nexe Impressions","description":"Print worthy","potentialAction":[{"@type":"SearchAction","target":{"@type":"EntryPoint","urlTemplate":"https:\/\/nexeimpressions.com\/es\/?s={search_term_string}"},"query-input":{"@type":"PropertyValueSpecification","valueRequired":true,"valueName":"search_term_string"}}],"inLanguage":"es"}]}},"_links":{"self":[{"href":"https:\/\/nexeimpressions.com\/es\/wp-json\/wp\/v2\/pages\/14678","targetHints":{"allow":["GET"]}}],"collection":[{"href":"https:\/\/nexeimpressions.com\/es\/wp-json\/wp\/v2\/pages"}],"about":[{"href":"https:\/\/nexeimpressions.com\/es\/wp-json\/wp\/v2\/types\/page"}],"author":[{"embeddable":true,"href":"https:\/\/nexeimpressions.com\/es\/wp-json\/wp\/v2\/users\/1"}],"replies":[{"embeddable":true,"href":"https:\/\/nexeimpressions.com\/es\/wp-json\/wp\/v2\/comments?post=14678"}],"version-history":[{"count":1,"href":"https:\/\/nexeimpressions.com\/es\/wp-json\/wp\/v2\/pages\/14678\/revisions"}],"predecessor-version":[{"id":14680,"href":"https:\/\/nexeimpressions.com\/es\/wp-json\/wp\/v2\/pages\/14678\/revisions\/14680"}],"wp:attachment":[{"href":"https:\/\/nexeimpressions.com\/es\/wp-json\/wp\/v2\/media?parent=14678"}],"curies":[{"name":"wp","href":"https:\/\/api.w.org\/{rel}","templated":true}]}}