 {"id":21982,"date":"2024-04-04T14:09:43","date_gmt":"2024-04-04T12:09:43","guid":{"rendered":"https:\/\/desarrollo.nexeimpressions.com\/espai-dimpressio-digital\/"},"modified":"2026-01-15T16:44:54","modified_gmt":"2026-01-15T14:44:54","slug":"impresion-digital","status":"publish","type":"page","link":"https:\/\/nexeimpressions.com\/es\/impresion-digital\/","title":{"rendered":"Espacio de impresi\u00f3n digital"},"content":{"rendered":"<div class=\"wpb-content-wrapper\"><p>[vc_row css_animation=\u00bb\u00bb row_type=\u00bbrow\u00bb use_row_as_full_screen_section=\u00bbno\u00bb type=\u00bbfull_width\u00bb angled_section=\u00bbno\u00bb text_align=\u00bbleft\u00bb background_image_as_pattern=\u00bbwithout_pattern\u00bb][vc_column width=\u00bb1\/6&#8243; offset=\u00bbvc_hidden-xs\u00bb][\/vc_column][vc_column width=\u00bb2\/3&#8243; offset=\u00bbvc_hidden-sm vc_hidden-xs\u00bb][vc_empty_space height=\u00bb20px\u00bb][vc_column_text]<\/p>\n<h3 style=\"text-align: center;\">Valor a\u00f1adido del mundo de la impresi\u00f3n digital en alta calidad<\/h3>\n<p>[\/vc_column_text][\/vc_column][vc_column width=\u00bb1\/6&#8243; offset=\u00bbvc_hidden-xs\u00bb][\/vc_column][\/vc_row][vc_row css_animation=\u00bb\u00bb row_type=\u00bbrow\u00bb use_row_as_full_screen_section=\u00bbno\u00bb type=\u00bbgrid\u00bb angled_section=\u00bbno\u00bb text_align=\u00bbleft\u00bb background_image_as_pattern=\u00bbwithout_pattern\u00bb z_index=\u00bb\u00bb][vc_column width=\u00bb1\/6&#8243; offset=\u00bbvc_hidden-xs\u00bb][\/vc_column][vc_column width=\u00bb2\/3&#8243; offset=\u00bbvc_hidden-lg vc_hidden-md\u00bb][vc_empty_space height=\u00bb50px\u00bb][vc_column_text]<\/p>\n<h3 style=\"text-align: center;\">Valor a\u00f1adido del mundo de la impresi\u00f3n digital en alta calidad<\/h3>\n<p>[\/vc_column_text][\/vc_column][vc_column width=\u00bb1\/6&#8243; offset=\u00bbvc_hidden-xs\u00bb][\/vc_column][\/vc_row][vc_row css_animation=\u00bb\u00bb row_type=\u00bbrow\u00bb use_row_as_full_screen_section=\u00bbno\u00bb type=\u00bbgrid\u00bb angled_section=\u00bbno\u00bb text_align=\u00bbleft\u00bb background_image_as_pattern=\u00bbwithout_pattern\u00bb z_index=\u00bb\u00bb][vc_column][vc_empty_space height=\u00bb60px\u00bb][vc_row_inner row_type=\u00bbrow\u00bb type=\u00bbfull_width\u00bb text_align=\u00bbleft\u00bb css_animation=\u00bb\u00bb][vc_column_inner width=\u00bb1\/4&#8243;]<div class='q_icon_with_title large custom_icon_image center '><div class=\"icon_holder \" style=\" \"><img decoding=\"async\" src=\"https:\/\/nexeimpressions.com\/wp-content\/uploads\/2020\/01\/01_imprimir.svg\" alt=\"\"><\/div><div class=\"icon_text_holder\" style=\"\"><div class=\"icon_text_inner\" style=\"\"><h3 class=\"icon_title\" style=\"color: #d13f52;font-weight: 700;\">Gamma de productos impresos<\/h3><p style='color: #303030'>Un universo de productos impresos con calidad de vanguardia asegurada.<\/p><a itemprop='url' class='icon_with_title_link' href='https:\/\/nexeimpressions.com\/es\/gama-productos\/' target='_self' style='color: #d13f52;'>M\u00e1s informaci\u00f3n<\/a><\/div><\/div><\/div>[\/vc_column_inner][vc_column_inner width=\u00bb1\/4&#8243;]<div class='q_icon_with_title large custom_icon_image center '><div class=\"icon_holder \" style=\" \"><img decoding=\"async\" src=\"https:\/\/nexeimpressions.com\/wp-content\/uploads\/2020\/03\/01_tria_papers_catalegs.svg\" alt=\"\"><\/div><div class=\"icon_text_holder\" style=\"\"><div class=\"icon_text_inner\" style=\"\"><h3 class=\"icon_title\" style=\"color: #d13f52;font-weight: 700;\">Soportes de impresi\u00f3n<\/h3><p style='color: #303030'>Gran variedad de soportes: papeles, adhesivos y sint\u00e9ticos.<\/p><a itemprop='url' class='icon_with_title_link' href='http:\/\/nexeimpressions.com\/es\/soportes-impresion\/' target='_self' style='color: #d13f52;'>M\u00e1s informaci\u00f3n<\/a><\/div><\/div><\/div>[\/vc_column_inner][vc_column_inner width=\u00bb1\/4&#8243;]<div class='q_icon_with_title large custom_icon_image center '><div class=\"icon_holder \" style=\" \"><img decoding=\"async\" src=\"https:\/\/nexeimpressions.com\/wp-content\/uploads\/2017\/05\/01_flexibilitat.svg\" alt=\"\"><\/div><div class=\"icon_text_holder\" style=\"\"><div class=\"icon_text_inner\" style=\"\"><h3 class=\"icon_title\" style=\"color: #d13f52;font-weight: 700;\">Acabados digitales<\/h3><p style='color: #303030'>Amplia variedad de acabados: l\u00e1ser, stamping, encuadernaciones diversas, etc.<\/p><a itemprop='url' class='icon_with_title_link' href='http:\/\/nexeimpressions.com\/es\/acabados-digitales\/' target='_self' style='color: #d13f52;'>M\u00e1s informaci\u00f3n<\/a><\/div><\/div><\/div>[\/vc_column_inner][vc_column_inner width=\u00bb1\/4&#8243;]<div class='q_icon_with_title large custom_icon_image center '><div class=\"icon_holder \" style=\" \"><img decoding=\"async\" src=\"https:\/\/nexeimpressions.com\/wp-content\/uploads\/2017\/05\/01_rapidesa_execucio.svg\" alt=\"\"><\/div><div class=\"icon_text_holder\" style=\"\"><div class=\"icon_text_inner\" style=\"\"><h3 class=\"icon_title\" style=\"color: #d13f52;font-weight: 700;\">Rapidez de entrega y condiciones<\/h3><p style='color: #303030'>Plazos de entrega de 48h a 4 - 5 d\u00edas. Todos los pedidos se pueden hacer en 24 horas m\u00e1s la duraci\u00f3n del transporte (en funci\u00f3n de la tarifa elegida).<\/p><a itemprop='url' class='icon_with_title_link' href='https:\/\/nexeimpressions.com\/es\/rapidez-entrega-y-condiciones\/' target='_self' style='color: #d13f52;'>M\u00e1s informaci\u00f3n<\/a><\/div><\/div><\/div>[\/vc_column_inner][\/vc_row_inner][vc_empty_space height=\u00bb50px\u00bb][\/vc_column][\/vc_row][vc_row css_animation=\u00bb\u00bb row_type=\u00bbrow\u00bb use_row_as_full_screen_section=\u00bbno\u00bb type=\u00bbgrid\u00bb angled_section=\u00bbno\u00bb text_align=\u00bbcenter\u00bb background_image_as_pattern=\u00bbwithout_pattern\u00bb z_index=\u00bb\u00bb][vc_column width=\u00bb1\/4&#8243;][\/vc_column][vc_column width=\u00bb1\/4&#8243; offset=\u00bbvc_hidden-md vc_hidden-sm vc_hidden-xs\u00bb][vc_empty_space height=\u00bb20px\u00bb]<a  itemprop=\"url\" href=\"http:\/\/nexeimpressions.com\/es\/solicita-presupuesto\/\" target=\"_self\" data-hover-background-color=\"#d13f52\" data-hover-border-color=\"#d13f52\" data-hover-color=\"#ffffff\" class=\"qbutton  small center default\" style=\"color: #d13f52; border-color: #d13f52; font-style: normal; font-weight: 800; margin: 0px 0px 0px 0px; background-color:#ffffff;\">SOLICITA TU PRESUPUESTO<\/a>[\/vc_column][vc_column width=\u00bb1\/4&#8243; offset=\u00bbvc_hidden-md vc_hidden-sm vc_hidden-xs\u00bb][vc_empty_space height=\u00bb20px\u00bb]<a  itemprop=\"url\" href=\"mailto:info@nexeimpressions.com\" target=\"_self\" data-hover-background-color=\"#ffffff\" data-hover-border-color=\"#d13f52\" data-hover-color=\"#d13f52\" class=\"qbutton  small center default\" style=\"color: #ffffff; border-color: #d13f52; font-style: normal; font-weight: 800; margin: 0px 0px 0px 0px; background-color:#d13f52;\">info@nexeimpressions.com<\/a>[\/vc_column][vc_column width=\u00bb1\/4&#8243;][\/vc_column][\/vc_row][vc_row css_animation=\u00bb\u00bb row_type=\u00bbrow\u00bb use_row_as_full_screen_section=\u00bbno\u00bb type=\u00bbgrid\u00bb angled_section=\u00bbno\u00bb text_align=\u00bbcenter\u00bb background_image_as_pattern=\u00bbwithout_pattern\u00bb z_index=\u00bb\u00bb][vc_column width=\u00bb1\/6&#8243;][\/vc_column][vc_column width=\u00bb1\/3&#8243; offset=\u00bbvc_hidden-lg vc_hidden-sm vc_hidden-xs\u00bb][vc_empty_space height=\u00bb20px\u00bb]<a  itemprop=\"url\" href=\"http:\/\/nexeimpressions.com\/es\/solicita-presupuesto\/\" target=\"_self\" data-hover-background-color=\"#d13f52\" data-hover-border-color=\"#d13f52\" data-hover-color=\"#ffffff\" class=\"qbutton  small right default\" style=\"color: #d13f52; border-color: #d13f52; font-style: normal; font-weight: 800; margin: 0px 0px 0px 0px; background-color:#ffffff;\">SOLICITA TU PRESUPUESTO<\/a>[\/vc_column][vc_column width=\u00bb1\/3&#8243; offset=\u00bbvc_hidden-lg vc_hidden-sm vc_hidden-xs\u00bb][vc_empty_space height=\u00bb20px\u00bb]<a  itemprop=\"url\" href=\"mailto:info@nexeimpressions.com\" target=\"_self\" data-hover-background-color=\"#ffffff\" data-hover-border-color=\"#d13f52\" data-hover-color=\"#d13f52\" class=\"qbutton  small left default\" style=\"color: #ffffff; border-color: #d13f52; font-style: normal; font-weight: 800; margin: 0px 0px 0px 0px; background-color:#d13f52;\">info@nexeimpressions.com<\/a>[\/vc_column][vc_column width=\u00bb1\/6&#8243;][\/vc_column][\/vc_row][vc_row css_animation=\u00bb\u00bb row_type=\u00bbrow\u00bb use_row_as_full_screen_section=\u00bbno\u00bb type=\u00bbgrid\u00bb angled_section=\u00bbno\u00bb text_align=\u00bbcenter\u00bb background_image_as_pattern=\u00bbwithout_pattern\u00bb z_index=\u00bb\u00bb][vc_column offset=\u00bbvc_hidden-sm vc_hidden-xs\u00bb][vc_empty_space height=\u00bb70px\u00bb][vc_column_text]<\/p>\n<h3 style=\"text-align: center;\"><span style=\"color: #d13f52;\">Si tienes alguna duda, cons\u00faltanos!<\/span><\/h3>\n<p>[\/vc_column_text][vc_empty_space]\n\n\t<a href=\"https:\/\/wa.me\/0034605932696\" target=\"_blank\" style=\"color: #d13f52;background-color: #ffffff;font-weight: 600\" class=\"qode-btn qode-btn-medium qode-btn-solid qode-btn-custom-hover-bg qode-btn-custom-hover-color qode-btn-custom-icon-bg-hover-color qode-btn-icon qode-btn-with-shadow qode-btn-default-hover\" data-hover-bg-color=\"#d13f52\" data-hover-color=\"#ffffff\" >\n\t    <span class=\"qode-btn-text\">+34 605 93 26 96<\/span><span class=\"qode-button-v2-icon-holder qode-type1-gradient-bottom-to-top-text\" style=\"background-color: #ffffff\" data-hover-icon-border-color=\"#ffffff\" data-hover-icon-bg-color=\"#ffffff\"><i class=\"qode_icon_font_awesome fa fa-whatsapp qode-button-v2-icon-holder-inner\" ><\/i><\/span>\t<\/a>\n\n[\/vc_column][\/vc_row][vc_row css_animation=\u00bb\u00bb row_type=\u00bbrow\u00bb use_row_as_full_screen_section=\u00bbno\u00bb type=\u00bbfull_width\u00bb angled_section=\u00bbno\u00bb text_align=\u00bbcenter\u00bb background_image_as_pattern=\u00bbwithout_pattern\u00bb][vc_column width=\u00bb1\/2&#8243; offset=\u00bbvc_hidden-lg vc_hidden-md\u00bb][vc_empty_space height=\u00bb20px\u00bb]<a  itemprop=\"url\" href=\"http:\/\/nexeimpressions.com\/es\/solicita-presupuesto\/\" target=\"_self\" data-hover-background-color=\"#d13f52\" data-hover-border-color=\"#d13f52\" data-hover-color=\"#ffffff\" class=\"qbutton  small center default\" style=\"color: #d13f52; border-color: #d13f52; font-style: normal; font-weight: 800; margin: 0px 0px 0px 0px; background-color:#ffffff;\">SOLICITA TU PRESUPUESTO<\/a>[\/vc_column][vc_column width=\u00bb1\/2&#8243; offset=\u00bbvc_hidden-lg vc_hidden-md\u00bb][vc_empty_space height=\u00bb20px\u00bb]<a  itemprop=\"url\" href=\"mailto:info@nexeimpressions.com\" target=\"_self\" data-hover-background-color=\"#ffffff\" data-hover-border-color=\"#d13f52\" data-hover-color=\"#d13f52\" class=\"qbutton  small center default\" style=\"color: #ffffff; border-color: #d13f52; font-style: normal; font-weight: 800; margin: 0px 0px 0px 0px; background-color:#d13f52;\">info@nexeimpressions.com<\/a>[\/vc_column][\/vc_row][vc_row css_animation=\u00bb\u00bb row_type=\u00bbrow\u00bb use_row_as_full_screen_section=\u00bbno\u00bb type=\u00bbfull_width\u00bb angled_section=\u00bbno\u00bb text_align=\u00bbcenter\u00bb background_image_as_pattern=\u00bbwithout_pattern\u00bb][vc_column offset=\u00bbvc_hidden-lg vc_hidden-md\u00bb][vc_empty_space height=\u00bb70px\u00bb][vc_column_text]<\/p>\n<h3 style=\"text-align: center;\"><span style=\"color: #d13f52;\">Si tienes alguna duda, cons\u00faltanos!<\/span><\/h3>\n<p>[\/vc_column_text][vc_empty_space]\n\n\t<a href=\"https:\/\/wa.me\/0034605932696\" target=\"_blank\" style=\"color: #d13f52;background-color: #ffffff;font-weight: 800\" class=\"qode-btn qode-btn-medium qode-btn-solid qode-btn-custom-hover-bg qode-btn-custom-hover-color qode-btn-custom-icon-bg-hover-color qode-btn-icon qode-btn-with-shadow qode-btn-default-hover\" data-hover-bg-color=\"#d13f52\" data-hover-color=\"#ffffff\" >\n\t    <span class=\"qode-btn-text\">+34 605 93 26 96<\/span><span class=\"qode-button-v2-icon-holder qode-type1-gradient-bottom-to-top-text\" style=\"background-color: #ffffff\" data-hover-icon-border-color=\"#ffffff\" data-hover-icon-bg-color=\"#ffffff\"><i class=\"qode_icon_font_awesome fa fa-whatsapp qode-button-v2-icon-holder-inner\" ><\/i><\/span>\t<\/a>\n\n[\/vc_column][\/vc_row][vc_row css_animation=\u00bb\u00bb row_type=\u00bbrow\u00bb use_row_as_full_screen_section=\u00bbno\u00bb type=\u00bbfull_width\u00bb angled_section=\u00bbno\u00bb text_align=\u00bbleft\u00bb background_image_as_pattern=\u00bbwithout_pattern\u00bb][vc_column][vc_empty_space height=\u00bb100px\u00bb][\/vc_column][\/vc_row]<\/p>\n<\/div>","protected":false},"excerpt":{"rendered":"<p>[vc_row css_animation=\u00bb\u00bb row_type=\u00bbrow\u00bb use_row_as_full_screen_section=\u00bbno\u00bb type=\u00bbfull_width\u00bb angled_section=\u00bbno\u00bb text_align=\u00bbleft\u00bb background_image_as_pattern=\u00bbwithout_pattern\u00bb][vc_column width=\u00bb1\/6&#8243; offset=\u00bbvc_hidden-xs\u00bb][\/vc_column][vc_column width=\u00bb2\/3&#8243; offset=\u00bbvc_hidden-sm vc_hidden-xs\u00bb][vc_empty_space height=\u00bb20px\u00bb][vc_column_text] Valor a\u00f1adido del mundo de la impresi\u00f3n digital en alta calidad [\/vc_column_text][\/vc_column][vc_column width=\u00bb1\/6&#8243; offset=\u00bbvc_hidden-xs\u00bb][\/vc_column][\/vc_row][vc_row css_animation=\u00bb\u00bb row_type=\u00bbrow\u00bb use_row_as_full_screen_section=\u00bbno\u00bb type=\u00bbgrid\u00bb angled_section=\u00bbno\u00bb text_align=\u00bbleft\u00bb background_image_as_pattern=\u00bbwithout_pattern\u00bb z_index=\u00bb\u00bb][vc_column width=\u00bb1\/6&#8243; offset=\u00bbvc_hidden-xs\u00bb][\/vc_column][vc_column width=\u00bb2\/3&#8243; offset=\u00bbvc_hidden-lg vc_hidden-md\u00bb][vc_empty_space height=\u00bb50px\u00bb][vc_column_text] Valor a\u00f1adido del&#8230;<\/p>\n","protected":false},"author":1,"featured_media":0,"parent":0,"menu_order":155,"comment_status":"closed","ping_status":"closed","template":"full_width.php","meta":{"footnotes":""},"class_list":["post-21982","page","type-page","status-publish","hentry"],"yoast_head":"<!-- This site is optimized with the Yoast SEO plugin v25.0 - https:\/\/yoast.com\/wordpress\/plugins\/seo\/ -->\n<title>Espacio de impresi\u00f3n digital &#8211; Nexe Impressions<\/title>\n<meta name=\"description\" content=\"Descubre el valor a\u00f1adido del mundo de la impresi\u00f3n digital en alta calidad: amplia gama de productos impresos, variedad de soportes y de acabados.\" \/>\n<meta name=\"robots\" content=\"index, follow, max-snippet:-1, max-image-preview:large, max-video-preview:-1\" \/>\n<link rel=\"canonical\" href=\"https:\/\/nexeimpressions.com\/es\/impresion-digital\/\" \/>\n<meta property=\"og:locale\" content=\"es_ES\" \/>\n<meta property=\"og:type\" content=\"article\" \/>\n<meta property=\"og:title\" content=\"Espacio de impresi\u00f3n digital &#8211; Nexe Impressions\" \/>\n<meta property=\"og:description\" content=\"Descubre el valor a\u00f1adido del mundo de la impresi\u00f3n digital en alta calidad: amplia gama de productos impresos, variedad de soportes y de acabados.\" \/>\n<meta property=\"og:url\" content=\"https:\/\/nexeimpressions.com\/es\/impresion-digital\/\" \/>\n<meta property=\"og:site_name\" content=\"Nexe Impressions\" \/>\n<meta property=\"article:publisher\" content=\"https:\/\/www.facebook.com\/nexeimpressions\" \/>\n<meta property=\"article:modified_time\" content=\"2026-01-15T14:44:54+00:00\" \/>\n<meta name=\"twitter:card\" content=\"summary_large_image\" \/>\n<meta name=\"twitter:label1\" content=\"Tiempo de lectura\" \/>\n\t<meta name=\"twitter:data1\" content=\"4 minutos\" \/>\n<script type=\"application\/ld+json\" class=\"yoast-schema-graph\">{\"@context\":\"https:\/\/schema.org\",\"@graph\":[{\"@type\":\"WebPage\",\"@id\":\"https:\/\/nexeimpressions.com\/es\/impresion-digital\/\",\"url\":\"https:\/\/nexeimpressions.com\/es\/impresion-digital\/\",\"name\":\"Espacio de impresi\u00f3n digital &#8211; Nexe Impressions\",\"isPartOf\":{\"@id\":\"https:\/\/nexeimpressions.com\/es\/#website\"},\"datePublished\":\"2024-04-04T12:09:43+00:00\",\"dateModified\":\"2026-01-15T14:44:54+00:00\",\"description\":\"Descubre el valor a\u00f1adido del mundo de la impresi\u00f3n digital en alta calidad: amplia gama de productos impresos, variedad de soportes y de acabados.\",\"breadcrumb\":{\"@id\":\"https:\/\/nexeimpressions.com\/es\/impresion-digital\/#breadcrumb\"},\"inLanguage\":\"es\",\"potentialAction\":[{\"@type\":\"ReadAction\",\"target\":[\"https:\/\/nexeimpressions.com\/es\/impresion-digital\/\"]}]},{\"@type\":\"BreadcrumbList\",\"@id\":\"https:\/\/nexeimpressions.com\/es\/impresion-digital\/#breadcrumb\",\"itemListElement\":[{\"@type\":\"ListItem\",\"position\":1,\"name\":\"Home\",\"item\":\"https:\/\/nexeimpressions.com\/es\/\"},{\"@type\":\"ListItem\",\"position\":2,\"name\":\"Espacio de impresi\u00f3n digital\"}]},{\"@type\":\"WebSite\",\"@id\":\"https:\/\/nexeimpressions.com\/es\/#website\",\"url\":\"https:\/\/nexeimpressions.com\/es\/\",\"name\":\"Nexe Impressions\",\"description\":\"Print worthy\",\"potentialAction\":[{\"@type\":\"SearchAction\",\"target\":{\"@type\":\"EntryPoint\",\"urlTemplate\":\"https:\/\/nexeimpressions.com\/es\/?s={search_term_string}\"},\"query-input\":{\"@type\":\"PropertyValueSpecification\",\"valueRequired\":true,\"valueName\":\"search_term_string\"}}],\"inLanguage\":\"es\"}]}<\/script>\n<!-- \/ Yoast SEO plugin. -->","yoast_head_json":{"title":"Espacio de impresi\u00f3n digital &#8211; Nexe Impressions","description":"Descubre el valor a\u00f1adido del mundo de la impresi\u00f3n digital en alta calidad: amplia gama de productos impresos, variedad de soportes y de acabados.","robots":{"index":"index","follow":"follow","max-snippet":"max-snippet:-1","max-image-preview":"max-image-preview:large","max-video-preview":"max-video-preview:-1"},"canonical":"https:\/\/nexeimpressions.com\/es\/impresion-digital\/","og_locale":"es_ES","og_type":"article","og_title":"Espacio de impresi\u00f3n digital &#8211; Nexe Impressions","og_description":"Descubre el valor a\u00f1adido del mundo de la impresi\u00f3n digital en alta calidad: amplia gama de productos impresos, variedad de soportes y de acabados.","og_url":"https:\/\/nexeimpressions.com\/es\/impresion-digital\/","og_site_name":"Nexe Impressions","article_publisher":"https:\/\/www.facebook.com\/nexeimpressions","article_modified_time":"2026-01-15T14:44:54+00:00","twitter_card":"summary_large_image","twitter_misc":{"Tiempo de lectura":"4 minutos"},"schema":{"@context":"https:\/\/schema.org","@graph":[{"@type":"WebPage","@id":"https:\/\/nexeimpressions.com\/es\/impresion-digital\/","url":"https:\/\/nexeimpressions.com\/es\/impresion-digital\/","name":"Espacio de impresi\u00f3n digital &#8211; Nexe Impressions","isPartOf":{"@id":"https:\/\/nexeimpressions.com\/es\/#website"},"datePublished":"2024-04-04T12:09:43+00:00","dateModified":"2026-01-15T14:44:54+00:00","description":"Descubre el valor a\u00f1adido del mundo de la impresi\u00f3n digital en alta calidad: amplia gama de productos impresos, variedad de soportes y de acabados.","breadcrumb":{"@id":"https:\/\/nexeimpressions.com\/es\/impresion-digital\/#breadcrumb"},"inLanguage":"es","potentialAction":[{"@type":"ReadAction","target":["https:\/\/nexeimpressions.com\/es\/impresion-digital\/"]}]},{"@type":"BreadcrumbList","@id":"https:\/\/nexeimpressions.com\/es\/impresion-digital\/#breadcrumb","itemListElement":[{"@type":"ListItem","position":1,"name":"Home","item":"https:\/\/nexeimpressions.com\/es\/"},{"@type":"ListItem","position":2,"name":"Espacio de impresi\u00f3n digital"}]},{"@type":"WebSite","@id":"https:\/\/nexeimpressions.com\/es\/#website","url":"https:\/\/nexeimpressions.com\/es\/","name":"Nexe Impressions","description":"Print worthy","potentialAction":[{"@type":"SearchAction","target":{"@type":"EntryPoint","urlTemplate":"https:\/\/nexeimpressions.com\/es\/?s={search_term_string}"},"query-input":{"@type":"PropertyValueSpecification","valueRequired":true,"valueName":"search_term_string"}}],"inLanguage":"es"}]}},"_links":{"self":[{"href":"https:\/\/nexeimpressions.com\/es\/wp-json\/wp\/v2\/pages\/21982","targetHints":{"allow":["GET"]}}],"collection":[{"href":"https:\/\/nexeimpressions.com\/es\/wp-json\/wp\/v2\/pages"}],"about":[{"href":"https:\/\/nexeimpressions.com\/es\/wp-json\/wp\/v2\/types\/page"}],"author":[{"embeddable":true,"href":"https:\/\/nexeimpressions.com\/es\/wp-json\/wp\/v2\/users\/1"}],"replies":[{"embeddable":true,"href":"https:\/\/nexeimpressions.com\/es\/wp-json\/wp\/v2\/comments?post=21982"}],"version-history":[{"count":6,"href":"https:\/\/nexeimpressions.com\/es\/wp-json\/wp\/v2\/pages\/21982\/revisions"}],"predecessor-version":[{"id":25683,"href":"https:\/\/nexeimpressions.com\/es\/wp-json\/wp\/v2\/pages\/21982\/revisions\/25683"}],"wp:attachment":[{"href":"https:\/\/nexeimpressions.com\/es\/wp-json\/wp\/v2\/media?parent=21982"}],"curies":[{"name":"wp","href":"https:\/\/api.w.org\/{rel}","templated":true}]}}