 {"id":22359,"date":"2024-04-16T13:37:13","date_gmt":"2024-04-16T11:37:13","guid":{"rendered":"https:\/\/desarrollo.nexeimpressions.com\/?page_id=22359"},"modified":"2025-05-06T17:29:11","modified_gmt":"2025-05-06T15:29:11","slug":"parque-de-maquinas","status":"publish","type":"page","link":"https:\/\/nexeimpressions.com\/es\/parque-de-maquinas\/","title":{"rendered":"Parque de m\u00e1quinas"},"content":{"rendered":"<div class=\"wpb-content-wrapper\"><p>[vc_row css_animation=\u00bb\u00bb row_type=\u00bbrow\u00bb use_row_as_full_screen_section=\u00bbno\u00bb type=\u00bbgrid\u00bb angled_section=\u00bbno\u00bb text_align=\u00bbleft\u00bb background_image_as_pattern=\u00bbwithout_pattern\u00bb z_index=\u00bb\u00bb][vc_column width=\u00bb1\/12&#8243;][\/vc_column][vc_column offset=\u00bbvc_col-lg-10 vc_col-md-10 vc_col-xs-12&#8243;][vc_empty_space height=\u00bb75px\u00bb][vc_column_text]<strong><a tabindex=\"0\" href=\"\/?page_id=348\"><span class=\"back-arrow\">\u2190 <\/span>PRINT&amp;+<\/a><\/strong>[\/vc_column_text][vc_empty_space height=\u00bb50px\u00bb][vc_column_text]<\/p>\n<p style=\"text-align: center;\">El mundo de las im\u00e1genes digitales transformado en materia impresa, para sentir el tacto de las diferentes texturas del papel o el olor de un libro nuevo, poniendo en valor nuestro oficio de impresor para ayudar al sector de la comunicaci\u00f3n gr\u00e1fica, el arte, el dise\u00f1o gr\u00e1fico, la edici\u00f3n, para ello es necesaria una buena fusi\u00f3n del oficio tradicional adaptado a las nuevas tecnolog\u00edas que te ofrecemos en nuestro parque de m\u00e1quinas, amplio, flexible y con todas las \u00faltimas tecnolog\u00edas del mercado.<\/p>\n<p>[\/vc_column_text][vc_empty_space height=\u00bb75px\u00bb][vc_column_text]<\/p>\n<h2 style=\"text-align: center;\"><strong>Impresi\u00f3n digital<\/strong><\/h2>\n<p>[\/vc_column_text][vc_empty_space height=\u00bb75px\u00bb][vc_single_image image=\u00bb22295&#8243; img_size=\u00bbfull\u00bb alignment=\u00bbcenter\u00bb css=\u00bb.vc_custom_1713279050780{margin-left: 30px !important;}\u00bb qode_css_animation=\u00bb\u00bb][vc_empty_space height=\u00bb35px\u00bb][vc_column_text]<\/p>\n<h3 style=\"text-align: center;\">HP Indigo 12000<\/h3>\n<p>[\/vc_column_text][vc_empty_space height=\u00bb10px\u00bb][vc_column_text]<\/p>\n<p style=\"text-align: center;\">50 x 70 cm<br \/>\nCMYK con posibilidad de 7 colores<\/p>\n<p>[\/vc_column_text][vc_empty_space height=\u00bb125px\u00bb][\/vc_column][vc_column width=\u00bb1\/12&#8243;][\/vc_column][\/vc_row][vc_row css_animation=\u00bb\u00bb row_type=\u00bbrow\u00bb use_row_as_full_screen_section=\u00bbno\u00bb type=\u00bbgrid\u00bb angled_section=\u00bbno\u00bb text_align=\u00bbleft\u00bb background_image_as_pattern=\u00bbwithout_pattern\u00bb z_index=\u00bb\u00bb css=\u00bb.vc_custom_1713267145400{background-color: #ffe4e9 !important;}\u00bb][vc_column width=\u00bb1\/12&#8243; offset=\u00bbvc_hidden-sm vc_hidden-xs\u00bb][\/vc_column][vc_column offset=\u00bbvc_col-lg-10 vc_col-md-10 vc_col-xs-12&#8243;][vc_empty_space height=\u00bb100px\u00bb][vc_column_text]<\/p>\n<h2 style=\"text-align: center;\"><strong><span style=\"color: #d13f52;\">Impresi\u00f3n digital para editorial<\/span><\/strong><\/h2>\n<p>[\/vc_column_text][vc_empty_space height=\u00bb75px\u00bb][vc_column_text css=\u00bb\u00bb]<\/p>\n<p style=\"text-align: center;\">La tecnolog\u00eda de impresi\u00f3n <strong>HP INKJET<\/strong> en bobina y con encuadernaci\u00f3n <strong>Muller Martini<\/strong> de \u00faltima generaci\u00f3n (r\u00fastica PUR, cosida o tapa dura), completamente integradas en l\u00ednea en el proceso de producci\u00f3n, suponen una <strong>reducci\u00f3n de costes y de tiempo<\/strong> en cualquier tiraje desde 50 hasta 3.000 unidades. Y permiten gramajes de papel de 28 a 170 g, ofreciendo una <strong>flexibilidad extraordinaria<\/strong> en muchos productos editoriales y de comunicaci\u00f3n.<\/p>\n<p>[\/vc_column_text][vc_empty_space height=\u00bb75px\u00bb][\/vc_column][vc_column width=\u00bb1\/12&#8243;][\/vc_column][\/vc_row][vc_row css_animation=\u00bb\u00bb row_type=\u00bbrow\u00bb use_row_as_full_screen_section=\u00bbno\u00bb type=\u00bbgrid\u00bb angled_section=\u00bbno\u00bb text_align=\u00bbleft\u00bb background_image_as_pattern=\u00bbwithout_pattern\u00bb z_index=\u00bb\u00bb css=\u00bb.vc_custom_1713268155762{background-color: #ffe4e9 !important;}\u00bb][vc_column offset=\u00bbvc_col-lg-6 vc_col-md-6 vc_col-xs-12&#8243;][vc_single_image image=\u00bb22305&#8243; img_size=\u00bbfull\u00bb alignment=\u00bbcenter\u00bb css=\u00bb.vc_custom_1713280281530{margin-right: 20px !important;}\u00bb qode_css_animation=\u00bb\u00bb][vc_empty_space height=\u00bb35px\u00bb][vc_column_text]<\/p>\n<h3 style=\"text-align: center;\"><span style=\"color: #d13f52;\">Rotativa Inkjet HP A2200 HD<\/span><\/h3>\n<p>[\/vc_column_text][vc_empty_space height=\u00bb10px\u00bb][vc_column_text]<\/p>\n<p style=\"text-align: center;\">Desbobinador autom\u00e1tico <strong>CONTIWEB I<br \/>\n<\/strong>L\u00ednea de acabado <strong>SIGMA LINE III<\/strong> de <strong>Muller Martini<\/strong><\/p>\n<p>[\/vc_column_text][vc_empty_space height=\u00bb50px\u00bb][\/vc_column][vc_column offset=\u00bbvc_col-lg-6 vc_col-md-6 vc_col-xs-12&#8243;][vc_single_image image=\u00bb22309&#8243; img_size=\u00bbfull\u00bb alignment=\u00bbcenter\u00bb css=\u00bb.vc_custom_1713280275300{margin-left: 20px !important;}\u00bb qode_css_animation=\u00bb\u00bb][vc_empty_space height=\u00bb35px\u00bb][vc_column_text]<\/p>\n<h3 style=\"text-align: center;\"><span style=\"color: #d13f52;\">Rotativa Inkjet HP T370 HD<\/span><\/h3>\n<p>[\/vc_column_text][vc_empty_space height=\u00bb10px\u00bb][vc_column_text]<\/p>\n<p style=\"text-align: center;\">2 Arcos de impresi\u00f3n<br \/>\nL\u00ednea de acabado <strong>SIGMA LINE I<br \/>\n<\/strong>Prel\u00ednea de tapa dura <strong>Muller Martini<\/strong><\/p>\n<p>[\/vc_column_text][vc_empty_space height=\u00bb125px\u00bb][\/vc_column][\/vc_row][vc_row css_animation=\u00bb\u00bb row_type=\u00bbrow\u00bb use_row_as_full_screen_section=\u00bbno\u00bb type=\u00bbgrid\u00bb angled_section=\u00bbno\u00bb text_align=\u00bbleft\u00bb background_image_as_pattern=\u00bbwithout_pattern\u00bb z_index=\u00bb\u00bb][vc_column width=\u00bb1\/12&#8243; offset=\u00bbvc_hidden-sm vc_hidden-xs\u00bb][\/vc_column][vc_column offset=\u00bbvc_col-lg-10 vc_col-md-10 vc_col-xs-12&#8243;][vc_empty_space height=\u00bb100px\u00bb][vc_column_text]<\/p>\n<h2 style=\"text-align: center;\"><strong>Impresi\u00f3n offset convencional<\/strong><\/h2>\n<p>[\/vc_column_text][vc_empty_space height=\u00bb75px\u00bb][\/vc_column][vc_column width=\u00bb1\/12&#8243;][\/vc_column][\/vc_row][vc_row css_animation=\u00bb\u00bb row_type=\u00bbrow\u00bb use_row_as_full_screen_section=\u00bbno\u00bb type=\u00bbgrid\u00bb angled_section=\u00bbno\u00bb text_align=\u00bbleft\u00bb background_image_as_pattern=\u00bbwithout_pattern\u00bb z_index=\u00bb\u00bb][vc_column offset=\u00bbvc_col-lg-6 vc_col-md-6 vc_col-xs-12&#8243;][vc_single_image image=\u00bb22314&#8243; img_size=\u00bbfull\u00bb alignment=\u00bbcenter\u00bb css=\u00bb.vc_custom_1713280317661{margin-right: 20px !important;}\u00bb qode_css_animation=\u00bb\u00bb][vc_empty_space height=\u00bb35px\u00bb][vc_column_text]<\/p>\n<h3 style=\"text-align: center;\">Heidelberg Speedmaster XL LED UV<\/h3>\n<p>[\/vc_column_text][vc_empty_space height=\u00bb10px\u00bb][vc_column_text]<\/p>\n<p style=\"text-align: center;\">8 colores<br \/>\n75 x 106 cm<\/p>\n<p>[\/vc_column_text][vc_empty_space height=\u00bb50px\u00bb][\/vc_column][vc_column offset=\u00bbvc_col-lg-6 vc_col-md-6 vc_col-xs-12&#8243;][vc_single_image image=\u00bb24346&#8243; img_size=\u00bbfull\u00bb alignment=\u00bbcenter\u00bb css=\u00bb.vc_custom_1742918711238{margin-left: 20px !important;}\u00bb qode_css_animation=\u00bb\u00bb][vc_empty_space height=\u00bb35px\u00bb][vc_column_text css=\u00bb\u00bb]<\/p>\n<h3 style=\"text-align: center;\">Heidelberg Speedmaster XL 106<\/h3>\n<p>[\/vc_column_text][vc_empty_space height=\u00bb10px\u00bb][vc_column_text css=\u00bb\u00bb]<\/p>\n<p style=\"text-align: center;\">6 colores con cuerpo de barniz acr\u00edlico<br \/>\n75 x 106 cm<\/p>\n<p>[\/vc_column_text][vc_empty_space height=\u00bb50px\u00bb][\/vc_column][\/vc_row][vc_row css_animation=\u00bb\u00bb row_type=\u00bbrow\u00bb use_row_as_full_screen_section=\u00bbno\u00bb type=\u00bbfull_width\u00bb angled_section=\u00bbno\u00bb text_align=\u00bbleft\u00bb background_image_as_pattern=\u00bbwithout_pattern\u00bb][vc_column offset=\u00bbvc_hidden-sm vc_hidden-xs\u00bb][vc_empty_space height=\u00bb25px\u00bb][\/vc_column][\/vc_row][vc_row css_animation=\u00bb\u00bb row_type=\u00bbrow\u00bb use_row_as_full_screen_section=\u00bbno\u00bb type=\u00bbgrid\u00bb angled_section=\u00bbno\u00bb text_align=\u00bbleft\u00bb background_image_as_pattern=\u00bbwithout_pattern\u00bb z_index=\u00bb\u00bb][vc_column offset=\u00bbvc_col-lg-6 vc_col-md-offset-3 vc_col-md-6 vc_col-xs-12&#8243;][vc_single_image image=\u00bb22322&#8243; img_size=\u00bbfull\u00bb alignment=\u00bbcenter\u00bb css=\u00bb.vc_custom_1713280412278{margin-left: 20px !important;}\u00bb qode_css_animation=\u00bb\u00bb][vc_empty_space height=\u00bb35px\u00bb][vc_column_text]<\/p>\n<h3 style=\"text-align: center;\">Heidelberg Speedmaster CD<\/h3>\n<p>[\/vc_column_text][vc_empty_space height=\u00bb10px\u00bb][vc_column_text]<\/p>\n<p style=\"text-align: center;\">2 colores<br \/>\n72 x 102 cm<\/p>\n<p>[\/vc_column_text][vc_empty_space height=\u00bb125px\u00bb][\/vc_column][\/vc_row][vc_row css_animation=\u00bb\u00bb row_type=\u00bbrow\u00bb use_row_as_full_screen_section=\u00bbno\u00bb type=\u00bbgrid\u00bb angled_section=\u00bbno\u00bb text_align=\u00bbleft\u00bb background_image_as_pattern=\u00bbwithout_pattern\u00bb css=\u00bb.vc_custom_1713266811128{background-color: #ffe4e9 !important;}\u00bb z_index=\u00bb\u00bb][vc_column width=\u00bb1\/12&#8243; offset=\u00bbvc_hidden-sm vc_hidden-xs\u00bb][\/vc_column][vc_column offset=\u00bbvc_col-lg-10 vc_col-md-10 vc_col-xs-12&#8243;][vc_empty_space height=\u00bb100px\u00bb][vc_column_text]<\/p>\n<h2 style=\"text-align: center;\"><strong><span style=\"color: #d13f52;\">Impresi\u00f3n offset rotativa<\/span><\/strong><\/h2>\n<p>[\/vc_column_text][vc_empty_space height=\u00bb75px\u00bb][\/vc_column][vc_column width=\u00bb1\/12&#8243;][\/vc_column][\/vc_row][vc_row css_animation=\u00bb\u00bb row_type=\u00bbrow\u00bb use_row_as_full_screen_section=\u00bbno\u00bb type=\u00bbgrid\u00bb angled_section=\u00bbno\u00bb text_align=\u00bbleft\u00bb background_image_as_pattern=\u00bbwithout_pattern\u00bb css=\u00bb.vc_custom_1713268358652{background-color: #ffe4e9 !important;}\u00bb z_index=\u00bb\u00bb][vc_column offset=\u00bbvc_col-lg-6 vc_col-md-6 vc_col-xs-12&#8243;][vc_single_image image=\u00bb22330&#8243; img_size=\u00bbfull\u00bb alignment=\u00bbcenter\u00bb css=\u00bb.vc_custom_1713279817274{margin-right: 20px !important;}\u00bb qode_css_animation=\u00bb\u00bb][vc_empty_space height=\u00bb35px\u00bb][vc_column_text]<\/p>\n<h3 style=\"text-align: center;\"><span style=\"color: #d13f52;\">Manroland Goss Lithoman<\/span><\/h3>\n<p>[\/vc_column_text][vc_empty_space height=\u00bb10px\u00bb][vc_column_text]<\/p>\n<p style=\"text-align: center;\">32 p\u00e1ginas A4, formato 126 x 96,5 cm<br \/>\nImpresi\u00f3n 4+4 CMYK<br \/>\nPlegadora y encoladora integradas<\/p>\n<p>[\/vc_column_text][vc_empty_space height=\u00bb50px\u00bb][\/vc_column][vc_column offset=\u00bbvc_col-lg-6 vc_col-md-6 vc_col-xs-12&#8243;][vc_single_image image=\u00bb22334&#8243; img_size=\u00bbfull\u00bb alignment=\u00bbcenter\u00bb css=\u00bb.vc_custom_1713279844850{margin-left: 20px !important;}\u00bb qode_css_animation=\u00bb\u00bb][vc_empty_space height=\u00bb35px\u00bb][vc_column_text]<\/p>\n<h3 style=\"text-align: center;\"><span style=\"color: #d13f52;\">Komori 38S<\/span><\/h3>\n<p>[\/vc_column_text][vc_empty_space height=\u00bb10px\u00bb][vc_column_text]<\/p>\n<p style=\"text-align: center;\">16 p\u00e1ginas A4, formato 62,5 x 96 cm<br \/>\nImpresi\u00f3n 4+4 CMYK<br \/>\nPlegadora y encoladora integradas<\/p>\n<p>[\/vc_column_text][vc_empty_space height=\u00bb125px\u00bb][\/vc_column][\/vc_row]<\/p>\n<\/div>","protected":false},"excerpt":{"rendered":"<p>[vc_row css_animation=\u00bb\u00bb row_type=\u00bbrow\u00bb use_row_as_full_screen_section=\u00bbno\u00bb type=\u00bbgrid\u00bb angled_section=\u00bbno\u00bb text_align=\u00bbleft\u00bb background_image_as_pattern=\u00bbwithout_pattern\u00bb z_index=\u00bb\u00bb][vc_column width=\u00bb1\/12&#8243;][\/vc_column][vc_column offset=\u00bbvc_col-lg-10 vc_col-md-10 vc_col-xs-12&#8243;][vc_empty_space height=\u00bb75px\u00bb][vc_column_text]\u2190 PRINT&amp;+[\/vc_column_text][vc_empty_space height=\u00bb50px\u00bb][vc_column_text] El mundo de las im\u00e1genes digitales transformado en materia impresa, para sentir el tacto de las diferentes texturas del papel o el olor de un libro nuevo, poniendo en&#8230;<\/p>\n","protected":false},"author":1,"featured_media":0,"parent":0,"menu_order":289,"comment_status":"closed","ping_status":"closed","template":"full_width.php","meta":{"footnotes":""},"class_list":["post-22359","page","type-page","status-publish","hentry"],"yoast_head":"<!-- This site is optimized with the Yoast SEO plugin v25.0 - https:\/\/yoast.com\/wordpress\/plugins\/seo\/ -->\n<title>Parque de m\u00e1quinas &#8211; Nexe Impressions<\/title>\n<meta name=\"description\" content=\"Nexe Impressions ofrecemos un parque de m\u00e1quinas flexible y vers\u00e1til con las \u00faltimas tecnolog\u00edas, con impresi\u00f3n convencional y digital.\" \/>\n<meta name=\"robots\" content=\"index, follow, max-snippet:-1, max-image-preview:large, max-video-preview:-1\" \/>\n<link rel=\"canonical\" href=\"https:\/\/nexeimpressions.com\/es\/parque-de-maquinas\/\" \/>\n<meta property=\"og:locale\" content=\"es_ES\" \/>\n<meta property=\"og:type\" content=\"article\" \/>\n<meta property=\"og:title\" content=\"Parque de m\u00e1quinas &#8211; Nexe Impressions\" \/>\n<meta property=\"og:description\" content=\"Nexe Impressions ofrecemos un parque de m\u00e1quinas flexible y vers\u00e1til con las \u00faltimas tecnolog\u00edas, con impresi\u00f3n convencional y digital.\" \/>\n<meta property=\"og:url\" content=\"https:\/\/nexeimpressions.com\/es\/parque-de-maquinas\/\" \/>\n<meta property=\"og:site_name\" content=\"Nexe Impressions\" \/>\n<meta property=\"article:publisher\" content=\"https:\/\/www.facebook.com\/nexeimpressions\" \/>\n<meta property=\"article:modified_time\" content=\"2025-05-06T15:29:11+00:00\" \/>\n<meta name=\"twitter:card\" content=\"summary_large_image\" \/>\n<meta name=\"twitter:label1\" content=\"Tiempo de lectura\" \/>\n\t<meta name=\"twitter:data1\" content=\"3 minutos\" \/>\n<script type=\"application\/ld+json\" class=\"yoast-schema-graph\">{\"@context\":\"https:\/\/schema.org\",\"@graph\":[{\"@type\":\"WebPage\",\"@id\":\"https:\/\/nexeimpressions.com\/es\/parque-de-maquinas\/\",\"url\":\"https:\/\/nexeimpressions.com\/es\/parque-de-maquinas\/\",\"name\":\"Parque de m\u00e1quinas &#8211; Nexe Impressions\",\"isPartOf\":{\"@id\":\"https:\/\/nexeimpressions.com\/es\/#website\"},\"datePublished\":\"2024-04-16T11:37:13+00:00\",\"dateModified\":\"2025-05-06T15:29:11+00:00\",\"description\":\"Nexe Impressions ofrecemos un parque de m\u00e1quinas flexible y vers\u00e1til con las \u00faltimas tecnolog\u00edas, con impresi\u00f3n convencional y digital.\",\"breadcrumb\":{\"@id\":\"https:\/\/nexeimpressions.com\/es\/parque-de-maquinas\/#breadcrumb\"},\"inLanguage\":\"es\",\"potentialAction\":[{\"@type\":\"ReadAction\",\"target\":[\"https:\/\/nexeimpressions.com\/es\/parque-de-maquinas\/\"]}]},{\"@type\":\"BreadcrumbList\",\"@id\":\"https:\/\/nexeimpressions.com\/es\/parque-de-maquinas\/#breadcrumb\",\"itemListElement\":[{\"@type\":\"ListItem\",\"position\":1,\"name\":\"Home\",\"item\":\"https:\/\/nexeimpressions.com\/es\/\"},{\"@type\":\"ListItem\",\"position\":2,\"name\":\"Parque de m\u00e1quinas\"}]},{\"@type\":\"WebSite\",\"@id\":\"https:\/\/nexeimpressions.com\/es\/#website\",\"url\":\"https:\/\/nexeimpressions.com\/es\/\",\"name\":\"Nexe Impressions\",\"description\":\"Print worthy\",\"potentialAction\":[{\"@type\":\"SearchAction\",\"target\":{\"@type\":\"EntryPoint\",\"urlTemplate\":\"https:\/\/nexeimpressions.com\/es\/?s={search_term_string}\"},\"query-input\":{\"@type\":\"PropertyValueSpecification\",\"valueRequired\":true,\"valueName\":\"search_term_string\"}}],\"inLanguage\":\"es\"}]}<\/script>\n<!-- \/ Yoast SEO plugin. -->","yoast_head_json":{"title":"Parque de m\u00e1quinas &#8211; Nexe Impressions","description":"Nexe Impressions ofrecemos un parque de m\u00e1quinas flexible y vers\u00e1til con las \u00faltimas tecnolog\u00edas, con impresi\u00f3n convencional y digital.","robots":{"index":"index","follow":"follow","max-snippet":"max-snippet:-1","max-image-preview":"max-image-preview:large","max-video-preview":"max-video-preview:-1"},"canonical":"https:\/\/nexeimpressions.com\/es\/parque-de-maquinas\/","og_locale":"es_ES","og_type":"article","og_title":"Parque de m\u00e1quinas &#8211; Nexe Impressions","og_description":"Nexe Impressions ofrecemos un parque de m\u00e1quinas flexible y vers\u00e1til con las \u00faltimas tecnolog\u00edas, con impresi\u00f3n convencional y digital.","og_url":"https:\/\/nexeimpressions.com\/es\/parque-de-maquinas\/","og_site_name":"Nexe Impressions","article_publisher":"https:\/\/www.facebook.com\/nexeimpressions","article_modified_time":"2025-05-06T15:29:11+00:00","twitter_card":"summary_large_image","twitter_misc":{"Tiempo de lectura":"3 minutos"},"schema":{"@context":"https:\/\/schema.org","@graph":[{"@type":"WebPage","@id":"https:\/\/nexeimpressions.com\/es\/parque-de-maquinas\/","url":"https:\/\/nexeimpressions.com\/es\/parque-de-maquinas\/","name":"Parque de m\u00e1quinas &#8211; Nexe Impressions","isPartOf":{"@id":"https:\/\/nexeimpressions.com\/es\/#website"},"datePublished":"2024-04-16T11:37:13+00:00","dateModified":"2025-05-06T15:29:11+00:00","description":"Nexe Impressions ofrecemos un parque de m\u00e1quinas flexible y vers\u00e1til con las \u00faltimas tecnolog\u00edas, con impresi\u00f3n convencional y digital.","breadcrumb":{"@id":"https:\/\/nexeimpressions.com\/es\/parque-de-maquinas\/#breadcrumb"},"inLanguage":"es","potentialAction":[{"@type":"ReadAction","target":["https:\/\/nexeimpressions.com\/es\/parque-de-maquinas\/"]}]},{"@type":"BreadcrumbList","@id":"https:\/\/nexeimpressions.com\/es\/parque-de-maquinas\/#breadcrumb","itemListElement":[{"@type":"ListItem","position":1,"name":"Home","item":"https:\/\/nexeimpressions.com\/es\/"},{"@type":"ListItem","position":2,"name":"Parque de m\u00e1quinas"}]},{"@type":"WebSite","@id":"https:\/\/nexeimpressions.com\/es\/#website","url":"https:\/\/nexeimpressions.com\/es\/","name":"Nexe Impressions","description":"Print worthy","potentialAction":[{"@type":"SearchAction","target":{"@type":"EntryPoint","urlTemplate":"https:\/\/nexeimpressions.com\/es\/?s={search_term_string}"},"query-input":{"@type":"PropertyValueSpecification","valueRequired":true,"valueName":"search_term_string"}}],"inLanguage":"es"}]}},"_links":{"self":[{"href":"https:\/\/nexeimpressions.com\/es\/wp-json\/wp\/v2\/pages\/22359","targetHints":{"allow":["GET"]}}],"collection":[{"href":"https:\/\/nexeimpressions.com\/es\/wp-json\/wp\/v2\/pages"}],"about":[{"href":"https:\/\/nexeimpressions.com\/es\/wp-json\/wp\/v2\/types\/page"}],"author":[{"embeddable":true,"href":"https:\/\/nexeimpressions.com\/es\/wp-json\/wp\/v2\/users\/1"}],"replies":[{"embeddable":true,"href":"https:\/\/nexeimpressions.com\/es\/wp-json\/wp\/v2\/comments?post=22359"}],"version-history":[{"count":8,"href":"https:\/\/nexeimpressions.com\/es\/wp-json\/wp\/v2\/pages\/22359\/revisions"}],"predecessor-version":[{"id":24576,"href":"https:\/\/nexeimpressions.com\/es\/wp-json\/wp\/v2\/pages\/22359\/revisions\/24576"}],"wp:attachment":[{"href":"https:\/\/nexeimpressions.com\/es\/wp-json\/wp\/v2\/media?parent=22359"}],"curies":[{"name":"wp","href":"https:\/\/api.w.org\/{rel}","templated":true}]}}