 {"id":24009,"date":"2025-01-14T11:21:40","date_gmt":"2025-01-14T09:21:40","guid":{"rendered":"https:\/\/nexeimpressions.com\/subscripcio-newsletter-fires-paris\/"},"modified":"2025-01-14T15:50:37","modified_gmt":"2025-01-14T13:50:37","slug":"newsletter","status":"publish","type":"page","link":"https:\/\/nexeimpressions.com\/es\/newsletter\/","title":{"rendered":"Suscripci\u00f3n Newsletter FIRES PAR\u00cdS"},"content":{"rendered":"<div class=\"wpb-content-wrapper\"><p>[vc_row css_animation=\u00bb\u00bb row_type=\u00bbrow\u00bb use_row_as_full_screen_section=\u00bbno\u00bb type=\u00bbgrid\u00bb angled_section=\u00bbno\u00bb text_align=\u00bbleft\u00bb background_image_as_pattern=\u00bbwithout_pattern\u00bb z_index=\u00bb\u00bb][vc_column width=\u00bb1\/4&#8243; offset=\u00bbvc_hidden-sm vc_hidden-xs\u00bb][\/vc_column][vc_column width=\u00bb1\/2&#8243; offset=\u00bbvc_hidden-sm vc_hidden-xs\u00bb][vc_column_text]<\/p>\n<h2 style=\"text-align: center;\"><span style=\"font-family: 'Playfair Display', sans-serif;\"><span style=\"font-style: italic;\"><span style=\"font-weight: 800;\"><span style=\"color: #d13f52;\"><span style=\"font-size: 45px; line-height: 50px;\">Suscr\u00edbete a nuestra Newsletter<\/span><\/span><\/span><\/span><\/span><\/h2>\n<p>[\/vc_column_text][vc_empty_space height=\u00bb40px\u00bb][vc_column_text]<\/p>\n<p style=\"text-align: center;\"><span style=\"color: #d13f52;\">Mantente al d\u00eda de todas nuestras novedades en impresi\u00f3n y acabados especiales de impresi\u00f3n, la selecci\u00f3n de nuestros proyectos destacados y mucho m\u00e1s!<\/span><\/p>\n<p>[\/vc_column_text][vc_empty_space height=\u00bb30px\u00bb]\n<div class=\"wpcf7 no-js\" id=\"wpcf7-f24014-o1\" lang=\"es-ES\" dir=\"ltr\" data-wpcf7-id=\"24014\">\n<div class=\"screen-reader-response\"><p role=\"status\" aria-live=\"polite\" aria-atomic=\"true\"><\/p> <ul><\/ul><\/div>\n<form action=\"\/es\/wp-json\/wp\/v2\/pages\/24009#wpcf7-f24014-o1\" method=\"post\" class=\"wpcf7-form init cf7_custom_style_1\" aria-label=\"Formulario de contacto\" novalidate=\"novalidate\" data-status=\"init\">\n<div style=\"display: none;\">\n<input type=\"hidden\" name=\"_wpcf7\" value=\"24014\" \/>\n<input type=\"hidden\" name=\"_wpcf7_version\" value=\"6.0.6\" \/>\n<input type=\"hidden\" name=\"_wpcf7_locale\" value=\"es_ES\" \/>\n<input type=\"hidden\" name=\"_wpcf7_unit_tag\" value=\"wpcf7-f24014-o1\" \/>\n<input type=\"hidden\" name=\"_wpcf7_container_post\" value=\"0\" \/>\n<input type=\"hidden\" name=\"_wpcf7_posted_data_hash\" value=\"\" \/>\n<input type=\"hidden\" name=\"_wpcf7_recaptcha_response\" value=\"\" \/>\n<\/div>\n<p><span class=\"wpcf7-form-control-wrap\" data-name=\"nom\"><input size=\"40\" maxlength=\"400\" class=\"wpcf7-form-control wpcf7-text wpcf7-validates-as-required\" aria-required=\"true\" aria-invalid=\"false\" placeholder=\"Nombre\" value=\"\" type=\"text\" name=\"nom\" \/><\/span><br \/>\n<span class=\"wpcf7-form-control-wrap\" data-name=\"your-email\"><input size=\"40\" maxlength=\"400\" class=\"wpcf7-form-control wpcf7-email wpcf7-validates-as-required wpcf7-text wpcf7-validates-as-email\" aria-required=\"true\" aria-invalid=\"false\" placeholder=\"Correo electr\u00f3nico\" value=\"\" type=\"email\" name=\"your-email\" \/><\/span>\n<\/p>\n<p><span class=\"wpcf7-form-control-wrap\" data-name=\"acceptance-106\"><span class=\"wpcf7-form-control wpcf7-acceptance\"><span class=\"wpcf7-list-item\"><label><input type=\"checkbox\" name=\"acceptance-106\" value=\"1\" aria-invalid=\"false\" \/><span class=\"wpcf7-list-item-label\">He le\u00eddo y acepto la <a href=\"https:\/\/nexeimpressions.com\/es\/politica-privacidad\/\" target=\"_blank\" rel=\"noopener\">pol\u00edtica de privacidad<\/a><\/span><\/label><\/span><\/span><\/span>\n<\/p>\n<p><input class=\"wpcf7-form-control wpcf7-submit has-spinner\" type=\"submit\" value=\"Subscribirme\" \/>\n<\/p><p style=\"display: none !important;\" class=\"akismet-fields-container\" data-prefix=\"_wpcf7_ak_\"><label>&#916;<textarea name=\"_wpcf7_ak_hp_textarea\" cols=\"45\" rows=\"8\" maxlength=\"100\"><\/textarea><\/label><input type=\"hidden\" id=\"ak_js_1\" name=\"_wpcf7_ak_js\" value=\"24\"\/><script>document.getElementById( \"ak_js_1\" ).setAttribute( \"value\", ( new Date() ).getTime() );<\/script><\/p><div class=\"wpcf7-response-output\" aria-hidden=\"true\"><\/div>\n<\/form>\n<\/div>\n[vc_empty_space height=\u00bb60px\u00bb][\/vc_column][vc_column width=\u00bb1\/4&#8243; offset=\u00bbvc_hidden-sm vc_hidden-xs\u00bb][\/vc_column][\/vc_row][vc_row css_animation=\u00bb\u00bb row_type=\u00bbrow\u00bb use_row_as_full_screen_section=\u00bbno\u00bb type=\u00bbgrid\u00bb angled_section=\u00bbno\u00bb text_align=\u00bbleft\u00bb background_image_as_pattern=\u00bbwithout_pattern\u00bb z_index=\u00bb\u00bb][vc_column offset=\u00bbvc_hidden-lg vc_hidden-md\u00bb][vc_column_text]<\/p>\n<h2 style=\"text-align: center;\"><span style=\"font-family: 'Playfair Display', sans-serif;\"><span style=\"font-style: italic;\"><span style=\"font-weight: 800;\"><span style=\"color: #d13f52;\"><span style=\"font-size: 45px; line-height: 50px;\">Suscr\u00edbete a nuestra Newsletter<\/span><\/span><\/span><\/span><\/span><\/h2>\n<p>[\/vc_column_text][vc_empty_space height=\u00bb36px\u00bb][vc_column_text]<\/p>\n<p style=\"text-align: center;\"><span style=\"color: #d13f52;\">Mantente al d\u00eda de todas nuestras novedades en impresi\u00f3n y acabados especiales de impresi\u00f3n, la selecci\u00f3n de nuestros proyectos destacados y mucho m\u00e1s!<\/span><\/p>\n<p>[\/vc_column_text][vc_empty_space height=\u00bb30px\u00bb]\n<div class=\"wpcf7 no-js\" id=\"wpcf7-f24014-o2\" lang=\"es-ES\" dir=\"ltr\" data-wpcf7-id=\"24014\">\n<div class=\"screen-reader-response\"><p role=\"status\" aria-live=\"polite\" aria-atomic=\"true\"><\/p> <ul><\/ul><\/div>\n<form action=\"\/es\/wp-json\/wp\/v2\/pages\/24009#wpcf7-f24014-o2\" method=\"post\" class=\"wpcf7-form init cf7_custom_style_1\" aria-label=\"Formulario de contacto\" novalidate=\"novalidate\" data-status=\"init\">\n<div style=\"display: none;\">\n<input type=\"hidden\" name=\"_wpcf7\" value=\"24014\" \/>\n<input type=\"hidden\" name=\"_wpcf7_version\" value=\"6.0.6\" \/>\n<input type=\"hidden\" name=\"_wpcf7_locale\" value=\"es_ES\" \/>\n<input type=\"hidden\" name=\"_wpcf7_unit_tag\" value=\"wpcf7-f24014-o2\" \/>\n<input type=\"hidden\" name=\"_wpcf7_container_post\" value=\"0\" \/>\n<input type=\"hidden\" name=\"_wpcf7_posted_data_hash\" value=\"\" \/>\n<input type=\"hidden\" name=\"_wpcf7_recaptcha_response\" value=\"\" \/>\n<\/div>\n<p><span class=\"wpcf7-form-control-wrap\" data-name=\"nom\"><input size=\"40\" maxlength=\"400\" class=\"wpcf7-form-control wpcf7-text wpcf7-validates-as-required\" aria-required=\"true\" aria-invalid=\"false\" placeholder=\"Nombre\" value=\"\" type=\"text\" name=\"nom\" \/><\/span><br \/>\n<span class=\"wpcf7-form-control-wrap\" data-name=\"your-email\"><input size=\"40\" maxlength=\"400\" class=\"wpcf7-form-control wpcf7-email wpcf7-validates-as-required wpcf7-text wpcf7-validates-as-email\" aria-required=\"true\" aria-invalid=\"false\" placeholder=\"Correo electr\u00f3nico\" value=\"\" type=\"email\" name=\"your-email\" \/><\/span>\n<\/p>\n<p><span class=\"wpcf7-form-control-wrap\" data-name=\"acceptance-106\"><span class=\"wpcf7-form-control wpcf7-acceptance\"><span class=\"wpcf7-list-item\"><label><input type=\"checkbox\" name=\"acceptance-106\" value=\"1\" aria-invalid=\"false\" \/><span class=\"wpcf7-list-item-label\">He le\u00eddo y acepto la <a href=\"https:\/\/nexeimpressions.com\/es\/politica-privacidad\/\" target=\"_blank\" rel=\"noopener\">pol\u00edtica de privacidad<\/a><\/span><\/label><\/span><\/span><\/span>\n<\/p>\n<p><input class=\"wpcf7-form-control wpcf7-submit has-spinner\" type=\"submit\" value=\"Subscribirme\" \/>\n<\/p><p style=\"display: none !important;\" class=\"akismet-fields-container\" data-prefix=\"_wpcf7_ak_\"><label>&#916;<textarea name=\"_wpcf7_ak_hp_textarea\" cols=\"45\" rows=\"8\" maxlength=\"100\"><\/textarea><\/label><input type=\"hidden\" id=\"ak_js_2\" name=\"_wpcf7_ak_js\" value=\"21\"\/><script>document.getElementById( \"ak_js_2\" ).setAttribute( \"value\", ( new Date() ).getTime() );<\/script><\/p><div class=\"wpcf7-response-output\" aria-hidden=\"true\"><\/div>\n<\/form>\n<\/div>\n[vc_empty_space height=\u00bb60px\u00bb][\/vc_column][\/vc_row][vc_row css_animation=\u00bb\u00bb row_type=\u00bbrow\u00bb use_row_as_full_screen_section=\u00bbno\u00bb type=\u00bbgrid\u00bb angled_section=\u00bbno\u00bb text_align=\u00bbleft\u00bb background_image_as_pattern=\u00bbwithout_pattern\u00bb z_index=\u00bb\u00bb][vc_column width=\u00bb1\/4&#8243; offset=\u00bbvc_hidden-sm vc_hidden-xs\u00bb][\/vc_column]<\/p>\n<\/div>","protected":false},"excerpt":{"rendered":"<p>[vc_row css_animation=\u00bb\u00bb row_type=\u00bbrow\u00bb use_row_as_full_screen_section=\u00bbno\u00bb type=\u00bbgrid\u00bb angled_section=\u00bbno\u00bb text_align=\u00bbleft\u00bb background_image_as_pattern=\u00bbwithout_pattern\u00bb z_index=\u00bb\u00bb][vc_column width=\u00bb1\/4&#8243; offset=\u00bbvc_hidden-sm vc_hidden-xs\u00bb][\/vc_column][vc_column width=\u00bb1\/2&#8243; offset=\u00bbvc_hidden-sm vc_hidden-xs\u00bb][vc_column_text] Suscr\u00edbete a nuestra Newsletter [\/vc_column_text][vc_empty_space height=\u00bb40px\u00bb][vc_column_text] Mantente al d\u00eda de todas nuestras novedades en impresi\u00f3n y acabados especiales de impresi\u00f3n, la selecci\u00f3n de nuestros proyectos destacados y mucho m\u00e1s! [\/vc_column_text][vc_empty_space&#8230;<\/p>\n","protected":false},"author":1,"featured_media":0,"parent":0,"menu_order":8,"comment_status":"closed","ping_status":"closed","template":"","meta":{"footnotes":""},"class_list":["post-24009","page","type-page","status-publish","hentry"],"yoast_head":"<!-- This site is optimized with the Yoast SEO plugin v25.0 - https:\/\/yoast.com\/wordpress\/plugins\/seo\/ -->\n<title>Suscripci\u00f3n Newsletter FIRES PAR\u00cdS &#8211; Nexe Impressions<\/title>\n<meta name=\"description\" content=\"Suscr\u00edbete a nuestra Newsletter Mantente al d\u00eda de todas nuestras novedades en impresi\u00f3n y acabados especiales de impresi\u00f3n, la selecci\u00f3n de nuestros Mantente al d\u00eda de todas nuestras novedades en impresi\u00f3n y acabados especiales de impresi\u00f3n, la selecci\u00f3n de nuestros proyectos destacados y mucho m\u00e1s!\" \/>\n<meta name=\"robots\" content=\"index, follow, max-snippet:-1, max-image-preview:large, max-video-preview:-1\" \/>\n<link rel=\"canonical\" href=\"https:\/\/nexeimpressions.com\/es\/newsletter\/\" \/>\n<meta property=\"og:locale\" content=\"es_ES\" \/>\n<meta property=\"og:type\" content=\"article\" \/>\n<meta property=\"og:title\" content=\"Suscripci\u00f3n Newsletter FIRES PAR\u00cdS &#8211; Nexe Impressions\" \/>\n<meta property=\"og:description\" content=\"Suscr\u00edbete a nuestra Newsletter Mantente al d\u00eda de todas nuestras novedades en impresi\u00f3n y acabados especiales de impresi\u00f3n, la selecci\u00f3n de nuestros Mantente al d\u00eda de todas nuestras novedades en impresi\u00f3n y acabados especiales de impresi\u00f3n, la selecci\u00f3n de nuestros proyectos destacados y mucho m\u00e1s!\" \/>\n<meta property=\"og:url\" content=\"https:\/\/nexeimpressions.com\/es\/newsletter\/\" \/>\n<meta property=\"og:site_name\" content=\"Nexe Impressions\" \/>\n<meta property=\"article:publisher\" content=\"https:\/\/www.facebook.com\/nexeimpressions\" \/>\n<meta property=\"article:modified_time\" content=\"2025-01-14T13:50:37+00:00\" \/>\n<meta name=\"twitter:card\" content=\"summary_large_image\" \/>\n<meta name=\"twitter:label1\" content=\"Tiempo de lectura\" \/>\n\t<meta name=\"twitter:data1\" content=\"1 minuto\" \/>\n<script type=\"application\/ld+json\" class=\"yoast-schema-graph\">{\"@context\":\"https:\/\/schema.org\",\"@graph\":[{\"@type\":\"WebPage\",\"@id\":\"https:\/\/nexeimpressions.com\/es\/newsletter\/\",\"url\":\"https:\/\/nexeimpressions.com\/es\/newsletter\/\",\"name\":\"Suscripci\u00f3n Newsletter FIRES PAR\u00cdS &#8211; Nexe Impressions\",\"isPartOf\":{\"@id\":\"https:\/\/nexeimpressions.com\/es\/#website\"},\"datePublished\":\"2025-01-14T09:21:40+00:00\",\"dateModified\":\"2025-01-14T13:50:37+00:00\",\"description\":\"Suscr\u00edbete a nuestra Newsletter Mantente al d\u00eda de todas nuestras novedades en impresi\u00f3n y acabados especiales de impresi\u00f3n, la selecci\u00f3n de nuestros Mantente al d\u00eda de todas nuestras novedades en impresi\u00f3n y acabados especiales de impresi\u00f3n, la selecci\u00f3n de nuestros proyectos destacados y mucho m\u00e1s!\",\"breadcrumb\":{\"@id\":\"https:\/\/nexeimpressions.com\/es\/newsletter\/#breadcrumb\"},\"inLanguage\":\"es\",\"potentialAction\":[{\"@type\":\"ReadAction\",\"target\":[\"https:\/\/nexeimpressions.com\/es\/newsletter\/\"]}]},{\"@type\":\"BreadcrumbList\",\"@id\":\"https:\/\/nexeimpressions.com\/es\/newsletter\/#breadcrumb\",\"itemListElement\":[{\"@type\":\"ListItem\",\"position\":1,\"name\":\"Home\",\"item\":\"https:\/\/nexeimpressions.com\/es\/\"},{\"@type\":\"ListItem\",\"position\":2,\"name\":\"Suscripci\u00f3n Newsletter FIRES PAR\u00cdS\"}]},{\"@type\":\"WebSite\",\"@id\":\"https:\/\/nexeimpressions.com\/es\/#website\",\"url\":\"https:\/\/nexeimpressions.com\/es\/\",\"name\":\"Nexe Impressions\",\"description\":\"Print worthy\",\"potentialAction\":[{\"@type\":\"SearchAction\",\"target\":{\"@type\":\"EntryPoint\",\"urlTemplate\":\"https:\/\/nexeimpressions.com\/es\/?s={search_term_string}\"},\"query-input\":{\"@type\":\"PropertyValueSpecification\",\"valueRequired\":true,\"valueName\":\"search_term_string\"}}],\"inLanguage\":\"es\"}]}<\/script>\n<!-- \/ Yoast SEO plugin. -->","yoast_head_json":{"title":"Suscripci\u00f3n Newsletter FIRES PAR\u00cdS &#8211; Nexe Impressions","description":"Suscr\u00edbete a nuestra Newsletter Mantente al d\u00eda de todas nuestras novedades en impresi\u00f3n y acabados especiales de impresi\u00f3n, la selecci\u00f3n de nuestros Mantente al d\u00eda de todas nuestras novedades en impresi\u00f3n y acabados especiales de impresi\u00f3n, la selecci\u00f3n de nuestros proyectos destacados y mucho m\u00e1s!","robots":{"index":"index","follow":"follow","max-snippet":"max-snippet:-1","max-image-preview":"max-image-preview:large","max-video-preview":"max-video-preview:-1"},"canonical":"https:\/\/nexeimpressions.com\/es\/newsletter\/","og_locale":"es_ES","og_type":"article","og_title":"Suscripci\u00f3n Newsletter FIRES PAR\u00cdS &#8211; Nexe Impressions","og_description":"Suscr\u00edbete a nuestra Newsletter Mantente al d\u00eda de todas nuestras novedades en impresi\u00f3n y acabados especiales de impresi\u00f3n, la selecci\u00f3n de nuestros Mantente al d\u00eda de todas nuestras novedades en impresi\u00f3n y acabados especiales de impresi\u00f3n, la selecci\u00f3n de nuestros proyectos destacados y mucho m\u00e1s!","og_url":"https:\/\/nexeimpressions.com\/es\/newsletter\/","og_site_name":"Nexe Impressions","article_publisher":"https:\/\/www.facebook.com\/nexeimpressions","article_modified_time":"2025-01-14T13:50:37+00:00","twitter_card":"summary_large_image","twitter_misc":{"Tiempo de lectura":"1 minuto"},"schema":{"@context":"https:\/\/schema.org","@graph":[{"@type":"WebPage","@id":"https:\/\/nexeimpressions.com\/es\/newsletter\/","url":"https:\/\/nexeimpressions.com\/es\/newsletter\/","name":"Suscripci\u00f3n Newsletter FIRES PAR\u00cdS &#8211; Nexe Impressions","isPartOf":{"@id":"https:\/\/nexeimpressions.com\/es\/#website"},"datePublished":"2025-01-14T09:21:40+00:00","dateModified":"2025-01-14T13:50:37+00:00","description":"Suscr\u00edbete a nuestra Newsletter Mantente al d\u00eda de todas nuestras novedades en impresi\u00f3n y acabados especiales de impresi\u00f3n, la selecci\u00f3n de nuestros Mantente al d\u00eda de todas nuestras novedades en impresi\u00f3n y acabados especiales de impresi\u00f3n, la selecci\u00f3n de nuestros proyectos destacados y mucho m\u00e1s!","breadcrumb":{"@id":"https:\/\/nexeimpressions.com\/es\/newsletter\/#breadcrumb"},"inLanguage":"es","potentialAction":[{"@type":"ReadAction","target":["https:\/\/nexeimpressions.com\/es\/newsletter\/"]}]},{"@type":"BreadcrumbList","@id":"https:\/\/nexeimpressions.com\/es\/newsletter\/#breadcrumb","itemListElement":[{"@type":"ListItem","position":1,"name":"Home","item":"https:\/\/nexeimpressions.com\/es\/"},{"@type":"ListItem","position":2,"name":"Suscripci\u00f3n Newsletter FIRES PAR\u00cdS"}]},{"@type":"WebSite","@id":"https:\/\/nexeimpressions.com\/es\/#website","url":"https:\/\/nexeimpressions.com\/es\/","name":"Nexe Impressions","description":"Print worthy","potentialAction":[{"@type":"SearchAction","target":{"@type":"EntryPoint","urlTemplate":"https:\/\/nexeimpressions.com\/es\/?s={search_term_string}"},"query-input":{"@type":"PropertyValueSpecification","valueRequired":true,"valueName":"search_term_string"}}],"inLanguage":"es"}]}},"_links":{"self":[{"href":"https:\/\/nexeimpressions.com\/es\/wp-json\/wp\/v2\/pages\/24009","targetHints":{"allow":["GET"]}}],"collection":[{"href":"https:\/\/nexeimpressions.com\/es\/wp-json\/wp\/v2\/pages"}],"about":[{"href":"https:\/\/nexeimpressions.com\/es\/wp-json\/wp\/v2\/types\/page"}],"author":[{"embeddable":true,"href":"https:\/\/nexeimpressions.com\/es\/wp-json\/wp\/v2\/users\/1"}],"replies":[{"embeddable":true,"href":"https:\/\/nexeimpressions.com\/es\/wp-json\/wp\/v2\/comments?post=24009"}],"version-history":[{"count":5,"href":"https:\/\/nexeimpressions.com\/es\/wp-json\/wp\/v2\/pages\/24009\/revisions"}],"predecessor-version":[{"id":24031,"href":"https:\/\/nexeimpressions.com\/es\/wp-json\/wp\/v2\/pages\/24009\/revisions\/24031"}],"wp:attachment":[{"href":"https:\/\/nexeimpressions.com\/es\/wp-json\/wp\/v2\/media?parent=24009"}],"curies":[{"name":"wp","href":"https:\/\/api.w.org\/{rel}","templated":true}]}}