 {"id":2654,"date":"2017-05-04T10:14:35","date_gmt":"2017-05-04T10:14:35","guid":{"rendered":"http:\/\/www.nexeimpressions.com\/serveis\/"},"modified":"2024-03-28T13:41:23","modified_gmt":"2024-03-28T11:41:23","slug":"servicios","status":"publish","type":"page","link":"https:\/\/nexeimpressions.com\/es\/servicios\/","title":{"rendered":"Servicios"},"content":{"rendered":"<div class=\"wpb-content-wrapper\"><p>[vc_row css_animation=\u00bb\u00bb row_type=\u00bbrow\u00bb use_row_as_full_screen_section=\u00bbno\u00bb type=\u00bbgrid\u00bb angled_section=\u00bbno\u00bb text_align=\u00bbcenter\u00bb background_image_as_pattern=\u00bbwithout_pattern\u00bb z_index=\u00bb\u00bb css=\u00bb.vc_custom_1711471080172{padding-top: 0px !important;padding-bottom: 100px !important;}\u00bb][vc_column offset=\u00bbvc_col-lg-offset-2 vc_col-lg-8 vc_col-md-offset-1 vc_col-md-10&#8243;][vc_empty_space height=\u00bb30&#8243;][vc_column_text]El mundo de los bits convertido en materia impresa, para sentir el tacto de las diferentes texturas del papel o el olor de un libro nuevo, reivindicando nuestro oficio como un valor de la comunicaci\u00f3n gr\u00e1fica, para el arte, el dise\u00f1o gr\u00e1fico, el conocimiento y todo lo que nos emociona.[\/vc_column_text][vc_separator type=\u00bbtransparent\u00bb up=\u00bb20&#8243;][vc_column_text]<\/p>\n<p style=\"text-align: center;\"><a href=\"\/?page_id=380\"><strong>Descubre nuestros proyectos!<\/strong><\/a><\/p>\n<p>[\/vc_column_text][\/vc_column][\/vc_row][vc_row css_animation=\u00bb\u00bb row_type=\u00bbrow\u00bb use_row_as_full_screen_section=\u00bbno\u00bb type=\u00bbfull_width\u00bb angled_section=\u00bbno\u00bb text_align=\u00bbleft\u00bb background_image_as_pattern=\u00bbwithout_pattern\u00bb][vc_column][vc_column_text]<\/p>\n<h2 style=\"text-align: center;\"><strong>Soporte t\u00e9cnico<\/strong><\/h2>\n<p>[\/vc_column_text][vc_empty_space height=\u00bb50px\u00bb][\/vc_column][\/vc_row][vc_row css_animation=\u00bb\u00bb row_type=\u00bbrow\u00bb use_row_as_full_screen_section=\u00bbno\u00bb type=\u00bbfull_width\u00bb angled_section=\u00bbno\u00bb text_align=\u00bbcenter\u00bb background_image_as_pattern=\u00bbwithout_pattern\u00bb][vc_column width=\u00bb1\/6&#8243;][\/vc_column][vc_column width=\u00bb2\/3&#8243;][vc_column_text]<\/p>\n<p style=\"text-align: center;\"><strong>Lo que m\u00e1s nos gusta de nuestro oficio es compartir conocimientos con los profesionales del sector y, por supuesto, con nuestros clientes<\/strong><\/p>\n<p>[\/vc_column_text][\/vc_column][vc_column width=\u00bb1\/6&#8243;][\/vc_column][\/vc_row][vc_row css_animation=\u00bb\u00bb row_type=\u00bbrow\u00bb use_row_as_full_screen_section=\u00bbno\u00bb type=\u00bbfull_width\u00bb angled_section=\u00bbno\u00bb text_align=\u00bbleft\u00bb background_image_as_pattern=\u00bbwithout_pattern\u00bb][vc_column][vc_empty_space height=\u00bb50px\u00bb][vc_row_inner row_type=\u00bbrow\u00bb type=\u00bbfull_width\u00bb text_align=\u00bbleft\u00bb css_animation=\u00bb\u00bb][vc_column_inner width=\u00bb1\/4&#8243;]<div class='q_icon_with_title large custom_icon_image center '><div class=\"icon_holder \" style=\" \"><img decoding=\"async\" src=\"https:\/\/nexeimpressions.com\/wp-content\/uploads\/2017\/05\/01_fiabilitat.svg\" alt=\"\"><\/div><div class=\"icon_text_holder\" style=\"\"><div class=\"icon_text_inner\" style=\"\"><h3 class=\"icon_title\" style=\"color: #3d3d3d;\">Fiabilidad<\/h3><p style=''>Un buen servicio de preimpresi\u00f3n debe ser fiable, proactivo y previsor. Nuestros t\u00e9cnicos te asesorar\u00e1n en todas las fases del proceso de creaci\u00f3n de archivos.<\/p><\/div><\/div><\/div>[\/vc_column_inner][vc_column_inner width=\u00bb1\/4&#8243;]<div class='q_icon_with_title large custom_icon_image center '><div class=\"icon_holder \" style=\" \"><img decoding=\"async\" src=\"https:\/\/nexeimpressions.com\/wp-content\/uploads\/2017\/05\/01_rapidesa_verificant.svg\" alt=\"\"><\/div><div class=\"icon_text_holder\" style=\"\"><div class=\"icon_text_inner\" style=\"\"><h3 class=\"icon_title\" style=\"color: #3d3d3d;\">Rapidez<\/h3><p style=''>Nuestro servicio se caracteriza por la rapidez y la inmediatez en la respuesta. En menos de una hora podemos verificar y garantizar la fiabilidad de tus archivos.<\/p><\/div><\/div><\/div>[\/vc_column_inner][vc_column_inner width=\u00bb1\/4&#8243;]<div class='q_icon_with_title large custom_icon_image center '><div class=\"icon_holder \" style=\" \"><img decoding=\"async\" src=\"https:\/\/nexeimpressions.com\/wp-content\/uploads\/2017\/05\/01_coneixement_tecnic.svg\" alt=\"\"><\/div><div class=\"icon_text_holder\" style=\"\"><div class=\"icon_text_inner\" style=\"\"><h3 class=\"icon_title\" style=\"color: #3d3d3d;\">Conocimiento<\/h3><p style=''>Debido a la evoluci\u00f3n continua del sector, nuestros clientes no disponen siempre de las herramientas y opciones actualizadas. Nosotros se las facilitamos de forma constante y con la rapidez requerida.<\/p><\/div><\/div><\/div>[\/vc_column_inner][vc_column_inner width=\u00bb1\/4&#8243;]<div class='q_icon_with_title large custom_icon_image center '><div class=\"icon_holder \" style=\" \"><img decoding=\"async\" src=\"https:\/\/nexeimpressions.com\/wp-content\/uploads\/2017\/05\/01_telefon_atencio.svg\" alt=\"\"><\/div><div class=\"icon_text_holder\" style=\"\"><div class=\"icon_text_inner\" style=\"\"><h3 class=\"icon_title\" style=\"color: #3d3d3d;\">Acompa\u00f1amiento<\/h3><p style=''>Cuando m\u00e1s disfrutamos de nuestro oficio es cuando un cliente nos solicita apoyo t\u00e9cnico o nos hace una consulta singular referente a un proyecto complejo, pues ayudar a mejorar una idea, produci\u00e9ndola de manera creativa y eficaz, nos apasiona.<\/p><\/div><\/div><\/div>[\/vc_column_inner][\/vc_row_inner][vc_empty_space height=\u00bb50px\u00bb][\/vc_column][\/vc_row][vc_row css_animation=\u00bb\u00bb row_type=\u00bbrow\u00bb use_row_as_full_screen_section=\u00bbno\u00bb type=\u00bbfull_width\u00bb angled_section=\u00bbno\u00bb text_align=\u00bbcenter\u00bb background_image_as_pattern=\u00bbwithout_pattern\u00bb][vc_column][vc_row_inner row_type=\u00bbrow\u00bb type=\u00bbfull_width\u00bb text_align=\u00bbcenter\u00bb css_animation=\u00bb\u00bb][vc_column_inner el_id=\u00bbpreimpresion\u00bb][vc_column_text]<\/p>\n<h2 style=\"text-align: center;\"><strong>Preimpresi\u00f3n<\/strong><\/h2>\n<p>[\/vc_column_text][\/vc_column_inner][\/vc_row_inner][vc_empty_space height=\u00bb50px\u00bb][\/vc_column][\/vc_row][vc_row css_animation=\u00bb\u00bb row_type=\u00bbrow\u00bb use_row_as_full_screen_section=\u00bbno\u00bb type=\u00bbfull_width\u00bb angled_section=\u00bbno\u00bb text_align=\u00bbleft\u00bb background_image_as_pattern=\u00bbwithout_pattern\u00bb][vc_column width=\u00bb1\/6&#8243;][\/vc_column][vc_column width=\u00bb2\/3&#8243;][vc_column_text]<\/p>\n<p style=\"text-align: center;\"><strong>Un buen servicio de preimpresi\u00f3n debe ser fiable, proactivo y previsor. Nuestros softwares continuamente actualizados te garantizar\u00e1n una fiabilidad del 100 % en todas las fases del flujo de producci\u00f3n<\/strong><\/p>\n<p>[\/vc_column_text][\/vc_column][vc_column width=\u00bb1\/6&#8243;][\/vc_column][\/vc_row][vc_row css_animation=\u00bb\u00bb row_type=\u00bbrow\u00bb use_row_as_full_screen_section=\u00bbno\u00bb type=\u00bbfull_width\u00bb angled_section=\u00bbno\u00bb text_align=\u00bbleft\u00bb background_image_as_pattern=\u00bbwithout_pattern\u00bb][vc_column][vc_empty_space height=\u00bb50px\u00bb][vc_row_inner row_type=\u00bbrow\u00bb type=\u00bbfull_width\u00bb text_align=\u00bbleft\u00bb css_animation=\u00bb\u00bb css=\u00bb.vc_custom_1494250384960{padding-top: 20px !important;}\u00bb][vc_column_inner width=\u00bb1\/4&#8243;]<div class='q_icon_with_title large custom_icon_image center '><div class=\"icon_holder \" style=\" \"><img decoding=\"async\" src=\"https:\/\/nexeimpressions.com\/wp-content\/uploads\/2017\/09\/01_maquetacio.svg\" alt=\"\"><\/div><div class=\"icon_text_holder\" style=\"\"><div class=\"icon_text_inner\" style=\"\"><h3 class=\"icon_title\" style=\"color: #3d3d3d;\">Maquetaci\u00f3n de publicaciones<\/h3><p style=''><\/p><\/div><\/div><\/div>[\/vc_column_inner][vc_column_inner width=\u00bb1\/4&#8243;]<div class='q_icon_with_title large custom_icon_image center '><div class=\"icon_holder \" style=\" \"><img decoding=\"async\" src=\"https:\/\/nexeimpressions.com\/wp-content\/uploads\/2017\/09\/01_retoc.svg\" alt=\"\"><\/div><div class=\"icon_text_holder\" style=\"\"><div class=\"icon_text_inner\" style=\"\"><h3 class=\"icon_title\" style=\"color: #3d3d3d;\">Digitalizaci\u00f3n y retoque<\/h3><p style=''>Digitalizaci\u00f3n y retoque fotogr\u00e1fico profesional con pantallas de calibraci\u00f3n.<\/p><\/div><\/div><\/div>[\/vc_column_inner][vc_column_inner width=\u00bb1\/4&#8243;]<div class='q_icon_with_title large custom_icon_image center '><div class=\"icon_holder \" style=\" \"><img decoding=\"async\" src=\"https:\/\/nexeimpressions.com\/wp-content\/uploads\/2017\/05\/01_rapidesa_verificant.svg\" alt=\"\"><\/div><div class=\"icon_text_holder\" style=\"\"><div class=\"icon_text_inner\" style=\"\"><h3 class=\"icon_title\" style=\"color: #3d3d3d;\">Verificaci\u00f3n de archivos<\/h3><p style=''><\/p><\/div><\/div><\/div>[\/vc_column_inner][vc_column_inner width=\u00bb1\/4&#8243;]<div class='q_icon_with_title large custom_icon_image center '><div class=\"icon_holder \" style=\" \"><img decoding=\"async\" src=\"https:\/\/nexeimpressions.com\/wp-content\/uploads\/2017\/09\/01_colorimetria.svg\" alt=\"\"><\/div><div class=\"icon_text_holder\" style=\"\"><div class=\"icon_text_inner\" style=\"\"><h3 class=\"icon_title\" style=\"color: #3d3d3d;\">Colorimetr\u00eda<\/h3><p style=''>Colorimetr\u00eda con los est\u00e1ndares ISO 12647 y pruebas certificadas de color FOGRA 39L, 47L.<\/p><\/div><\/div><\/div>[\/vc_column_inner][\/vc_row_inner][vc_empty_space height=\u00bb50px\u00bb][\/vc_column][\/vc_row][vc_row css_animation=\u00bb\u00bb row_type=\u00bbrow\u00bb use_row_as_full_screen_section=\u00bbno\u00bb type=\u00bbfull_width\u00bb angled_section=\u00bbno\u00bb text_align=\u00bbcenter\u00bb background_image_as_pattern=\u00bbwithout_pattern\u00bb][vc_column el_id=\u00bbimpresion\u00bb][vc_column_text]<\/p>\n<h2 style=\"text-align: center;\"><strong>Impresi\u00f3n<\/strong><\/h2>\n<p>[\/vc_column_text][vc_empty_space height=\u00bb50px\u00bb][\/vc_column][\/vc_row][vc_row css_animation=\u00bb\u00bb row_type=\u00bbrow\u00bb use_row_as_full_screen_section=\u00bbno\u00bb type=\u00bbfull_width\u00bb angled_section=\u00bbno\u00bb text_align=\u00bbcenter\u00bb background_image_as_pattern=\u00bbwithout_pattern\u00bb][vc_column width=\u00bb1\/6&#8243;][\/vc_column][vc_column width=\u00bb2\/3&#8243;][vc_column_text]<\/p>\n<p style=\"text-align: center;\"><strong>En la antigua tipograf\u00eda imprimir era un arte, hoy para nosotros, imprimir es el arte de escoger. Escoger la mejor opci\u00f3n tecnol\u00f3gica para el proyecto que se quiere realizar<\/strong><\/p>\n<p>[\/vc_column_text][\/vc_column][vc_column width=\u00bb1\/6&#8243;][\/vc_column][\/vc_row][vc_row css_animation=\u00bb\u00bb row_type=\u00bbrow\u00bb use_row_as_full_screen_section=\u00bbno\u00bb type=\u00bbfull_width\u00bb angled_section=\u00bbno\u00bb text_align=\u00bbleft\u00bb background_image_as_pattern=\u00bbwithout_pattern\u00bb][vc_column][vc_empty_space height=\u00bb50px\u00bb][vc_row_inner row_type=\u00bbrow\u00bb type=\u00bbfull_width\u00bb text_align=\u00bbleft\u00bb css_animation=\u00bb\u00bb css=\u00bb.vc_custom_1494250384960{padding-top: 20px !important;}\u00bb][vc_column_inner width=\u00bb1\/4&#8243;]<div class='q_icon_with_title large custom_icon_image center '><div class=\"icon_holder \" style=\" \"><img decoding=\"async\" src=\"https:\/\/nexeimpressions.com\/wp-content\/uploads\/2017\/05\/01_flexibilitat.svg\" alt=\"\"><\/div><div class=\"icon_text_holder\" style=\"\"><div class=\"icon_text_inner\" style=\"\"><h3 class=\"icon_title\" style=\"color: #3d3d3d;\">Flexibilidad<\/h3><p style=''>Ahorro de tiempo y costes, as\u00ed como una m\u00e1xima flexibilidad en los sistemas de impresi\u00f3n, ya sean digitales de \u00faltima generaci\u00f3n o de offset tradicional.<\/p><\/div><\/div><\/div>[\/vc_column_inner][vc_column_inner width=\u00bb1\/4&#8243;]<div class='q_icon_with_title large custom_icon_image center '><div class=\"icon_holder \" style=\" \"><img decoding=\"async\" src=\"https:\/\/nexeimpressions.com\/wp-content\/uploads\/2017\/05\/01_qualitat.svg\" alt=\"\"><\/div><div class=\"icon_text_holder\" style=\"\"><div class=\"icon_text_inner\" style=\"\"><h3 class=\"icon_title\" style=\"color: #3d3d3d;\">Calidad<\/h3><p style=''>Procesos de producci\u00f3n con garant\u00eda medioambiental (ISO 14001) y de calidad (ISO 9001).<\/p><\/div><\/div><\/div>[\/vc_column_inner][vc_column_inner width=\u00bb1\/4&#8243;]<div class='q_icon_with_title large custom_icon_image center '><div class=\"icon_holder \" style=\" \"><img decoding=\"async\" src=\"https:\/\/nexeimpressions.com\/wp-content\/uploads\/2017\/05\/01_rapidesa_execucio.svg\" alt=\"\"><\/div><div class=\"icon_text_holder\" style=\"\"><div class=\"icon_text_inner\" style=\"\"><h3 class=\"icon_title\" style=\"color: #3d3d3d;\">Rapidez de ejecuci\u00f3n<\/h3><p style=''>Rapidez de ejecuci\u00f3n adaptada a cada tecnolog\u00eda: offset digital, offset tradicional, plano, rotativo.<\/p><\/div><\/div><\/div>[\/vc_column_inner][vc_column_inner width=\u00bb1\/4&#8243;]<div class='q_icon_with_title large custom_icon_image center '><div class=\"icon_holder \" style=\" \"><img decoding=\"async\" src=\"https:\/\/nexeimpressions.com\/wp-content\/uploads\/2017\/05\/01_tria_papers_catalegs.svg\" alt=\"\"><\/div><div class=\"icon_text_holder\" style=\"\"><div class=\"icon_text_inner\" style=\"\"><h3 class=\"icon_title\" style=\"color: #3d3d3d;\">Selecci\u00f3n de papeles<\/h3><p style=''>Selecci\u00f3n de papeles con los certificados FSC, PEFC. Gran variedad de especialidades y papeles de autor.<\/p><\/div><\/div><\/div>[\/vc_column_inner][\/vc_row_inner][vc_empty_space height=\u00bb50px\u00bb][\/vc_column][\/vc_row][vc_row css_animation=\u00bb\u00bb row_type=\u00bbrow\u00bb use_row_as_full_screen_section=\u00bbno\u00bb type=\u00bbfull_width\u00bb angled_section=\u00bbno\u00bb text_align=\u00bbcenter\u00bb background_image_as_pattern=\u00bbwithout_pattern\u00bb][vc_column el_id=\u00bbproduccion-grafica\u00bb][vc_column_text]<\/p>\n<h2 style=\"text-align: center;\"><strong>Producci\u00f3n gr\u00e1fica<\/strong><\/h2>\n<p>[\/vc_column_text][vc_empty_space height=\u00bb50px\u00bb][\/vc_column][\/vc_row][vc_row css_animation=\u00bb\u00bb row_type=\u00bbrow\u00bb use_row_as_full_screen_section=\u00bbno\u00bb type=\u00bbfull_width\u00bb angled_section=\u00bbno\u00bb text_align=\u00bbcenter\u00bb background_image_as_pattern=\u00bbwithout_pattern\u00bb][vc_column width=\u00bb1\/3&#8243;][\/vc_column][vc_column width=\u00bb1\/3&#8243;][vc_column_text]<\/p>\n<p style=\"text-align: center;\"><strong>Soluciones integrales y creativas para tus proyectos de producci\u00f3n gr\u00e1fica editorial<\/strong><\/p>\n<p>[\/vc_column_text][\/vc_column][vc_column width=\u00bb1\/3&#8243;][\/vc_column][\/vc_row][vc_row css_animation=\u00bb\u00bb row_type=\u00bbrow\u00bb use_row_as_full_screen_section=\u00bbno\u00bb type=\u00bbfull_width\u00bb angled_section=\u00bbno\u00bb text_align=\u00bbcenter\u00bb background_image_as_pattern=\u00bbwithout_pattern\u00bb][vc_column][vc_empty_space height=\u00bb50px\u00bb][vc_row_inner row_type=\u00bbrow\u00bb type=\u00bbfull_width\u00bb text_align=\u00bbcenter\u00bb css_animation=\u00bb\u00bb][vc_column_inner width=\u00bb1\/3&#8243;][\/vc_column_inner][vc_column_inner width=\u00bb1\/3&#8243;]<div class='q_icon_with_title large custom_icon_image center '><div class=\"icon_holder \" style=\" \"><img decoding=\"async\" src=\"https:\/\/nexeimpressions.com\/wp-content\/uploads\/2017\/05\/01_format_optim.svg\" alt=\"\"><\/div><div class=\"icon_text_holder\" style=\"\"><div class=\"icon_text_inner\" style=\"\"><h3 class=\"icon_title\" style=\"color: #3d3d3d;\">Pensar en todas las herramientas de producci\u00f3n disponibles para el creativo y\/o el departamento de marketing de cualquier empresa<\/h3><p style=''>Estudiar el formato \u00f3ptimo, ver todas las opciones de acabados, I+D para proyectos singulares y acompa\u00f1amiento de producci\u00f3n para el profesional creativo o el departamento de marketing.<\/p><\/div><\/div><\/div>[\/vc_column_inner][vc_column_inner width=\u00bb1\/3&#8243;][\/vc_column_inner][\/vc_row_inner][\/vc_column][\/vc_row][vc_row css_animation=\u00bb\u00bb row_type=\u00bbrow\u00bb use_row_as_full_screen_section=\u00bbno\u00bb type=\u00bbfull_width\u00bb angled_section=\u00bbno\u00bb text_align=\u00bbleft\u00bb background_image_as_pattern=\u00bbwithout_pattern\u00bb][vc_column][vc_empty_space height=\u00bb50px\u00bb][\/vc_column][\/vc_row][vc_row css_animation=\u00bb\u00bb row_type=\u00bbrow\u00bb use_row_as_full_screen_section=\u00bbno\u00bb type=\u00bbfull_width\u00bb angled_section=\u00bbno\u00bb text_align=\u00bbcenter\u00bb background_image_as_pattern=\u00bbwithout_pattern\u00bb][vc_column width=\u00bb1\/4&#8243;][\/vc_column][vc_column width=\u00bb1\/2&#8243;]<blockquote class=' with_quote_icon' style=''><i class='fa fa-quote-right' style='color: #cc0033;'><\/i><h5 class='blockquote-text' style='color: #cc0033;'>Queremos un producto gr\u00e1fico que sea inolvidable para el receptor, que desee conservarlo por su valor como objeto impreso y que ponga en valor nuestros contenidos, para ello es necesaria una globalidad creativa y de producci\u00f3n\u201d<\/h5><\/blockquote>[vc_empty_space height=\u00bb50px\u00bb][\/vc_column][vc_column width=\u00bb1\/4&#8243;][\/vc_column][\/vc_row][vc_row css_animation=\u00bb\u00bb row_type=\u00bbrow\u00bb use_row_as_full_screen_section=\u00bbno\u00bb type=\u00bbfull_width\u00bb angled_section=\u00bbno\u00bb text_align=\u00bbcenter\u00bb background_image_as_pattern=\u00bbwithout_pattern\u00bb][vc_column width=\u00bb1\/4&#8243;][\/vc_column][vc_column width=\u00bb1\/2&#8243;]<blockquote class=' with_quote_icon' style=''><i class='fa fa-quote-right' style='color: #cc0033;'><\/i><h5 class='blockquote-text' style='color: #cc0033;'>Necesitamos un servicio completo llave en mano para todos nuestros productos gr\u00e1ficos. Una empresa que conozca a fondo la gran diversidad de soluciones que se pueden ofrecer en el \u00e1mbito de la impresi\u00f3n y la industria gr\u00e1fica\u201d<\/h5><\/blockquote>[vc_empty_space height=\u00bb50px\u00bb][\/vc_column][vc_column width=\u00bb1\/4&#8243;][\/vc_column][\/vc_row]<\/p>\n<\/div>","protected":false},"excerpt":{"rendered":"<p>[vc_row css_animation=\u00bb\u00bb row_type=\u00bbrow\u00bb use_row_as_full_screen_section=\u00bbno\u00bb type=\u00bbgrid\u00bb angled_section=\u00bbno\u00bb text_align=\u00bbcenter\u00bb background_image_as_pattern=\u00bbwithout_pattern\u00bb z_index=\u00bb\u00bb css=\u00bb.vc_custom_1711471080172{padding-top: 0px !important;padding-bottom: 100px !important;}\u00bb][vc_column offset=\u00bbvc_col-lg-offset-2 vc_col-lg-8 vc_col-md-offset-1 vc_col-md-10&#8243;][vc_empty_space height=\u00bb30&#8243;][vc_column_text]El mundo de los bits convertido en materia impresa, para sentir el tacto de las diferentes texturas del papel o el olor de un libro nuevo, reivindicando&#8230;<\/p>\n","protected":false},"author":1,"featured_media":0,"parent":0,"menu_order":298,"comment_status":"closed","ping_status":"closed","template":"","meta":{"footnotes":""},"class_list":["post-2654","page","type-page","status-publish","hentry"],"yoast_head":"<!-- This site is optimized with the Yoast SEO plugin v25.0 - https:\/\/yoast.com\/wordpress\/plugins\/seo\/ -->\n<title>Servicios &#8211; Nexe Impressions<\/title>\n<meta name=\"description\" content=\"Ofrecemos un servicio de consulting cumplido. Del apoyo t\u00e9cnico, la preimpresi\u00f3n, la impresi\u00f3n y la producci\u00f3n gr\u00e1fica.\" \/>\n<meta name=\"robots\" content=\"index, follow, max-snippet:-1, max-image-preview:large, max-video-preview:-1\" \/>\n<link rel=\"canonical\" href=\"https:\/\/nexeimpressions.com\/es\/servicios\/\" \/>\n<meta property=\"og:locale\" content=\"es_ES\" \/>\n<meta property=\"og:type\" content=\"article\" \/>\n<meta property=\"og:title\" content=\"Servicios &#8211; Nexe Impressions\" \/>\n<meta property=\"og:description\" content=\"Ofrecemos un servicio de consulting cumplido. Del apoyo t\u00e9cnico, la preimpresi\u00f3n, la impresi\u00f3n y la producci\u00f3n gr\u00e1fica.\" \/>\n<meta property=\"og:url\" content=\"https:\/\/nexeimpressions.com\/es\/servicios\/\" \/>\n<meta property=\"og:site_name\" content=\"Nexe Impressions\" \/>\n<meta property=\"article:publisher\" content=\"https:\/\/www.facebook.com\/nexeimpressions\" \/>\n<meta property=\"article:modified_time\" content=\"2024-03-28T11:41:23+00:00\" \/>\n<meta name=\"twitter:card\" content=\"summary_large_image\" \/>\n<meta name=\"twitter:label1\" content=\"Tiempo de lectura\" \/>\n\t<meta name=\"twitter:data1\" content=\"5 minutos\" \/>\n<script type=\"application\/ld+json\" class=\"yoast-schema-graph\">{\"@context\":\"https:\/\/schema.org\",\"@graph\":[{\"@type\":\"WebPage\",\"@id\":\"https:\/\/nexeimpressions.com\/es\/servicios\/\",\"url\":\"https:\/\/nexeimpressions.com\/es\/servicios\/\",\"name\":\"Servicios &#8211; Nexe Impressions\",\"isPartOf\":{\"@id\":\"https:\/\/nexeimpressions.com\/es\/#website\"},\"datePublished\":\"2017-05-04T10:14:35+00:00\",\"dateModified\":\"2024-03-28T11:41:23+00:00\",\"description\":\"Ofrecemos un servicio de consulting cumplido. Del apoyo t\u00e9cnico, la preimpresi\u00f3n, la impresi\u00f3n y la producci\u00f3n gr\u00e1fica.\",\"breadcrumb\":{\"@id\":\"https:\/\/nexeimpressions.com\/es\/servicios\/#breadcrumb\"},\"inLanguage\":\"es\",\"potentialAction\":[{\"@type\":\"ReadAction\",\"target\":[\"https:\/\/nexeimpressions.com\/es\/servicios\/\"]}]},{\"@type\":\"BreadcrumbList\",\"@id\":\"https:\/\/nexeimpressions.com\/es\/servicios\/#breadcrumb\",\"itemListElement\":[{\"@type\":\"ListItem\",\"position\":1,\"name\":\"Home\",\"item\":\"https:\/\/nexeimpressions.com\/es\/\"},{\"@type\":\"ListItem\",\"position\":2,\"name\":\"Servicios\"}]},{\"@type\":\"WebSite\",\"@id\":\"https:\/\/nexeimpressions.com\/es\/#website\",\"url\":\"https:\/\/nexeimpressions.com\/es\/\",\"name\":\"Nexe Impressions\",\"description\":\"Print worthy\",\"potentialAction\":[{\"@type\":\"SearchAction\",\"target\":{\"@type\":\"EntryPoint\",\"urlTemplate\":\"https:\/\/nexeimpressions.com\/es\/?s={search_term_string}\"},\"query-input\":{\"@type\":\"PropertyValueSpecification\",\"valueRequired\":true,\"valueName\":\"search_term_string\"}}],\"inLanguage\":\"es\"}]}<\/script>\n<!-- \/ Yoast SEO plugin. -->","yoast_head_json":{"title":"Servicios &#8211; Nexe Impressions","description":"Ofrecemos un servicio de consulting cumplido. Del apoyo t\u00e9cnico, la preimpresi\u00f3n, la impresi\u00f3n y la producci\u00f3n gr\u00e1fica.","robots":{"index":"index","follow":"follow","max-snippet":"max-snippet:-1","max-image-preview":"max-image-preview:large","max-video-preview":"max-video-preview:-1"},"canonical":"https:\/\/nexeimpressions.com\/es\/servicios\/","og_locale":"es_ES","og_type":"article","og_title":"Servicios &#8211; Nexe Impressions","og_description":"Ofrecemos un servicio de consulting cumplido. Del apoyo t\u00e9cnico, la preimpresi\u00f3n, la impresi\u00f3n y la producci\u00f3n gr\u00e1fica.","og_url":"https:\/\/nexeimpressions.com\/es\/servicios\/","og_site_name":"Nexe Impressions","article_publisher":"https:\/\/www.facebook.com\/nexeimpressions","article_modified_time":"2024-03-28T11:41:23+00:00","twitter_card":"summary_large_image","twitter_misc":{"Tiempo de lectura":"5 minutos"},"schema":{"@context":"https:\/\/schema.org","@graph":[{"@type":"WebPage","@id":"https:\/\/nexeimpressions.com\/es\/servicios\/","url":"https:\/\/nexeimpressions.com\/es\/servicios\/","name":"Servicios &#8211; Nexe Impressions","isPartOf":{"@id":"https:\/\/nexeimpressions.com\/es\/#website"},"datePublished":"2017-05-04T10:14:35+00:00","dateModified":"2024-03-28T11:41:23+00:00","description":"Ofrecemos un servicio de consulting cumplido. Del apoyo t\u00e9cnico, la preimpresi\u00f3n, la impresi\u00f3n y la producci\u00f3n gr\u00e1fica.","breadcrumb":{"@id":"https:\/\/nexeimpressions.com\/es\/servicios\/#breadcrumb"},"inLanguage":"es","potentialAction":[{"@type":"ReadAction","target":["https:\/\/nexeimpressions.com\/es\/servicios\/"]}]},{"@type":"BreadcrumbList","@id":"https:\/\/nexeimpressions.com\/es\/servicios\/#breadcrumb","itemListElement":[{"@type":"ListItem","position":1,"name":"Home","item":"https:\/\/nexeimpressions.com\/es\/"},{"@type":"ListItem","position":2,"name":"Servicios"}]},{"@type":"WebSite","@id":"https:\/\/nexeimpressions.com\/es\/#website","url":"https:\/\/nexeimpressions.com\/es\/","name":"Nexe Impressions","description":"Print worthy","potentialAction":[{"@type":"SearchAction","target":{"@type":"EntryPoint","urlTemplate":"https:\/\/nexeimpressions.com\/es\/?s={search_term_string}"},"query-input":{"@type":"PropertyValueSpecification","valueRequired":true,"valueName":"search_term_string"}}],"inLanguage":"es"}]}},"_links":{"self":[{"href":"https:\/\/nexeimpressions.com\/es\/wp-json\/wp\/v2\/pages\/2654","targetHints":{"allow":["GET"]}}],"collection":[{"href":"https:\/\/nexeimpressions.com\/es\/wp-json\/wp\/v2\/pages"}],"about":[{"href":"https:\/\/nexeimpressions.com\/es\/wp-json\/wp\/v2\/types\/page"}],"author":[{"embeddable":true,"href":"https:\/\/nexeimpressions.com\/es\/wp-json\/wp\/v2\/users\/1"}],"replies":[{"embeddable":true,"href":"https:\/\/nexeimpressions.com\/es\/wp-json\/wp\/v2\/comments?post=2654"}],"version-history":[{"count":6,"href":"https:\/\/nexeimpressions.com\/es\/wp-json\/wp\/v2\/pages\/2654\/revisions"}],"predecessor-version":[{"id":14258,"href":"https:\/\/nexeimpressions.com\/es\/wp-json\/wp\/v2\/pages\/2654\/revisions\/14258"}],"wp:attachment":[{"href":"https:\/\/nexeimpressions.com\/es\/wp-json\/wp\/v2\/media?parent=2654"}],"curies":[{"name":"wp","href":"https:\/\/api.w.org\/{rel}","templated":true}]}}