 {"id":2705,"date":"2017-09-21T11:57:02","date_gmt":"2017-09-21T11:57:02","guid":{"rendered":"http:\/\/www.nexeimpressions.com\/relligat-japonesa\/"},"modified":"2021-03-23T11:11:57","modified_gmt":"2021-03-23T11:11:57","slug":"encuadernacion-japonesa","status":"publish","type":"page","link":"https:\/\/nexeimpressions.com\/es\/encuadernacion-japonesa\/","title":{"rendered":"Encuadernaci\u00f3n a la japonesa"},"content":{"rendered":"<div class=\"wpb-content-wrapper\"><p>[vc_row css_animation=\u00bb\u00bb row_type=\u00bbrow\u00bb use_row_as_full_screen_section=\u00bbno\u00bb type=\u00bbgrid\u00bb angled_section=\u00bbno\u00bb text_align=\u00bbleft\u00bb background_image_as_pattern=\u00bbwithout_pattern\u00bb z_index=\u00bb\u00bb][vc_column offset=\u00bbvc_hidden-lg vc_hidden-md vc_hidden-sm vc_hidden-xs\u00bb][vc_column_text]<\/p>\n<h1><b>Encuadernaci\u00f3n a la japonesa, un acabado singular y artesanal<\/b><\/h1>\n<p>[\/vc_column_text][\/vc_column][\/vc_row][vc_row css_animation=\u00bb\u00bb row_type=\u00bbrow\u00bb use_row_as_full_screen_section=\u00bbno\u00bb type=\u00bbgrid\u00bb angled_section=\u00bbno\u00bb text_align=\u00bbleft\u00bb background_image_as_pattern=\u00bbwithout_pattern\u00bb z_index=\u00bb\u00bb][vc_column][vc_column_text]<span style=\"font-weight: 400;\">La encuadernaci\u00f3n cosida a la japonesa consiste en un proceso de cosido artesanal de las hojas con un resultado muy elegante y especial. Es utilizado para dar singularidad, car\u00e1cter y valor a\u00f1adido.<\/span>[\/vc_column_text][vc_empty_space height=\u00bb50px\u00bb][vc_gallery interval=\u00bb3&#8243; images=\u00bb14372,14377,14381,14385&#8243; img_size=\u00bblarge\u00bb onclick=\u00bb\u00bb][vc_empty_space height=\u00bb30px\u00bb][vc_column_text]<\/p>\n<h2><b>\u00bfQu\u00e9 es la encuadernaci\u00f3n cosida a la japonesa?<\/b><\/h2>\n<p>[\/vc_column_text][vc_empty_space height=\u00bb20px\u00bb][vc_column_text]<span style=\"font-weight: 400;\">La encuadernaci\u00f3n a la japonesa es una t\u00e9cnica artesanal hecha totalmente a mano. Para su uso es necesario utilizar cubiertas de cart\u00f3n con suficiente grosor y un hilo resistente.<\/span><\/p>\n<p>&nbsp;<\/p>\n<p><span style=\"font-weight: 400;\">A diferencia de otros tipos de encuadernaci\u00f3n con hilo, el cosido a la japonesa no se esconde detr\u00e1s del lomo del libro, sino que son del todo visibles.<\/span>[\/vc_column_text][vc_empty_space height=\u00bb40px\u00bb][vc_column_text]<\/p>\n<h2><b>Caracter\u00edsticas de encuadernaci\u00f3n a la japonesa<\/b><\/h2>\n<p>[\/vc_column_text][vc_empty_space height=\u00bb20px\u00bb][vc_column_text]<span style=\"font-weight: 400;\">La encuadernaci\u00f3n japonesa puede ser utilizada para la encuadernaci\u00f3n de libros y cuadernos.<\/span>[\/vc_column_text][vc_empty_space height=\u00bb40px\u00bb][vc_column_text]<\/p>\n<h2><b>Tipos de encuadernado japon\u00e9s<\/b><\/h2>\n<p>[\/vc_column_text][vc_empty_space height=\u00bb20px\u00bb][vc_column_text]<span style=\"font-weight: 400;\">El cosido japon\u00e9s cuenta con variantes para hacer proyectos \u00fanicos. Para su encuadernaci\u00f3n se pueden utilizar distintos estilos de cosido. Tambi\u00e9n pueden ser utilizados diferentes tipos de hilos y de colores. A\u00fan que el hilo es el material m\u00e1s com\u00fan para la encuadernaci\u00f3n a la japonesa, pero tambi\u00e9n se puede utilizar materiales semejantes como las cintas o los cordones.<\/span>[\/vc_column_text][vc_empty_space height=\u00bb60px\u00bb][\/vc_column][\/vc_row]<\/p>\n<\/div>","protected":false},"excerpt":{"rendered":"<p>[vc_row css_animation=\u00bb\u00bb row_type=\u00bbrow\u00bb use_row_as_full_screen_section=\u00bbno\u00bb type=\u00bbgrid\u00bb angled_section=\u00bbno\u00bb text_align=\u00bbleft\u00bb background_image_as_pattern=\u00bbwithout_pattern\u00bb z_index=\u00bb\u00bb][vc_column offset=\u00bbvc_hidden-lg vc_hidden-md vc_hidden-sm vc_hidden-xs\u00bb][vc_column_text] Encuadernaci\u00f3n a la japonesa, un acabado singular y artesanal [\/vc_column_text][\/vc_column][\/vc_row][vc_row css_animation=\u00bb\u00bb row_type=\u00bbrow\u00bb use_row_as_full_screen_section=\u00bbno\u00bb type=\u00bbgrid\u00bb angled_section=\u00bbno\u00bb text_align=\u00bbleft\u00bb background_image_as_pattern=\u00bbwithout_pattern\u00bb z_index=\u00bb\u00bb][vc_column][vc_column_text]La encuadernaci\u00f3n cosida a la japonesa consiste en un proceso de cosido artesanal de las&#8230;<\/p>\n","protected":false},"author":1,"featured_media":821,"parent":0,"menu_order":281,"comment_status":"closed","ping_status":"closed","template":"","meta":{"footnotes":""},"class_list":["post-2705","page","type-page","status-publish","has-post-thumbnail","hentry"],"yoast_head":"<!-- This site is optimized with the Yoast SEO plugin v25.0 - https:\/\/yoast.com\/wordpress\/plugins\/seo\/ -->\n<title>Encuadernaci\u00f3n a la japonesa &#8211; Nexe Impressions<\/title>\n<meta name=\"description\" content=\"La encuadernaci\u00f3n cosida a la japonesa consiste en un proceso de cosido artesanal de las p\u00e1ginas con un resultado muy elegante y especial. Se utiliza para dar singularidad, car\u00e1cter y valor a\u00f1adido.\" \/>\n<meta name=\"robots\" content=\"index, follow, max-snippet:-1, max-image-preview:large, max-video-preview:-1\" \/>\n<link rel=\"canonical\" href=\"https:\/\/nexeimpressions.com\/es\/encuadernacion-japonesa\/\" \/>\n<meta property=\"og:locale\" content=\"es_ES\" \/>\n<meta property=\"og:type\" content=\"article\" \/>\n<meta property=\"og:title\" content=\"Encuadernaci\u00f3n a la japonesa &#8211; Nexe Impressions\" \/>\n<meta property=\"og:description\" content=\"La encuadernaci\u00f3n cosida a la japonesa consiste en un proceso de cosido artesanal de las p\u00e1ginas con un resultado muy elegante y especial. Se utiliza para dar singularidad, car\u00e1cter y valor a\u00f1adido.\" \/>\n<meta property=\"og:url\" content=\"https:\/\/nexeimpressions.com\/es\/encuadernacion-japonesa\/\" \/>\n<meta property=\"og:site_name\" content=\"Nexe Impressions\" \/>\n<meta property=\"article:publisher\" content=\"https:\/\/www.facebook.com\/nexeimpressions\" \/>\n<meta property=\"article:modified_time\" content=\"2021-03-23T11:11:57+00:00\" \/>\n<meta property=\"og:image\" content=\"https:\/\/nexeimpressions.com\/wp-content\/uploads\/2016\/02\/NEXE-18.jpg\" \/>\n\t<meta property=\"og:image:width\" content=\"1024\" \/>\n\t<meta property=\"og:image:height\" content=\"683\" \/>\n\t<meta property=\"og:image:type\" content=\"image\/jpeg\" \/>\n<meta name=\"twitter:card\" content=\"summary_large_image\" \/>\n<meta name=\"twitter:label1\" content=\"Tiempo de lectura\" \/>\n\t<meta name=\"twitter:data1\" content=\"1 minuto\" \/>\n<script type=\"application\/ld+json\" class=\"yoast-schema-graph\">{\"@context\":\"https:\/\/schema.org\",\"@graph\":[{\"@type\":\"WebPage\",\"@id\":\"https:\/\/nexeimpressions.com\/es\/encuadernacion-japonesa\/\",\"url\":\"https:\/\/nexeimpressions.com\/es\/encuadernacion-japonesa\/\",\"name\":\"Encuadernaci\u00f3n a la japonesa &#8211; Nexe Impressions\",\"isPartOf\":{\"@id\":\"https:\/\/nexeimpressions.com\/es\/#website\"},\"primaryImageOfPage\":{\"@id\":\"https:\/\/nexeimpressions.com\/es\/encuadernacion-japonesa\/#primaryimage\"},\"image\":{\"@id\":\"https:\/\/nexeimpressions.com\/es\/encuadernacion-japonesa\/#primaryimage\"},\"thumbnailUrl\":\"https:\/\/nexeimpressions.com\/wp-content\/uploads\/2016\/02\/NEXE-18.jpg\",\"datePublished\":\"2017-09-21T11:57:02+00:00\",\"dateModified\":\"2021-03-23T11:11:57+00:00\",\"description\":\"La encuadernaci\u00f3n cosida a la japonesa consiste en un proceso de cosido artesanal de las p\u00e1ginas con un resultado muy elegante y especial. Se utiliza para dar singularidad, car\u00e1cter y valor a\u00f1adido.\",\"breadcrumb\":{\"@id\":\"https:\/\/nexeimpressions.com\/es\/encuadernacion-japonesa\/#breadcrumb\"},\"inLanguage\":\"es\",\"potentialAction\":[{\"@type\":\"ReadAction\",\"target\":[\"https:\/\/nexeimpressions.com\/es\/encuadernacion-japonesa\/\"]}]},{\"@type\":\"ImageObject\",\"inLanguage\":\"es\",\"@id\":\"https:\/\/nexeimpressions.com\/es\/encuadernacion-japonesa\/#primaryimage\",\"url\":\"https:\/\/nexeimpressions.com\/wp-content\/uploads\/2016\/02\/NEXE-18.jpg\",\"contentUrl\":\"https:\/\/nexeimpressions.com\/wp-content\/uploads\/2016\/02\/NEXE-18.jpg\",\"width\":1024,\"height\":683,\"caption\":\"Reliure \u00e0 la japonaise\"},{\"@type\":\"BreadcrumbList\",\"@id\":\"https:\/\/nexeimpressions.com\/es\/encuadernacion-japonesa\/#breadcrumb\",\"itemListElement\":[{\"@type\":\"ListItem\",\"position\":1,\"name\":\"Home\",\"item\":\"https:\/\/nexeimpressions.com\/es\/\"},{\"@type\":\"ListItem\",\"position\":2,\"name\":\"Encuadernaci\u00f3n a la japonesa\"}]},{\"@type\":\"WebSite\",\"@id\":\"https:\/\/nexeimpressions.com\/es\/#website\",\"url\":\"https:\/\/nexeimpressions.com\/es\/\",\"name\":\"Nexe Impressions\",\"description\":\"Print worthy\",\"potentialAction\":[{\"@type\":\"SearchAction\",\"target\":{\"@type\":\"EntryPoint\",\"urlTemplate\":\"https:\/\/nexeimpressions.com\/es\/?s={search_term_string}\"},\"query-input\":{\"@type\":\"PropertyValueSpecification\",\"valueRequired\":true,\"valueName\":\"search_term_string\"}}],\"inLanguage\":\"es\"}]}<\/script>\n<!-- \/ Yoast SEO plugin. -->","yoast_head_json":{"title":"Encuadernaci\u00f3n a la japonesa &#8211; Nexe Impressions","description":"La encuadernaci\u00f3n cosida a la japonesa consiste en un proceso de cosido artesanal de las p\u00e1ginas con un resultado muy elegante y especial. Se utiliza para dar singularidad, car\u00e1cter y valor a\u00f1adido.","robots":{"index":"index","follow":"follow","max-snippet":"max-snippet:-1","max-image-preview":"max-image-preview:large","max-video-preview":"max-video-preview:-1"},"canonical":"https:\/\/nexeimpressions.com\/es\/encuadernacion-japonesa\/","og_locale":"es_ES","og_type":"article","og_title":"Encuadernaci\u00f3n a la japonesa &#8211; Nexe Impressions","og_description":"La encuadernaci\u00f3n cosida a la japonesa consiste en un proceso de cosido artesanal de las p\u00e1ginas con un resultado muy elegante y especial. Se utiliza para dar singularidad, car\u00e1cter y valor a\u00f1adido.","og_url":"https:\/\/nexeimpressions.com\/es\/encuadernacion-japonesa\/","og_site_name":"Nexe Impressions","article_publisher":"https:\/\/www.facebook.com\/nexeimpressions","article_modified_time":"2021-03-23T11:11:57+00:00","og_image":[{"width":1024,"height":683,"url":"https:\/\/nexeimpressions.com\/wp-content\/uploads\/2016\/02\/NEXE-18.jpg","type":"image\/jpeg"}],"twitter_card":"summary_large_image","twitter_misc":{"Tiempo de lectura":"1 minuto"},"schema":{"@context":"https:\/\/schema.org","@graph":[{"@type":"WebPage","@id":"https:\/\/nexeimpressions.com\/es\/encuadernacion-japonesa\/","url":"https:\/\/nexeimpressions.com\/es\/encuadernacion-japonesa\/","name":"Encuadernaci\u00f3n a la japonesa &#8211; Nexe Impressions","isPartOf":{"@id":"https:\/\/nexeimpressions.com\/es\/#website"},"primaryImageOfPage":{"@id":"https:\/\/nexeimpressions.com\/es\/encuadernacion-japonesa\/#primaryimage"},"image":{"@id":"https:\/\/nexeimpressions.com\/es\/encuadernacion-japonesa\/#primaryimage"},"thumbnailUrl":"https:\/\/nexeimpressions.com\/wp-content\/uploads\/2016\/02\/NEXE-18.jpg","datePublished":"2017-09-21T11:57:02+00:00","dateModified":"2021-03-23T11:11:57+00:00","description":"La encuadernaci\u00f3n cosida a la japonesa consiste en un proceso de cosido artesanal de las p\u00e1ginas con un resultado muy elegante y especial. Se utiliza para dar singularidad, car\u00e1cter y valor a\u00f1adido.","breadcrumb":{"@id":"https:\/\/nexeimpressions.com\/es\/encuadernacion-japonesa\/#breadcrumb"},"inLanguage":"es","potentialAction":[{"@type":"ReadAction","target":["https:\/\/nexeimpressions.com\/es\/encuadernacion-japonesa\/"]}]},{"@type":"ImageObject","inLanguage":"es","@id":"https:\/\/nexeimpressions.com\/es\/encuadernacion-japonesa\/#primaryimage","url":"https:\/\/nexeimpressions.com\/wp-content\/uploads\/2016\/02\/NEXE-18.jpg","contentUrl":"https:\/\/nexeimpressions.com\/wp-content\/uploads\/2016\/02\/NEXE-18.jpg","width":1024,"height":683,"caption":"Reliure \u00e0 la japonaise"},{"@type":"BreadcrumbList","@id":"https:\/\/nexeimpressions.com\/es\/encuadernacion-japonesa\/#breadcrumb","itemListElement":[{"@type":"ListItem","position":1,"name":"Home","item":"https:\/\/nexeimpressions.com\/es\/"},{"@type":"ListItem","position":2,"name":"Encuadernaci\u00f3n a la japonesa"}]},{"@type":"WebSite","@id":"https:\/\/nexeimpressions.com\/es\/#website","url":"https:\/\/nexeimpressions.com\/es\/","name":"Nexe Impressions","description":"Print worthy","potentialAction":[{"@type":"SearchAction","target":{"@type":"EntryPoint","urlTemplate":"https:\/\/nexeimpressions.com\/es\/?s={search_term_string}"},"query-input":{"@type":"PropertyValueSpecification","valueRequired":true,"valueName":"search_term_string"}}],"inLanguage":"es"}]}},"_links":{"self":[{"href":"https:\/\/nexeimpressions.com\/es\/wp-json\/wp\/v2\/pages\/2705","targetHints":{"allow":["GET"]}}],"collection":[{"href":"https:\/\/nexeimpressions.com\/es\/wp-json\/wp\/v2\/pages"}],"about":[{"href":"https:\/\/nexeimpressions.com\/es\/wp-json\/wp\/v2\/types\/page"}],"author":[{"embeddable":true,"href":"https:\/\/nexeimpressions.com\/es\/wp-json\/wp\/v2\/users\/1"}],"replies":[{"embeddable":true,"href":"https:\/\/nexeimpressions.com\/es\/wp-json\/wp\/v2\/comments?post=2705"}],"version-history":[{"count":9,"href":"https:\/\/nexeimpressions.com\/es\/wp-json\/wp\/v2\/pages\/2705\/revisions"}],"predecessor-version":[{"id":15563,"href":"https:\/\/nexeimpressions.com\/es\/wp-json\/wp\/v2\/pages\/2705\/revisions\/15563"}],"wp:featuredmedia":[{"embeddable":true,"href":"https:\/\/nexeimpressions.com\/es\/wp-json\/wp\/v2\/media\/821"}],"wp:attachment":[{"href":"https:\/\/nexeimpressions.com\/es\/wp-json\/wp\/v2\/media?parent=2705"}],"curies":[{"name":"wp","href":"https:\/\/api.w.org\/{rel}","templated":true}]}}