 {"id":2735,"date":"2017-09-22T07:17:54","date_gmt":"2017-09-22T07:17:54","guid":{"rendered":"http:\/\/www.nexeimpressions.com\/impressions-sobre-materials-offset\/"},"modified":"2021-01-25T16:01:41","modified_gmt":"2021-01-25T16:01:41","slug":"acabados-especiales-en-impresion-uv","status":"publish","type":"page","link":"https:\/\/nexeimpressions.com\/es\/acabados-especiales-en-impresion-uv\/","title":{"rendered":"Acabados especiales en impresi\u00f3n UV"},"content":{"rendered":"<div class=\"wpb-content-wrapper\"><p>[vc_row css_animation=\u00bb\u00bb row_type=\u00bbrow\u00bb use_row_as_full_screen_section=\u00bbno\u00bb type=\u00bbfull_width\u00bb angled_section=\u00bbno\u00bb text_align=\u00bbleft\u00bb background_image_as_pattern=\u00bbwithout_pattern\u00bb][vc_column]<div class='qode_image_gallery_no_space '>\n            <div class='qode_image_gallery_holder' style='height: 600px;'>\n                <ul ><li >\n                    <div style=\"height: 600px; width:758px;\"><img decoding=\"async\" itemprop=\"image\" src=\"https:\/\/nexeimpressions.com\/wp-content\/uploads\/2017\/09\/DSC04347-2.jpg\" alt=\"\" \/><\/div><\/li><li >\n                    <div style=\"height: 600px; width:800px;\"><img decoding=\"async\" itemprop=\"image\" src=\"https:\/\/nexeimpressions.com\/wp-content\/uploads\/2017\/09\/DSC04344-1.jpg\" alt=\"\" \/><\/div><\/li><li >\n                    <div style=\"height: 600px; width:731px;\"><img decoding=\"async\" itemprop=\"image\" src=\"https:\/\/nexeimpressions.com\/wp-content\/uploads\/2017\/09\/DSC04345-1.jpg\" alt=\"\" \/><\/div><\/li><li >\n                    <div style=\"height: 600px; width:800px;\"><img decoding=\"async\" itemprop=\"image\" src=\"https:\/\/nexeimpressions.com\/wp-content\/uploads\/2017\/09\/DSC04346-2.jpg\" alt=\"\" \/><\/div><\/li><li >\n                    <div style=\"height: 600px; width:800px;\"><img decoding=\"async\" itemprop=\"image\" src=\"https:\/\/nexeimpressions.com\/wp-content\/uploads\/2017\/09\/DSC04341-1.jpg\" alt=\"\" \/><\/div><\/li><li >\n                    <div style=\"height: 600px; width:800px;\"><img decoding=\"async\" itemprop=\"image\" src=\"https:\/\/nexeimpressions.com\/wp-content\/uploads\/2017\/09\/DSC04343-2.jpg\" alt=\"\" \/><\/div><\/li><li >\n                    <div style=\"height: 600px; width:800px;\"><img decoding=\"async\" itemprop=\"image\" src=\"https:\/\/nexeimpressions.com\/wp-content\/uploads\/2017\/09\/DSC04342-1.jpg\" alt=\"\" \/><\/div><\/li><\/ul>\n          <\/div>\n          <div class='controls'>\n              <a class='prev-slide' href='#'><span><i class='fa fa-angle-left'><\/i><\/span><\/a>\n              <a class='next-slide' href='#'><span><i class='fa fa-angle-right'><\/i><\/span><\/a>\n          <\/div>\n      <\/div>[vc_empty_space height=\u00bb50px\u00bb][vc_column_text]<\/p>\n<h5 style=\"text-align: center;\">Laminados, barnices de efectos diferentes: mate, brillante, combinado, con relieve<\/h5>\n<p>[\/vc_column_text][\/vc_column][\/vc_row]<\/p>\n<\/div>","protected":false},"excerpt":{"rendered":"<p>[vc_row css_animation=\u00bb\u00bb row_type=\u00bbrow\u00bb use_row_as_full_screen_section=\u00bbno\u00bb type=\u00bbfull_width\u00bb angled_section=\u00bbno\u00bb text_align=\u00bbleft\u00bb background_image_as_pattern=\u00bbwithout_pattern\u00bb][vc_column][vc_empty_space height=\u00bb50px\u00bb][vc_column_text] Laminados, barnices de efectos diferentes: mate, brillante, combinado, con relieve [\/vc_column_text][\/vc_column][\/vc_row]<\/p>\n","protected":false},"author":1,"featured_media":0,"parent":0,"menu_order":235,"comment_status":"closed","ping_status":"closed","template":"","meta":{"footnotes":""},"class_list":["post-2735","page","type-page","status-publish","hentry"],"yoast_head":"<!-- This site is optimized with the Yoast SEO plugin v25.0 - https:\/\/yoast.com\/wordpress\/plugins\/seo\/ -->\n<title>Acabados especiales en impresi\u00f3n UV &#8211; Nexe Impressions<\/title>\n<meta name=\"description\" content=\"Consulta nuestra gran variedad de acabados. Acabados especiales en impresi\u00f3n UV, encartes, estampaciones y mucho m\u00e1s.\" \/>\n<meta name=\"robots\" content=\"index, follow, max-snippet:-1, max-image-preview:large, max-video-preview:-1\" \/>\n<link rel=\"canonical\" href=\"https:\/\/nexeimpressions.com\/es\/acabados-especiales-en-impresion-uv\/\" \/>\n<meta property=\"og:locale\" content=\"es_ES\" \/>\n<meta property=\"og:type\" content=\"article\" \/>\n<meta property=\"og:title\" content=\"Acabados especiales en impresi\u00f3n UV &#8211; Nexe Impressions\" \/>\n<meta property=\"og:description\" content=\"Consulta nuestra gran variedad de acabados. Acabados especiales en impresi\u00f3n UV, encartes, estampaciones y mucho m\u00e1s.\" \/>\n<meta property=\"og:url\" content=\"https:\/\/nexeimpressions.com\/es\/acabados-especiales-en-impresion-uv\/\" \/>\n<meta property=\"og:site_name\" content=\"Nexe Impressions\" \/>\n<meta property=\"article:publisher\" content=\"https:\/\/www.facebook.com\/nexeimpressions\" \/>\n<meta property=\"article:modified_time\" content=\"2021-01-25T16:01:41+00:00\" \/>\n<meta name=\"twitter:card\" content=\"summary_large_image\" \/>\n<script type=\"application\/ld+json\" class=\"yoast-schema-graph\">{\"@context\":\"https:\/\/schema.org\",\"@graph\":[{\"@type\":\"WebPage\",\"@id\":\"https:\/\/nexeimpressions.com\/es\/acabados-especiales-en-impresion-uv\/\",\"url\":\"https:\/\/nexeimpressions.com\/es\/acabados-especiales-en-impresion-uv\/\",\"name\":\"Acabados especiales en impresi\u00f3n UV &#8211; Nexe Impressions\",\"isPartOf\":{\"@id\":\"https:\/\/nexeimpressions.com\/es\/#website\"},\"datePublished\":\"2017-09-22T07:17:54+00:00\",\"dateModified\":\"2021-01-25T16:01:41+00:00\",\"description\":\"Consulta nuestra gran variedad de acabados. Acabados especiales en impresi\u00f3n UV, encartes, estampaciones y mucho m\u00e1s.\",\"breadcrumb\":{\"@id\":\"https:\/\/nexeimpressions.com\/es\/acabados-especiales-en-impresion-uv\/#breadcrumb\"},\"inLanguage\":\"es\",\"potentialAction\":[{\"@type\":\"ReadAction\",\"target\":[\"https:\/\/nexeimpressions.com\/es\/acabados-especiales-en-impresion-uv\/\"]}]},{\"@type\":\"BreadcrumbList\",\"@id\":\"https:\/\/nexeimpressions.com\/es\/acabados-especiales-en-impresion-uv\/#breadcrumb\",\"itemListElement\":[{\"@type\":\"ListItem\",\"position\":1,\"name\":\"Home\",\"item\":\"https:\/\/nexeimpressions.com\/es\/\"},{\"@type\":\"ListItem\",\"position\":2,\"name\":\"Acabados especiales en impresi\u00f3n UV\"}]},{\"@type\":\"WebSite\",\"@id\":\"https:\/\/nexeimpressions.com\/es\/#website\",\"url\":\"https:\/\/nexeimpressions.com\/es\/\",\"name\":\"Nexe Impressions\",\"description\":\"Print worthy\",\"potentialAction\":[{\"@type\":\"SearchAction\",\"target\":{\"@type\":\"EntryPoint\",\"urlTemplate\":\"https:\/\/nexeimpressions.com\/es\/?s={search_term_string}\"},\"query-input\":{\"@type\":\"PropertyValueSpecification\",\"valueRequired\":true,\"valueName\":\"search_term_string\"}}],\"inLanguage\":\"es\"}]}<\/script>\n<!-- \/ Yoast SEO plugin. -->","yoast_head_json":{"title":"Acabados especiales en impresi\u00f3n UV &#8211; Nexe Impressions","description":"Consulta nuestra gran variedad de acabados. Acabados especiales en impresi\u00f3n UV, encartes, estampaciones y mucho m\u00e1s.","robots":{"index":"index","follow":"follow","max-snippet":"max-snippet:-1","max-image-preview":"max-image-preview:large","max-video-preview":"max-video-preview:-1"},"canonical":"https:\/\/nexeimpressions.com\/es\/acabados-especiales-en-impresion-uv\/","og_locale":"es_ES","og_type":"article","og_title":"Acabados especiales en impresi\u00f3n UV &#8211; Nexe Impressions","og_description":"Consulta nuestra gran variedad de acabados. Acabados especiales en impresi\u00f3n UV, encartes, estampaciones y mucho m\u00e1s.","og_url":"https:\/\/nexeimpressions.com\/es\/acabados-especiales-en-impresion-uv\/","og_site_name":"Nexe Impressions","article_publisher":"https:\/\/www.facebook.com\/nexeimpressions","article_modified_time":"2021-01-25T16:01:41+00:00","twitter_card":"summary_large_image","schema":{"@context":"https:\/\/schema.org","@graph":[{"@type":"WebPage","@id":"https:\/\/nexeimpressions.com\/es\/acabados-especiales-en-impresion-uv\/","url":"https:\/\/nexeimpressions.com\/es\/acabados-especiales-en-impresion-uv\/","name":"Acabados especiales en impresi\u00f3n UV &#8211; Nexe Impressions","isPartOf":{"@id":"https:\/\/nexeimpressions.com\/es\/#website"},"datePublished":"2017-09-22T07:17:54+00:00","dateModified":"2021-01-25T16:01:41+00:00","description":"Consulta nuestra gran variedad de acabados. Acabados especiales en impresi\u00f3n UV, encartes, estampaciones y mucho m\u00e1s.","breadcrumb":{"@id":"https:\/\/nexeimpressions.com\/es\/acabados-especiales-en-impresion-uv\/#breadcrumb"},"inLanguage":"es","potentialAction":[{"@type":"ReadAction","target":["https:\/\/nexeimpressions.com\/es\/acabados-especiales-en-impresion-uv\/"]}]},{"@type":"BreadcrumbList","@id":"https:\/\/nexeimpressions.com\/es\/acabados-especiales-en-impresion-uv\/#breadcrumb","itemListElement":[{"@type":"ListItem","position":1,"name":"Home","item":"https:\/\/nexeimpressions.com\/es\/"},{"@type":"ListItem","position":2,"name":"Acabados especiales en impresi\u00f3n UV"}]},{"@type":"WebSite","@id":"https:\/\/nexeimpressions.com\/es\/#website","url":"https:\/\/nexeimpressions.com\/es\/","name":"Nexe Impressions","description":"Print worthy","potentialAction":[{"@type":"SearchAction","target":{"@type":"EntryPoint","urlTemplate":"https:\/\/nexeimpressions.com\/es\/?s={search_term_string}"},"query-input":{"@type":"PropertyValueSpecification","valueRequired":true,"valueName":"search_term_string"}}],"inLanguage":"es"}]}},"_links":{"self":[{"href":"https:\/\/nexeimpressions.com\/es\/wp-json\/wp\/v2\/pages\/2735","targetHints":{"allow":["GET"]}}],"collection":[{"href":"https:\/\/nexeimpressions.com\/es\/wp-json\/wp\/v2\/pages"}],"about":[{"href":"https:\/\/nexeimpressions.com\/es\/wp-json\/wp\/v2\/types\/page"}],"author":[{"embeddable":true,"href":"https:\/\/nexeimpressions.com\/es\/wp-json\/wp\/v2\/users\/1"}],"replies":[{"embeddable":true,"href":"https:\/\/nexeimpressions.com\/es\/wp-json\/wp\/v2\/comments?post=2735"}],"version-history":[{"count":2,"href":"https:\/\/nexeimpressions.com\/es\/wp-json\/wp\/v2\/pages\/2735\/revisions"}],"predecessor-version":[{"id":13717,"href":"https:\/\/nexeimpressions.com\/es\/wp-json\/wp\/v2\/pages\/2735\/revisions\/13717"}],"wp:attachment":[{"href":"https:\/\/nexeimpressions.com\/es\/wp-json\/wp\/v2\/media?parent=2735"}],"curies":[{"name":"wp","href":"https:\/\/api.w.org\/{rel}","templated":true}]}}