 {"id":5874,"date":"2020-01-10T09:49:45","date_gmt":"2020-01-10T09:49:45","guid":{"rendered":"http:\/\/www.nexeimpressions.com\/?page_id=5874"},"modified":"2025-11-06T16:57:52","modified_gmt":"2025-11-06T14:57:52","slug":"plastificados-y-encapsulados","status":"publish","type":"page","link":"https:\/\/nexeimpressions.com\/es\/plastificados-y-encapsulados\/","title":{"rendered":"Plastificados y encapsulados"},"content":{"rendered":"<div class=\"wpb-content-wrapper\"><p>[vc_row css_animation=\u00bb\u00bb row_type=\u00bbrow\u00bb use_row_as_full_screen_section=\u00bbno\u00bb type=\u00bbfull_width\u00bb angled_section=\u00bbno\u00bb text_align=\u00bbleft\u00bb background_image_as_pattern=\u00bbwithout_pattern\u00bb][vc_column width=\u00bb1\/6&#8243;][\/vc_column][vc_column width=\u00bb2\/3&#8243;][vc_empty_space][vc_column_text]<strong><a tabindex=\"0\" href=\"\/?page_id=5867\"><span class=\"back-arrow\">\u2190 <\/span>ACABADOS DIGITALES<\/a><\/strong>[\/vc_column_text][vc_empty_space][\/vc_column][vc_column width=\u00bb1\/6&#8243;][\/vc_column][\/vc_row][vc_row css_animation=\u00bb\u00bb row_type=\u00bbrow\u00bb use_row_as_full_screen_section=\u00bbno\u00bb type=\u00bbfull_width\u00bb angled_section=\u00bbno\u00bb text_align=\u00bbleft\u00bb background_image_as_pattern=\u00bbwithout_pattern\u00bb][vc_column width=\u00bb1\/6&#8243;][\/vc_column][vc_column width=\u00bb2\/3&#8243;][vc_single_image image=\u00bb5941&#8243; img_size=\u00bb900&#215;600&#8243; qode_css_animation=\u00bb\u00bb][vc_empty_space height=\u00bb50px\u00bb][vc_column_text]<\/p>\n<h3><strong>Beneficios<\/strong><\/h3>\n<p>[\/vc_column_text][vc_empty_space height=\u00bb32 px\u00bb][vc_column_text]<span style=\"color: #303030;\">Tanto el plastificado como el encapsulado protegen los trabajos impresos de l\u00edquidos, grasas, ara\u00f1azos o desgarros con una fina capa de poli\u00e9ster trasparente. En funci\u00f3n de la rigidez que se busque, es posible aplicar varios grosores de protecci\u00f3n.<\/span>[\/vc_column_text][vc_empty_space height=\u00bb20 px\u00bb][vc_column_text]<span style=\"color: #303030;\">El\u00a0<strong>encapsulado<\/strong>\u00a0es ideal para proteger documentos a doble cara que necesiten tener cuerpo y rigidez, as\u00ed como para proporcionar gran duraci\u00f3n a los trabajos de carteler\u00eda, tarjetones, cartas de restaurante, fichas t\u00e9cnicas, carn\u00e9s, etc.<\/span>[\/vc_column_text][vc_empty_space height=\u00bb20 px\u00bb][vc_column_text]<span style=\"color: #303030;\">El\u00a0<strong>plastificado<\/strong>\u00a0fundamentalmente, realza y protege el acabado de los documentos impresos. Es posible elegir entre plastificado mate o brillo. Se suele emplear pr\u00e1cticamente en todo tipo de trabajo impreso: displays, tarjetas de visita, carpetas, d\u00edpticos, tr\u00edpticos, adhesivos, tapas de libros, etc.<\/span>[\/vc_column_text][\/vc_column][vc_column width=\u00bb1\/6&#8243;][\/vc_column][\/vc_row][vc_row css_animation=\u00bb\u00bb row_type=\u00bbrow\u00bb use_row_as_full_screen_section=\u00bbno\u00bb type=\u00bbfull_width\u00bb angled_section=\u00bbno\u00bb text_align=\u00bbleft\u00bb background_image_as_pattern=\u00bbwithout_pattern\u00bb][vc_column width=\u00bb1\/6&#8243;][\/vc_column][vc_column width=\u00bb2\/6&#8243;][vc_empty_space height=\u00bb32 px\u00bb][vc_single_image image=\u00bb5945&#8243; img_size=\u00bb900&#215;600&#8243; qode_css_animation=\u00bb\u00bb][vc_empty_space height=\u00bb32 px\u00bb][\/vc_column][vc_column width=\u00bb2\/6&#8243;][vc_empty_space height=\u00bb32 px\u00bb][vc_single_image image=\u00bb5949&#8243; img_size=\u00bb900&#215;600&#8243; qode_css_animation=\u00bb\u00bb][vc_empty_space height=\u00bb32 px\u00bb][\/vc_column][vc_column width=\u00bb1\/6&#8243;][\/vc_column][\/vc_row][vc_row css_animation=\u00bb\u00bb row_type=\u00bbrow\u00bb use_row_as_full_screen_section=\u00bbno\u00bb type=\u00bbfull_width\u00bb angled_section=\u00bbno\u00bb text_align=\u00bbleft\u00bb background_image_as_pattern=\u00bbwithout_pattern\u00bb][vc_column width=\u00bb1\/6&#8243;][\/vc_column][vc_column width=\u00bb2\/3&#8243;][vc_column_text]<\/p>\n<h3><strong>Especificaciones<\/strong><\/h3>\n<p>[\/vc_column_text][vc_empty_space height=\u00bb32 px\u00bb][vc_column_text]<\/p>\n<h5><strong><span style=\"color: #303030;\">Plastificados &#8211; Una o dos caras<\/span><\/strong><\/h5>\n<p>&nbsp;<\/p>\n<p class=\"p1\"><span style=\"color: #303030;\">Brillo 23 \u00b5<\/span><\/p>\n<p class=\"p1\"><span style=\"color: #303030;\">Mate 25 \u00b5<\/span><\/p>\n<p class=\"p1\"><span style=\"color: #303030;\">Brillo 75 \u00b5 &#8211; protecci\u00f3n UV<\/span><\/p>\n<p class=\"p1\"><span style=\"color: #303030;\">Mate 75 \u00b5<\/span><\/p>\n<p class=\"p1\"><span style=\"color: #303030;\">Brillo 125 \u00b5 &#8211; protecci\u00f3n UV<\/span><\/p>\n<p class=\"p1\"><span style=\"color: #303030;\">Mate 125 \u00b5<\/span><\/p>\n<p class=\"p1\"><span style=\"color: #303030;\">Brillo 250 \u00b5 &#8211; protecci\u00f3n UV<\/span><\/p>\n<p class=\"p1\"><span style=\"color: #303030;\">Mate 250 \u00b5<\/span><\/p>\n<p class=\"p1\"><span style=\"color: #303030;\">Antiara\u00f1azos Mate 25\u00b5<\/span><\/p>\n<p>[\/vc_column_text][vc_empty_space height=\u00bb32 px\u00bb][vc_column_text]<\/p>\n<h5><strong><span style=\"color: #303030;\">Encapsulados &#8211; Dos caras<\/span><\/strong><\/h5>\n<p>&nbsp;<\/p>\n<p><span style=\"color: #303030;\">Brillo 75 \u00b5 &#8211; protecci\u00f3n UV<\/span><\/p>\n<p><span style=\"color: #303030;\">Mate 75 \u00b5<\/span><\/p>\n<p><span style=\"color: #303030;\">Brillo 125 \u00b5 &#8211; protecci\u00f3n UV<\/span><\/p>\n<p><span style=\"color: #303030;\">Mate 125 \u00b5<\/span><\/p>\n<p><span style=\"color: #303030;\">Brillo 250 \u00b5 &#8211; protecci\u00f3n UV<\/span><\/p>\n<p><span style=\"color: #303030;\">Mate 250 \u00b5<\/span>[\/vc_column_text][vc_empty_space height=\u00bb32 px\u00bb][vc_column_text]<span style=\"color: #303030;\">El plastificado se puede realizar a partir de un gramaje m\u00ednimo del papel impreso, por ejemplo, 170g para estucados. Es posible plastificar por una o dos caras.<\/span><\/p>\n<p><span style=\"color: #303030;\">Tanto el plastificado como el encapsulado se aplican en soportes lisos despu\u00e9s de impresos y antes de efectuar cualquier otro tipo de trabajo sobre el material tales como el troquel, el barnizado selectivo 2D o 3D, etc. En algunos casos, es posible encapsular, como terminaci\u00f3n del trabajo.<\/span><\/p>\n<p><span style=\"color: #303030;\">Es importante tener en cuenta que los papeles creativos no admiten plastificado, en primer lugar, para conservar la textura y en segundo lugar porque dejar\u00eda burbujas de aire al no tratarse de un material liso.<\/span>[\/vc_column_text][vc_empty_space height=\u00bb50 px\u00bb][\/vc_column][vc_column width=\u00bb1\/6&#8243;][\/vc_column][\/vc_row][vc_row css_animation=\u00bb\u00bb row_type=\u00bbrow\u00bb use_row_as_full_screen_section=\u00bbno\u00bb type=\u00bbfull_width\u00bb angled_section=\u00bbno\u00bb text_align=\u00bbleft\u00bb background_image_as_pattern=\u00bbwithout_pattern\u00bb][vc_column width=\u00bb1\/6&#8243;][\/vc_column][vc_column width=\u00bb2\/6&#8243;][vc_empty_space height=\u00bb32 px\u00bb][vc_single_image image=\u00bb5953&#8243; img_size=\u00bb900&#215;600&#8243; qode_css_animation=\u00bb\u00bb][vc_empty_space height=\u00bb32 px\u00bb][\/vc_column][vc_column width=\u00bb2\/6&#8243;][vc_empty_space height=\u00bb32 px\u00bb][vc_single_image image=\u00bb5957&#8243; img_size=\u00bb900&#215;600&#8243; qode_css_animation=\u00bb\u00bb][vc_empty_space height=\u00bb32 px\u00bb][\/vc_column][vc_column width=\u00bb1\/6&#8243;][\/vc_column][\/vc_row][vc_row css_animation=\u00bb\u00bb row_type=\u00bbrow\u00bb use_row_as_full_screen_section=\u00bbno\u00bb type=\u00bbfull_width\u00bb angled_section=\u00bbno\u00bb text_align=\u00bbleft\u00bb background_image_as_pattern=\u00bbwithout_pattern\u00bb][vc_column width=\u00bb1\/6&#8243;][\/vc_column][vc_column width=\u00bb2\/3&#8243;][vc_column_text]<\/p>\n<h3><strong>Observaciones<\/strong><\/h3>\n<p>[\/vc_column_text][vc_empty_space height=\u00bb32 px\u00bb][vc_column_text]<span style=\"color: #303030;\">El plastificado se suele realizar en caliente a una temperatura de 90\u00ba por lo que es posible aplicarlo a distintos tipos de soportes de impresi\u00f3n para conseguir un mejor acabado. Ambas t\u00e9cnicas se recomiendan para cartas de restaurante.<\/span>[\/vc_column_text][\/vc_column][vc_column width=\u00bb1\/6&#8243;][\/vc_column][\/vc_row][vc_row css_animation=\u00bb\u00bb row_type=\u00bbrow\u00bb use_row_as_full_screen_section=\u00bbno\u00bb type=\u00bbfull_width\u00bb angled_section=\u00bbno\u00bb text_align=\u00bbleft\u00bb background_image_as_pattern=\u00bbwithout_pattern\u00bb][vc_column][vc_empty_space height=\u00bb90px\u00bb][vc_column_text]<\/p>\n<h2 style=\"text-align: center;\"><span style=\"color: #cc0033;\">Tu presupuesto en 2 horas<\/span><\/h2>\n<p>[\/vc_column_text][vc_empty_space][\/vc_column][\/vc_row][vc_row css_animation=\u00bb\u00bb row_type=\u00bbrow\u00bb use_row_as_full_screen_section=\u00bbno\u00bb type=\u00bbfull_width\u00bb angled_section=\u00bbno\u00bb text_align=\u00bbcenter\u00bb background_image_as_pattern=\u00bbwithout_pattern\u00bb][vc_column width=\u00bb1\/4&#8243;][\/vc_column][vc_column width=\u00bb1\/4&#8243;][vc_empty_space height=\u00bb20px\u00bb]<a  itemprop=\"url\" href=\"http:\/\/nexeimpressions.com\/es\/solicita-presupuesto\/\" target=\"_self\" data-hover-background-color=\"#cc0033\" data-hover-border-color=\"#cc0033\" data-hover-color=\"#ffffff\" class=\"qbutton  medium center default\" style=\"color: #cc0033; border-color: #cc0033; font-style: normal; font-weight: 800; margin: 0px 0px 0px 0px; background-color:#ffffff;\">SOLICITA TU PRESUPUESTO<\/a>[\/vc_column][vc_column width=\u00bb1\/4&#8243;][vc_empty_space height=\u00bb20px\u00bb]<a  itemprop=\"url\" href=\"mailto:info@nexeimpressions.com\" target=\"_self\" data-hover-background-color=\"#ffffff\" data-hover-border-color=\"#cc0033\" data-hover-color=\"#cc0033\" class=\"qbutton  medium center default\" style=\"color: #ffffff; border-color: #cc0033; font-style: normal; font-weight: 800; margin: 0px 0px 0px 0px; background-color:#cc0033;\">info@nexeimpressions.com<\/a>[\/vc_column][vc_column width=\u00bb1\/4&#8243;][\/vc_column][\/vc_row][vc_row css_animation=\u00bb\u00bb row_type=\u00bbrow\u00bb use_row_as_full_screen_section=\u00bbno\u00bb type=\u00bbfull_width\u00bb angled_section=\u00bbno\u00bb text_align=\u00bbcenter\u00bb background_image_as_pattern=\u00bbwithout_pattern\u00bb][vc_column][vc_empty_space height=\u00bb70px\u00bb][\/vc_column][\/vc_row]<\/p>\n<\/div>","protected":false},"excerpt":{"rendered":"<p>[vc_row css_animation=\u00bb\u00bb row_type=\u00bbrow\u00bb use_row_as_full_screen_section=\u00bbno\u00bb type=\u00bbfull_width\u00bb angled_section=\u00bbno\u00bb text_align=\u00bbleft\u00bb background_image_as_pattern=\u00bbwithout_pattern\u00bb][vc_column width=\u00bb1\/6&#8243;][\/vc_column][vc_column width=\u00bb2\/3&#8243;][vc_empty_space][vc_column_text]\u2190 ACABADOS DIGITALES[\/vc_column_text][vc_empty_space][\/vc_column][vc_column width=\u00bb1\/6&#8243;][\/vc_column][\/vc_row][vc_row css_animation=\u00bb\u00bb row_type=\u00bbrow\u00bb use_row_as_full_screen_section=\u00bbno\u00bb type=\u00bbfull_width\u00bb angled_section=\u00bbno\u00bb text_align=\u00bbleft\u00bb background_image_as_pattern=\u00bbwithout_pattern\u00bb][vc_column width=\u00bb1\/6&#8243;][\/vc_column][vc_column width=\u00bb2\/3&#8243;][vc_single_image image=\u00bb5941&#8243; img_size=\u00bb900&#215;600&#8243; qode_css_animation=\u00bb\u00bb][vc_empty_space height=\u00bb50px\u00bb][vc_column_text] Beneficios [\/vc_column_text][vc_empty_space height=\u00bb32 px\u00bb][vc_column_text]Tanto el plastificado como el encapsulado protegen los trabajos impresos de l\u00edquidos, grasas, ara\u00f1azos o desgarros&#8230;<\/p>\n","protected":false},"author":1,"featured_media":0,"parent":0,"menu_order":213,"comment_status":"closed","ping_status":"closed","template":"","meta":{"footnotes":""},"class_list":["post-5874","page","type-page","status-publish","hentry"],"yoast_head":"<!-- This site is optimized with the Yoast SEO plugin v25.0 - https:\/\/yoast.com\/wordpress\/plugins\/seo\/ -->\n<title>Plastificados y encapsulados &#8211; Nexe Impressions<\/title>\n<meta name=\"description\" content=\"El plastificado como el encapsulado protegen los trabajos impresos de l\u00edquidos, grasas, ara\u00f1azos o desgarros con una fina capa de poli\u00e9ster trasparente.\" \/>\n<meta name=\"robots\" content=\"index, follow, max-snippet:-1, max-image-preview:large, max-video-preview:-1\" \/>\n<link rel=\"canonical\" href=\"https:\/\/nexeimpressions.com\/es\/plastificados-y-encapsulados\/\" \/>\n<meta property=\"og:locale\" content=\"es_ES\" \/>\n<meta property=\"og:type\" content=\"article\" \/>\n<meta property=\"og:title\" content=\"Plastificados y encapsulados &#8211; Nexe Impressions\" \/>\n<meta property=\"og:description\" content=\"El plastificado como el encapsulado protegen los trabajos impresos de l\u00edquidos, grasas, ara\u00f1azos o desgarros con una fina capa de poli\u00e9ster trasparente.\" \/>\n<meta property=\"og:url\" content=\"https:\/\/nexeimpressions.com\/es\/plastificados-y-encapsulados\/\" \/>\n<meta property=\"og:site_name\" content=\"Nexe Impressions\" \/>\n<meta property=\"article:publisher\" content=\"https:\/\/www.facebook.com\/nexeimpressions\" \/>\n<meta property=\"article:modified_time\" content=\"2025-11-06T14:57:52+00:00\" \/>\n<meta name=\"twitter:card\" content=\"summary_large_image\" \/>\n<meta name=\"twitter:label1\" content=\"Tiempo de lectura\" \/>\n\t<meta name=\"twitter:data1\" content=\"3 minutos\" \/>\n<script type=\"application\/ld+json\" class=\"yoast-schema-graph\">{\"@context\":\"https:\/\/schema.org\",\"@graph\":[{\"@type\":\"WebPage\",\"@id\":\"https:\/\/nexeimpressions.com\/es\/plastificados-y-encapsulados\/\",\"url\":\"https:\/\/nexeimpressions.com\/es\/plastificados-y-encapsulados\/\",\"name\":\"Plastificados y encapsulados &#8211; Nexe Impressions\",\"isPartOf\":{\"@id\":\"https:\/\/nexeimpressions.com\/es\/#website\"},\"datePublished\":\"2020-01-10T09:49:45+00:00\",\"dateModified\":\"2025-11-06T14:57:52+00:00\",\"description\":\"El plastificado como el encapsulado protegen los trabajos impresos de l\u00edquidos, grasas, ara\u00f1azos o desgarros con una fina capa de poli\u00e9ster trasparente.\",\"breadcrumb\":{\"@id\":\"https:\/\/nexeimpressions.com\/es\/plastificados-y-encapsulados\/#breadcrumb\"},\"inLanguage\":\"es\",\"potentialAction\":[{\"@type\":\"ReadAction\",\"target\":[\"https:\/\/nexeimpressions.com\/es\/plastificados-y-encapsulados\/\"]}]},{\"@type\":\"BreadcrumbList\",\"@id\":\"https:\/\/nexeimpressions.com\/es\/plastificados-y-encapsulados\/#breadcrumb\",\"itemListElement\":[{\"@type\":\"ListItem\",\"position\":1,\"name\":\"Home\",\"item\":\"https:\/\/nexeimpressions.com\/es\/\"},{\"@type\":\"ListItem\",\"position\":2,\"name\":\"Plastificados y encapsulados\"}]},{\"@type\":\"WebSite\",\"@id\":\"https:\/\/nexeimpressions.com\/es\/#website\",\"url\":\"https:\/\/nexeimpressions.com\/es\/\",\"name\":\"Nexe Impressions\",\"description\":\"Print worthy\",\"potentialAction\":[{\"@type\":\"SearchAction\",\"target\":{\"@type\":\"EntryPoint\",\"urlTemplate\":\"https:\/\/nexeimpressions.com\/es\/?s={search_term_string}\"},\"query-input\":{\"@type\":\"PropertyValueSpecification\",\"valueRequired\":true,\"valueName\":\"search_term_string\"}}],\"inLanguage\":\"es\"}]}<\/script>\n<!-- \/ Yoast SEO plugin. -->","yoast_head_json":{"title":"Plastificados y encapsulados &#8211; Nexe Impressions","description":"El plastificado como el encapsulado protegen los trabajos impresos de l\u00edquidos, grasas, ara\u00f1azos o desgarros con una fina capa de poli\u00e9ster trasparente.","robots":{"index":"index","follow":"follow","max-snippet":"max-snippet:-1","max-image-preview":"max-image-preview:large","max-video-preview":"max-video-preview:-1"},"canonical":"https:\/\/nexeimpressions.com\/es\/plastificados-y-encapsulados\/","og_locale":"es_ES","og_type":"article","og_title":"Plastificados y encapsulados &#8211; Nexe Impressions","og_description":"El plastificado como el encapsulado protegen los trabajos impresos de l\u00edquidos, grasas, ara\u00f1azos o desgarros con una fina capa de poli\u00e9ster trasparente.","og_url":"https:\/\/nexeimpressions.com\/es\/plastificados-y-encapsulados\/","og_site_name":"Nexe Impressions","article_publisher":"https:\/\/www.facebook.com\/nexeimpressions","article_modified_time":"2025-11-06T14:57:52+00:00","twitter_card":"summary_large_image","twitter_misc":{"Tiempo de lectura":"3 minutos"},"schema":{"@context":"https:\/\/schema.org","@graph":[{"@type":"WebPage","@id":"https:\/\/nexeimpressions.com\/es\/plastificados-y-encapsulados\/","url":"https:\/\/nexeimpressions.com\/es\/plastificados-y-encapsulados\/","name":"Plastificados y encapsulados &#8211; Nexe Impressions","isPartOf":{"@id":"https:\/\/nexeimpressions.com\/es\/#website"},"datePublished":"2020-01-10T09:49:45+00:00","dateModified":"2025-11-06T14:57:52+00:00","description":"El plastificado como el encapsulado protegen los trabajos impresos de l\u00edquidos, grasas, ara\u00f1azos o desgarros con una fina capa de poli\u00e9ster trasparente.","breadcrumb":{"@id":"https:\/\/nexeimpressions.com\/es\/plastificados-y-encapsulados\/#breadcrumb"},"inLanguage":"es","potentialAction":[{"@type":"ReadAction","target":["https:\/\/nexeimpressions.com\/es\/plastificados-y-encapsulados\/"]}]},{"@type":"BreadcrumbList","@id":"https:\/\/nexeimpressions.com\/es\/plastificados-y-encapsulados\/#breadcrumb","itemListElement":[{"@type":"ListItem","position":1,"name":"Home","item":"https:\/\/nexeimpressions.com\/es\/"},{"@type":"ListItem","position":2,"name":"Plastificados y encapsulados"}]},{"@type":"WebSite","@id":"https:\/\/nexeimpressions.com\/es\/#website","url":"https:\/\/nexeimpressions.com\/es\/","name":"Nexe Impressions","description":"Print worthy","potentialAction":[{"@type":"SearchAction","target":{"@type":"EntryPoint","urlTemplate":"https:\/\/nexeimpressions.com\/es\/?s={search_term_string}"},"query-input":{"@type":"PropertyValueSpecification","valueRequired":true,"valueName":"search_term_string"}}],"inLanguage":"es"}]}},"_links":{"self":[{"href":"https:\/\/nexeimpressions.com\/es\/wp-json\/wp\/v2\/pages\/5874","targetHints":{"allow":["GET"]}}],"collection":[{"href":"https:\/\/nexeimpressions.com\/es\/wp-json\/wp\/v2\/pages"}],"about":[{"href":"https:\/\/nexeimpressions.com\/es\/wp-json\/wp\/v2\/types\/page"}],"author":[{"embeddable":true,"href":"https:\/\/nexeimpressions.com\/es\/wp-json\/wp\/v2\/users\/1"}],"replies":[{"embeddable":true,"href":"https:\/\/nexeimpressions.com\/es\/wp-json\/wp\/v2\/comments?post=5874"}],"version-history":[{"count":2,"href":"https:\/\/nexeimpressions.com\/es\/wp-json\/wp\/v2\/pages\/5874\/revisions"}],"predecessor-version":[{"id":25369,"href":"https:\/\/nexeimpressions.com\/es\/wp-json\/wp\/v2\/pages\/5874\/revisions\/25369"}],"wp:attachment":[{"href":"https:\/\/nexeimpressions.com\/es\/wp-json\/wp\/v2\/media?parent=5874"}],"curies":[{"name":"wp","href":"https:\/\/api.w.org\/{rel}","templated":true}]}}