 {"id":5882,"date":"2020-01-10T10:02:36","date_gmt":"2020-01-10T10:02:36","guid":{"rendered":"http:\/\/www.nexeimpressions.com\/?page_id=5882"},"modified":"2025-11-06T16:44:25","modified_gmt":"2025-11-06T14:44:25","slug":"revistas-catalogos-y-encuadernados","status":"publish","type":"page","link":"https:\/\/nexeimpressions.com\/es\/revistas-catalogos-y-encuadernados\/","title":{"rendered":"Revistas, cat\u00e1logos y encuadernados"},"content":{"rendered":"<div class=\"wpb-content-wrapper\"><p>[vc_row css_animation=\u00bb\u00bb row_type=\u00bbrow\u00bb use_row_as_full_screen_section=\u00bbno\u00bb type=\u00bbfull_width\u00bb angled_section=\u00bbno\u00bb text_align=\u00bbleft\u00bb background_image_as_pattern=\u00bbwithout_pattern\u00bb][vc_column width=\u00bb1\/6&#8243;][\/vc_column][vc_column width=\u00bb2\/3&#8243;][vc_empty_space][vc_column_text]<strong><a tabindex=\"0\" href=\"\/?page_id=5867\"><span class=\"back-arrow\">\u2190 <\/span>ACABADOS DIGITALES<\/a><\/strong>[\/vc_column_text][vc_empty_space][\/vc_column][vc_column width=\u00bb1\/6&#8243;][\/vc_column][\/vc_row][vc_row css_animation=\u00bb\u00bb row_type=\u00bbrow\u00bb use_row_as_full_screen_section=\u00bbno\u00bb type=\u00bbfull_width\u00bb angled_section=\u00bbno\u00bb text_align=\u00bbleft\u00bb background_image_as_pattern=\u00bbwithout_pattern\u00bb][vc_column width=\u00bb1\/6&#8243;][\/vc_column][vc_column width=\u00bb2\/3&#8243;][vc_single_image image=\u00bb9651&#8243; img_size=\u00bbfull\u00bb qode_css_animation=\u00bb\u00bb][vc_empty_space height=\u00bb50px\u00bb][\/vc_column][vc_column width=\u00bb1\/6&#8243;][\/vc_column][\/vc_row][vc_row css_animation=\u00bb\u00bb row_type=\u00bbrow\u00bb use_row_as_full_screen_section=\u00bbno\u00bb type=\u00bbfull_width\u00bb angled_section=\u00bbno\u00bb text_align=\u00bbleft\u00bb background_image_as_pattern=\u00bbwithout_pattern\u00bb][vc_column width=\u00bb1\/6&#8243;][\/vc_column][vc_column width=\u00bb2\/3&#8243;][vc_column_text]<\/p>\n<h3><strong>Encuadernaci\u00f3n con cola PUR (tapa dura y blanda)<\/strong><\/h3>\n<p>[\/vc_column_text][vc_empty_space height=\u00bb32 px\u00bb][vc_column_text]<span style=\"color: #303030;\">Este tipo de encuadernaci\u00f3n es ideal para cat\u00e1logos, tarifas, revistas y libros con lomo, que vayan a ser utilizadas de forma intensiva. Se usa poliuretano como adhesivo, m\u00e1s econ\u00f3mico que el cosido al hilo. Se puede encuadernar con tapa dura o blanda.<\/span>[\/vc_column_text][vc_empty_space height=\u00bb32 px\u00bb][vc_single_image image=\u00bb9603&#8243; img_size=\u00bbfull\u00bb alignment=\u00bbcenter\u00bb qode_css_animation=\u00bb\u00bb][vc_empty_space height=\u00bb32 px\u00bb][\/vc_column][vc_column width=\u00bb1\/6&#8243;][\/vc_column][\/vc_row][vc_row css_animation=\u00bb\u00bb row_type=\u00bbrow\u00bb use_row_as_full_screen_section=\u00bbno\u00bb type=\u00bbfull_width\u00bb angled_section=\u00bbno\u00bb text_align=\u00bbleft\u00bb background_image_as_pattern=\u00bbwithout_pattern\u00bb][vc_column width=\u00bb1\/6&#8243;][\/vc_column][vc_column width=\u00bb2\/3&#8243;][vc_column_text]<\/p>\n<h3><strong>Encuadernaci\u00f3n cosida (tapa dura y blanda)<\/strong><\/h3>\n<p>[\/vc_column_text][vc_empty_space height=\u00bb32 px\u00bb][vc_column_text]<span style=\"color: #303030;\">Es la m\u00e1s utilizada por su resistencia, calidad y flexibilidad. Ideal para libros de alta calidad que est\u00e1n pensados para perdurar al paso del tiempo. Se puede encuadernar con tapa dura o blanda.<\/span>[\/vc_column_text][vc_empty_space height=\u00bb32 px\u00bb][vc_single_image image=\u00bb9615&#8243; img_size=\u00bbfull\u00bb alignment=\u00bbcenter\u00bb qode_css_animation=\u00bb\u00bb][vc_empty_space height=\u00bb32 px\u00bb][\/vc_column][vc_column width=\u00bb1\/6&#8243;][\/vc_column][\/vc_row][vc_row css_animation=\u00bb\u00bb row_type=\u00bbrow\u00bb use_row_as_full_screen_section=\u00bbno\u00bb type=\u00bbfull_width\u00bb angled_section=\u00bbno\u00bb text_align=\u00bbleft\u00bb background_image_as_pattern=\u00bbwithout_pattern\u00bb][vc_column width=\u00bb1\/6&#8243;][\/vc_column][vc_column width=\u00bb2\/3&#8243;][vc_column_text]<\/p>\n<h3><strong>Encuadernaci\u00f3n wire-o y espiral<\/strong><\/h3>\n<p>[\/vc_column_text][vc_empty_space height=\u00bb32 px\u00bb][vc_column_text]<span style=\"color: #303030;\">La encuadernaci\u00f3n wire-o es un sistema pr\u00e1ctico, duradero y elegante para cuadernos, manuales t\u00e9cnicos, cat\u00e1logos comerciales, mapas y calendarios. La encuadernaci\u00f3n con espiral es un sistema sencillo y funcional que permite una apertura del documento de 360\u00ba y facilita el fotocopiado.<\/span>[\/vc_column_text][vc_empty_space height=\u00bb20 px\u00bb][vc_column_text]<span style=\"color: #303030;\">En cuanto al dise\u00f1o, es posible combinar acabados entre s\u00ed para conseguir un mayor impacto visual, tanto en las p\u00e1ginas interiores como en la portada: el espectacular estampado digital, el barniz selectivo en 2D o 3D, la posibilidad de aplicar troquel con precisi\u00f3n Ultra HD o las tintas especiales -rosa fl\u00faor y blanca-.<\/span>[\/vc_column_text][vc_empty_space height=\u00bb32 px\u00bb][vc_single_image image=\u00bb9627&#8243; img_size=\u00bbfull\u00bb alignment=\u00bbcenter\u00bb qode_css_animation=\u00bb\u00bb][vc_empty_space height=\u00bb32 px\u00bb][\/vc_column][vc_column width=\u00bb1\/6&#8243;][\/vc_column][\/vc_row][vc_row css_animation=\u00bb\u00bb row_type=\u00bbrow\u00bb use_row_as_full_screen_section=\u00bbno\u00bb type=\u00bbfull_width\u00bb angled_section=\u00bbno\u00bb text_align=\u00bbleft\u00bb background_image_as_pattern=\u00bbwithout_pattern\u00bb][vc_column width=\u00bb1\/6&#8243;][\/vc_column][vc_column width=\u00bb2\/3&#8243;][vc_column_text]<\/p>\n<h3><strong>Encuadernaci\u00f3n con grapa<\/strong><\/h3>\n<p>[\/vc_column_text][vc_empty_space height=\u00bb32 px\u00bb][vc_column_text]<span style=\"color: #303030;\">Ideal para publicaciones que buscan flexibilidad para facilitar su lectura en cualquier sitio. Si la publicaci\u00f3n tiene m\u00e1s de 56 p\u00e1ginas interiores deber\u00e1 utilizarse la encuadernaci\u00f3n de lomo cuadrado con grapa.<\/span>[\/vc_column_text][vc_empty_space height=\u00bb32 px\u00bb][\/vc_column][vc_column width=\u00bb1\/6&#8243;][\/vc_column][\/vc_row][vc_row css_animation=\u00bb\u00bb row_type=\u00bbrow\u00bb use_row_as_full_screen_section=\u00bbno\u00bb type=\u00bbfull_width\u00bb angled_section=\u00bbno\u00bb text_align=\u00bbleft\u00bb background_image_as_pattern=\u00bbwithout_pattern\u00bb][vc_column width=\u00bb1\/6&#8243;][\/vc_column][vc_column width=\u00bb2\/3&#8243;][vc_column_text]<\/p>\n<h3><strong>Especificaciones<\/strong><\/h3>\n<p>[\/vc_column_text][vc_empty_space height=\u00bb32 px\u00bb][vc_column_text]<span style=\"color: #303030;\">Para la encuadernaci\u00f3n de libros fresados con cola PUR para tapa dura o blanda, es muy importante conocer el n\u00famero de p\u00e1ginas que tendr\u00e1 el libro para determinar la altura del lomo, realizar el dise\u00f1o de la cubierta y calcular el precio final.<\/span>[\/vc_column_text][vc_empty_space height=\u00bb20 px\u00bb][vc_column_text]<span style=\"color: #303030;\">En la encuadernaci\u00f3n con wire-o y espiral, hay que tener en cuenta el lado por el que se va a perforar, dejando un margen entre 10 mm y 15 mm, para no sesgar ning\u00fan texto o imagen.<\/span>[\/vc_column_text][vc_empty_space height=\u00bb32 px\u00bb][vc_column_text]<\/p>\n<h3><strong>Observaciones<\/strong><\/h3>\n<p>[\/vc_column_text][vc_empty_space height=\u00bb32 px\u00bb][vc_column_text]<span style=\"color: #303030;\">La encuadernaci\u00f3n PUR permite combinar diversos tipos de papeles -estucados, creativos, con textura, fotogr\u00e1ficos- y materiales -sint\u00e9ticos, metalizados o transparentes- en una misma publicaci\u00f3n.<\/span>[\/vc_column_text][vc_empty_space height=\u00bb20 px\u00bb][vc_column_text]<span style=\"color: #303030;\">Recomendamos la encuadernaci\u00f3n PUR para cat\u00e1logos corporativos, de producto, tarifas, as\u00ed como para publicaciones peri\u00f3dicas -revistas con lomo- y, en general, todos aquellos libros con lomo que vayan a ser utilizados de forma intensiva.<\/span>[\/vc_column_text][vc_empty_space height=\u00bb20 px\u00bb][vc_column_text]<span style=\"color: #303030;\">La encuadernaci\u00f3n r\u00fastica cosida se elabora con hilo cosiendo cada cuadernillo por separado. Finalizado el proceso, \u00e9stos se juntan, y vuelven a coserse desde la cubierta. Sin cortar se encola el lomo y se pega a la cubierta.<\/span>[\/vc_column_text][vc_empty_space height=\u00bb32 px\u00bb]<div class='qode_image_gallery_no_space light'>\n            <div class='qode_image_gallery_holder' style='height: 550px;'>\n                <ul ><li >\n                    <div style=\"height: 550px; width:776px;\"><img decoding=\"async\" itemprop=\"image\" src=\"https:\/\/nexeimpressions.com\/wp-content\/uploads\/2020\/05\/enquadernacio-12.jpg\" alt=\"\" \/><\/div><\/li><li >\n                    <div style=\"height: 550px; width:966px;\"><img decoding=\"async\" itemprop=\"image\" src=\"https:\/\/nexeimpressions.com\/wp-content\/uploads\/2020\/05\/enquadernacio-11.jpg\" alt=\"\" \/><\/div><\/li><li >\n                    <div style=\"height: 550px; width:687px;\"><img decoding=\"async\" itemprop=\"image\" src=\"https:\/\/nexeimpressions.com\/wp-content\/uploads\/2020\/05\/enquadernacio-07.jpg\" alt=\"\" \/><\/div><\/li><li >\n                    <div style=\"height: 550px; width:826px;\"><img decoding=\"async\" itemprop=\"image\" src=\"https:\/\/nexeimpressions.com\/wp-content\/uploads\/2020\/05\/enquadernacio-05.jpg\" alt=\"\" \/><\/div><\/li><li >\n                    <div style=\"height: 550px; width:826px;\"><img decoding=\"async\" itemprop=\"image\" src=\"https:\/\/nexeimpressions.com\/wp-content\/uploads\/2020\/05\/enquadernacio-08.jpg\" alt=\"\" \/><\/div><\/li><li >\n                    <div style=\"height: 550px; width:826px;\"><img decoding=\"async\" itemprop=\"image\" src=\"https:\/\/nexeimpressions.com\/wp-content\/uploads\/2020\/05\/enquadernacio-04.jpg\" alt=\"\" \/><\/div><\/li><li >\n                    <div style=\"height: 550px; width:826px;\"><img decoding=\"async\" itemprop=\"image\" src=\"https:\/\/nexeimpressions.com\/wp-content\/uploads\/2020\/05\/enquadernacio-02.jpg\" alt=\"\" \/><\/div><\/li><li >\n                    <div style=\"height: 550px; width:826px;\"><img decoding=\"async\" itemprop=\"image\" src=\"https:\/\/nexeimpressions.com\/wp-content\/uploads\/2020\/05\/enquadernacio-10.jpg\" alt=\"\" \/><\/div><\/li><li >\n                    <div style=\"height: 550px; width:826px;\"><img decoding=\"async\" itemprop=\"image\" src=\"https:\/\/nexeimpressions.com\/wp-content\/uploads\/2020\/05\/enquadernacio-01.jpg\" alt=\"\" \/><\/div><\/li><\/ul>\n          <\/div>\n          <div class='controls'>\n              <a class='prev-slide' href='#'><span><i class='fa fa-angle-left'><\/i><\/span><\/a>\n              <a class='next-slide' href='#'><span><i class='fa fa-angle-right'><\/i><\/span><\/a>\n          <\/div>\n      <\/div>[\/vc_column][vc_column width=\u00bb1\/6&#8243;][\/vc_column][\/vc_row][vc_row css_animation=\u00bb\u00bb row_type=\u00bbrow\u00bb use_row_as_full_screen_section=\u00bbno\u00bb type=\u00bbfull_width\u00bb angled_section=\u00bbno\u00bb text_align=\u00bbleft\u00bb background_image_as_pattern=\u00bbwithout_pattern\u00bb][vc_column][vc_empty_space height=\u00bb90px\u00bb][vc_column_text css=\u00bb\u00bb]<\/p>\n<h2 style=\"text-align: center;\"><span style=\"color: #cc0033;\">Tu presupuesto en 2 horas<\/span><\/h2>\n<p>[\/vc_column_text][vc_empty_space][\/vc_column][\/vc_row][vc_row css_animation=\u00bb\u00bb row_type=\u00bbrow\u00bb use_row_as_full_screen_section=\u00bbno\u00bb type=\u00bbfull_width\u00bb angled_section=\u00bbno\u00bb text_align=\u00bbcenter\u00bb background_image_as_pattern=\u00bbwithout_pattern\u00bb][vc_column width=\u00bb1\/4&#8243;][\/vc_column][vc_column width=\u00bb1\/4&#8243;][vc_empty_space height=\u00bb20px\u00bb]<a  itemprop=\"url\" href=\"http:\/\/nexeimpressions.com\/es\/solicita-presupuesto\/\" target=\"_self\" data-hover-background-color=\"#cc0033\" data-hover-border-color=\"#cc0033\" data-hover-color=\"#ffffff\" class=\"qbutton  medium center default\" style=\"color: #cc0033; border-color: #cc0033; font-style: normal; font-weight: 800; margin: 0px 0px 0px 0px; background-color:#ffffff;\">SOLICITA TU PRESUPUESTO<\/a>[\/vc_column][vc_column width=\u00bb1\/4&#8243;][vc_empty_space height=\u00bb20px\u00bb]<a  itemprop=\"url\" href=\"mailto:info@nexeimpressions.com\" target=\"_self\" data-hover-background-color=\"#ffffff\" data-hover-border-color=\"#cc0033\" data-hover-color=\"#cc0033\" class=\"qbutton  medium center default\" style=\"color: #ffffff; border-color: #cc0033; font-style: normal; font-weight: 800; margin: 0px 0px 0px 0px; background-color:#cc0033;\">info@nexeimpressions.com<\/a>[\/vc_column][vc_column width=\u00bb1\/4&#8243;][\/vc_column][\/vc_row][vc_row css_animation=\u00bb\u00bb row_type=\u00bbrow\u00bb use_row_as_full_screen_section=\u00bbno\u00bb type=\u00bbfull_width\u00bb angled_section=\u00bbno\u00bb text_align=\u00bbcenter\u00bb background_image_as_pattern=\u00bbwithout_pattern\u00bb][vc_column][vc_empty_space height=\u00bb70px\u00bb][\/vc_column][\/vc_row]<\/p>\n<\/div>","protected":false},"excerpt":{"rendered":"<p>[vc_row css_animation=\u00bb\u00bb row_type=\u00bbrow\u00bb use_row_as_full_screen_section=\u00bbno\u00bb type=\u00bbfull_width\u00bb angled_section=\u00bbno\u00bb text_align=\u00bbleft\u00bb background_image_as_pattern=\u00bbwithout_pattern\u00bb][vc_column width=\u00bb1\/6&#8243;][\/vc_column][vc_column width=\u00bb2\/3&#8243;][vc_empty_space][vc_column_text]\u2190 ACABADOS DIGITALES[\/vc_column_text][vc_empty_space][\/vc_column][vc_column width=\u00bb1\/6&#8243;][\/vc_column][\/vc_row][vc_row css_animation=\u00bb\u00bb row_type=\u00bbrow\u00bb use_row_as_full_screen_section=\u00bbno\u00bb type=\u00bbfull_width\u00bb angled_section=\u00bbno\u00bb text_align=\u00bbleft\u00bb background_image_as_pattern=\u00bbwithout_pattern\u00bb][vc_column width=\u00bb1\/6&#8243;][\/vc_column][vc_column width=\u00bb2\/3&#8243;][vc_single_image image=\u00bb9651&#8243; img_size=\u00bbfull\u00bb qode_css_animation=\u00bb\u00bb][vc_empty_space height=\u00bb50px\u00bb][\/vc_column][vc_column width=\u00bb1\/6&#8243;][\/vc_column][\/vc_row][vc_row css_animation=\u00bb\u00bb row_type=\u00bbrow\u00bb use_row_as_full_screen_section=\u00bbno\u00bb type=\u00bbfull_width\u00bb angled_section=\u00bbno\u00bb text_align=\u00bbleft\u00bb background_image_as_pattern=\u00bbwithout_pattern\u00bb][vc_column width=\u00bb1\/6&#8243;][\/vc_column][vc_column width=\u00bb2\/3&#8243;][vc_column_text] Encuadernaci\u00f3n con cola PUR (tapa dura y blanda) [\/vc_column_text][vc_empty_space&#8230;<\/p>\n","protected":false},"author":1,"featured_media":0,"parent":0,"menu_order":204,"comment_status":"closed","ping_status":"closed","template":"","meta":{"footnotes":""},"class_list":["post-5882","page","type-page","status-publish","hentry"],"yoast_head":"<!-- This site is optimized with the Yoast SEO plugin v25.0 - https:\/\/yoast.com\/wordpress\/plugins\/seo\/ -->\n<title>Revistas, cat\u00e1logos y encuadernados &#8211; Nexe Impressions<\/title>\n<meta name=\"description\" content=\"Revistas, cat\u00e1logos y encuadernados con cola PUR (tapa dura y blanda), cosida (tapa dura y blanda), wire-o, espiral o con grapa.\" \/>\n<meta name=\"robots\" content=\"index, follow, max-snippet:-1, max-image-preview:large, max-video-preview:-1\" \/>\n<link rel=\"canonical\" href=\"https:\/\/nexeimpressions.com\/es\/revistas-catalogos-y-encuadernados\/\" \/>\n<meta property=\"og:locale\" content=\"es_ES\" \/>\n<meta property=\"og:type\" content=\"article\" \/>\n<meta property=\"og:title\" content=\"Revistas, cat\u00e1logos y encuadernados &#8211; Nexe Impressions\" \/>\n<meta property=\"og:description\" content=\"Revistas, cat\u00e1logos y encuadernados con cola PUR (tapa dura y blanda), cosida (tapa dura y blanda), wire-o, espiral o con grapa.\" \/>\n<meta property=\"og:url\" content=\"https:\/\/nexeimpressions.com\/es\/revistas-catalogos-y-encuadernados\/\" \/>\n<meta property=\"og:site_name\" content=\"Nexe Impressions\" \/>\n<meta property=\"article:publisher\" content=\"https:\/\/www.facebook.com\/nexeimpressions\" \/>\n<meta property=\"article:modified_time\" content=\"2025-11-06T14:44:25+00:00\" \/>\n<meta name=\"twitter:card\" content=\"summary_large_image\" \/>\n<meta name=\"twitter:label1\" content=\"Tiempo de lectura\" \/>\n\t<meta name=\"twitter:data1\" content=\"6 minutos\" \/>\n<script type=\"application\/ld+json\" class=\"yoast-schema-graph\">{\"@context\":\"https:\/\/schema.org\",\"@graph\":[{\"@type\":\"WebPage\",\"@id\":\"https:\/\/nexeimpressions.com\/es\/revistas-catalogos-y-encuadernados\/\",\"url\":\"https:\/\/nexeimpressions.com\/es\/revistas-catalogos-y-encuadernados\/\",\"name\":\"Revistas, cat\u00e1logos y encuadernados &#8211; Nexe Impressions\",\"isPartOf\":{\"@id\":\"https:\/\/nexeimpressions.com\/es\/#website\"},\"datePublished\":\"2020-01-10T10:02:36+00:00\",\"dateModified\":\"2025-11-06T14:44:25+00:00\",\"description\":\"Revistas, cat\u00e1logos y encuadernados con cola PUR (tapa dura y blanda), cosida (tapa dura y blanda), wire-o, espiral o con grapa.\",\"breadcrumb\":{\"@id\":\"https:\/\/nexeimpressions.com\/es\/revistas-catalogos-y-encuadernados\/#breadcrumb\"},\"inLanguage\":\"es\",\"potentialAction\":[{\"@type\":\"ReadAction\",\"target\":[\"https:\/\/nexeimpressions.com\/es\/revistas-catalogos-y-encuadernados\/\"]}]},{\"@type\":\"BreadcrumbList\",\"@id\":\"https:\/\/nexeimpressions.com\/es\/revistas-catalogos-y-encuadernados\/#breadcrumb\",\"itemListElement\":[{\"@type\":\"ListItem\",\"position\":1,\"name\":\"Home\",\"item\":\"https:\/\/nexeimpressions.com\/es\/\"},{\"@type\":\"ListItem\",\"position\":2,\"name\":\"Revistas, cat\u00e1logos y encuadernados\"}]},{\"@type\":\"WebSite\",\"@id\":\"https:\/\/nexeimpressions.com\/es\/#website\",\"url\":\"https:\/\/nexeimpressions.com\/es\/\",\"name\":\"Nexe Impressions\",\"description\":\"Print worthy\",\"potentialAction\":[{\"@type\":\"SearchAction\",\"target\":{\"@type\":\"EntryPoint\",\"urlTemplate\":\"https:\/\/nexeimpressions.com\/es\/?s={search_term_string}\"},\"query-input\":{\"@type\":\"PropertyValueSpecification\",\"valueRequired\":true,\"valueName\":\"search_term_string\"}}],\"inLanguage\":\"es\"}]}<\/script>\n<!-- \/ Yoast SEO plugin. -->","yoast_head_json":{"title":"Revistas, cat\u00e1logos y encuadernados &#8211; Nexe Impressions","description":"Revistas, cat\u00e1logos y encuadernados con cola PUR (tapa dura y blanda), cosida (tapa dura y blanda), wire-o, espiral o con grapa.","robots":{"index":"index","follow":"follow","max-snippet":"max-snippet:-1","max-image-preview":"max-image-preview:large","max-video-preview":"max-video-preview:-1"},"canonical":"https:\/\/nexeimpressions.com\/es\/revistas-catalogos-y-encuadernados\/","og_locale":"es_ES","og_type":"article","og_title":"Revistas, cat\u00e1logos y encuadernados &#8211; Nexe Impressions","og_description":"Revistas, cat\u00e1logos y encuadernados con cola PUR (tapa dura y blanda), cosida (tapa dura y blanda), wire-o, espiral o con grapa.","og_url":"https:\/\/nexeimpressions.com\/es\/revistas-catalogos-y-encuadernados\/","og_site_name":"Nexe Impressions","article_publisher":"https:\/\/www.facebook.com\/nexeimpressions","article_modified_time":"2025-11-06T14:44:25+00:00","twitter_card":"summary_large_image","twitter_misc":{"Tiempo de lectura":"6 minutos"},"schema":{"@context":"https:\/\/schema.org","@graph":[{"@type":"WebPage","@id":"https:\/\/nexeimpressions.com\/es\/revistas-catalogos-y-encuadernados\/","url":"https:\/\/nexeimpressions.com\/es\/revistas-catalogos-y-encuadernados\/","name":"Revistas, cat\u00e1logos y encuadernados &#8211; Nexe Impressions","isPartOf":{"@id":"https:\/\/nexeimpressions.com\/es\/#website"},"datePublished":"2020-01-10T10:02:36+00:00","dateModified":"2025-11-06T14:44:25+00:00","description":"Revistas, cat\u00e1logos y encuadernados con cola PUR (tapa dura y blanda), cosida (tapa dura y blanda), wire-o, espiral o con grapa.","breadcrumb":{"@id":"https:\/\/nexeimpressions.com\/es\/revistas-catalogos-y-encuadernados\/#breadcrumb"},"inLanguage":"es","potentialAction":[{"@type":"ReadAction","target":["https:\/\/nexeimpressions.com\/es\/revistas-catalogos-y-encuadernados\/"]}]},{"@type":"BreadcrumbList","@id":"https:\/\/nexeimpressions.com\/es\/revistas-catalogos-y-encuadernados\/#breadcrumb","itemListElement":[{"@type":"ListItem","position":1,"name":"Home","item":"https:\/\/nexeimpressions.com\/es\/"},{"@type":"ListItem","position":2,"name":"Revistas, cat\u00e1logos y encuadernados"}]},{"@type":"WebSite","@id":"https:\/\/nexeimpressions.com\/es\/#website","url":"https:\/\/nexeimpressions.com\/es\/","name":"Nexe Impressions","description":"Print worthy","potentialAction":[{"@type":"SearchAction","target":{"@type":"EntryPoint","urlTemplate":"https:\/\/nexeimpressions.com\/es\/?s={search_term_string}"},"query-input":{"@type":"PropertyValueSpecification","valueRequired":true,"valueName":"search_term_string"}}],"inLanguage":"es"}]}},"_links":{"self":[{"href":"https:\/\/nexeimpressions.com\/es\/wp-json\/wp\/v2\/pages\/5882","targetHints":{"allow":["GET"]}}],"collection":[{"href":"https:\/\/nexeimpressions.com\/es\/wp-json\/wp\/v2\/pages"}],"about":[{"href":"https:\/\/nexeimpressions.com\/es\/wp-json\/wp\/v2\/types\/page"}],"author":[{"embeddable":true,"href":"https:\/\/nexeimpressions.com\/es\/wp-json\/wp\/v2\/users\/1"}],"replies":[{"embeddable":true,"href":"https:\/\/nexeimpressions.com\/es\/wp-json\/wp\/v2\/comments?post=5882"}],"version-history":[{"count":2,"href":"https:\/\/nexeimpressions.com\/es\/wp-json\/wp\/v2\/pages\/5882\/revisions"}],"predecessor-version":[{"id":25347,"href":"https:\/\/nexeimpressions.com\/es\/wp-json\/wp\/v2\/pages\/5882\/revisions\/25347"}],"wp:attachment":[{"href":"https:\/\/nexeimpressions.com\/es\/wp-json\/wp\/v2\/media?parent=5882"}],"curies":[{"name":"wp","href":"https:\/\/api.w.org\/{rel}","templated":true}]}}