 {"id":5889,"date":"2020-01-10T10:16:02","date_gmt":"2020-01-10T10:16:02","guid":{"rendered":"http:\/\/www.nexeimpressions.com\/?page_id=5889"},"modified":"2025-11-06T16:44:01","modified_gmt":"2025-11-06T14:44:01","slug":"barniz-digital-2d-y-3d","status":"publish","type":"page","link":"https:\/\/nexeimpressions.com\/es\/barniz-digital-2d-y-3d\/","title":{"rendered":"Barniz digital 2D y 3D"},"content":{"rendered":"<div class=\"wpb-content-wrapper\"><p>[vc_row css_animation=\u00bb\u00bb row_type=\u00bbrow\u00bb use_row_as_full_screen_section=\u00bbno\u00bb type=\u00bbfull_width\u00bb angled_section=\u00bbno\u00bb text_align=\u00bbleft\u00bb background_image_as_pattern=\u00bbwithout_pattern\u00bb][vc_column width=\u00bb1\/6&#8243;][\/vc_column][vc_column width=\u00bb2\/3&#8243;][vc_empty_space][vc_column_text]<strong><a tabindex=\"0\" href=\"\/?page_id=5867\"><span class=\"back-arrow\">\u2190 <\/span>ACABADOS DIGITALES<\/a><\/strong>[\/vc_column_text][vc_empty_space][\/vc_column][vc_column width=\u00bb1\/6&#8243;][\/vc_column][\/vc_row][vc_row css_animation=\u00bb\u00bb row_type=\u00bbrow\u00bb use_row_as_full_screen_section=\u00bbno\u00bb type=\u00bbfull_width\u00bb angled_section=\u00bbno\u00bb text_align=\u00bbleft\u00bb background_image_as_pattern=\u00bbwithout_pattern\u00bb][vc_column width=\u00bb1\/6&#8243;][\/vc_column][vc_column width=\u00bb2\/3&#8243;][vc_single_image image=\u00bb5987&#8243; img_size=\u00bb900&#215;600&#8243; qode_css_animation=\u00bb\u00bb][vc_empty_space height=\u00bb50px\u00bb][\/vc_column][vc_column width=\u00bb1\/6&#8243;][\/vc_column][\/vc_row][vc_row css_animation=\u00bb\u00bb row_type=\u00bbrow\u00bb use_row_as_full_screen_section=\u00bbno\u00bb type=\u00bbfull_width\u00bb angled_section=\u00bbno\u00bb text_align=\u00bbleft\u00bb background_image_as_pattern=\u00bbwithout_pattern\u00bb][vc_column width=\u00bb1\/6&#8243;][\/vc_column][vc_column width=\u00bb2\/3&#8243;][vc_empty_space height=\u00bb32 px\u00bb][vc_column_text]<\/p>\n<h3><strong>Beneficios<\/strong><\/h3>\n<p>[\/vc_column_text][vc_empty_space height=\u00bb32 px\u00bb][vc_column_text]<span style=\"color: #303030;\">El barniz selectivo 2D y 3D puede aplicarse pr\u00e1cticamente sobre cualquier tipo de soporte, ya sea papel o sint\u00e9tico, creando efectos muy llamativos, tanto a la vista como al tacto. La aplicaci\u00f3n del barniz es id\u00f3nea en aquellos casos en los que se busque atraer la atenci\u00f3n del consumidor o transmitir una imagen de calidad.<\/span>[\/vc_column_text][vc_empty_space height=\u00bb20 px\u00bb][vc_column_text]<span style=\"color: #303030;\">Este acabado tambi\u00e9n genera interacci\u00f3n, es posible\u00a0<strong>aplicarlo en su dimensi\u00f3n 2D o 3D, dependiendo del grosor que se busque<\/strong>. Entre sus principales caracter\u00edsticas destaca la repelencia de l\u00edquidos y la alta resistencia al rozamiento.<\/span>[\/vc_column_text][vc_empty_space height=\u00bb20 px\u00bb][vc_column_text]<span style=\"color: #303030;\"><strong>El barniz selectivo 2D<\/strong>\u00a0se aplica como un acabado de impresi\u00f3n para resaltar detalles del dise\u00f1o a trav\u00e9s del brillo, utilizando el color negro al 100% para crear la silueta de las zonas a cubrir.<\/span>[\/vc_column_text][\/vc_column][vc_column width=\u00bb1\/6&#8243;][\/vc_column][\/vc_row][vc_row css_animation=\u00bb\u00bb row_type=\u00bbrow\u00bb use_row_as_full_screen_section=\u00bbno\u00bb type=\u00bbfull_width\u00bb angled_section=\u00bbno\u00bb text_align=\u00bbleft\u00bb background_image_as_pattern=\u00bbwithout_pattern\u00bb][vc_column width=\u00bb1\/6&#8243;][\/vc_column][vc_column width=\u00bb2\/6&#8243;][vc_empty_space height=\u00bb32 px\u00bb][vc_single_image image=\u00bb5979&#8243; img_size=\u00bb900&#215;600&#8243; qode_css_animation=\u00bb\u00bb][vc_empty_space height=\u00bb32 px\u00bb][\/vc_column][vc_column width=\u00bb2\/6&#8243;][vc_empty_space height=\u00bb32 px\u00bb][vc_single_image image=\u00bb5975&#8243; img_size=\u00bb900&#215;600&#8243; qode_css_animation=\u00bb\u00bb][vc_empty_space height=\u00bb32 px\u00bb][\/vc_column][vc_column width=\u00bb1\/6&#8243;][\/vc_column][\/vc_row][vc_row css_animation=\u00bb\u00bb row_type=\u00bbrow\u00bb use_row_as_full_screen_section=\u00bbno\u00bb type=\u00bbfull_width\u00bb angled_section=\u00bbno\u00bb text_align=\u00bbleft\u00bb background_image_as_pattern=\u00bbwithout_pattern\u00bb][vc_column width=\u00bb1\/6&#8243;][\/vc_column][vc_column width=\u00bb2\/3&#8243;][vc_column_text]<span style=\"color: #303030;\"><strong>El barniz selectivo 3D<\/strong>\u00a0crea textura con relieve lo cual confiere volumen y profundidad a las im\u00e1genes. Tambi\u00e9n se utiliza para resaltar textos o motivos. Se consigue utilizando una capa de degradado negro: cuanto mayor sea el porcentaje de negro, mayor relieve se obtendr\u00e1, con un m\u00e1ximo del 100% y un m\u00ednimo del 10%.<\/span>[\/vc_column_text][\/vc_column][vc_column width=\u00bb1\/6&#8243;][\/vc_column][\/vc_row][vc_row css_animation=\u00bb\u00bb row_type=\u00bbrow\u00bb use_row_as_full_screen_section=\u00bbno\u00bb type=\u00bbfull_width\u00bb angled_section=\u00bbno\u00bb text_align=\u00bbleft\u00bb background_image_as_pattern=\u00bbwithout_pattern\u00bb][vc_column width=\u00bb1\/6&#8243;][\/vc_column][vc_column width=\u00bb2\/6&#8243;][vc_empty_space height=\u00bb32 px\u00bb][vc_single_image image=\u00bb5983&#8243; img_size=\u00bb900&#215;600&#8243; qode_css_animation=\u00bb\u00bb][vc_empty_space height=\u00bb32 px\u00bb][\/vc_column][vc_column width=\u00bb2\/6&#8243;][vc_empty_space height=\u00bb32 px\u00bb][vc_single_image image=\u00bb5991&#8243; img_size=\u00bb900&#215;600&#8243; qode_css_animation=\u00bb\u00bb][vc_empty_space height=\u00bb32 px\u00bb][\/vc_column][vc_column width=\u00bb1\/6&#8243;][\/vc_column][\/vc_row][vc_row css_animation=\u00bb\u00bb row_type=\u00bbrow\u00bb use_row_as_full_screen_section=\u00bbno\u00bb type=\u00bbfull_width\u00bb angled_section=\u00bbno\u00bb text_align=\u00bbleft\u00bb background_image_as_pattern=\u00bbwithout_pattern\u00bb][vc_column width=\u00bb1\/6&#8243;][\/vc_column][vc_column width=\u00bb2\/3&#8243;][vc_column_text]<span style=\"color: #303030;\">Ambos barnices pueden combinarse con otros acabados como el estampado digital para diferenciar los elementos m\u00e1s destacados de la marca y obtener una connotaci\u00f3n asociada al lujo. Tambi\u00e9n pueden combinarse en una misma pieza con las tintas especiales o el troquel l\u00e1ser, dependiendo de las necesidades de cada dise\u00f1o.<\/span><\/p>\n<p><span style=\"color: #303030;\">El barniz digital no solo se utiliza para resaltar zonas con alto brillo y\/o relieve, sino que tambi\u00e9n sirve como recurso para crear\u00a0<strong>efectos de marcas de agua.<\/strong><\/span>[\/vc_column_text][vc_empty_space height=\u00bb32 px\u00bb][\/vc_column][vc_column width=\u00bb1\/6&#8243;][\/vc_column][\/vc_row][vc_row css_animation=\u00bb\u00bb row_type=\u00bbrow\u00bb use_row_as_full_screen_section=\u00bbno\u00bb type=\u00bbfull_width\u00bb angled_section=\u00bbno\u00bb text_align=\u00bbleft\u00bb background_image_as_pattern=\u00bbwithout_pattern\u00bb][vc_column width=\u00bb1\/6&#8243;][\/vc_column][vc_column width=\u00bb2\/3&#8243;][vc_column_text]<\/p>\n<h3><strong>Especificaciones<\/strong><\/h3>\n<p>[\/vc_column_text][vc_empty_space height=\u00bb32 px\u00bb][vc_column_text]<span style=\"color: #303030;\">El arte final se entrega en formato pdf con una resoluci\u00f3n m\u00ednima de 300 ppp y a tama\u00f1o real. El pdf ha de contener una p\u00e1gina con el dise\u00f1o gr\u00e1fico, y otra en la que conste las \u00e1reas seleccionadas para aplicar el barniz digital, silueteando la zona y nombrando esa capa como \u201cBarniz\u201d para identificarla correctamente. Es necesario respetar un margen de 3 mm, como m\u00ednimo, desde el borde de corte y de los pliegues sin aplicaci\u00f3n de barniz. Recuerda se\u00f1alar las pautas de corte.<\/span><\/p>\n<p><span style=\"color: #303030;\">Se aconseja utilizar las marcas de registro para asegurarse de que coinciden exactamente con las zonas del dise\u00f1o que desea cubrir con la capa de barniz. Para un mejor acabado, se recomienda aplicar sobre superficies oscuras. Es obligatorio aplicar plastificado mate en las piezas con acabado de barniz digital. Adem\u00e1s, se debe evitar la aplicaci\u00f3n del barniz en pliegues o hendidos, de lo contrario podr\u00eda desprenderse por la presi\u00f3n ejercida.<\/span><\/p>\n<p><span style=\"color: #303030;\">Para su aplicaci\u00f3n en tipograf\u00edas o en l\u00edneas, se debe tener en cuenta que el trazo tenga un m\u00ednimo de 0,5 mm en 3D y de 0,25 mm en 2D; y en calado 1 mm en 3D y 0,5 mm en 2D.<\/span>[\/vc_column_text][vc_empty_space height=\u00bb32 px\u00bb][vc_column_text]<\/p>\n<h3><strong>Observaciones<\/strong><\/h3>\n<p>[\/vc_column_text][vc_empty_space height=\u00bb32 px\u00bb][vc_column_text]<span style=\"color: #303030;\">El barniz digital puede aplicarse en una infinidad de piezas como packaging, tarjetas de visita, felicitaciones, tr\u00edpticos, cat\u00e1logos comerciales o cubiertas de libros. Normalmente, este acabado se utiliza en elementos de comunicaci\u00f3n y packaging referente a joyer\u00edas, antig\u00fcedades, art\u00edculos de lujo, productos de belleza, bebidas de cierto valor, galer\u00edas de arte, estudios de arquitectura y dise\u00f1o, etc. No obstante, es aplicable a cualquier producto que se quiera destacar.<\/span>[\/vc_column_text][\/vc_column][vc_column width=\u00bb1\/6&#8243;][\/vc_column][\/vc_row][vc_row css_animation=\u00bb\u00bb row_type=\u00bbrow\u00bb use_row_as_full_screen_section=\u00bbno\u00bb type=\u00bbfull_width\u00bb angled_section=\u00bbno\u00bb text_align=\u00bbleft\u00bb background_image_as_pattern=\u00bbwithout_pattern\u00bb][vc_column][vc_empty_space height=\u00bb90px\u00bb][vc_column_text]<\/p>\n<h2 style=\"text-align: center;\"><span style=\"color: #cc0033;\">Tu presupuesto en 2 horas<\/span><\/h2>\n<p>[\/vc_column_text][vc_empty_space][\/vc_column][\/vc_row][vc_row css_animation=\u00bb\u00bb row_type=\u00bbrow\u00bb use_row_as_full_screen_section=\u00bbno\u00bb type=\u00bbfull_width\u00bb angled_section=\u00bbno\u00bb text_align=\u00bbcenter\u00bb background_image_as_pattern=\u00bbwithout_pattern\u00bb][vc_column width=\u00bb1\/4&#8243;][\/vc_column][vc_column width=\u00bb1\/4&#8243;][vc_empty_space height=\u00bb20px\u00bb]<a  itemprop=\"url\" href=\"http:\/\/nexeimpressions.com\/es\/solicita-presupuesto\/\" target=\"_self\" data-hover-background-color=\"#cc0033\" data-hover-border-color=\"#cc0033\" data-hover-color=\"#ffffff\" class=\"qbutton  medium center default\" style=\"color: #cc0033; border-color: #cc0033; font-style: normal; font-weight: 800; margin: 0px 0px 0px 0px; background-color:#ffffff;\">SOLICITA TU PRESUPUESTO<\/a>[\/vc_column][vc_column width=\u00bb1\/4&#8243;][vc_empty_space height=\u00bb20px\u00bb]<a  itemprop=\"url\" href=\"mailto:info@nexeimpressions.com\" target=\"_self\" data-hover-background-color=\"#ffffff\" data-hover-border-color=\"#cc0033\" data-hover-color=\"#cc0033\" class=\"qbutton  medium center default\" style=\"color: #ffffff; border-color: #cc0033; font-style: normal; font-weight: 800; margin: 0px 0px 0px 0px; background-color:#cc0033;\">info@nexeimpressions.com<\/a>[\/vc_column][vc_column width=\u00bb1\/4&#8243;][\/vc_column][\/vc_row][vc_row css_animation=\u00bb\u00bb row_type=\u00bbrow\u00bb use_row_as_full_screen_section=\u00bbno\u00bb type=\u00bbfull_width\u00bb angled_section=\u00bbno\u00bb text_align=\u00bbcenter\u00bb background_image_as_pattern=\u00bbwithout_pattern\u00bb][vc_column][vc_empty_space height=\u00bb70px\u00bb][\/vc_column][\/vc_row]<\/p>\n<\/div>","protected":false},"excerpt":{"rendered":"<p>[vc_row css_animation=\u00bb\u00bb row_type=\u00bbrow\u00bb use_row_as_full_screen_section=\u00bbno\u00bb type=\u00bbfull_width\u00bb angled_section=\u00bbno\u00bb text_align=\u00bbleft\u00bb background_image_as_pattern=\u00bbwithout_pattern\u00bb][vc_column width=\u00bb1\/6&#8243;][\/vc_column][vc_column width=\u00bb2\/3&#8243;][vc_empty_space][vc_column_text]\u2190 ACABADOS DIGITALES[\/vc_column_text][vc_empty_space][\/vc_column][vc_column width=\u00bb1\/6&#8243;][\/vc_column][\/vc_row][vc_row css_animation=\u00bb\u00bb row_type=\u00bbrow\u00bb use_row_as_full_screen_section=\u00bbno\u00bb type=\u00bbfull_width\u00bb angled_section=\u00bbno\u00bb text_align=\u00bbleft\u00bb background_image_as_pattern=\u00bbwithout_pattern\u00bb][vc_column width=\u00bb1\/6&#8243;][\/vc_column][vc_column width=\u00bb2\/3&#8243;][vc_single_image image=\u00bb5987&#8243; img_size=\u00bb900&#215;600&#8243; qode_css_animation=\u00bb\u00bb][vc_empty_space height=\u00bb50px\u00bb][\/vc_column][vc_column width=\u00bb1\/6&#8243;][\/vc_column][\/vc_row][vc_row css_animation=\u00bb\u00bb row_type=\u00bbrow\u00bb use_row_as_full_screen_section=\u00bbno\u00bb type=\u00bbfull_width\u00bb angled_section=\u00bbno\u00bb text_align=\u00bbleft\u00bb background_image_as_pattern=\u00bbwithout_pattern\u00bb][vc_column width=\u00bb1\/6&#8243;][\/vc_column][vc_column width=\u00bb2\/3&#8243;][vc_empty_space height=\u00bb32 px\u00bb][vc_column_text] Beneficios [\/vc_column_text][vc_empty_space height=\u00bb32 px\u00bb][vc_column_text]El barniz selectivo 2D&#8230;<\/p>\n","protected":false},"author":1,"featured_media":0,"parent":0,"menu_order":202,"comment_status":"closed","ping_status":"closed","template":"","meta":{"footnotes":""},"class_list":["post-5889","page","type-page","status-publish","hentry"],"yoast_head":"<!-- This site is optimized with the Yoast SEO plugin v25.0 - https:\/\/yoast.com\/wordpress\/plugins\/seo\/ -->\n<title>Barniz digital 2D y 3D &#8211; Nexe Impressions<\/title>\n<meta name=\"description\" content=\"El barniz selectivo 2D y 3D puede aplicarse pr\u00e1cticamente sobre cualquier tipo de soporte, ya sea papel o sint\u00e9tico, creando efectos muy llamativos.\" \/>\n<meta name=\"robots\" content=\"index, follow, max-snippet:-1, max-image-preview:large, max-video-preview:-1\" \/>\n<link rel=\"canonical\" href=\"https:\/\/nexeimpressions.com\/es\/barniz-digital-2d-y-3d\/\" \/>\n<meta property=\"og:locale\" content=\"es_ES\" \/>\n<meta property=\"og:type\" content=\"article\" \/>\n<meta property=\"og:title\" content=\"Barniz digital 2D y 3D &#8211; Nexe Impressions\" \/>\n<meta property=\"og:description\" content=\"El barniz selectivo 2D y 3D puede aplicarse pr\u00e1cticamente sobre cualquier tipo de soporte, ya sea papel o sint\u00e9tico, creando efectos muy llamativos.\" \/>\n<meta property=\"og:url\" content=\"https:\/\/nexeimpressions.com\/es\/barniz-digital-2d-y-3d\/\" \/>\n<meta property=\"og:site_name\" content=\"Nexe Impressions\" \/>\n<meta property=\"article:publisher\" content=\"https:\/\/www.facebook.com\/nexeimpressions\" \/>\n<meta property=\"article:modified_time\" content=\"2025-11-06T14:44:01+00:00\" \/>\n<meta name=\"twitter:card\" content=\"summary_large_image\" \/>\n<meta name=\"twitter:label1\" content=\"Tiempo de lectura\" \/>\n\t<meta name=\"twitter:data1\" content=\"5 minutos\" \/>\n<script type=\"application\/ld+json\" class=\"yoast-schema-graph\">{\"@context\":\"https:\/\/schema.org\",\"@graph\":[{\"@type\":\"WebPage\",\"@id\":\"https:\/\/nexeimpressions.com\/es\/barniz-digital-2d-y-3d\/\",\"url\":\"https:\/\/nexeimpressions.com\/es\/barniz-digital-2d-y-3d\/\",\"name\":\"Barniz digital 2D y 3D &#8211; Nexe Impressions\",\"isPartOf\":{\"@id\":\"https:\/\/nexeimpressions.com\/es\/#website\"},\"datePublished\":\"2020-01-10T10:16:02+00:00\",\"dateModified\":\"2025-11-06T14:44:01+00:00\",\"description\":\"El barniz selectivo 2D y 3D puede aplicarse pr\u00e1cticamente sobre cualquier tipo de soporte, ya sea papel o sint\u00e9tico, creando efectos muy llamativos.\",\"breadcrumb\":{\"@id\":\"https:\/\/nexeimpressions.com\/es\/barniz-digital-2d-y-3d\/#breadcrumb\"},\"inLanguage\":\"es\",\"potentialAction\":[{\"@type\":\"ReadAction\",\"target\":[\"https:\/\/nexeimpressions.com\/es\/barniz-digital-2d-y-3d\/\"]}]},{\"@type\":\"BreadcrumbList\",\"@id\":\"https:\/\/nexeimpressions.com\/es\/barniz-digital-2d-y-3d\/#breadcrumb\",\"itemListElement\":[{\"@type\":\"ListItem\",\"position\":1,\"name\":\"Home\",\"item\":\"https:\/\/nexeimpressions.com\/es\/\"},{\"@type\":\"ListItem\",\"position\":2,\"name\":\"Barniz digital 2D y 3D\"}]},{\"@type\":\"WebSite\",\"@id\":\"https:\/\/nexeimpressions.com\/es\/#website\",\"url\":\"https:\/\/nexeimpressions.com\/es\/\",\"name\":\"Nexe Impressions\",\"description\":\"Print worthy\",\"potentialAction\":[{\"@type\":\"SearchAction\",\"target\":{\"@type\":\"EntryPoint\",\"urlTemplate\":\"https:\/\/nexeimpressions.com\/es\/?s={search_term_string}\"},\"query-input\":{\"@type\":\"PropertyValueSpecification\",\"valueRequired\":true,\"valueName\":\"search_term_string\"}}],\"inLanguage\":\"es\"}]}<\/script>\n<!-- \/ Yoast SEO plugin. -->","yoast_head_json":{"title":"Barniz digital 2D y 3D &#8211; Nexe Impressions","description":"El barniz selectivo 2D y 3D puede aplicarse pr\u00e1cticamente sobre cualquier tipo de soporte, ya sea papel o sint\u00e9tico, creando efectos muy llamativos.","robots":{"index":"index","follow":"follow","max-snippet":"max-snippet:-1","max-image-preview":"max-image-preview:large","max-video-preview":"max-video-preview:-1"},"canonical":"https:\/\/nexeimpressions.com\/es\/barniz-digital-2d-y-3d\/","og_locale":"es_ES","og_type":"article","og_title":"Barniz digital 2D y 3D &#8211; Nexe Impressions","og_description":"El barniz selectivo 2D y 3D puede aplicarse pr\u00e1cticamente sobre cualquier tipo de soporte, ya sea papel o sint\u00e9tico, creando efectos muy llamativos.","og_url":"https:\/\/nexeimpressions.com\/es\/barniz-digital-2d-y-3d\/","og_site_name":"Nexe Impressions","article_publisher":"https:\/\/www.facebook.com\/nexeimpressions","article_modified_time":"2025-11-06T14:44:01+00:00","twitter_card":"summary_large_image","twitter_misc":{"Tiempo de lectura":"5 minutos"},"schema":{"@context":"https:\/\/schema.org","@graph":[{"@type":"WebPage","@id":"https:\/\/nexeimpressions.com\/es\/barniz-digital-2d-y-3d\/","url":"https:\/\/nexeimpressions.com\/es\/barniz-digital-2d-y-3d\/","name":"Barniz digital 2D y 3D &#8211; Nexe Impressions","isPartOf":{"@id":"https:\/\/nexeimpressions.com\/es\/#website"},"datePublished":"2020-01-10T10:16:02+00:00","dateModified":"2025-11-06T14:44:01+00:00","description":"El barniz selectivo 2D y 3D puede aplicarse pr\u00e1cticamente sobre cualquier tipo de soporte, ya sea papel o sint\u00e9tico, creando efectos muy llamativos.","breadcrumb":{"@id":"https:\/\/nexeimpressions.com\/es\/barniz-digital-2d-y-3d\/#breadcrumb"},"inLanguage":"es","potentialAction":[{"@type":"ReadAction","target":["https:\/\/nexeimpressions.com\/es\/barniz-digital-2d-y-3d\/"]}]},{"@type":"BreadcrumbList","@id":"https:\/\/nexeimpressions.com\/es\/barniz-digital-2d-y-3d\/#breadcrumb","itemListElement":[{"@type":"ListItem","position":1,"name":"Home","item":"https:\/\/nexeimpressions.com\/es\/"},{"@type":"ListItem","position":2,"name":"Barniz digital 2D y 3D"}]},{"@type":"WebSite","@id":"https:\/\/nexeimpressions.com\/es\/#website","url":"https:\/\/nexeimpressions.com\/es\/","name":"Nexe Impressions","description":"Print worthy","potentialAction":[{"@type":"SearchAction","target":{"@type":"EntryPoint","urlTemplate":"https:\/\/nexeimpressions.com\/es\/?s={search_term_string}"},"query-input":{"@type":"PropertyValueSpecification","valueRequired":true,"valueName":"search_term_string"}}],"inLanguage":"es"}]}},"_links":{"self":[{"href":"https:\/\/nexeimpressions.com\/es\/wp-json\/wp\/v2\/pages\/5889","targetHints":{"allow":["GET"]}}],"collection":[{"href":"https:\/\/nexeimpressions.com\/es\/wp-json\/wp\/v2\/pages"}],"about":[{"href":"https:\/\/nexeimpressions.com\/es\/wp-json\/wp\/v2\/types\/page"}],"author":[{"embeddable":true,"href":"https:\/\/nexeimpressions.com\/es\/wp-json\/wp\/v2\/users\/1"}],"replies":[{"embeddable":true,"href":"https:\/\/nexeimpressions.com\/es\/wp-json\/wp\/v2\/comments?post=5889"}],"version-history":[{"count":2,"href":"https:\/\/nexeimpressions.com\/es\/wp-json\/wp\/v2\/pages\/5889\/revisions"}],"predecessor-version":[{"id":25345,"href":"https:\/\/nexeimpressions.com\/es\/wp-json\/wp\/v2\/pages\/5889\/revisions\/25345"}],"wp:attachment":[{"href":"https:\/\/nexeimpressions.com\/es\/wp-json\/wp\/v2\/media?parent=5889"}],"curies":[{"name":"wp","href":"https:\/\/api.w.org\/{rel}","templated":true}]}}