 {"id":5897,"date":"2020-01-10T11:01:33","date_gmt":"2020-01-10T11:01:33","guid":{"rendered":"http:\/\/www.nexeimpressions.com\/?page_id=5897"},"modified":"2025-11-06T16:44:29","modified_gmt":"2025-11-06T14:44:29","slug":"troquelado-digital-corte-y-hendido","status":"publish","type":"page","link":"https:\/\/nexeimpressions.com\/es\/troquelado-digital-corte-y-hendido\/","title":{"rendered":"Troquelado digital, corte y hendido"},"content":{"rendered":"<div class=\"wpb-content-wrapper\"><p>[vc_row css_animation=\u00bb\u00bb row_type=\u00bbrow\u00bb use_row_as_full_screen_section=\u00bbno\u00bb type=\u00bbfull_width\u00bb angled_section=\u00bbno\u00bb text_align=\u00bbleft\u00bb background_image_as_pattern=\u00bbwithout_pattern\u00bb][vc_column width=\u00bb1\/6&#8243;][\/vc_column][vc_column width=\u00bb2\/3&#8243;][vc_empty_space][vc_column_text]<strong><a tabindex=\"0\" href=\"\/?page_id=5867\"><span class=\"back-arrow\">\u2190 <\/span>ACABADOS DIGITALES<\/a><\/strong>[\/vc_column_text][vc_empty_space][\/vc_column][vc_column width=\u00bb1\/6&#8243;][\/vc_column][\/vc_row][vc_row css_animation=\u00bb\u00bb row_type=\u00bbrow\u00bb use_row_as_full_screen_section=\u00bbno\u00bb type=\u00bbfull_width\u00bb angled_section=\u00bbno\u00bb text_align=\u00bbleft\u00bb background_image_as_pattern=\u00bbwithout_pattern\u00bb][vc_column width=\u00bb1\/6&#8243;][\/vc_column][vc_column width=\u00bb2\/3&#8243;][vc_single_image image=\u00bb8867&#8243; img_size=\u00bbfull\u00bb qode_css_animation=\u00bb\u00bb][vc_empty_space height=\u00bb50px\u00bb][\/vc_column][vc_column width=\u00bb1\/6&#8243;][\/vc_column][\/vc_row][vc_row css_animation=\u00bb\u00bb row_type=\u00bbrow\u00bb use_row_as_full_screen_section=\u00bbno\u00bb type=\u00bbfull_width\u00bb angled_section=\u00bbno\u00bb text_align=\u00bbleft\u00bb background_image_as_pattern=\u00bbwithout_pattern\u00bb][vc_column width=\u00bb1\/6&#8243;][\/vc_column][vc_column width=\u00bb2\/3&#8243;][vc_column_text]<\/p>\n<h3><strong>Beneficios<\/strong><\/h3>\n<p>[\/vc_column_text][vc_empty_space height=\u00bb32 px\u00bb][vc_column_text]<span style=\"color: #303030;\">El troquel digital permite aplicar formas a los trabajos para hacerlos m\u00e1s originales. As\u00ed, es posible conferir formas, tanto exteriores como interiores, a elementos publicitarios, corporativos, estructuras, etc.<\/span>[\/vc_column_text][vc_empty_space height=\u00bb20 px\u00bb][vc_column_text]<span style=\"color: #303030;\">Se trata de un sistema de corte robotizado mediante cuchillas que es capaz de realizar cualquier trabajo de troquelado sobre diversidad de soportes \u2013 papeles, r\u00edgidos o flexibles-, siempre y cuando tengan un grosor m\u00e1ximo de 10 mm para trabajos de corte en gran formato, y de 1 mm de corte y hendido para el resto.<\/span>[\/vc_column_text][vc_empty_space height=\u00bb20 px\u00bb][vc_column_text]<span style=\"color: #303030;\">Este acabado se puede combinar con otros como el estampado digital o el barniz selectivo 2D y 3D, para conseguir trabajos sorprendentes.<\/span>[\/vc_column_text][vc_empty_space height=\u00bb32 px\u00bb][\/vc_column][vc_column width=\u00bb1\/6&#8243;][\/vc_column][\/vc_row][vc_row css_animation=\u00bb\u00bb row_type=\u00bbrow\u00bb use_row_as_full_screen_section=\u00bbno\u00bb type=\u00bbfull_width\u00bb angled_section=\u00bbno\u00bb text_align=\u00bbleft\u00bb background_image_as_pattern=\u00bbwithout_pattern\u00bb][vc_column width=\u00bb1\/6&#8243;][\/vc_column][vc_column width=\u00bb2\/6&#8243;][vc_empty_space height=\u00bb32 px\u00bb][vc_single_image image=\u00bb6083&#8243; img_size=\u00bb900&#215;600&#8243; qode_css_animation=\u00bb\u00bb][\/vc_column][vc_column width=\u00bb2\/6&#8243;][vc_empty_space height=\u00bb32 px\u00bb][vc_single_image image=\u00bb6087&#8243; img_size=\u00bb900&#215;600&#8243; qode_css_animation=\u00bb\u00bb][\/vc_column][vc_column width=\u00bb1\/6&#8243;][\/vc_column][\/vc_row][vc_row css_animation=\u00bb\u00bb row_type=\u00bbrow\u00bb use_row_as_full_screen_section=\u00bbno\u00bb type=\u00bbfull_width\u00bb angled_section=\u00bbno\u00bb text_align=\u00bbleft\u00bb background_image_as_pattern=\u00bbwithout_pattern\u00bb][vc_column width=\u00bb1\/6&#8243;][\/vc_column][vc_column width=\u00bb2\/6&#8243;][vc_empty_space height=\u00bb32 px\u00bb][vc_single_image image=\u00bb6091&#8243; img_size=\u00bb900&#215;600&#8243; qode_css_animation=\u00bb\u00bb][vc_empty_space height=\u00bb32 px\u00bb][\/vc_column][vc_column width=\u00bb2\/6&#8243;][vc_empty_space height=\u00bb32 px\u00bb][vc_single_image image=\u00bb6112&#8243; img_size=\u00bb900&#215;600&#8243; qode_css_animation=\u00bb\u00bb][vc_empty_space height=\u00bb32 px\u00bb][\/vc_column][vc_column width=\u00bb1\/6&#8243;][\/vc_column][\/vc_row][vc_row css_animation=\u00bb\u00bb row_type=\u00bbrow\u00bb use_row_as_full_screen_section=\u00bbno\u00bb type=\u00bbfull_width\u00bb angled_section=\u00bbno\u00bb text_align=\u00bbleft\u00bb background_image_as_pattern=\u00bbwithout_pattern\u00bb][vc_column width=\u00bb1\/6&#8243;][\/vc_column][vc_column width=\u00bb2\/3&#8243;][vc_column_text]<\/p>\n<h3><strong>Especificaciones<\/strong><\/h3>\n<p>[\/vc_column_text][vc_empty_space height=\u00bb32 px\u00bb][vc_column_text]<span style=\"color: #303030;\">El arte final se entrega en formato pdf con una resoluci\u00f3n m\u00ednima de 300 ppp y a tama\u00f1o real. El pdf ha de contener una p\u00e1gina con el dise\u00f1o gr\u00e1fico, y otra en la que conste la zona de corte y hendido de la caja diferenci\u00e1ndolos con dos colores planos.<\/span>[\/vc_column_text][vc_empty_space height=\u00bb20 px\u00bb][vc_column_text]<span style=\"color: #303030;\">Para un resultado \u00f3ptimo del hendido, es necesario dejar un sangrado perimetral de, al menos, 3 mm. En el caso de las l\u00edneas de troquel, tambi\u00e9n se recomienda, en la medida de lo posible.<\/span>[\/vc_column_text][vc_empty_space height=\u00bb20 px\u00bb][vc_column_text]<span style=\"color: #303030;\">Recuerda evitar situar elementos importantes del dise\u00f1o como texto o im\u00e1genes en las zonas de corte y hendido para obtener un resultado \u00f3ptimo del trabajo.<\/span>[\/vc_column_text][vc_empty_space height=\u00bb20 px\u00bb][vc_column_text]<span style=\"color: #303030;\">En el caso del packaging, si se requiere que la gr\u00e1fica solo se imprima en las partes visibles -no se incluir\u00e1 impresi\u00f3n en las solapas o pesta\u00f1as interiores- es necesario dejar un sangrado perimetral de al menos 3mm. De lo contario, al realizar el plegado de la caja es posible que quede visible la zona no impresa.<\/span>[\/vc_column_text][vc_empty_space height=\u00bb32 px\u00bb][vc_single_image image=\u00bb6103&#8243; img_size=\u00bb900&#215;600&#8243; qode_css_animation=\u00bb\u00bb][vc_empty_space height=\u00bb32 px\u00bb][\/vc_column][vc_column width=\u00bb1\/6&#8243;][\/vc_column][\/vc_row][vc_row css_animation=\u00bb\u00bb row_type=\u00bbrow\u00bb use_row_as_full_screen_section=\u00bbno\u00bb type=\u00bbfull_width\u00bb angled_section=\u00bbno\u00bb text_align=\u00bbleft\u00bb background_image_as_pattern=\u00bbwithout_pattern\u00bb][vc_column width=\u00bb1\/6&#8243;][\/vc_column][vc_column width=\u00bb2\/3&#8243;][vc_column_text]<\/p>\n<h3><strong>Observaciones<\/strong><\/h3>\n<p>[\/vc_column_text][vc_empty_space height=\u00bb32 px\u00bb][vc_column_text]<span style=\"color: #303030;\">Esta t\u00e9cnica es muy utilizada ya que se puede aplicar sobre una infinidad de elementos como los componentes de la identidad visual corporativa como tarjetas de visita, carpetas, calendarios, etiquetas, packaging, etc.<\/span>[\/vc_column_text][vc_empty_space height=\u00bb20 px\u00bb][vc_column_text]<span style=\"color: #303030;\">A nivel publicitario se usa para generar un mayor impacto visual en carteler\u00eda, entradas, folletos creativos, displays, stoppers publicitarios, pegatinas, etc. Se trata de un recurso muy influyente en los resultados de las campa\u00f1as de marketing.<\/span>[\/vc_column_text][vc_empty_space height=\u00bb20 px\u00bb][vc_column_text]<span style=\"color: #303030;\">Tambi\u00e9n es posible su aplicaci\u00f3n en estructuras de PLV y de gran formato en general, tanto para decoraci\u00f3n como para publicidad.<\/span>[\/vc_column_text][\/vc_column][vc_column width=\u00bb1\/6&#8243;][\/vc_column][\/vc_row][vc_row css_animation=\u00bb\u00bb row_type=\u00bbrow\u00bb use_row_as_full_screen_section=\u00bbno\u00bb type=\u00bbfull_width\u00bb angled_section=\u00bbno\u00bb text_align=\u00bbleft\u00bb background_image_as_pattern=\u00bbwithout_pattern\u00bb][vc_column][vc_empty_space height=\u00bb90px\u00bb][vc_column_text]<\/p>\n<h2 style=\"text-align: center;\"><span style=\"color: #cc0033;\">Tu presupuesto en 2 horas<\/span><\/h2>\n<p>[\/vc_column_text][vc_empty_space][\/vc_column][\/vc_row][vc_row css_animation=\u00bb\u00bb row_type=\u00bbrow\u00bb use_row_as_full_screen_section=\u00bbno\u00bb type=\u00bbfull_width\u00bb angled_section=\u00bbno\u00bb text_align=\u00bbcenter\u00bb background_image_as_pattern=\u00bbwithout_pattern\u00bb][vc_column width=\u00bb1\/4&#8243;][\/vc_column][vc_column width=\u00bb1\/4&#8243;][vc_empty_space height=\u00bb20px\u00bb]<a  itemprop=\"url\" href=\"http:\/\/nexeimpressions.com\/es\/solicita-presupuesto\/\" target=\"_self\" data-hover-background-color=\"#cc0033\" data-hover-border-color=\"#cc0033\" data-hover-color=\"#ffffff\" class=\"qbutton  medium center default\" style=\"color: #cc0033; border-color: #cc0033; font-style: normal; font-weight: 800; margin: 0px 0px 0px 0px; background-color:#ffffff;\">SOLICITA TU PRESUPUESTO<\/a>[\/vc_column][vc_column width=\u00bb1\/4&#8243;][vc_empty_space height=\u00bb20px\u00bb]<a  itemprop=\"url\" href=\"mailto:info@nexeimpressions.com\" target=\"_self\" data-hover-background-color=\"#ffffff\" data-hover-border-color=\"#cc0033\" data-hover-color=\"#cc0033\" class=\"qbutton  medium center default\" style=\"color: #ffffff; border-color: #cc0033; font-style: normal; font-weight: 800; margin: 0px 0px 0px 0px; background-color:#cc0033;\">info@nexeimpressions.com<\/a>[\/vc_column][vc_column width=\u00bb1\/4&#8243;][\/vc_column][\/vc_row][vc_row css_animation=\u00bb\u00bb row_type=\u00bbrow\u00bb use_row_as_full_screen_section=\u00bbno\u00bb type=\u00bbfull_width\u00bb angled_section=\u00bbno\u00bb text_align=\u00bbcenter\u00bb background_image_as_pattern=\u00bbwithout_pattern\u00bb][vc_column][vc_empty_space height=\u00bb70px\u00bb][\/vc_column][\/vc_row]<\/p>\n<\/div>","protected":false},"excerpt":{"rendered":"<p>[vc_row css_animation=\u00bb\u00bb row_type=\u00bbrow\u00bb use_row_as_full_screen_section=\u00bbno\u00bb type=\u00bbfull_width\u00bb angled_section=\u00bbno\u00bb text_align=\u00bbleft\u00bb background_image_as_pattern=\u00bbwithout_pattern\u00bb][vc_column width=\u00bb1\/6&#8243;][\/vc_column][vc_column width=\u00bb2\/3&#8243;][vc_empty_space][vc_column_text]\u2190 ACABADOS DIGITALES[\/vc_column_text][vc_empty_space][\/vc_column][vc_column width=\u00bb1\/6&#8243;][\/vc_column][\/vc_row][vc_row css_animation=\u00bb\u00bb row_type=\u00bbrow\u00bb use_row_as_full_screen_section=\u00bbno\u00bb type=\u00bbfull_width\u00bb angled_section=\u00bbno\u00bb text_align=\u00bbleft\u00bb background_image_as_pattern=\u00bbwithout_pattern\u00bb][vc_column width=\u00bb1\/6&#8243;][\/vc_column][vc_column width=\u00bb2\/3&#8243;][vc_single_image image=\u00bb8867&#8243; img_size=\u00bbfull\u00bb qode_css_animation=\u00bb\u00bb][vc_empty_space height=\u00bb50px\u00bb][\/vc_column][vc_column width=\u00bb1\/6&#8243;][\/vc_column][\/vc_row][vc_row css_animation=\u00bb\u00bb row_type=\u00bbrow\u00bb use_row_as_full_screen_section=\u00bbno\u00bb type=\u00bbfull_width\u00bb angled_section=\u00bbno\u00bb text_align=\u00bbleft\u00bb background_image_as_pattern=\u00bbwithout_pattern\u00bb][vc_column width=\u00bb1\/6&#8243;][\/vc_column][vc_column width=\u00bb2\/3&#8243;][vc_column_text] Beneficios [\/vc_column_text][vc_empty_space height=\u00bb32 px\u00bb][vc_column_text]El troquel digital permite aplicar formas&#8230;<\/p>\n","protected":false},"author":1,"featured_media":0,"parent":0,"menu_order":189,"comment_status":"closed","ping_status":"closed","template":"","meta":{"footnotes":""},"class_list":["post-5897","page","type-page","status-publish","hentry"],"yoast_head":"<!-- This site is optimized with the Yoast SEO plugin v25.0 - https:\/\/yoast.com\/wordpress\/plugins\/seo\/ -->\n<title>Troquelado digital, corte y hendido &#8211; Nexe Impressions<\/title>\n<meta name=\"description\" content=\"El troquel digital permite aplicar formas a los trabajos, tanto exteriores como interiores, para hacerlos m\u00e1s originales.\" \/>\n<meta name=\"robots\" content=\"index, follow, max-snippet:-1, max-image-preview:large, max-video-preview:-1\" \/>\n<link rel=\"canonical\" href=\"https:\/\/nexeimpressions.com\/es\/troquelado-digital-corte-y-hendido\/\" \/>\n<meta property=\"og:locale\" content=\"es_ES\" \/>\n<meta property=\"og:type\" content=\"article\" \/>\n<meta property=\"og:title\" content=\"Troquelado digital, corte y hendido &#8211; Nexe Impressions\" \/>\n<meta property=\"og:description\" content=\"El troquel digital permite aplicar formas a los trabajos, tanto exteriores como interiores, para hacerlos m\u00e1s originales.\" \/>\n<meta property=\"og:url\" content=\"https:\/\/nexeimpressions.com\/es\/troquelado-digital-corte-y-hendido\/\" \/>\n<meta property=\"og:site_name\" content=\"Nexe Impressions\" \/>\n<meta property=\"article:publisher\" content=\"https:\/\/www.facebook.com\/nexeimpressions\" \/>\n<meta property=\"article:modified_time\" content=\"2025-11-06T14:44:29+00:00\" \/>\n<meta name=\"twitter:card\" content=\"summary_large_image\" \/>\n<meta name=\"twitter:label1\" content=\"Tiempo de lectura\" \/>\n\t<meta name=\"twitter:data1\" content=\"4 minutos\" \/>\n<script type=\"application\/ld+json\" class=\"yoast-schema-graph\">{\"@context\":\"https:\/\/schema.org\",\"@graph\":[{\"@type\":\"WebPage\",\"@id\":\"https:\/\/nexeimpressions.com\/es\/troquelado-digital-corte-y-hendido\/\",\"url\":\"https:\/\/nexeimpressions.com\/es\/troquelado-digital-corte-y-hendido\/\",\"name\":\"Troquelado digital, corte y hendido &#8211; Nexe Impressions\",\"isPartOf\":{\"@id\":\"https:\/\/nexeimpressions.com\/es\/#website\"},\"datePublished\":\"2020-01-10T11:01:33+00:00\",\"dateModified\":\"2025-11-06T14:44:29+00:00\",\"description\":\"El troquel digital permite aplicar formas a los trabajos, tanto exteriores como interiores, para hacerlos m\u00e1s originales.\",\"breadcrumb\":{\"@id\":\"https:\/\/nexeimpressions.com\/es\/troquelado-digital-corte-y-hendido\/#breadcrumb\"},\"inLanguage\":\"es\",\"potentialAction\":[{\"@type\":\"ReadAction\",\"target\":[\"https:\/\/nexeimpressions.com\/es\/troquelado-digital-corte-y-hendido\/\"]}]},{\"@type\":\"BreadcrumbList\",\"@id\":\"https:\/\/nexeimpressions.com\/es\/troquelado-digital-corte-y-hendido\/#breadcrumb\",\"itemListElement\":[{\"@type\":\"ListItem\",\"position\":1,\"name\":\"Home\",\"item\":\"https:\/\/nexeimpressions.com\/es\/\"},{\"@type\":\"ListItem\",\"position\":2,\"name\":\"Troquelado digital, corte y hendido\"}]},{\"@type\":\"WebSite\",\"@id\":\"https:\/\/nexeimpressions.com\/es\/#website\",\"url\":\"https:\/\/nexeimpressions.com\/es\/\",\"name\":\"Nexe Impressions\",\"description\":\"Print worthy\",\"potentialAction\":[{\"@type\":\"SearchAction\",\"target\":{\"@type\":\"EntryPoint\",\"urlTemplate\":\"https:\/\/nexeimpressions.com\/es\/?s={search_term_string}\"},\"query-input\":{\"@type\":\"PropertyValueSpecification\",\"valueRequired\":true,\"valueName\":\"search_term_string\"}}],\"inLanguage\":\"es\"}]}<\/script>\n<!-- \/ Yoast SEO plugin. -->","yoast_head_json":{"title":"Troquelado digital, corte y hendido &#8211; Nexe Impressions","description":"El troquel digital permite aplicar formas a los trabajos, tanto exteriores como interiores, para hacerlos m\u00e1s originales.","robots":{"index":"index","follow":"follow","max-snippet":"max-snippet:-1","max-image-preview":"max-image-preview:large","max-video-preview":"max-video-preview:-1"},"canonical":"https:\/\/nexeimpressions.com\/es\/troquelado-digital-corte-y-hendido\/","og_locale":"es_ES","og_type":"article","og_title":"Troquelado digital, corte y hendido &#8211; Nexe Impressions","og_description":"El troquel digital permite aplicar formas a los trabajos, tanto exteriores como interiores, para hacerlos m\u00e1s originales.","og_url":"https:\/\/nexeimpressions.com\/es\/troquelado-digital-corte-y-hendido\/","og_site_name":"Nexe Impressions","article_publisher":"https:\/\/www.facebook.com\/nexeimpressions","article_modified_time":"2025-11-06T14:44:29+00:00","twitter_card":"summary_large_image","twitter_misc":{"Tiempo de lectura":"4 minutos"},"schema":{"@context":"https:\/\/schema.org","@graph":[{"@type":"WebPage","@id":"https:\/\/nexeimpressions.com\/es\/troquelado-digital-corte-y-hendido\/","url":"https:\/\/nexeimpressions.com\/es\/troquelado-digital-corte-y-hendido\/","name":"Troquelado digital, corte y hendido &#8211; Nexe Impressions","isPartOf":{"@id":"https:\/\/nexeimpressions.com\/es\/#website"},"datePublished":"2020-01-10T11:01:33+00:00","dateModified":"2025-11-06T14:44:29+00:00","description":"El troquel digital permite aplicar formas a los trabajos, tanto exteriores como interiores, para hacerlos m\u00e1s originales.","breadcrumb":{"@id":"https:\/\/nexeimpressions.com\/es\/troquelado-digital-corte-y-hendido\/#breadcrumb"},"inLanguage":"es","potentialAction":[{"@type":"ReadAction","target":["https:\/\/nexeimpressions.com\/es\/troquelado-digital-corte-y-hendido\/"]}]},{"@type":"BreadcrumbList","@id":"https:\/\/nexeimpressions.com\/es\/troquelado-digital-corte-y-hendido\/#breadcrumb","itemListElement":[{"@type":"ListItem","position":1,"name":"Home","item":"https:\/\/nexeimpressions.com\/es\/"},{"@type":"ListItem","position":2,"name":"Troquelado digital, corte y hendido"}]},{"@type":"WebSite","@id":"https:\/\/nexeimpressions.com\/es\/#website","url":"https:\/\/nexeimpressions.com\/es\/","name":"Nexe Impressions","description":"Print worthy","potentialAction":[{"@type":"SearchAction","target":{"@type":"EntryPoint","urlTemplate":"https:\/\/nexeimpressions.com\/es\/?s={search_term_string}"},"query-input":{"@type":"PropertyValueSpecification","valueRequired":true,"valueName":"search_term_string"}}],"inLanguage":"es"}]}},"_links":{"self":[{"href":"https:\/\/nexeimpressions.com\/es\/wp-json\/wp\/v2\/pages\/5897","targetHints":{"allow":["GET"]}}],"collection":[{"href":"https:\/\/nexeimpressions.com\/es\/wp-json\/wp\/v2\/pages"}],"about":[{"href":"https:\/\/nexeimpressions.com\/es\/wp-json\/wp\/v2\/types\/page"}],"author":[{"embeddable":true,"href":"https:\/\/nexeimpressions.com\/es\/wp-json\/wp\/v2\/users\/1"}],"replies":[{"embeddable":true,"href":"https:\/\/nexeimpressions.com\/es\/wp-json\/wp\/v2\/comments?post=5897"}],"version-history":[{"count":2,"href":"https:\/\/nexeimpressions.com\/es\/wp-json\/wp\/v2\/pages\/5897\/revisions"}],"predecessor-version":[{"id":25348,"href":"https:\/\/nexeimpressions.com\/es\/wp-json\/wp\/v2\/pages\/5897\/revisions\/25348"}],"wp:attachment":[{"href":"https:\/\/nexeimpressions.com\/es\/wp-json\/wp\/v2\/media?parent=5897"}],"curies":[{"name":"wp","href":"https:\/\/api.w.org\/{rel}","templated":true}]}}