 {"id":5902,"date":"2020-01-10T11:06:59","date_gmt":"2020-01-10T11:06:59","guid":{"rendered":"http:\/\/www.nexeimpressions.com\/?page_id=5902"},"modified":"2025-11-06T16:52:41","modified_gmt":"2025-11-06T14:52:41","slug":"troquelado-laser","status":"publish","type":"page","link":"https:\/\/nexeimpressions.com\/es\/troquelado-laser\/","title":{"rendered":"Troquel l\u00e1ser"},"content":{"rendered":"<div class=\"wpb-content-wrapper\"><p>[vc_row css_animation=\u00bb\u00bb row_type=\u00bbrow\u00bb use_row_as_full_screen_section=\u00bbno\u00bb type=\u00bbfull_width\u00bb angled_section=\u00bbno\u00bb text_align=\u00bbleft\u00bb background_image_as_pattern=\u00bbwithout_pattern\u00bb][vc_column width=\u00bb1\/6&#8243;][\/vc_column][vc_column width=\u00bb2\/3&#8243;][vc_empty_space][vc_column_text]<strong><a tabindex=\"0\" href=\"\/?page_id=5867\"><span class=\"back-arrow\">\u2190 <\/span>ACABADOS DIGITALES<\/a><\/strong>[\/vc_column_text][vc_empty_space][\/vc_column][vc_column width=\u00bb1\/6&#8243;][\/vc_column][\/vc_row][vc_row css_animation=\u00bb\u00bb row_type=\u00bbrow\u00bb use_row_as_full_screen_section=\u00bbno\u00bb type=\u00bbfull_width\u00bb angled_section=\u00bbno\u00bb text_align=\u00bbleft\u00bb background_image_as_pattern=\u00bbwithout_pattern\u00bb][vc_column width=\u00bb1\/6&#8243;][\/vc_column][vc_column width=\u00bb2\/3&#8243;][vc_single_image image=\u00bb8830&#8243; img_size=\u00bbfull\u00bb qode_css_animation=\u00bb\u00bb][vc_empty_space height=\u00bb50px\u00bb][\/vc_column][vc_column width=\u00bb1\/6&#8243;][\/vc_column][\/vc_row][vc_row css_animation=\u00bb\u00bb row_type=\u00bbrow\u00bb use_row_as_full_screen_section=\u00bbno\u00bb type=\u00bbfull_width\u00bb angled_section=\u00bbno\u00bb text_align=\u00bbleft\u00bb background_image_as_pattern=\u00bbwithout_pattern\u00bb][vc_column width=\u00bb1\/6&#8243;][\/vc_column][vc_column width=\u00bb2\/3&#8243;][vc_column_text]<\/p>\n<h3><strong>Beneficios<\/strong><\/h3>\n<p>[\/vc_column_text][vc_empty_space height=\u00bb32 px\u00bb][vc_column_text]<span style=\"color: #303030;\">El troquel l\u00e1ser permite realizar piezas con formas muy complejas con corte tanto en el interior como en el exterior de un elemento. Se trata de una posibilidad de corte casi sin l\u00edmites, que destaca por su alto nivel de precisi\u00f3n, detalle y calidad, m\u00e1s all\u00e1 de las barreras que impone el troquel convencional.<\/span>[\/vc_column_text][vc_empty_space height=\u00bb20 px\u00bb][vc_column_text]<span style=\"color: #303030;\">Existen dos tipos de troquel l\u00e1ser, en funci\u00f3n del n\u00famero de cortes:<\/span>[\/vc_column_text][vc_empty_space height=\u00bb20 px\u00bb][vc_column_text]<span style=\"color: #303030;\">El\u00a0<strong>troquel l\u00e1ser HD<\/strong>\u00a0permite hasta 50 formas troqueladas en el interior de una pieza. A partir de los 50 cortes, se utiliza el\u00a0<strong>troquel l\u00e1ser Ultra HD<\/strong>\u00a0para dise\u00f1os muy complejos.<\/span>[\/vc_column_text][vc_empty_space height=\u00bb20 px\u00bb][vc_column_text]<span style=\"color: #303030;\">Este acabado eleva la presentaci\u00f3n de cualquier elemento gracias a su espectacular resultado.<\/span>[\/vc_column_text][\/vc_column][vc_column width=\u00bb1\/6&#8243;][\/vc_column][\/vc_row][vc_row css_animation=\u00bb\u00bb row_type=\u00bbrow\u00bb use_row_as_full_screen_section=\u00bbno\u00bb type=\u00bbfull_width\u00bb angled_section=\u00bbno\u00bb text_align=\u00bbleft\u00bb background_image_as_pattern=\u00bbwithout_pattern\u00bb][vc_column width=\u00bb1\/6&#8243;][\/vc_column][vc_column width=\u00bb2\/6&#8243;][vc_empty_space height=\u00bb32 px\u00bb][vc_single_image image=\u00bb6127&#8243; img_size=\u00bb900&#215;600&#8243; qode_css_animation=\u00bb\u00bb][vc_empty_space height=\u00bb32 px\u00bb][\/vc_column][vc_column width=\u00bb2\/6&#8243;][vc_empty_space height=\u00bb32 px\u00bb][vc_single_image image=\u00bb6131&#8243; img_size=\u00bb900&#215;600&#8243; qode_css_animation=\u00bb\u00bb][vc_empty_space height=\u00bb32 px\u00bb][\/vc_column][vc_column width=\u00bb1\/6&#8243;][\/vc_column][\/vc_row][vc_row css_animation=\u00bb\u00bb row_type=\u00bbrow\u00bb use_row_as_full_screen_section=\u00bbno\u00bb type=\u00bbfull_width\u00bb angled_section=\u00bbno\u00bb text_align=\u00bbleft\u00bb background_image_as_pattern=\u00bbwithout_pattern\u00bb][vc_column width=\u00bb1\/6&#8243;][\/vc_column][vc_column width=\u00bb2\/6&#8243;][vc_single_image image=\u00bb6135&#8243; img_size=\u00bb900&#215;600&#8243; qode_css_animation=\u00bb\u00bb][vc_empty_space height=\u00bb32 px\u00bb][\/vc_column][vc_column width=\u00bb2\/6&#8243;][vc_single_image image=\u00bb6139&#8243; img_size=\u00bb900&#215;600&#8243; qode_css_animation=\u00bb\u00bb][vc_empty_space height=\u00bb32 px\u00bb][\/vc_column][vc_column width=\u00bb1\/6&#8243;][\/vc_column][\/vc_row][vc_row css_animation=\u00bb\u00bb row_type=\u00bbrow\u00bb use_row_as_full_screen_section=\u00bbno\u00bb type=\u00bbfull_width\u00bb angled_section=\u00bbno\u00bb text_align=\u00bbleft\u00bb background_image_as_pattern=\u00bbwithout_pattern\u00bb][vc_column width=\u00bb1\/6&#8243;][\/vc_column][vc_column width=\u00bb2\/3&#8243;][vc_column_text]<span style=\"color: #303030;\">Adem\u00e1s, puede combinarse con otro tipo de acabados para obtener una connotaci\u00f3n asociada al lujo, por ejemplo, utilizando el estampado digital o junto al barniz digital.<\/span>[\/vc_column_text][vc_empty_space height=\u00bb32 px\u00bb][\/vc_column][vc_column width=\u00bb1\/6&#8243;][\/vc_column][\/vc_row][vc_row css_animation=\u00bb\u00bb row_type=\u00bbrow\u00bb use_row_as_full_screen_section=\u00bbno\u00bb type=\u00bbfull_width\u00bb angled_section=\u00bbno\u00bb text_align=\u00bbleft\u00bb background_image_as_pattern=\u00bbwithout_pattern\u00bb][vc_column width=\u00bb1\/6&#8243;][\/vc_column][vc_column width=\u00bb2\/3&#8243;][vc_single_image image=\u00bb6147&#8243; img_size=\u00bb900&#215;600&#8243; alignment=\u00bbcenter\u00bb qode_css_animation=\u00bb\u00bb][vc_empty_space height=\u00bb32 px\u00bb][\/vc_column][vc_column width=\u00bb1\/6&#8243;][\/vc_column][\/vc_row][vc_row css_animation=\u00bb\u00bb row_type=\u00bbrow\u00bb use_row_as_full_screen_section=\u00bbno\u00bb type=\u00bbfull_width\u00bb angled_section=\u00bbno\u00bb text_align=\u00bbleft\u00bb background_image_as_pattern=\u00bbwithout_pattern\u00bb][vc_column width=\u00bb1\/6&#8243;][\/vc_column][vc_column width=\u00bb2\/3&#8243;][vc_column_text]<\/p>\n<h3><strong>Especificaciones<\/strong><\/h3>\n<p>[\/vc_column_text][vc_empty_space height=\u00bb32 px\u00bb][vc_column_text]<span style=\"color: #303030;\">El arte final se entrega en formato pdf con una resoluci\u00f3n m\u00ednima de 300 ppp y a tama\u00f1o real. El pdf ha de contener una p\u00e1gina con el dise\u00f1o, y otra en la que conste vectorizada la zona de corte y hendido de la caja, diferenci\u00e1ndolos con dos colores.<\/span>[\/vc_column_text][vc_empty_space height=\u00bb20 px\u00bb][vc_column_text]<span style=\"color: #303030;\">Recuerda a\u00f1adir las pautas de corte y dejar un sangrado perimetral de, al menos, 3 mm. En el caso de las l\u00edneas de hendido, tambi\u00e9n se recomienda, en la medida de lo posible, dejar un margen de 3mm. Evita situar elementos importantes del dise\u00f1o como texto o im\u00e1genes en las zonas de corte y hendido.<\/span>[\/vc_column_text][vc_empty_space height=\u00bb20 px\u00bb][vc_column_text]<span style=\"color: #303030;\">El troquel l\u00e1ser amarillea los cantos del papel. Un papel de color o un dorso impreso aten\u00faa muy eficazmente este efecto. Para m\u00e1s informaci\u00f3n consulta esta gu\u00eda t\u00e9cnica.<\/span>[\/vc_column_text][vc_empty_space height=\u00bb32 px\u00bb][vc_column_text]<\/p>\n<h3><strong>Observaciones<\/strong><\/h3>\n<p>[\/vc_column_text][vc_empty_space height=\u00bb32 px\u00bb][vc_column_text]<\/p>\n<div class=\"grid\">\n<p><span style=\"color: #303030;\">El troquel l\u00e1ser es un recurso muy utilizado en elementos del branding de una empresa como tarjetas de visita o packaging ya que consigue un alto impacto en la presentaci\u00f3n captando y fidelizando consumidores o clientes.<\/span><\/div>\n<p>[\/vc_column_text][vc_empty_space height=\u00bb20 px\u00bb][vc_column_text]<\/p>\n<div class=\"grid\">\n<p><span style=\"color: #303030;\">Este sistema permite m\u00faltiples aplicaciones para el mundo del packaging -estuches, fundas, fajas, etc.- y una gran versatilidad para dise\u00f1os altamente creativos aplicable en piezas como felicitaciones, invitaciones de boda, tarjetones para eventos, calendarios, cubiertas, folletos de marketing, cartas restaurante o posavasos creativos, etc.<\/span><\/div>\n<p>[\/vc_column_text][\/vc_column][vc_column width=\u00bb1\/6&#8243;][\/vc_column][\/vc_row][vc_row css_animation=\u00bb\u00bb row_type=\u00bbrow\u00bb use_row_as_full_screen_section=\u00bbno\u00bb type=\u00bbfull_width\u00bb angled_section=\u00bbno\u00bb text_align=\u00bbleft\u00bb background_image_as_pattern=\u00bbwithout_pattern\u00bb][vc_column][vc_empty_space height=\u00bb90px\u00bb][vc_column_text]<\/p>\n<h2 style=\"text-align: center;\"><span style=\"color: #cc0033;\">Tu presupuesto en 2 horas<\/span><\/h2>\n<p>[\/vc_column_text][vc_empty_space][\/vc_column][\/vc_row][vc_row css_animation=\u00bb\u00bb row_type=\u00bbrow\u00bb use_row_as_full_screen_section=\u00bbno\u00bb type=\u00bbfull_width\u00bb angled_section=\u00bbno\u00bb text_align=\u00bbcenter\u00bb background_image_as_pattern=\u00bbwithout_pattern\u00bb][vc_column width=\u00bb1\/4&#8243;][\/vc_column][vc_column width=\u00bb1\/4&#8243;][vc_empty_space height=\u00bb20px\u00bb]<a  itemprop=\"url\" href=\"http:\/\/nexeimpressions.com\/es\/solicita-presupuesto\/\" target=\"_self\" data-hover-background-color=\"#cc0033\" data-hover-border-color=\"#cc0033\" data-hover-color=\"#ffffff\" class=\"qbutton  medium center default\" style=\"color: #cc0033; border-color: #cc0033; font-style: normal; font-weight: 800; margin: 0px 0px 0px 0px; background-color:#ffffff;\">SOLICITA TU PRESUPUESTO<\/a>[\/vc_column][vc_column width=\u00bb1\/4&#8243;][vc_empty_space height=\u00bb20px\u00bb]<a  itemprop=\"url\" href=\"mailto:info@nexeimpressions.com\" target=\"_self\" data-hover-background-color=\"#ffffff\" data-hover-border-color=\"#cc0033\" data-hover-color=\"#cc0033\" class=\"qbutton  medium center default\" style=\"color: #ffffff; border-color: #cc0033; font-style: normal; font-weight: 800; margin: 0px 0px 0px 0px; background-color:#cc0033;\">info@nexeimpressions.com<\/a>[\/vc_column][vc_column width=\u00bb1\/4&#8243;][\/vc_column][\/vc_row][vc_row css_animation=\u00bb\u00bb row_type=\u00bbrow\u00bb use_row_as_full_screen_section=\u00bbno\u00bb type=\u00bbfull_width\u00bb angled_section=\u00bbno\u00bb text_align=\u00bbcenter\u00bb background_image_as_pattern=\u00bbwithout_pattern\u00bb][vc_column][vc_empty_space height=\u00bb70px\u00bb][\/vc_column][\/vc_row]<\/p>\n<\/div>","protected":false},"excerpt":{"rendered":"<p>[vc_row css_animation=\u00bb\u00bb row_type=\u00bbrow\u00bb use_row_as_full_screen_section=\u00bbno\u00bb type=\u00bbfull_width\u00bb angled_section=\u00bbno\u00bb text_align=\u00bbleft\u00bb background_image_as_pattern=\u00bbwithout_pattern\u00bb][vc_column width=\u00bb1\/6&#8243;][\/vc_column][vc_column width=\u00bb2\/3&#8243;][vc_empty_space][vc_column_text]\u2190 ACABADOS DIGITALES[\/vc_column_text][vc_empty_space][\/vc_column][vc_column width=\u00bb1\/6&#8243;][\/vc_column][\/vc_row][vc_row css_animation=\u00bb\u00bb row_type=\u00bbrow\u00bb use_row_as_full_screen_section=\u00bbno\u00bb type=\u00bbfull_width\u00bb angled_section=\u00bbno\u00bb text_align=\u00bbleft\u00bb background_image_as_pattern=\u00bbwithout_pattern\u00bb][vc_column width=\u00bb1\/6&#8243;][\/vc_column][vc_column width=\u00bb2\/3&#8243;][vc_single_image image=\u00bb8830&#8243; img_size=\u00bbfull\u00bb qode_css_animation=\u00bb\u00bb][vc_empty_space height=\u00bb50px\u00bb][\/vc_column][vc_column width=\u00bb1\/6&#8243;][\/vc_column][\/vc_row][vc_row css_animation=\u00bb\u00bb row_type=\u00bbrow\u00bb use_row_as_full_screen_section=\u00bbno\u00bb type=\u00bbfull_width\u00bb angled_section=\u00bbno\u00bb text_align=\u00bbleft\u00bb background_image_as_pattern=\u00bbwithout_pattern\u00bb][vc_column width=\u00bb1\/6&#8243;][\/vc_column][vc_column width=\u00bb2\/3&#8243;][vc_column_text] Beneficios [\/vc_column_text][vc_empty_space height=\u00bb32 px\u00bb][vc_column_text]El troquel l\u00e1ser permite realizar piezas&#8230;<\/p>\n","protected":false},"author":1,"featured_media":0,"parent":0,"menu_order":182,"comment_status":"closed","ping_status":"closed","template":"","meta":{"footnotes":""},"class_list":["post-5902","page","type-page","status-publish","hentry"],"yoast_head":"<!-- This site is optimized with the Yoast SEO plugin v25.0 - https:\/\/yoast.com\/wordpress\/plugins\/seo\/ -->\n<title>Troquel l\u00e1ser &#8211; Nexe Impressions<\/title>\n<meta name=\"description\" content=\"El troquel l\u00e1ser permite realizar piezas con formas muy complejas con corte tanto en el interior como en el exterior de un elemento.\" \/>\n<meta name=\"robots\" content=\"index, follow, max-snippet:-1, max-image-preview:large, max-video-preview:-1\" \/>\n<link rel=\"canonical\" href=\"https:\/\/nexeimpressions.com\/es\/troquelado-laser\/\" \/>\n<meta property=\"og:locale\" content=\"es_ES\" \/>\n<meta property=\"og:type\" content=\"article\" \/>\n<meta property=\"og:title\" content=\"Troquel l\u00e1ser &#8211; Nexe Impressions\" \/>\n<meta property=\"og:description\" content=\"El troquel l\u00e1ser permite realizar piezas con formas muy complejas con corte tanto en el interior como en el exterior de un elemento.\" \/>\n<meta property=\"og:url\" content=\"https:\/\/nexeimpressions.com\/es\/troquelado-laser\/\" \/>\n<meta property=\"og:site_name\" content=\"Nexe Impressions\" \/>\n<meta property=\"article:publisher\" content=\"https:\/\/www.facebook.com\/nexeimpressions\" \/>\n<meta property=\"article:modified_time\" content=\"2025-11-06T14:52:41+00:00\" \/>\n<meta name=\"twitter:card\" content=\"summary_large_image\" \/>\n<meta name=\"twitter:label1\" content=\"Tiempo de lectura\" \/>\n\t<meta name=\"twitter:data1\" content=\"4 minutos\" \/>\n<script type=\"application\/ld+json\" class=\"yoast-schema-graph\">{\"@context\":\"https:\/\/schema.org\",\"@graph\":[{\"@type\":\"WebPage\",\"@id\":\"https:\/\/nexeimpressions.com\/es\/troquelado-laser\/\",\"url\":\"https:\/\/nexeimpressions.com\/es\/troquelado-laser\/\",\"name\":\"Troquel l\u00e1ser &#8211; Nexe Impressions\",\"isPartOf\":{\"@id\":\"https:\/\/nexeimpressions.com\/es\/#website\"},\"datePublished\":\"2020-01-10T11:06:59+00:00\",\"dateModified\":\"2025-11-06T14:52:41+00:00\",\"description\":\"El troquel l\u00e1ser permite realizar piezas con formas muy complejas con corte tanto en el interior como en el exterior de un elemento.\",\"breadcrumb\":{\"@id\":\"https:\/\/nexeimpressions.com\/es\/troquelado-laser\/#breadcrumb\"},\"inLanguage\":\"es\",\"potentialAction\":[{\"@type\":\"ReadAction\",\"target\":[\"https:\/\/nexeimpressions.com\/es\/troquelado-laser\/\"]}]},{\"@type\":\"BreadcrumbList\",\"@id\":\"https:\/\/nexeimpressions.com\/es\/troquelado-laser\/#breadcrumb\",\"itemListElement\":[{\"@type\":\"ListItem\",\"position\":1,\"name\":\"Home\",\"item\":\"https:\/\/nexeimpressions.com\/es\/\"},{\"@type\":\"ListItem\",\"position\":2,\"name\":\"Troquel l\u00e1ser\"}]},{\"@type\":\"WebSite\",\"@id\":\"https:\/\/nexeimpressions.com\/es\/#website\",\"url\":\"https:\/\/nexeimpressions.com\/es\/\",\"name\":\"Nexe Impressions\",\"description\":\"Print worthy\",\"potentialAction\":[{\"@type\":\"SearchAction\",\"target\":{\"@type\":\"EntryPoint\",\"urlTemplate\":\"https:\/\/nexeimpressions.com\/es\/?s={search_term_string}\"},\"query-input\":{\"@type\":\"PropertyValueSpecification\",\"valueRequired\":true,\"valueName\":\"search_term_string\"}}],\"inLanguage\":\"es\"}]}<\/script>\n<!-- \/ Yoast SEO plugin. -->","yoast_head_json":{"title":"Troquel l\u00e1ser &#8211; Nexe Impressions","description":"El troquel l\u00e1ser permite realizar piezas con formas muy complejas con corte tanto en el interior como en el exterior de un elemento.","robots":{"index":"index","follow":"follow","max-snippet":"max-snippet:-1","max-image-preview":"max-image-preview:large","max-video-preview":"max-video-preview:-1"},"canonical":"https:\/\/nexeimpressions.com\/es\/troquelado-laser\/","og_locale":"es_ES","og_type":"article","og_title":"Troquel l\u00e1ser &#8211; Nexe Impressions","og_description":"El troquel l\u00e1ser permite realizar piezas con formas muy complejas con corte tanto en el interior como en el exterior de un elemento.","og_url":"https:\/\/nexeimpressions.com\/es\/troquelado-laser\/","og_site_name":"Nexe Impressions","article_publisher":"https:\/\/www.facebook.com\/nexeimpressions","article_modified_time":"2025-11-06T14:52:41+00:00","twitter_card":"summary_large_image","twitter_misc":{"Tiempo de lectura":"4 minutos"},"schema":{"@context":"https:\/\/schema.org","@graph":[{"@type":"WebPage","@id":"https:\/\/nexeimpressions.com\/es\/troquelado-laser\/","url":"https:\/\/nexeimpressions.com\/es\/troquelado-laser\/","name":"Troquel l\u00e1ser &#8211; Nexe Impressions","isPartOf":{"@id":"https:\/\/nexeimpressions.com\/es\/#website"},"datePublished":"2020-01-10T11:06:59+00:00","dateModified":"2025-11-06T14:52:41+00:00","description":"El troquel l\u00e1ser permite realizar piezas con formas muy complejas con corte tanto en el interior como en el exterior de un elemento.","breadcrumb":{"@id":"https:\/\/nexeimpressions.com\/es\/troquelado-laser\/#breadcrumb"},"inLanguage":"es","potentialAction":[{"@type":"ReadAction","target":["https:\/\/nexeimpressions.com\/es\/troquelado-laser\/"]}]},{"@type":"BreadcrumbList","@id":"https:\/\/nexeimpressions.com\/es\/troquelado-laser\/#breadcrumb","itemListElement":[{"@type":"ListItem","position":1,"name":"Home","item":"https:\/\/nexeimpressions.com\/es\/"},{"@type":"ListItem","position":2,"name":"Troquel l\u00e1ser"}]},{"@type":"WebSite","@id":"https:\/\/nexeimpressions.com\/es\/#website","url":"https:\/\/nexeimpressions.com\/es\/","name":"Nexe Impressions","description":"Print worthy","potentialAction":[{"@type":"SearchAction","target":{"@type":"EntryPoint","urlTemplate":"https:\/\/nexeimpressions.com\/es\/?s={search_term_string}"},"query-input":{"@type":"PropertyValueSpecification","valueRequired":true,"valueName":"search_term_string"}}],"inLanguage":"es"}]}},"_links":{"self":[{"href":"https:\/\/nexeimpressions.com\/es\/wp-json\/wp\/v2\/pages\/5902","targetHints":{"allow":["GET"]}}],"collection":[{"href":"https:\/\/nexeimpressions.com\/es\/wp-json\/wp\/v2\/pages"}],"about":[{"href":"https:\/\/nexeimpressions.com\/es\/wp-json\/wp\/v2\/types\/page"}],"author":[{"embeddable":true,"href":"https:\/\/nexeimpressions.com\/es\/wp-json\/wp\/v2\/users\/1"}],"replies":[{"embeddable":true,"href":"https:\/\/nexeimpressions.com\/es\/wp-json\/wp\/v2\/comments?post=5902"}],"version-history":[{"count":2,"href":"https:\/\/nexeimpressions.com\/es\/wp-json\/wp\/v2\/pages\/5902\/revisions"}],"predecessor-version":[{"id":25359,"href":"https:\/\/nexeimpressions.com\/es\/wp-json\/wp\/v2\/pages\/5902\/revisions\/25359"}],"wp:attachment":[{"href":"https:\/\/nexeimpressions.com\/es\/wp-json\/wp\/v2\/media?parent=5902"}],"curies":[{"name":"wp","href":"https:\/\/api.w.org\/{rel}","templated":true}]}}