 {"id":7304,"date":"2020-02-21T08:08:43","date_gmt":"2020-02-21T08:08:43","guid":{"rendered":"http:\/\/www.nexeimpressions.com\/?page_id=7304"},"modified":"2023-08-04T14:34:03","modified_gmt":"2023-08-04T12:34:03","slug":"aviso-legal","status":"publish","type":"page","link":"https:\/\/nexeimpressions.com\/es\/aviso-legal\/","title":{"rendered":"Aviso legal"},"content":{"rendered":"<div class=\"wpb-content-wrapper\"><p>[vc_row css_animation=\u00bb\u00bb row_type=\u00bbrow\u00bb use_row_as_full_screen_section=\u00bbno\u00bb type=\u00bbfull_width\u00bb angled_section=\u00bbno\u00bb text_align=\u00bbleft\u00bb background_image_as_pattern=\u00bbwithout_pattern\u00bb][vc_column][vc_empty_space][vc_column_text]<\/p>\n<p class=\"p1\">En cumplimiento con lo establecido en la Ley 34\/2002 de 11 de Julio, de Servicios de la Sociedad de la Informaci\u00f3n y el Comercio Electr\u00f3nico (LSSICE), se informa de los siguientes aspectos legales:<\/p>\n<p>[\/vc_column_text][vc_empty_space height=\u00bb50px\u00bb][vc_column_text]<\/p>\n<h3 style=\"text-align: center;\"><span style=\"color: #303030;\">Propiedad del sitio web<\/span><\/h3>\n<p>[\/vc_column_text][vc_empty_space][vc_column_text]<\/p>\n<p class=\"p1\"><strong>Titular del website:<\/strong> NEXE TECNICS IMPRESSORS, S.L &#8211; CIF B09905670 &#8211; Nexe Impressions<br \/>\n<strong>Direcci\u00f3n:<\/strong> Calle Ramon Turr\u00f3, 16, local, bajos. 17005, Girona, Espa\u00f1a<br \/>\n<strong>Contacto:<\/strong> Tel. 972246048 &#8211; email: info@nexeimpressions.com<br \/>\n<strong>Actividad:<\/strong> ARTES GR\u00c1FICAS<\/p>\n<p>[\/vc_column_text][vc_empty_space height=\u00bb50px\u00bb][vc_column_text]<\/p>\n<h3 style=\"text-align: center;\"><span style=\"color: #303030;\">Condiciones generales de uso<\/span><\/h3>\n<p>[\/vc_column_text][vc_empty_space][vc_column_text]<\/p>\n<p class=\"p1\">El portal web http:\/\/nexeimpressions.com tiene como objeto facilitar al p\u00fablico, en general, el conocimiento de las actividades que esta organizaci\u00f3n realiza y de los productos y servicios que presta, para el desarrollo de su actividad.<\/p>\n<p>[\/vc_column_text][vc_empty_space height=\u00bb15px\u00bb][vc_column_text]<\/p>\n<p class=\"p1\">El uso de cualquiera de las funcionalidades del sitio Web implica la expresa y plena aceptaci\u00f3n de las condiciones aqu\u00ed expuestas, sin perjuicio de aquellas particulares que pudieran aplicarse a algunos de los servicios concretos ofrecidos a trav\u00e9s del sitio Web.<\/p>\n<p>[\/vc_column_text][vc_empty_space height=\u00bb15px\u00bb][vc_column_text]<\/p>\n<p class=\"p1\">El titular del sitio Web se reserva la facultad de efectuar, en cualquier momento y sin necesidad de previo aviso, modificaciones y actualizaciones de la informaci\u00f3n contenida en su Web o en la configuraci\u00f3n y presentaci\u00f3n de \u00e9sta.<\/p>\n<p>[\/vc_column_text][vc_empty_space height=\u00bb15px\u00bb][vc_column_text]<\/p>\n<p class=\"p1\">Con el objeto de mantener actualizada la informaci\u00f3n publicada el portal Web, los contenidos del mismo podr\u00e1n ser modificados, corregidos, eliminados o a\u00f1adidos en cualquier momento, por lo que ser\u00e1 conveniente comprobar la vigencia o exactitud de los mismos acudiendo a las fuentes oficiales.<\/p>\n<p>[\/vc_column_text][vc_empty_space height=\u00bb50px\u00bb][vc_column_text]<\/p>\n<h3 style=\"text-align: center;\">Propiedad intelectual, industrial y frames<\/h3>\n<p>[\/vc_column_text][vc_empty_space][vc_column_text]<\/p>\n<p class=\"p1\">Todos los elementos que forman el sitio Web, as\u00ed como su estructura, dise\u00f1o, c\u00f3digo fuente, as\u00ed como los logos, marcas y dem\u00e1s signos distintivos que aparecen en la misma, son titularidad de NEXE IMPRESSIONS S.L, NEXE IMPRESSIONS o de sus colaboradores y est\u00e1n protegidos por los correspondientes derechos de propiedad intelectual e industrial.<\/p>\n<p>[\/vc_column_text][vc_empty_space height=\u00bb15px\u00bb][vc_column_text]<\/p>\n<p class=\"p1\">Igualmente est\u00e1n protegidos por los correspondientes derechos de propiedad intelectual e industrial las im\u00e1genes y otros elementos gr\u00e1ficos contenidos en el sitio Web.<\/p>\n<p>[\/vc_column_text][vc_empty_space height=\u00bb15px\u00bb][vc_column_text]<\/p>\n<p class=\"p1\">El titular del sitio Web proh\u00edbe expresamente la realizaci\u00f3n de \u00abframing\u00bb o la utilizaci\u00f3n por parte de terceros de cualesquiera otros mecanismos que alteren el dise\u00f1o, configuraci\u00f3n original o contenidos de nuestro sitio Web.<\/p>\n<p>[\/vc_column_text][vc_empty_space height=\u00bb15px\u00bb][vc_column_text]<\/p>\n<p class=\"p1\">El uso de los contenidos deber\u00e1 respetar su licenciamiento particular. De tal modo su uso, reproducci\u00f3n, distribuci\u00f3n, comunicaci\u00f3n p\u00fablica, transformaci\u00f3n o cualquier otra actividad similar o an\u00e1loga, queda totalmente prohibida salvo que medie previa y expresa autorizaci\u00f3n del titular del sitio Web NEXE IMPRESSIONS.<\/p>\n<p>[\/vc_column_text][vc_empty_space height=\u00bb15px\u00bb][vc_column_text]<\/p>\n<p class=\"p1\">\u00danicamente se autoriza la reproducci\u00f3n total o parcial de los textos y contenidos proporcionados por el sitio Web, siempre que concurran todas y cada una de las siguientes condiciones:<\/p>\n<ul>\n<li>Se mantenga la integridad de los contenidos, documentos o gr\u00e1ficos<\/li>\n<li>Se cite expresamente al titular del sitio Web como fuente y origen de aquellos.<\/li>\n<li>El prop\u00f3sito y la finalidad de tal uso sea compatible con los fines de la Web y\/o actividad del titular del sitio Web.<\/li>\n<li>No se pretenda un uso comercial, quedando expresamente prohibidas su distribuci\u00f3n, comunicaci\u00f3n p\u00fablica, transformaci\u00f3n o descompilaci\u00f3n.<\/li>\n<\/ul>\n<p>[\/vc_column_text][vc_empty_space height=\u00bb15px\u00bb][vc_column_text]<\/p>\n<p class=\"p1\">Cualquier otro uso habr\u00e1 de ser comunicado y autorizado por el titular del sitio Web, previa y expresamente.<\/p>\n<p>[\/vc_column_text][vc_empty_space height=\u00bb15px\u00bb][vc_column_text]<\/p>\n<p class=\"p1\">Respecto a las citas de productos y servicios de terceros, el titular del sitio Web reconoce a favor de sus titulares los correspondientes derechos de propiedad industrial e intelectual, no implicando su sola menci\u00f3n o aparici\u00f3n en la Web la existencia de derechos ni de responsabilidad alguna sobre los mismos, como tampoco respaldo, patrocinio o recomendaci\u00f3n.<\/p>\n<p>[\/vc_column_text][vc_empty_space height=\u00bb15px\u00bb][vc_column_text]<\/p>\n<p class=\"p1\">El titular del sitio Web declara su respeto a los derechos de propiedad intelectual e industrial de terceros; por ello, si considera que nuestro sitio Web pudieran estar violando sus derechos, rogamos se ponga en contacto con el titular del sitio Web.<\/p>\n<p>[\/vc_column_text][vc_empty_space height=\u00bb50px\u00bb][vc_column_text]<\/p>\n<h3 style=\"text-align: center;\">Responsabilidad<\/h3>\n<p>[\/vc_column_text][vc_empty_space][vc_column_text]<\/p>\n<p class=\"p1\">El titular del sitio Web no garantiza la inexistencia de errores en el acceso a la Web, en su contenido, ni que \u00e9ste se encuentre actualizado, aunque el titular del sitio Web desarrollar\u00e1 sus mejores esfuerzos para, en su caso, evitarlos, subsanarlos o actualizarlos.<\/p>\n<p>[\/vc_column_text][vc_empty_space height=\u00bb15px\u00bb][vc_column_text]<\/p>\n<p class=\"p1\">Tanto el acceso al sitio Web, como el uso que pueda hacerse de la informaci\u00f3n contenida en los mismos es de la exclusiva responsabilidad de quien lo realiza.<\/p>\n<p>[\/vc_column_text][vc_empty_space height=\u00bb15px\u00bb][vc_column_text]<\/p>\n<p class=\"p1\">El titular del sitio Web no se hace responsable de la informaci\u00f3n y contenidos almacenados, a t\u00edtulo enunciativo pero no limitativo, en foros, chats, blogs, comentarios, redes sociales o cualesquiera otro medio que permita a terceros publicar contenidos de la forma independiente en la p\u00e1gina Web http:\/\/nexeimpressions.com.<\/p>\n<p>[\/vc_column_text][vc_empty_space height=\u00bb15px\u00bb][vc_column_text]<\/p>\n<p class=\"p1\">No obstante, y en cumplimiento de lo dispuesto en la LSSI, el titular del sitio Web se pone a disposici\u00f3n de todos los usuarios, autoridades y fuerzas de seguridad, y colaborando de forma activa en la retirada o en su caso bloqueo de todos aquellos contenidos que pudieran afectar o contravenir la legislaci\u00f3n nacional, o internacional, derechos de terceros o la moral y el orden p\u00fablico. En caso de que el usuario considere que existe en el sitio web alg\u00fan contenido que pudiera ser susceptible de esta clasificaci\u00f3n, rogamos se ponga en contacto con el titular del sitio Web.<\/p>\n<p>[\/vc_column_text][vc_empty_space height=\u00bb15px\u00bb][vc_column_text]<\/p>\n<p class=\"p1\">El titular del sitio Web no se responsabiliza de las contestaciones que se realicen a trav\u00e9s de las distintas direcciones de correo electr\u00f3nico que aparecen en su sitio Web, por lo que en ning\u00fan caso podr\u00e1 derivarse efecto jur\u00eddico vinculante de las mismas.<\/p>\n<p>[\/vc_column_text][vc_empty_space height=\u00bb50px\u00bb][vc_column_text]<\/p>\n<h3 style=\"text-align: center;\">Links o hiperenlaces<\/h3>\n<p>[\/vc_column_text][vc_empty_space][vc_column_text]<\/p>\n<p class=\"p1\">Los enlaces contenidos en nuestro sitio Web pueden dirigir a contenidos Web de tercero. El objetivo de dichos enlaces es \u00fanicamente facilitarle la b\u00fasqueda de los recursos que le puedan interesar a trav\u00e9s de Internet. No obstante, dichas p\u00e1ginas no pertenecen al titular del sitio Web, ni hace una revisi\u00f3n de sus contenidos y, por ello, el titular del sitio Web no asume ninguna responsabilidad por el contenido, informaciones o servicios que pudieran aparecer en dichos sitios, que tendr\u00e1n exclusivamente car\u00e1cter informativo y que en ning\u00fan caso implican relaci\u00f3n alguna entre el titular del sitio Web y las personas o entidades titulares de tales contenidos o titulares de otros sitios donde se encuentren. El titular del sitio Web tampoco puede hacerse responsable del funcionamiento de la p\u00e1gina enlazada o de los posibles da\u00f1os que puedan derivarse del acceso o uso de la misma.<\/p>\n<p>[\/vc_column_text][vc_empty_space height=\u00bb15px\u00bb][vc_column_text]<\/p>\n<p class=\"p1\">Los enlaces al sitio Web http:\/\/nexeimpressions.com deber\u00e1n respetar las siguientes condiciones:<\/p>\n<ul>\n<li>El establecimiento del enlace no supondr\u00e1 ning\u00fan tipo de acuerdo, contrato, patrocinio ni recomendaci\u00f3n por parte de NEXE IMPRESSIONS S.L de la p\u00e1gina que realiza el enlace.<\/li>\n<li>La p\u00e1gina Web en la que se establezca el hiperenlace no contendr\u00e1 informaciones con contenidos que sean il\u00edcitos, discriminatorios, contrarios a los principios \u00e9ticos com\u00fanmente aceptados o atenten contra el orden p\u00fablico, as\u00ed como tampoco contendr\u00e1 contenidos contrarios a cualesquiera derechos de terceros.<\/li>\n<li>El titular del sitio Web podr\u00e1 solicitar que se retire un enlace a su Web, sin necesidad de alegar causa alguna. En tal caso, la p\u00e1gina que haya realizado el enlace deber\u00e1 proceder a su inmediata supresi\u00f3n, tan pronto como reciba la notificaci\u00f3n del titular del sitio Web.<\/li>\n<li>No se responsabiliza de modo alguno ni garantiza la claridad, exactitud, fiabilidad, correcci\u00f3n o moralidad de contenidos o servicios que el establecimiento del hiperenlace pueda ofrecer. El usuario asume bajo su exclusiva responsabilidad las consecuencias, da\u00f1os o acciones que pudieran derivarse del acceso a la p\u00e1gina Web del hiperenlace.<\/li>\n<li>La p\u00e1gina Web en la que se establezca el hiperenlace no podr\u00e1 contener marca, denominaci\u00f3n, logotipo, eslogan u otros signos distintivos pertenecientes a el titular del sitio Web excepto aquellos signos que formen parte del mismo hiperenlace.<\/li>\n<\/ul>\n<p>[\/vc_column_text][vc_empty_space height=\u00bb50px\u00bb][vc_column_text]<\/p>\n<h3 style=\"text-align: center;\">Protecci\u00f3n de datos personales<\/h3>\n<p>[\/vc_column_text][vc_empty_space][vc_column_text]<\/p>\n<p class=\"p1\">Para aquellos casos que se recaben, traten o almacenen datos personales, se har\u00e1 en conformidad con la Pol\u00edtica de Privacidad publicada en el Website y que puede consultar en el pie o footer del sitio Web.<\/p>\n<p>[\/vc_column_text][vc_empty_space height=\u00bb50px\u00bb][vc_column_text]<\/p>\n<h3 style=\"text-align: center;\">Ley aplicable y jurisdicci\u00f3n<\/h3>\n<p>[\/vc_column_text][vc_empty_space][vc_column_text]<\/p>\n<p class=\"p1\">La ley aplicable en caso de disputa o conflicto de interpretaci\u00f3n de los t\u00e9rminos que conforman este Aviso Legal, as\u00ed como cualquier cuesti\u00f3n relacionada con los servicios del presente Portal, ser\u00e1 la ley espa\u00f1ola.<\/p>\n<p>[\/vc_column_text][vc_empty_space height=\u00bb15px\u00bb][vc_column_text]<\/p>\n<p class=\"p1\">Para la resoluci\u00f3n de cualquier conflicto que pueda surgir con ocasi\u00f3n de la visita al sitio Web o del uso de los servicios que en \u00e9l se puedan ofertar, el titular del sitio Web y el Usuario acuerdan someterse a los Jueces y Tribunales de domicilio del Usuario, siempre que el mismo est\u00e9 situado en territorio espa\u00f1ol y act\u00fae en condici\u00f3n de consumidor. En caso contrario, la sumisi\u00f3n ser\u00e1 a los juzgados y tribunales de la ciudad de Gerona, Espa\u00f1a.<\/p>\n<p>[\/vc_column_text][vc_empty_space][\/vc_column][\/vc_row]<\/p>\n<\/div>","protected":false},"excerpt":{"rendered":"<p>[vc_row css_animation=\u00bb\u00bb row_type=\u00bbrow\u00bb use_row_as_full_screen_section=\u00bbno\u00bb type=\u00bbfull_width\u00bb angled_section=\u00bbno\u00bb text_align=\u00bbleft\u00bb background_image_as_pattern=\u00bbwithout_pattern\u00bb][vc_column][vc_empty_space][vc_column_text] En cumplimiento con lo establecido en la Ley 34\/2002 de 11 de Julio, de Servicios de la Sociedad de la Informaci\u00f3n y el Comercio Electr\u00f3nico (LSSICE), se informa de los siguientes aspectos legales: [\/vc_column_text][vc_empty_space height=\u00bb50px\u00bb][vc_column_text] Propiedad del&#8230;<\/p>\n","protected":false},"author":1,"featured_media":0,"parent":0,"menu_order":111,"comment_status":"closed","ping_status":"closed","template":"","meta":{"footnotes":""},"class_list":["post-7304","page","type-page","status-publish","hentry"],"yoast_head":"<!-- This site is optimized with the Yoast SEO plugin v25.0 - https:\/\/yoast.com\/wordpress\/plugins\/seo\/ -->\n<title>Aviso legal &#8211; Nexe Impressions<\/title>\n<meta name=\"description\" content=\"Aviso legal de Nexe Impressions en cumplimiento de la normativa vigente en materia de protecci\u00f3n de datos de car\u00e1cter personal y el tratamiento de datos.\" \/>\n<meta name=\"robots\" content=\"noindex, follow\" \/>\n<meta property=\"og:locale\" content=\"es_ES\" \/>\n<meta property=\"og:type\" content=\"article\" \/>\n<meta property=\"og:title\" content=\"Aviso legal &#8211; Nexe Impressions\" \/>\n<meta property=\"og:description\" content=\"Aviso legal de Nexe Impressions en cumplimiento de la normativa vigente en materia de protecci\u00f3n de datos de car\u00e1cter personal y el tratamiento de datos.\" \/>\n<meta property=\"og:url\" content=\"https:\/\/nexeimpressions.com\/es\/aviso-legal\/\" \/>\n<meta property=\"og:site_name\" content=\"Nexe Impressions\" \/>\n<meta property=\"article:publisher\" content=\"https:\/\/www.facebook.com\/nexeimpressions\" \/>\n<meta property=\"article:modified_time\" content=\"2023-08-04T12:34:03+00:00\" \/>\n<meta name=\"twitter:card\" content=\"summary_large_image\" \/>\n<meta name=\"twitter:label1\" content=\"Tiempo de lectura\" \/>\n\t<meta name=\"twitter:data1\" content=\"8 minutos\" \/>\n<script type=\"application\/ld+json\" class=\"yoast-schema-graph\">{\"@context\":\"https:\/\/schema.org\",\"@graph\":[{\"@type\":\"WebPage\",\"@id\":\"https:\/\/nexeimpressions.com\/es\/aviso-legal\/\",\"url\":\"https:\/\/nexeimpressions.com\/es\/aviso-legal\/\",\"name\":\"Aviso legal &#8211; Nexe Impressions\",\"isPartOf\":{\"@id\":\"https:\/\/nexeimpressions.com\/es\/#website\"},\"datePublished\":\"2020-02-21T08:08:43+00:00\",\"dateModified\":\"2023-08-04T12:34:03+00:00\",\"description\":\"Aviso legal de Nexe Impressions en cumplimiento de la normativa vigente en materia de protecci\u00f3n de datos de car\u00e1cter personal y el tratamiento de datos.\",\"breadcrumb\":{\"@id\":\"https:\/\/nexeimpressions.com\/es\/aviso-legal\/#breadcrumb\"},\"inLanguage\":\"es\",\"potentialAction\":[{\"@type\":\"ReadAction\",\"target\":[\"https:\/\/nexeimpressions.com\/es\/aviso-legal\/\"]}]},{\"@type\":\"BreadcrumbList\",\"@id\":\"https:\/\/nexeimpressions.com\/es\/aviso-legal\/#breadcrumb\",\"itemListElement\":[{\"@type\":\"ListItem\",\"position\":1,\"name\":\"Home\",\"item\":\"https:\/\/nexeimpressions.com\/es\/\"},{\"@type\":\"ListItem\",\"position\":2,\"name\":\"Aviso legal\"}]},{\"@type\":\"WebSite\",\"@id\":\"https:\/\/nexeimpressions.com\/es\/#website\",\"url\":\"https:\/\/nexeimpressions.com\/es\/\",\"name\":\"Nexe Impressions\",\"description\":\"Print worthy\",\"potentialAction\":[{\"@type\":\"SearchAction\",\"target\":{\"@type\":\"EntryPoint\",\"urlTemplate\":\"https:\/\/nexeimpressions.com\/es\/?s={search_term_string}\"},\"query-input\":{\"@type\":\"PropertyValueSpecification\",\"valueRequired\":true,\"valueName\":\"search_term_string\"}}],\"inLanguage\":\"es\"}]}<\/script>\n<!-- \/ Yoast SEO plugin. -->","yoast_head_json":{"title":"Aviso legal &#8211; Nexe Impressions","description":"Aviso legal de Nexe Impressions en cumplimiento de la normativa vigente en materia de protecci\u00f3n de datos de car\u00e1cter personal y el tratamiento de datos.","robots":{"index":"noindex","follow":"follow"},"og_locale":"es_ES","og_type":"article","og_title":"Aviso legal &#8211; Nexe Impressions","og_description":"Aviso legal de Nexe Impressions en cumplimiento de la normativa vigente en materia de protecci\u00f3n de datos de car\u00e1cter personal y el tratamiento de datos.","og_url":"https:\/\/nexeimpressions.com\/es\/aviso-legal\/","og_site_name":"Nexe Impressions","article_publisher":"https:\/\/www.facebook.com\/nexeimpressions","article_modified_time":"2023-08-04T12:34:03+00:00","twitter_card":"summary_large_image","twitter_misc":{"Tiempo de lectura":"8 minutos"},"schema":{"@context":"https:\/\/schema.org","@graph":[{"@type":"WebPage","@id":"https:\/\/nexeimpressions.com\/es\/aviso-legal\/","url":"https:\/\/nexeimpressions.com\/es\/aviso-legal\/","name":"Aviso legal &#8211; Nexe Impressions","isPartOf":{"@id":"https:\/\/nexeimpressions.com\/es\/#website"},"datePublished":"2020-02-21T08:08:43+00:00","dateModified":"2023-08-04T12:34:03+00:00","description":"Aviso legal de Nexe Impressions en cumplimiento de la normativa vigente en materia de protecci\u00f3n de datos de car\u00e1cter personal y el tratamiento de datos.","breadcrumb":{"@id":"https:\/\/nexeimpressions.com\/es\/aviso-legal\/#breadcrumb"},"inLanguage":"es","potentialAction":[{"@type":"ReadAction","target":["https:\/\/nexeimpressions.com\/es\/aviso-legal\/"]}]},{"@type":"BreadcrumbList","@id":"https:\/\/nexeimpressions.com\/es\/aviso-legal\/#breadcrumb","itemListElement":[{"@type":"ListItem","position":1,"name":"Home","item":"https:\/\/nexeimpressions.com\/es\/"},{"@type":"ListItem","position":2,"name":"Aviso legal"}]},{"@type":"WebSite","@id":"https:\/\/nexeimpressions.com\/es\/#website","url":"https:\/\/nexeimpressions.com\/es\/","name":"Nexe Impressions","description":"Print worthy","potentialAction":[{"@type":"SearchAction","target":{"@type":"EntryPoint","urlTemplate":"https:\/\/nexeimpressions.com\/es\/?s={search_term_string}"},"query-input":{"@type":"PropertyValueSpecification","valueRequired":true,"valueName":"search_term_string"}}],"inLanguage":"es"}]}},"_links":{"self":[{"href":"https:\/\/nexeimpressions.com\/es\/wp-json\/wp\/v2\/pages\/7304","targetHints":{"allow":["GET"]}}],"collection":[{"href":"https:\/\/nexeimpressions.com\/es\/wp-json\/wp\/v2\/pages"}],"about":[{"href":"https:\/\/nexeimpressions.com\/es\/wp-json\/wp\/v2\/types\/page"}],"author":[{"embeddable":true,"href":"https:\/\/nexeimpressions.com\/es\/wp-json\/wp\/v2\/users\/1"}],"replies":[{"embeddable":true,"href":"https:\/\/nexeimpressions.com\/es\/wp-json\/wp\/v2\/comments?post=7304"}],"version-history":[{"count":2,"href":"https:\/\/nexeimpressions.com\/es\/wp-json\/wp\/v2\/pages\/7304\/revisions"}],"predecessor-version":[{"id":21164,"href":"https:\/\/nexeimpressions.com\/es\/wp-json\/wp\/v2\/pages\/7304\/revisions\/21164"}],"wp:attachment":[{"href":"https:\/\/nexeimpressions.com\/es\/wp-json\/wp\/v2\/media?parent=7304"}],"curies":[{"name":"wp","href":"https:\/\/api.w.org\/{rel}","templated":true}]}}