 {"id":9546,"date":"2020-05-12T07:56:23","date_gmt":"2020-05-12T07:56:23","guid":{"rendered":"http:\/\/www.nexeimpressions.com\/rapidesa-de-lliurament-i-condicions\/"},"modified":"2026-01-15T16:43:41","modified_gmt":"2026-01-15T14:43:41","slug":"rapidez-entrega-y-condiciones","status":"publish","type":"page","link":"https:\/\/nexeimpressions.com\/es\/rapidez-entrega-y-condiciones\/","title":{"rendered":"Rapidez de entrega y condiciones"},"content":{"rendered":"<div class=\"wpb-content-wrapper\"><p>[vc_row css_animation=\u00bb\u00bb row_type=\u00bbrow\u00bb use_row_as_full_screen_section=\u00bbno\u00bb type=\u00bbfull_width\u00bb angled_section=\u00bbno\u00bb text_align=\u00bbleft\u00bb background_image_as_pattern=\u00bbwithout_pattern\u00bb][vc_column][vc_empty_space][vc_column_text]<strong><a tabindex=\"0\" href=\"\/?page_id=6640\"><span class=\"back-arrow\">\u2190 <\/span>ESPACIO DE IMPRESI\u00d3N DIGITAL<\/a><\/strong>[\/vc_column_text][\/vc_column][\/vc_row][vc_row css_animation=\u00bb\u00bb row_type=\u00bbrow\u00bb use_row_as_full_screen_section=\u00bbno\u00bb type=\u00bbfull_width\u00bb angled_section=\u00bbno\u00bb text_align=\u00bbleft\u00bb background_image_as_pattern=\u00bbwithout_pattern\u00bb][vc_column][vc_empty_space height=\u00bb80px\u00bb][\/vc_column][\/vc_row][vc_row css_animation=\u00bb\u00bb row_type=\u00bbrow\u00bb use_row_as_full_screen_section=\u00bbno\u00bb type=\u00bbfull_width\u00bb angled_section=\u00bbno\u00bb text_align=\u00bbleft\u00bb background_image_as_pattern=\u00bbwithout_pattern\u00bb][vc_column width=\u00bb1\/2&#8243; offset=\u00bbvc_hidden-sm vc_hidden-xs\u00bb][vc_column_text]<\/p>\n<h3 style=\"text-align: center;\"><span style=\"color: #d13f52;\"><strong>Tarifas y precios por plazos de entrega<\/strong><\/span><\/h3>\n<p>[\/vc_column_text][vc_empty_space height=\u00bb50px\u00bb][vc_column_text css=\u00bb\u00bb]<strong>Tarifa 1:<\/strong> Producci\u00f3n + entrega en 48 horas**<br \/>\n<strong>Tarifa 2:<\/strong> Producci\u00f3n + entrega en 3-4 d\u00edas<br \/>\n<strong>Tarifa 3:<\/strong> Producci\u00f3n + entrega en 5-6 d\u00edas<\/p>\n<p>&nbsp;<\/p>\n<p style=\"font-size: 12px;\"><span style=\"color: #303030;\">** Hay un determinado n\u00famero de productos y acabados que no se pueden realizar en 48 horas, en los presupuestos ya vendr\u00e1 espec\u00edfcos o tambi\u00e9n lo puede consultar por el chat o el correo <a href=\"mailto:info@nexeimpressions.com\"><span style=\"color: #d13f52;\"><strong>info@nexeimpressions.com<\/strong><\/span><\/a><\/span><\/p>\n<p>[\/vc_column_text][\/vc_column][vc_column width=\u00bb1\/2&#8243; offset=\u00bbvc_hidden-sm vc_hidden-xs\u00bb][vc_column_text]<\/p>\n<h3 style=\"text-align: center;\"><strong><span style=\"color: #d13f52;\">Nuestras entregas<\/span><\/strong><\/h3>\n<p>[\/vc_column_text][vc_empty_space height=\u00bb50px\u00bb][vc_column_text]<\/p>\n<p style=\"text-align: center;\"><span style=\"color: #303030;\"><strong>NACEX<\/strong> per paqueter\u00eda<\/span><br \/>\n<span style=\"color: #303030;\"><strong>Mail Boxes<\/strong> per mercaderia mercanc\u00eda paletizada<\/span><\/p>\n<p>[\/vc_column_text][\/vc_column][\/vc_row][vc_row css_animation=\u00bb\u00bb row_type=\u00bbrow\u00bb use_row_as_full_screen_section=\u00bbno\u00bb type=\u00bbfull_width\u00bb angled_section=\u00bbno\u00bb text_align=\u00bbleft\u00bb background_image_as_pattern=\u00bbwithout_pattern\u00bb][vc_column width=\u00bb1\/2&#8243; offset=\u00bbvc_hidden-lg vc_hidden-md\u00bb][vc_column_text]<\/p>\n<h3 style=\"text-align: center;\"><span style=\"color: #d13f52;\"><strong>Tarifas y precios por plazos de entrega<\/strong><\/span><\/h3>\n<p>[\/vc_column_text][vc_empty_space height=\u00bb50px\u00bb][vc_column_text css=\u00bb\u00bb]<strong>Tarifa 1:<\/strong> Producci\u00f3n + entrega en 48 horas**<br \/>\n<strong>Tarifa 2:<\/strong> Producci\u00f3n + entrega en 3-4 d\u00edas<br \/>\n<strong>Tarifa 3:<\/strong> Producci\u00f3n + entrega en 5-6 d\u00edas<\/p>\n<p>&nbsp;<\/p>\n<p style=\"font-size: 12px;\"><span style=\"color: #303030;\">** Hay un determinado n\u00famero de productos y acabados que no se pueden realizar en 48 horas, en los presupuestos ya vendr\u00e1 espec\u00edfcos o tambi\u00e9n lo puede consultar por el chat o el correo <a href=\"mailto:info@nexeimpressions.com\"><span style=\"color: #d13f52;\"><strong>info@nexeimpressions.com<\/strong><\/span><\/a><\/span><\/p>\n<p>[\/vc_column_text][\/vc_column][vc_column width=\u00bb1\/2&#8243; offset=\u00bbvc_hidden-lg vc_hidden-md\u00bb][vc_row_inner row_type=\u00bbrow\u00bb type=\u00bbfull_width\u00bb text_align=\u00bbleft\u00bb css_animation=\u00bb\u00bb][vc_column_inner offset=\u00bbvc_hidden-lg vc_hidden-md vc_hidden-sm\u00bb][vc_empty_space height=\u00bb75px\u00bb][\/vc_column_inner][\/vc_row_inner][vc_column_text]<\/p>\n<h3 style=\"text-align: center;\"><strong><span style=\"color: #d13f52;\">Nuestras entregas<\/span><\/strong><\/h3>\n<p>[\/vc_column_text][vc_empty_space height=\u00bb50px\u00bb][vc_column_text]<\/p>\n<p style=\"text-align: center;\"><span style=\"color: #303030;\"><strong>NACEX<\/strong> para paqueter\u00eda<\/span><br \/>\n<span style=\"color: #303030;\"><strong>Mail Boxes<\/strong> para mercanc\u00eda paletizada<\/span><\/p>\n<p>[\/vc_column_text][\/vc_column][\/vc_row][vc_row css_animation=\u00bb\u00bb row_type=\u00bbrow\u00bb use_row_as_full_screen_section=\u00bbno\u00bb type=\u00bbfull_width\u00bb angled_section=\u00bbno\u00bb text_align=\u00bbleft\u00bb background_image_as_pattern=\u00bbwithout_pattern\u00bb][vc_column offset=\u00bbvc_hidden-lg vc_hidden-md\u00bb][vc_empty_space height=\u00bb100px\u00bb][vc_column_text]<\/p>\n<h3 style=\"text-align: center;\"><span style=\"color: #d13f52;\">Procedimiento de formalizaci\u00f3n de pedidos y seguimiento<\/span><\/h3>\n<p>[\/vc_column_text][vc_empty_space][vc_single_image image=\u00bb10632&#8243; img_size=\u00bbfull\u00bb alignment=\u00bbcenter\u00bb qode_css_animation=\u00bb\u00bb][vc_empty_space][\/vc_column][\/vc_row][vc_row css_animation=\u00bb\u00bb row_type=\u00bbrow\u00bb use_row_as_full_screen_section=\u00bbno\u00bb type=\u00bbfull_width\u00bb angled_section=\u00bbno\u00bb text_align=\u00bbleft\u00bb background_image_as_pattern=\u00bbwithout_pattern\u00bb][vc_column offset=\u00bbvc_hidden-sm vc_hidden-xs\u00bb][vc_empty_space height=\u00bb100px\u00bb][vc_column_text]<\/p>\n<h3 style=\"text-align: center;\"><span style=\"color: #d13f52;\">Procedimiento de formalizaci\u00f3n de pedidos y seguimiento<\/span><\/h3>\n<p>[\/vc_column_text][vc_empty_space][\/vc_column][\/vc_row][vc_row css_animation=\u00bb\u00bb row_type=\u00bbrow\u00bb use_row_as_full_screen_section=\u00bbno\u00bb type=\u00bbfull_width\u00bb angled_section=\u00bbno\u00bb text_align=\u00bbleft\u00bb background_image_as_pattern=\u00bbwithout_pattern\u00bb][vc_column offset=\u00bbvc_hidden-sm vc_hidden-xs\u00bb][vc_single_image image=\u00bb10605&#8243; img_size=\u00bblarge\u00bb alignment=\u00bbcenter\u00bb qode_css_animation=\u00bb\u00bb][\/vc_column][\/vc_row][vc_row css_animation=\u00bb\u00bb row_type=\u00bbrow\u00bb use_row_as_full_screen_section=\u00bbno\u00bb type=\u00bbfull_width\u00bb angled_section=\u00bbno\u00bb text_align=\u00bbleft\u00bb background_image_as_pattern=\u00bbwithout_pattern\u00bb][vc_column width=\u00bb1\/3&#8243; offset=\u00bbvc_hidden-sm vc_hidden-xs\u00bb][vc_column_text]Seleccione el <strong>producto<\/strong>, <strong>soporte<\/strong>, <strong>tipo de acabado<\/strong> y la <strong>tarifa vinculada<\/strong> a una de las tres modalidades de entrega.[\/vc_column_text][\/vc_column][vc_column width=\u00bb1\/3&#8243; offset=\u00bbvc_hidden-sm vc_hidden-xs\u00bb][vc_column_text css=\u00bb\u00bb]Puede utilizar el <strong>formulario de la web<\/strong> o el <strong>correo electr\u00f3nico <a href=\"mailto:info@nexeimpressions.com\"><span style=\"color: #d13f52;\">info@nexeimpressions.com<\/span><\/a><\/strong> y <strong>enviarnos<\/strong> los datos del pedido.[\/vc_column_text][\/vc_column][vc_column width=\u00bb1\/3&#8243; offset=\u00bbvc_hidden-sm vc_hidden-xs\u00bb][vc_column_text]Una vez enviada la solicitud, recibir\u00e1 un correo electr\u00f3nico con <strong>nuestro presupuesto<\/strong> y especificaciones en <strong>menos de 2 horas<\/strong>.[\/vc_column_text][\/vc_column][\/vc_row][vc_row css_animation=\u00bb\u00bb row_type=\u00bbrow\u00bb use_row_as_full_screen_section=\u00bbno\u00bb type=\u00bbfull_width\u00bb angled_section=\u00bbno\u00bb text_align=\u00bbleft\u00bb background_image_as_pattern=\u00bbwithout_pattern\u00bb][vc_column width=\u00bb2\/3&#8243; offset=\u00bbvc_hidden-sm vc_hidden-xs\u00bb][\/vc_column][vc_column width=\u00bb1\/3&#8243; offset=\u00bbvc_hidden-sm vc_hidden-xs\u00bb][vc_single_image image=\u00bb10625&#8243; img_size=\u00bbmedium\u00bb alignment=\u00bbcenter\u00bb qode_css_animation=\u00bb\u00bb][\/vc_column][\/vc_row][vc_row css_animation=\u00bb\u00bb row_type=\u00bbrow\u00bb use_row_as_full_screen_section=\u00bbno\u00bb type=\u00bbfull_width\u00bb angled_section=\u00bbno\u00bb text_align=\u00bbleft\u00bb background_image_as_pattern=\u00bbwithout_pattern\u00bb][vc_column offset=\u00bbvc_hidden-sm vc_hidden-xs\u00bb][vc_single_image image=\u00bb10613&#8243; img_size=\u00bblarge\u00bb alignment=\u00bbcenter\u00bb qode_css_animation=\u00bb\u00bb][\/vc_column][\/vc_row][vc_row css_animation=\u00bb\u00bb row_type=\u00bbrow\u00bb use_row_as_full_screen_section=\u00bbno\u00bb type=\u00bbfull_width\u00bb angled_section=\u00bbno\u00bb text_align=\u00bbleft\u00bb background_image_as_pattern=\u00bbwithout_pattern\u00bb][vc_column width=\u00bb1\/3&#8243; offset=\u00bbvc_hidden-sm vc_hidden-xs\u00bb][vc_column_text]<strong>En todo momento<\/strong> podr\u00e1 dirigir a nuestro departamento de atenci\u00f3n al cliente, bien por correo electr\u00f3nico, chat de nuestra web, Whatsapp o v\u00eda telef\u00f3nica para <strong>conocer la evoluci\u00f3n de este<\/strong>.[\/vc_column_text][\/vc_column][vc_column width=\u00bb1\/3&#8243; offset=\u00bbvc_hidden-sm vc_hidden-xs\u00bb][vc_column_text]<strong>En menos de una hora recibir\u00e1 un correo con el n\u00famero de seguimiento del pedido y un informe t\u00e9cnico de aprobaci\u00f3n de su archivo gr\u00e1fico verificado.<\/strong>[\/vc_column_text][\/vc_column][vc_column width=\u00bb1\/3&#8243; offset=\u00bbvc_hidden-sm vc_hidden-xs\u00bb][vc_column_text css=\u00bb\u00bb]<strong>Aprobado el presupuesto<\/strong>, env\u00ede este mismo documento firmado y aceptado junto con sus datos fiscales y el archivo gr\u00e1fico a <a href=\"mailto:info@nexeimpressions.com\"><span style=\"color: #d13f52;\"><strong>info@nexeimpressions.com<\/strong><\/span><\/a>. Este correo servir\u00e1 <strong>como confirmaci\u00f3n del pedido<\/strong>.[\/vc_column_text][\/vc_column][\/vc_row][vc_row css_animation=\u00bb\u00bb row_type=\u00bbrow\u00bb use_row_as_full_screen_section=\u00bbno\u00bb type=\u00bbfull_width\u00bb angled_section=\u00bbno\u00bb text_align=\u00bbleft\u00bb background_image_as_pattern=\u00bbwithout_pattern\u00bb][vc_column][vc_empty_space height=\u00bb80px\u00bb][\/vc_column][\/vc_row][vc_row css_animation=\u00bb\u00bb row_type=\u00bbrow\u00bb use_row_as_full_screen_section=\u00bbno\u00bb type=\u00bbfull_width\u00bb angled_section=\u00bbno\u00bb text_align=\u00bbcenter\u00bb background_image_as_pattern=\u00bbwithout_pattern\u00bb][vc_column width=\u00bb1\/6&#8243;][\/vc_column][vc_column width=\u00bb1\/3&#8243;][vc_empty_space height=\u00bb20px\u00bb]<a  itemprop=\"url\" href=\"http:\/\/nexeimpressions.com\/es\/solicita-presupuesto\/\" target=\"_self\" data-hover-background-color=\"#cc0033\" data-hover-border-color=\"#cc0033\" data-hover-color=\"#ffffff\" class=\"qbutton  medium center default\" style=\"color: #cc0033; border-color: #cc0033; font-style: normal; font-weight: 800; margin: 0px 0px 0px 0px; background-color:#ffffff;\">SOLICITA TU PRESUPUESTO<\/a>[\/vc_column][vc_column width=\u00bb1\/3&#8243;][vc_empty_space height=\u00bb20px\u00bb]<a  itemprop=\"url\" href=\"mailto:info@nexeimpressions.com\" target=\"_self\" data-hover-background-color=\"#ffffff\" data-hover-border-color=\"#cc0033\" data-hover-color=\"#cc0033\" class=\"qbutton  medium center default\" style=\"color: #ffffff; border-color: #cc0033; font-style: normal; font-weight: 800; margin: 0px 0px 0px 0px; background-color:#cc0033;\">info@nexeimpressions.com<\/a>[\/vc_column][vc_column width=\u00bb1\/6&#8243;][\/vc_column][\/vc_row][vc_row css_animation=\u00bb\u00bb row_type=\u00bbrow\u00bb use_row_as_full_screen_section=\u00bbno\u00bb type=\u00bbfull_width\u00bb angled_section=\u00bbno\u00bb text_align=\u00bbcenter\u00bb background_image_as_pattern=\u00bbwithout_pattern\u00bb][vc_column][vc_empty_space height=\u00bb100px\u00bb][\/vc_column][\/vc_row]<\/p>\n<\/div>","protected":false},"excerpt":{"rendered":"<p>[vc_row css_animation=\u00bb\u00bb row_type=\u00bbrow\u00bb use_row_as_full_screen_section=\u00bbno\u00bb type=\u00bbfull_width\u00bb angled_section=\u00bbno\u00bb text_align=\u00bbleft\u00bb background_image_as_pattern=\u00bbwithout_pattern\u00bb][vc_column][vc_empty_space][vc_column_text]\u2190 ESPACIO DE IMPRESI\u00d3N DIGITAL[\/vc_column_text][\/vc_column][\/vc_row][vc_row css_animation=\u00bb\u00bb row_type=\u00bbrow\u00bb use_row_as_full_screen_section=\u00bbno\u00bb type=\u00bbfull_width\u00bb angled_section=\u00bbno\u00bb text_align=\u00bbleft\u00bb background_image_as_pattern=\u00bbwithout_pattern\u00bb][vc_column][vc_empty_space height=\u00bb80px\u00bb][\/vc_column][\/vc_row][vc_row css_animation=\u00bb\u00bb row_type=\u00bbrow\u00bb use_row_as_full_screen_section=\u00bbno\u00bb type=\u00bbfull_width\u00bb angled_section=\u00bbno\u00bb text_align=\u00bbleft\u00bb background_image_as_pattern=\u00bbwithout_pattern\u00bb][vc_column width=\u00bb1\/2&#8243; offset=\u00bbvc_hidden-sm vc_hidden-xs\u00bb][vc_column_text] Tarifas y precios por plazos de entrega [\/vc_column_text][vc_empty_space height=\u00bb50px\u00bb][vc_column_text css=\u00bb\u00bb]Tarifa 1: Producci\u00f3n + entrega en&#8230;<\/p>\n","protected":false},"author":1,"featured_media":0,"parent":0,"menu_order":88,"comment_status":"closed","ping_status":"closed","template":"","meta":{"footnotes":""},"class_list":["post-9546","page","type-page","status-publish","hentry"],"yoast_head":"<!-- This site is optimized with the Yoast SEO plugin v25.0 - https:\/\/yoast.com\/wordpress\/plugins\/seo\/ -->\n<title>Rapidez de entrega y condiciones &#8211; Nexe Impressions<\/title>\n<meta name=\"description\" content=\"Rapidez de entrega y condiciones. Consulta nuestras tarifas y precios, plazos de entrega y las condiciones de pago.\" \/>\n<meta name=\"robots\" content=\"index, follow, max-snippet:-1, max-image-preview:large, max-video-preview:-1\" \/>\n<link rel=\"canonical\" href=\"https:\/\/nexeimpressions.com\/es\/rapidez-entrega-y-condiciones\/\" \/>\n<meta property=\"og:locale\" content=\"es_ES\" \/>\n<meta property=\"og:type\" content=\"article\" \/>\n<meta property=\"og:title\" content=\"Rapidez de entrega y condiciones &#8211; Nexe Impressions\" \/>\n<meta property=\"og:description\" content=\"Rapidez de entrega y condiciones. Consulta nuestras tarifas y precios, plazos de entrega y las condiciones de pago.\" \/>\n<meta property=\"og:url\" content=\"https:\/\/nexeimpressions.com\/es\/rapidez-entrega-y-condiciones\/\" \/>\n<meta property=\"og:site_name\" content=\"Nexe Impressions\" \/>\n<meta property=\"article:publisher\" content=\"https:\/\/www.facebook.com\/nexeimpressions\" \/>\n<meta property=\"article:modified_time\" content=\"2026-01-15T14:43:41+00:00\" \/>\n<meta name=\"twitter:card\" content=\"summary_large_image\" \/>\n<meta name=\"twitter:label1\" content=\"Tiempo de lectura\" \/>\n\t<meta name=\"twitter:data1\" content=\"4 minutos\" \/>\n<script type=\"application\/ld+json\" class=\"yoast-schema-graph\">{\"@context\":\"https:\/\/schema.org\",\"@graph\":[{\"@type\":\"WebPage\",\"@id\":\"https:\/\/nexeimpressions.com\/es\/rapidez-entrega-y-condiciones\/\",\"url\":\"https:\/\/nexeimpressions.com\/es\/rapidez-entrega-y-condiciones\/\",\"name\":\"Rapidez de entrega y condiciones &#8211; Nexe Impressions\",\"isPartOf\":{\"@id\":\"https:\/\/nexeimpressions.com\/es\/#website\"},\"datePublished\":\"2020-05-12T07:56:23+00:00\",\"dateModified\":\"2026-01-15T14:43:41+00:00\",\"description\":\"Rapidez de entrega y condiciones. Consulta nuestras tarifas y precios, plazos de entrega y las condiciones de pago.\",\"breadcrumb\":{\"@id\":\"https:\/\/nexeimpressions.com\/es\/rapidez-entrega-y-condiciones\/#breadcrumb\"},\"inLanguage\":\"es\",\"potentialAction\":[{\"@type\":\"ReadAction\",\"target\":[\"https:\/\/nexeimpressions.com\/es\/rapidez-entrega-y-condiciones\/\"]}]},{\"@type\":\"BreadcrumbList\",\"@id\":\"https:\/\/nexeimpressions.com\/es\/rapidez-entrega-y-condiciones\/#breadcrumb\",\"itemListElement\":[{\"@type\":\"ListItem\",\"position\":1,\"name\":\"Home\",\"item\":\"https:\/\/nexeimpressions.com\/es\/\"},{\"@type\":\"ListItem\",\"position\":2,\"name\":\"Rapidez de entrega y condiciones\"}]},{\"@type\":\"WebSite\",\"@id\":\"https:\/\/nexeimpressions.com\/es\/#website\",\"url\":\"https:\/\/nexeimpressions.com\/es\/\",\"name\":\"Nexe Impressions\",\"description\":\"Print worthy\",\"potentialAction\":[{\"@type\":\"SearchAction\",\"target\":{\"@type\":\"EntryPoint\",\"urlTemplate\":\"https:\/\/nexeimpressions.com\/es\/?s={search_term_string}\"},\"query-input\":{\"@type\":\"PropertyValueSpecification\",\"valueRequired\":true,\"valueName\":\"search_term_string\"}}],\"inLanguage\":\"es\"}]}<\/script>\n<!-- \/ Yoast SEO plugin. -->","yoast_head_json":{"title":"Rapidez de entrega y condiciones &#8211; Nexe Impressions","description":"Rapidez de entrega y condiciones. Consulta nuestras tarifas y precios, plazos de entrega y las condiciones de pago.","robots":{"index":"index","follow":"follow","max-snippet":"max-snippet:-1","max-image-preview":"max-image-preview:large","max-video-preview":"max-video-preview:-1"},"canonical":"https:\/\/nexeimpressions.com\/es\/rapidez-entrega-y-condiciones\/","og_locale":"es_ES","og_type":"article","og_title":"Rapidez de entrega y condiciones &#8211; Nexe Impressions","og_description":"Rapidez de entrega y condiciones. Consulta nuestras tarifas y precios, plazos de entrega y las condiciones de pago.","og_url":"https:\/\/nexeimpressions.com\/es\/rapidez-entrega-y-condiciones\/","og_site_name":"Nexe Impressions","article_publisher":"https:\/\/www.facebook.com\/nexeimpressions","article_modified_time":"2026-01-15T14:43:41+00:00","twitter_card":"summary_large_image","twitter_misc":{"Tiempo de lectura":"4 minutos"},"schema":{"@context":"https:\/\/schema.org","@graph":[{"@type":"WebPage","@id":"https:\/\/nexeimpressions.com\/es\/rapidez-entrega-y-condiciones\/","url":"https:\/\/nexeimpressions.com\/es\/rapidez-entrega-y-condiciones\/","name":"Rapidez de entrega y condiciones &#8211; Nexe Impressions","isPartOf":{"@id":"https:\/\/nexeimpressions.com\/es\/#website"},"datePublished":"2020-05-12T07:56:23+00:00","dateModified":"2026-01-15T14:43:41+00:00","description":"Rapidez de entrega y condiciones. Consulta nuestras tarifas y precios, plazos de entrega y las condiciones de pago.","breadcrumb":{"@id":"https:\/\/nexeimpressions.com\/es\/rapidez-entrega-y-condiciones\/#breadcrumb"},"inLanguage":"es","potentialAction":[{"@type":"ReadAction","target":["https:\/\/nexeimpressions.com\/es\/rapidez-entrega-y-condiciones\/"]}]},{"@type":"BreadcrumbList","@id":"https:\/\/nexeimpressions.com\/es\/rapidez-entrega-y-condiciones\/#breadcrumb","itemListElement":[{"@type":"ListItem","position":1,"name":"Home","item":"https:\/\/nexeimpressions.com\/es\/"},{"@type":"ListItem","position":2,"name":"Rapidez de entrega y condiciones"}]},{"@type":"WebSite","@id":"https:\/\/nexeimpressions.com\/es\/#website","url":"https:\/\/nexeimpressions.com\/es\/","name":"Nexe Impressions","description":"Print worthy","potentialAction":[{"@type":"SearchAction","target":{"@type":"EntryPoint","urlTemplate":"https:\/\/nexeimpressions.com\/es\/?s={search_term_string}"},"query-input":{"@type":"PropertyValueSpecification","valueRequired":true,"valueName":"search_term_string"}}],"inLanguage":"es"}]}},"_links":{"self":[{"href":"https:\/\/nexeimpressions.com\/es\/wp-json\/wp\/v2\/pages\/9546","targetHints":{"allow":["GET"]}}],"collection":[{"href":"https:\/\/nexeimpressions.com\/es\/wp-json\/wp\/v2\/pages"}],"about":[{"href":"https:\/\/nexeimpressions.com\/es\/wp-json\/wp\/v2\/types\/page"}],"author":[{"embeddable":true,"href":"https:\/\/nexeimpressions.com\/es\/wp-json\/wp\/v2\/users\/1"}],"replies":[{"embeddable":true,"href":"https:\/\/nexeimpressions.com\/es\/wp-json\/wp\/v2\/comments?post=9546"}],"version-history":[{"count":6,"href":"https:\/\/nexeimpressions.com\/es\/wp-json\/wp\/v2\/pages\/9546\/revisions"}],"predecessor-version":[{"id":25681,"href":"https:\/\/nexeimpressions.com\/es\/wp-json\/wp\/v2\/pages\/9546\/revisions\/25681"}],"wp:attachment":[{"href":"https:\/\/nexeimpressions.com\/es\/wp-json\/wp\/v2\/media?parent=9546"}],"curies":[{"name":"wp","href":"https:\/\/api.w.org\/{rel}","templated":true}]}}