 {"id":10431,"date":"2020-06-11T09:21:30","date_gmt":"2020-06-11T09:21:30","guid":{"rendered":"http:\/\/www.nexeimpressions.com\/?page_id=10431"},"modified":"2026-01-15T16:59:52","modified_gmt":"2026-01-15T14:59:52","slug":"conditions-du-contrat","status":"publish","type":"page","link":"https:\/\/nexeimpressions.com\/fr\/conditions-du-contrat\/","title":{"rendered":"Conditions du contrat &#8211; Guide d&rsquo;achat"},"content":{"rendered":"<div class=\"wpb-content-wrapper\"><p>[vc_row css_animation=\u00a0\u00bb\u00a0\u00bb row_type=\u00a0\u00bbrow\u00a0\u00bb use_row_as_full_screen_section=\u00a0\u00bbno\u00a0\u00bb type=\u00a0\u00bbfull_width\u00a0\u00bb angled_section=\u00a0\u00bbno\u00a0\u00bb text_align=\u00a0\u00bbleft\u00a0\u00bb background_image_as_pattern=\u00a0\u00bbwithout_pattern\u00a0\u00bb][vc_column][vc_empty_space height=\u00a0\u00bb50px\u00a0\u00bb][vc_column_text]<\/p>\n<h3 style=\"text-align: center;\"><strong>1. Identifiant<\/strong><\/h3>\n<p>[\/vc_column_text][vc_empty_space][vc_column_text]<\/p>\n<p style=\"text-align: left;\"><strong>Titulaire:<\/strong> Nexe Impressions SLU<br \/>\n<strong>Si\u00e8ge social:<\/strong> Rue Ramon Turr\u00f3, 16, local, rez-de-chauss\u00e9e. G\u00e9rone (17005) Espagne<br \/>\n<strong>CIF:<\/strong> B17883927 &#8211; Nexe Impressions<br \/>\n<strong>T\u00e9l\u00e9phone:<\/strong> (+34) 972 24 60 48<br \/>\n<strong>Inscription publique:<br \/>\n<\/strong>Registre Mercantile de G\u00e9rone<br \/>\n<span lang=\"ca\">Volume 2390<\/span><br \/>\nSection du Livre d&rsquo;Entreprise<br \/>\nFolio <span lang=\"ca\">181<\/span>, Feuille N\u00ba<span lang=\"ca\">GI-40322<\/span> Enregistrement <span lang=\"ca\">1\u00aa<\/span><br \/>\n<strong>Email:<\/strong> <a href=\"mailto:info@nexeimpressions.com\">info@nexeimpressions.com<\/a><\/p>\n<p>[\/vc_column_text][vc_empty_space height=\u00a0\u00bb15px\u00a0\u00bb][vc_column_text]Les pr\u00e9sentes Conditions g\u00e9n\u00e9rales de March\u00e9 du site <a href=\"http:\/\/nexeimpressions.com\">nexeimpressions.com<\/a> r\u00e9giront les relations juridiques pouvant na\u00eetre entre:[\/vc_column_text][vc_empty_space height=\u00a0\u00bb15px\u00a0\u00bb][vc_column_text]NEXE IMPRESSIONS, SLU avec les donn\u00e9es qui apparaissent pr\u00e9c\u00e9demment, et, d&rsquo;autre part, le CLIENT, dont les donn\u00e9es saisies pour effectuer l&rsquo;achat ou pour faire toute requ\u00eate ou suggestion, via le formulaire \u00e9tabli \u00e0 cet effet, sont celles qui ont \u00e9t\u00e9 exp\u00e9di\u00e9 par lui-m\u00eame.[\/vc_column_text][vc_empty_space height=\u00a0\u00bb15px\u00a0\u00bb][vc_column_text]<\/p>\n<p style=\"text-align: left;\">Les deux parties d\u00e9clarent avoir la capacit\u00e9 juridique suffisante pour contracter et s&rsquo;engager aux termes du pr\u00e9sent contrat.<\/p>\n<p>[\/vc_column_text][vc_empty_space height=\u00a0\u00bb50px\u00a0\u00bb][vc_column_text]<\/p>\n<h3 style=\"text-align: center;\"><strong>2. Domaine d&rsquo;application<\/strong><\/h3>\n<p>[\/vc_column_text][vc_empty_space][vc_column_text]Territoire fran\u00e7ais dans les limites de l&rsquo;UE.[\/vc_column_text][vc_empty_space height=\u00a0\u00bb15px\u00a0\u00bb][vc_column_text]<\/p>\n<p style=\"text-align: left;\">Territoire espagnol comprenant les \u00eeles Bal\u00e9ares et Canaries.<\/p>\n<p>[\/vc_column_text][vc_empty_space height=\u00a0\u00bb50px\u00a0\u00bb][vc_column_text]<\/p>\n<h3 style=\"text-align: center;\"><strong>3. Informations sur les produits et services<\/strong><\/h3>\n<p>[\/vc_column_text][vc_empty_space][vc_column_text]Seuls les produits et services propos\u00e9s dans la ZONE D&rsquo;IMPRESSION NUM\u00c9RIQUE \u00c0 VALEUR AJOUT\u00c9E sur notre site Internet <a href=\"http:\/\/nexeimpressions.com\">nexeimpressions.com<\/a> sont ceux li\u00e9s \u00e0 l&rsquo;achat \u00e9lectronique, tant par PAYPAL, POS ou BANK TRANSFER. Les autres services Web ne font pas partie de la modalit\u00e9 d&rsquo;achat et de paiement \u00e9lectronique de la boutique en ligne.[\/vc_column_text][vc_empty_space height=\u00a0\u00bb15px\u00a0\u00bb][vc_column_text]Les produits et services de la ZONE D&rsquo;IMPRESSION NUM\u00c9RIQUE \u00c0 VALEUR AJOUT\u00c9E sont reproduits et imprim\u00e9s en technologie num\u00e9rique et sont ceux qui sont li\u00e9s \u00e0 ce guide d&rsquo;achat et aux conditions contractuelles.[\/vc_column_text][vc_empty_space height=\u00a0\u00bb15px\u00a0\u00bb][vc_column_text]Les produits graphiques li\u00e9s et sp\u00e9cifi\u00e9s sur le web ESPACE D&rsquo;IMPRESSION NUM\u00c9RIQUE DE VALEUR AJOUT\u00c9E sont soumis aux d\u00e9lais de livraison et aux modes d&rsquo;exp\u00e9dition pr\u00e9cis\u00e9s sur le web.[\/vc_column_text][vc_empty_space height=\u00a0\u00bb50px\u00a0\u00bb][vc_column_text]<\/p>\n<h3 style=\"text-align: center;\"><strong>4. Proc\u00e9dure de formalisation des commandes et de suivi<\/strong><\/h3>\n<p>[\/vc_column_text][vc_empty_space][vc_column_text css=\u00a0\u00bb\u00a0\u00bb]Le client s\u00e9lectionnera, de pr\u00e9f\u00e9rence, via le formulaire de description sur notre site Internet ou via notre email <a href=\"mailto:info@nexeimpressions.com\">info@nexeimpressions.com<\/a>, le produit, le support d&rsquo;impression et le type de finition, et surtout, le tarif li\u00e9 \u00e0 l&rsquo;un des trois types de Livraison: 48 heures, 3-4 jours ou 5-6 jours dans le cas du territoire de l&rsquo;\u00c9tat p\u00e9ninsulaire espagnol ou 2-3 jours, 4-6 jours ou 7-8 jours pour le territoire de l&rsquo;\u00c9tat insulaire espagnol ou pour l&rsquo;ensemble du territoire Fran\u00e7ais. Les commandes re\u00e7ues apr\u00e8s 11h30 sautent le lendemain.[\/vc_column_text][vc_empty_space height=\u00a0\u00bb15px\u00a0\u00bb][vc_column_text]Dans le processus budg\u00e9taire, vous devez vous identifier avec les donn\u00e9es minimales requises.[\/vc_column_text][vc_empty_space height=\u00a0\u00bb15px\u00a0\u00bb][vc_column_text]Une fois la demande envoy\u00e9e, vous recevrez un \u00e9mail avec notre budget et nos sp\u00e9cifications en moins de 2 heures (tant qu&rsquo;il s&rsquo;agit d&rsquo;un produit li\u00e9 \u00e0 l&rsquo;ESPACE D&rsquo;IMPRESSION NUM\u00c9RIQUE \u00c0 VALEUR AJOUT\u00c9E).[\/vc_column_text][vc_empty_space height=\u00a0\u00bb15px\u00a0\u00bb][vc_column_text css=\u00a0\u00bb\u00a0\u00bb]Si le budget a \u00e9t\u00e9 approuv\u00e9 par le client, ce m\u00eame document sign\u00e9 et accept\u00e9 doit \u00eatre envoy\u00e9 avec ses donn\u00e9es fiscales et le fichier graphique correspondant \u00e0 notre email <a href=\"mailto:info@nexeimpressions.com\">info@nexeimpressions.com<\/a>.[\/vc_column_text][vc_empty_space height=\u00a0\u00bb15px\u00a0\u00bb][vc_column_text]Une fois cet \u00e9mail re\u00e7u, qui servira de confirmation de commande, vous recevrez en moins d&rsquo;une heure un nouvel \u00e9mail avec un num\u00e9ro de suivi de commande et un rapport d&rsquo;approbation technique de votre fichier graphique v\u00e9rifi\u00e9.[\/vc_column_text][vc_empty_space height=\u00a0\u00bb15px\u00a0\u00bb][vc_column_text]Une fois la commande termin\u00e9e, vous recevrez un nouvel \u00e9mail avec les d\u00e9tails d&rsquo;exp\u00e9dition de la commande pour faciliter le suivi.[\/vc_column_text][vc_empty_space height=\u00a0\u00bb15px\u00a0\u00bb][vc_column_text]A tout moment pendant que votre commande est en cours, vous pouvez contacter notre service client, soit par \u00e9mail, chat sur notre site internet, WhatsApp ou par t\u00e9l\u00e9phone pour conna\u00eetre son \u00e9volution.[\/vc_column_text][vc_empty_space height=\u00a0\u00bb50px\u00a0\u00bb][vc_column_text]<\/p>\n<h3 style=\"text-align: center;\">5. Modifications caract\u00e9ristiques de la commande<\/h3>\n<p>[\/vc_column_text][vc_empty_space][vc_column_text]Dans le cas o\u00f9 la commande demand\u00e9e n\u00e9cessiterait une modification en raison d&rsquo;une rupture de stock du mat\u00e9riau \/ papier choisi, NEXE IMPRESSIONS, SLU informera le client en moins de deux heures apr\u00e8s le traitement de la commande, en proposant une alternative qui devra \u00eatre valid\u00e9e par le client, ou la possibilit\u00e9 d&rsquo;annulation de la commande.[\/vc_column_text][vc_empty_space height=\u00a0\u00bb50px\u00a0\u00bb][vc_column_text]<\/p>\n<h3 style=\"text-align: center;\">6. R\u00e8glements pour les fichiers num\u00e9riques<\/h3>\n<p>[\/vc_column_text][vc_empty_space][vc_column_text]Les fichiers graphiques doivent de pr\u00e9f\u00e9rence arriver en PDF-X1. Cependant, nous acceptons les fichiers ouverts qui doivent \u00eatre ferm\u00e9s en PDF pour une v\u00e9rification double v\u00e9rification. Ce Service est gratuit mais ajoute un jour suppl\u00e9mentaire au d\u00e9lai de livraison \u00e9tabli dans nos tarifs. De plus, ce dossier vous sera envoy\u00e9 par voie \u00e9lectronique pour approbation.[\/vc_column_text][vc_empty_space height=\u00a0\u00bb15px\u00a0\u00bb][vc_column_text css=\u00a0\u00bb\u00a0\u00bb]Vous avez \u00e0 votre disposition sur notre site un guide pour la r\u00e9alisation \/ v\u00e9rification des fichiers PDF haute r\u00e9solution, si vous le souhaitez, ou vous pouvez contacter notre Service Technique \u00e0 la m\u00eame adresse \u00e9mail <a href=\"mailto:info@nexeimpressions.com\">info@nexeimpressions.com<\/a> si vous avez besoin d&rsquo;aide technique concernant le cr\u00e9er vos fichiers.[\/vc_column_text][vc_empty_space height=\u00a0\u00bb50px\u00a0\u00bb][vc_column_text]<\/p>\n<h3 style=\"text-align: center;\">7. Informations sur la livraison<\/h3>\n<p>[\/vc_column_text][vc_empty_space][vc_column_text]<\/p>\n<p style=\"text-align: left;\">Une fois la commande termin\u00e9e, vous recevrez un \u00e9mail avec les d\u00e9tails d&rsquo;exp\u00e9dition de la commande pour faciliter le suivi.<\/p>\n<p>[\/vc_column_text][vc_empty_space height=\u00a0\u00bb15px\u00a0\u00bb][vc_column_text]<\/p>\n<p style=\"text-align: left;\">Les livraisons de nos produits sont toujours sous-trait\u00e9es \u00e0 des soci\u00e9t\u00e9s de messagerie et de colis sp\u00e9cialis\u00e9es de prestige reconnu.<\/p>\n<p>[\/vc_column_text][vc_empty_space height=\u00a0\u00bb50px\u00a0\u00bb][vc_column_text]<\/p>\n<h3 style=\"text-align: center;\">8. Annulation et extension des commandes<\/h3>\n<p>[\/vc_column_text][vc_empty_space][vc_column_text]<\/p>\n<p style=\"text-align: left;\">Les commandes ne peuvent pas \u00eatre modifi\u00e9es une fois que nous avons envoy\u00e9 l&rsquo;\u00e9mail de v\u00e9rification de vos fichiers graphiques.<\/p>\n<p>[\/vc_column_text][vc_empty_space height=\u00a0\u00bb50px\u00a0\u00bb][vc_column_text]<\/p>\n<h3 style=\"text-align: center;\">9. Responsabilit\u00e9s de Nexe Impressions, SLU<\/h3>\n<p>[\/vc_column_text][vc_empty_space][vc_column_text]<\/p>\n<p style=\"text-align: left;\">Nexe Impressions, SLU s&rsquo;engage \u00e0 garantir que les commandes auront la meilleure qualit\u00e9 d&rsquo;impression bas\u00e9e sur les normes ISO 12647 pour la colorim\u00e9trie ajust\u00e9e \u00e0 l&rsquo;impression num\u00e9rique.<\/p>\n<p>[\/vc_column_text][vc_empty_space height=\u00a0\u00bb15px\u00a0\u00bb][vc_column_text]<\/p>\n<p style=\"text-align: left;\">Nexe Impressions, SLU s&rsquo;engage \u00e0 garantir la plus haute qualit\u00e9 pour toutes les finitions propos\u00e9es sur son site Internet.<\/p>\n<p>[\/vc_column_text][vc_empty_space height=\u00a0\u00bb15px\u00a0\u00bb][vc_column_text]<\/p>\n<p style=\"text-align: left;\">Nexe Impressions, SLU s&rsquo;engage \u00e0 livrer les commandes, parfaitement emball\u00e9es et sans aucun dommage. Dans le cas o\u00f9 vous recevez votre ou vos colis en mauvais \u00e9tat, il est indispensable de nous informer imm\u00e9diatement dans un d\u00e9lai n&rsquo;exc\u00e9dant pas deux heures apr\u00e8s la livraison, par mail, en envoyant des photographies de qualit\u00e9 standard de celui-ci et en montrant que le la marchandise a \u00e9t\u00e9 endommag\u00e9e. Ceci est important pour le processus de r\u00e9clamation ult\u00e9rieur \u00e0 notre service de messagerie et de colis.<\/p>\n<p>[\/vc_column_text][vc_empty_space height=\u00a0\u00bb50px\u00a0\u00bb][vc_column_text]<\/p>\n<h3 style=\"text-align: center;\">10. R\u00e9clamations<\/h3>\n<p>[\/vc_column_text][vc_empty_space][vc_column_text]La politique de retour des marchandises dont les produits sont r\u00e9gis par la loi, ne s&rsquo;applique pas \u00e0 la plupart des produits NEXE IMPRESSIONS, SLU, car ce sont des produits sur mesure et enti\u00e8rement personnalis\u00e9s, de sorte que le client a 7 jours ouvrables pour demander le droit de rembourser le montant tant que la raison provient d&rsquo;un incident ou d&rsquo;une r\u00e9clamation pour d\u00e9faut de fabrication. Avant d&rsquo;effectuer un tel retour, le client doit contacter la soci\u00e9t\u00e9 dans le d\u00e9lai indiqu\u00e9 par e-mail, t\u00e9l\u00e9phone, en fournissant toutes ses donn\u00e9es, r\u00e9f\u00e9rence de commande et motif de la r\u00e9clamation.[\/vc_column_text][vc_empty_space height=\u00a0\u00bb15px\u00a0\u00bb][vc_column_text]Tout retour sans cette communication pr\u00e9alable ne sera pas accept\u00e9 par NEXE IMPRESSIONS, SLU. Afin d&rsquo;admettre le retour, le produit et son emballage doivent \u00eatre en parfait \u00e9tat, sans rayures ni d\u00e9t\u00e9rioration et comprenant toute la documentation qui accompagne le produit et ses accessoires.[\/vc_column_text][vc_empty_space height=\u00a0\u00bb15px\u00a0\u00bb][vc_column_text]Le CLIENT doit r\u00e9aliser un emballage correct qui assure son transport sans dommage. Une fois re\u00e7u, le service qualit\u00e9 de NEXE IMPRESSIONS, SLU. proc\u00e9dera \u00e0 la v\u00e9rification de l&rsquo;\u00e9tat du produit et de sa qualit\u00e9 d&rsquo;impression. En cas de v\u00e9rification de l&rsquo;incidence possible, NEXE IMPRESSIONS, SLU. offrira au client la possibilit\u00e9 d&rsquo;envoyer \u00e0 nouveau le produit, en assumant, \u00e0 son tour, les frais d&rsquo;exp\u00e9dition. Dans le cas o\u00f9 le client ne souhaite pas que nous vous renvoyions le produit, le montant sera rembours\u00e9.[\/vc_column_text][vc_empty_space height=\u00a0\u00bb50px\u00a0\u00bb][\/vc_column][\/vc_row]<\/p>\n<\/div>","protected":false},"excerpt":{"rendered":"<p>[vc_row css_animation=\u00a0\u00bb\u00a0\u00bb row_type=\u00a0\u00bbrow\u00a0\u00bb use_row_as_full_screen_section=\u00a0\u00bbno\u00a0\u00bb type=\u00a0\u00bbfull_width\u00a0\u00bb angled_section=\u00a0\u00bbno\u00a0\u00bb text_align=\u00a0\u00bbleft\u00a0\u00bb background_image_as_pattern=\u00a0\u00bbwithout_pattern\u00a0\u00bb][vc_column][vc_empty_space height=\u00a0\u00bb50px\u00a0\u00bb][vc_column_text] 1. Identifiant [\/vc_column_text][vc_empty_space][vc_column_text] Titulaire: Nexe Impressions SLU Si\u00e8ge social: Rue Ramon Turr\u00f3, 16, local, rez-de-chauss\u00e9e. G\u00e9rone (17005) Espagne CIF: B17883927 &#8211; Nexe Impressions T\u00e9l\u00e9phone: (+34) 972 24 60 48 Inscription publique: Registre Mercantile de G\u00e9rone Volume&#8230;<\/p>\n","protected":false},"author":1,"featured_media":0,"parent":0,"menu_order":68,"comment_status":"closed","ping_status":"closed","template":"","meta":{"footnotes":""},"class_list":["post-10431","page","type-page","status-publish","hentry"],"yoast_head":"<!-- This site is optimized with the Yoast SEO plugin v25.0 - https:\/\/yoast.com\/wordpress\/plugins\/seo\/ -->\n<title>Conditions du contrat - Guide d&#039;achat &#8211; Nexe Impressions<\/title>\n<meta name=\"description\" content=\"Consultez les conditions du contrat et le guide d&#039;achat Nexe Impressions. Si vous avez des questions, veuillez nous contacter.\" \/>\n<meta name=\"robots\" content=\"noindex, follow\" \/>\n<meta property=\"og:locale\" content=\"fr_FR\" \/>\n<meta property=\"og:type\" content=\"article\" \/>\n<meta property=\"og:title\" content=\"Conditions du contrat - Guide d&#039;achat &#8211; Nexe Impressions\" \/>\n<meta property=\"og:description\" content=\"Consultez les conditions du contrat et le guide d&#039;achat Nexe Impressions. Si vous avez des questions, veuillez nous contacter.\" \/>\n<meta property=\"og:url\" content=\"https:\/\/nexeimpressions.com\/fr\/conditions-du-contrat\/\" \/>\n<meta property=\"og:site_name\" content=\"Nexe Impressions\" \/>\n<meta property=\"article:publisher\" content=\"https:\/\/www.facebook.com\/nexeimpressions\" \/>\n<meta property=\"article:modified_time\" content=\"2026-01-15T14:59:52+00:00\" \/>\n<meta name=\"twitter:card\" content=\"summary_large_image\" \/>\n<meta name=\"twitter:label1\" content=\"Dur\u00e9e de lecture estim\u00e9e\" \/>\n\t<meta name=\"twitter:data1\" content=\"7 minutes\" \/>\n<script type=\"application\/ld+json\" class=\"yoast-schema-graph\">{\"@context\":\"https:\/\/schema.org\",\"@graph\":[{\"@type\":\"WebPage\",\"@id\":\"https:\/\/nexeimpressions.com\/fr\/conditions-du-contrat\/\",\"url\":\"https:\/\/nexeimpressions.com\/fr\/conditions-du-contrat\/\",\"name\":\"Conditions du contrat - Guide d'achat &#8211; Nexe Impressions\",\"isPartOf\":{\"@id\":\"https:\/\/nexeimpressions.com\/fr\/#website\"},\"datePublished\":\"2020-06-11T09:21:30+00:00\",\"dateModified\":\"2026-01-15T14:59:52+00:00\",\"description\":\"Consultez les conditions du contrat et le guide d'achat Nexe Impressions. Si vous avez des questions, veuillez nous contacter.\",\"breadcrumb\":{\"@id\":\"https:\/\/nexeimpressions.com\/fr\/conditions-du-contrat\/#breadcrumb\"},\"inLanguage\":\"fr-FR\",\"potentialAction\":[{\"@type\":\"ReadAction\",\"target\":[\"https:\/\/nexeimpressions.com\/fr\/conditions-du-contrat\/\"]}]},{\"@type\":\"BreadcrumbList\",\"@id\":\"https:\/\/nexeimpressions.com\/fr\/conditions-du-contrat\/#breadcrumb\",\"itemListElement\":[{\"@type\":\"ListItem\",\"position\":1,\"name\":\"Home\",\"item\":\"https:\/\/nexeimpressions.com\/fr\/\"},{\"@type\":\"ListItem\",\"position\":2,\"name\":\"Conditions du contrat &#8211; Guide d&rsquo;achat\"}]},{\"@type\":\"WebSite\",\"@id\":\"https:\/\/nexeimpressions.com\/fr\/#website\",\"url\":\"https:\/\/nexeimpressions.com\/fr\/\",\"name\":\"Nexe Impressions\",\"description\":\"Print worthy\",\"potentialAction\":[{\"@type\":\"SearchAction\",\"target\":{\"@type\":\"EntryPoint\",\"urlTemplate\":\"https:\/\/nexeimpressions.com\/fr\/?s={search_term_string}\"},\"query-input\":{\"@type\":\"PropertyValueSpecification\",\"valueRequired\":true,\"valueName\":\"search_term_string\"}}],\"inLanguage\":\"fr-FR\"}]}<\/script>\n<!-- \/ Yoast SEO plugin. -->","yoast_head_json":{"title":"Conditions du contrat - Guide d'achat &#8211; Nexe Impressions","description":"Consultez les conditions du contrat et le guide d'achat Nexe Impressions. Si vous avez des questions, veuillez nous contacter.","robots":{"index":"noindex","follow":"follow"},"og_locale":"fr_FR","og_type":"article","og_title":"Conditions du contrat - Guide d'achat &#8211; Nexe Impressions","og_description":"Consultez les conditions du contrat et le guide d'achat Nexe Impressions. Si vous avez des questions, veuillez nous contacter.","og_url":"https:\/\/nexeimpressions.com\/fr\/conditions-du-contrat\/","og_site_name":"Nexe Impressions","article_publisher":"https:\/\/www.facebook.com\/nexeimpressions","article_modified_time":"2026-01-15T14:59:52+00:00","twitter_card":"summary_large_image","twitter_misc":{"Dur\u00e9e de lecture estim\u00e9e":"7 minutes"},"schema":{"@context":"https:\/\/schema.org","@graph":[{"@type":"WebPage","@id":"https:\/\/nexeimpressions.com\/fr\/conditions-du-contrat\/","url":"https:\/\/nexeimpressions.com\/fr\/conditions-du-contrat\/","name":"Conditions du contrat - Guide d'achat &#8211; Nexe Impressions","isPartOf":{"@id":"https:\/\/nexeimpressions.com\/fr\/#website"},"datePublished":"2020-06-11T09:21:30+00:00","dateModified":"2026-01-15T14:59:52+00:00","description":"Consultez les conditions du contrat et le guide d'achat Nexe Impressions. Si vous avez des questions, veuillez nous contacter.","breadcrumb":{"@id":"https:\/\/nexeimpressions.com\/fr\/conditions-du-contrat\/#breadcrumb"},"inLanguage":"fr-FR","potentialAction":[{"@type":"ReadAction","target":["https:\/\/nexeimpressions.com\/fr\/conditions-du-contrat\/"]}]},{"@type":"BreadcrumbList","@id":"https:\/\/nexeimpressions.com\/fr\/conditions-du-contrat\/#breadcrumb","itemListElement":[{"@type":"ListItem","position":1,"name":"Home","item":"https:\/\/nexeimpressions.com\/fr\/"},{"@type":"ListItem","position":2,"name":"Conditions du contrat &#8211; Guide d&rsquo;achat"}]},{"@type":"WebSite","@id":"https:\/\/nexeimpressions.com\/fr\/#website","url":"https:\/\/nexeimpressions.com\/fr\/","name":"Nexe Impressions","description":"Print worthy","potentialAction":[{"@type":"SearchAction","target":{"@type":"EntryPoint","urlTemplate":"https:\/\/nexeimpressions.com\/fr\/?s={search_term_string}"},"query-input":{"@type":"PropertyValueSpecification","valueRequired":true,"valueName":"search_term_string"}}],"inLanguage":"fr-FR"}]}},"_links":{"self":[{"href":"https:\/\/nexeimpressions.com\/fr\/wp-json\/wp\/v2\/pages\/10431","targetHints":{"allow":["GET"]}}],"collection":[{"href":"https:\/\/nexeimpressions.com\/fr\/wp-json\/wp\/v2\/pages"}],"about":[{"href":"https:\/\/nexeimpressions.com\/fr\/wp-json\/wp\/v2\/types\/page"}],"author":[{"embeddable":true,"href":"https:\/\/nexeimpressions.com\/fr\/wp-json\/wp\/v2\/users\/1"}],"replies":[{"embeddable":true,"href":"https:\/\/nexeimpressions.com\/fr\/wp-json\/wp\/v2\/comments?post=10431"}],"version-history":[{"count":2,"href":"https:\/\/nexeimpressions.com\/fr\/wp-json\/wp\/v2\/pages\/10431\/revisions"}],"predecessor-version":[{"id":25701,"href":"https:\/\/nexeimpressions.com\/fr\/wp-json\/wp\/v2\/pages\/10431\/revisions\/25701"}],"wp:attachment":[{"href":"https:\/\/nexeimpressions.com\/fr\/wp-json\/wp\/v2\/media?parent=10431"}],"curies":[{"name":"wp","href":"https:\/\/api.w.org\/{rel}","templated":true}]}}