 {"id":14487,"date":"2021-02-08T07:43:48","date_gmt":"2021-02-08T07:43:48","guid":{"rendered":"https:\/\/www.nexeimpressions.com\/tinta-rasca-rasca\/"},"modified":"2021-02-08T07:51:00","modified_gmt":"2021-02-08T07:51:00","slug":"encre-a-gratter","status":"publish","type":"page","link":"https:\/\/nexeimpressions.com\/fr\/encre-a-gratter\/","title":{"rendered":"Encre \u00e0 gratter"},"content":{"rendered":"<div class=\"wpb-content-wrapper\"><p>[vc_row css_animation=\u00a0\u00bb\u00a0\u00bb row_type=\u00a0\u00bbrow\u00a0\u00bb use_row_as_full_screen_section=\u00a0\u00bbno\u00a0\u00bb type=\u00a0\u00bbfull_width\u00a0\u00bb angled_section=\u00a0\u00bbno\u00a0\u00bb text_align=\u00a0\u00bbleft\u00a0\u00bb background_image_as_pattern=\u00a0\u00bbwithout_pattern\u00a0\u00bb][vc_column][vc_single_image image=\u00a0\u00bb14483&Prime; img_size=\u00a0\u00bblarge\u00a0\u00bb alignment=\u00a0\u00bbcenter\u00a0\u00bb qode_css_animation=\u00a0\u00bb\u00a0\u00bb][vc_empty_space height=\u00a0\u00bb50px\u00a0\u00bb][\/vc_column][\/vc_row]<\/p>\n<\/div>","protected":false},"excerpt":{"rendered":"<p>[vc_row css_animation=\u00a0\u00bb\u00a0\u00bb row_type=\u00a0\u00bbrow\u00a0\u00bb use_row_as_full_screen_section=\u00a0\u00bbno\u00a0\u00bb type=\u00a0\u00bbfull_width\u00a0\u00bb angled_section=\u00a0\u00bbno\u00a0\u00bb text_align=\u00a0\u00bbleft\u00a0\u00bb background_image_as_pattern=\u00a0\u00bbwithout_pattern\u00a0\u00bb][vc_column][vc_single_image image=\u00a0\u00bb14483&Prime; img_size=\u00a0\u00bblarge\u00a0\u00bb alignment=\u00a0\u00bbcenter\u00a0\u00bb qode_css_animation=\u00a0\u00bb\u00a0\u00bb][vc_empty_space height=\u00a0\u00bb50px\u00a0\u00bb][\/vc_column][\/vc_row]<\/p>\n","protected":false},"author":1,"featured_media":0,"parent":0,"menu_order":45,"comment_status":"closed","ping_status":"closed","template":"","meta":{"footnotes":""},"class_list":["post-14487","page","type-page","status-publish","hentry"],"yoast_head":"<!-- This site is optimized with the Yoast SEO plugin v25.0 - https:\/\/yoast.com\/wordpress\/plugins\/seo\/ -->\n<title>Encre \u00e0 gratter &#8211; Nexe Impressions<\/title>\n<meta name=\"description\" content=\"D\u00e9couvrez notre grande vari\u00e9t\u00e9 de finitions: encre \u00e0 gratter, relief sec (emboss - deboss), vernis sp\u00e9ciaux, s\u00e9rigraphie UV 3D et bien plus encore!\" \/>\n<meta name=\"robots\" content=\"index, follow, max-snippet:-1, max-image-preview:large, max-video-preview:-1\" \/>\n<link rel=\"canonical\" href=\"https:\/\/nexeimpressions.com\/fr\/encre-a-gratter\/\" \/>\n<meta property=\"og:locale\" content=\"fr_FR\" \/>\n<meta property=\"og:type\" content=\"article\" \/>\n<meta property=\"og:title\" content=\"Encre \u00e0 gratter &#8211; Nexe Impressions\" \/>\n<meta property=\"og:description\" content=\"D\u00e9couvrez notre grande vari\u00e9t\u00e9 de finitions: encre \u00e0 gratter, relief sec (emboss - deboss), vernis sp\u00e9ciaux, s\u00e9rigraphie UV 3D et bien plus encore!\" \/>\n<meta property=\"og:url\" content=\"https:\/\/nexeimpressions.com\/fr\/encre-a-gratter\/\" \/>\n<meta property=\"og:site_name\" content=\"Nexe Impressions\" \/>\n<meta property=\"article:publisher\" content=\"https:\/\/www.facebook.com\/nexeimpressions\" \/>\n<meta property=\"article:modified_time\" content=\"2021-02-08T07:51:00+00:00\" \/>\n<meta name=\"twitter:card\" content=\"summary_large_image\" \/>\n<script type=\"application\/ld+json\" class=\"yoast-schema-graph\">{\"@context\":\"https:\/\/schema.org\",\"@graph\":[{\"@type\":\"WebPage\",\"@id\":\"https:\/\/nexeimpressions.com\/fr\/encre-a-gratter\/\",\"url\":\"https:\/\/nexeimpressions.com\/fr\/encre-a-gratter\/\",\"name\":\"Encre \u00e0 gratter &#8211; Nexe Impressions\",\"isPartOf\":{\"@id\":\"https:\/\/nexeimpressions.com\/fr\/#website\"},\"datePublished\":\"2021-02-08T07:43:48+00:00\",\"dateModified\":\"2021-02-08T07:51:00+00:00\",\"description\":\"D\u00e9couvrez notre grande vari\u00e9t\u00e9 de finitions: encre \u00e0 gratter, relief sec (emboss - deboss), vernis sp\u00e9ciaux, s\u00e9rigraphie UV 3D et bien plus encore!\",\"breadcrumb\":{\"@id\":\"https:\/\/nexeimpressions.com\/fr\/encre-a-gratter\/#breadcrumb\"},\"inLanguage\":\"fr-FR\",\"potentialAction\":[{\"@type\":\"ReadAction\",\"target\":[\"https:\/\/nexeimpressions.com\/fr\/encre-a-gratter\/\"]}]},{\"@type\":\"BreadcrumbList\",\"@id\":\"https:\/\/nexeimpressions.com\/fr\/encre-a-gratter\/#breadcrumb\",\"itemListElement\":[{\"@type\":\"ListItem\",\"position\":1,\"name\":\"Home\",\"item\":\"https:\/\/nexeimpressions.com\/fr\/\"},{\"@type\":\"ListItem\",\"position\":2,\"name\":\"Encre \u00e0 gratter\"}]},{\"@type\":\"WebSite\",\"@id\":\"https:\/\/nexeimpressions.com\/fr\/#website\",\"url\":\"https:\/\/nexeimpressions.com\/fr\/\",\"name\":\"Nexe Impressions\",\"description\":\"Print worthy\",\"potentialAction\":[{\"@type\":\"SearchAction\",\"target\":{\"@type\":\"EntryPoint\",\"urlTemplate\":\"https:\/\/nexeimpressions.com\/fr\/?s={search_term_string}\"},\"query-input\":{\"@type\":\"PropertyValueSpecification\",\"valueRequired\":true,\"valueName\":\"search_term_string\"}}],\"inLanguage\":\"fr-FR\"}]}<\/script>\n<!-- \/ Yoast SEO plugin. -->","yoast_head_json":{"title":"Encre \u00e0 gratter &#8211; Nexe Impressions","description":"D\u00e9couvrez notre grande vari\u00e9t\u00e9 de finitions: encre \u00e0 gratter, relief sec (emboss - deboss), vernis sp\u00e9ciaux, s\u00e9rigraphie UV 3D et bien plus encore!","robots":{"index":"index","follow":"follow","max-snippet":"max-snippet:-1","max-image-preview":"max-image-preview:large","max-video-preview":"max-video-preview:-1"},"canonical":"https:\/\/nexeimpressions.com\/fr\/encre-a-gratter\/","og_locale":"fr_FR","og_type":"article","og_title":"Encre \u00e0 gratter &#8211; Nexe Impressions","og_description":"D\u00e9couvrez notre grande vari\u00e9t\u00e9 de finitions: encre \u00e0 gratter, relief sec (emboss - deboss), vernis sp\u00e9ciaux, s\u00e9rigraphie UV 3D et bien plus encore!","og_url":"https:\/\/nexeimpressions.com\/fr\/encre-a-gratter\/","og_site_name":"Nexe Impressions","article_publisher":"https:\/\/www.facebook.com\/nexeimpressions","article_modified_time":"2021-02-08T07:51:00+00:00","twitter_card":"summary_large_image","schema":{"@context":"https:\/\/schema.org","@graph":[{"@type":"WebPage","@id":"https:\/\/nexeimpressions.com\/fr\/encre-a-gratter\/","url":"https:\/\/nexeimpressions.com\/fr\/encre-a-gratter\/","name":"Encre \u00e0 gratter &#8211; Nexe Impressions","isPartOf":{"@id":"https:\/\/nexeimpressions.com\/fr\/#website"},"datePublished":"2021-02-08T07:43:48+00:00","dateModified":"2021-02-08T07:51:00+00:00","description":"D\u00e9couvrez notre grande vari\u00e9t\u00e9 de finitions: encre \u00e0 gratter, relief sec (emboss - deboss), vernis sp\u00e9ciaux, s\u00e9rigraphie UV 3D et bien plus encore!","breadcrumb":{"@id":"https:\/\/nexeimpressions.com\/fr\/encre-a-gratter\/#breadcrumb"},"inLanguage":"fr-FR","potentialAction":[{"@type":"ReadAction","target":["https:\/\/nexeimpressions.com\/fr\/encre-a-gratter\/"]}]},{"@type":"BreadcrumbList","@id":"https:\/\/nexeimpressions.com\/fr\/encre-a-gratter\/#breadcrumb","itemListElement":[{"@type":"ListItem","position":1,"name":"Home","item":"https:\/\/nexeimpressions.com\/fr\/"},{"@type":"ListItem","position":2,"name":"Encre \u00e0 gratter"}]},{"@type":"WebSite","@id":"https:\/\/nexeimpressions.com\/fr\/#website","url":"https:\/\/nexeimpressions.com\/fr\/","name":"Nexe Impressions","description":"Print worthy","potentialAction":[{"@type":"SearchAction","target":{"@type":"EntryPoint","urlTemplate":"https:\/\/nexeimpressions.com\/fr\/?s={search_term_string}"},"query-input":{"@type":"PropertyValueSpecification","valueRequired":true,"valueName":"search_term_string"}}],"inLanguage":"fr-FR"}]}},"_links":{"self":[{"href":"https:\/\/nexeimpressions.com\/fr\/wp-json\/wp\/v2\/pages\/14487","targetHints":{"allow":["GET"]}}],"collection":[{"href":"https:\/\/nexeimpressions.com\/fr\/wp-json\/wp\/v2\/pages"}],"about":[{"href":"https:\/\/nexeimpressions.com\/fr\/wp-json\/wp\/v2\/types\/page"}],"author":[{"embeddable":true,"href":"https:\/\/nexeimpressions.com\/fr\/wp-json\/wp\/v2\/users\/1"}],"replies":[{"embeddable":true,"href":"https:\/\/nexeimpressions.com\/fr\/wp-json\/wp\/v2\/comments?post=14487"}],"version-history":[{"count":3,"href":"https:\/\/nexeimpressions.com\/fr\/wp-json\/wp\/v2\/pages\/14487\/revisions"}],"predecessor-version":[{"id":14494,"href":"https:\/\/nexeimpressions.com\/fr\/wp-json\/wp\/v2\/pages\/14487\/revisions\/14494"}],"wp:attachment":[{"href":"https:\/\/nexeimpressions.com\/fr\/wp-json\/wp\/v2\/media?parent=14487"}],"curies":[{"name":"wp","href":"https:\/\/api.w.org\/{rel}","templated":true}]}}