 {"id":21981,"date":"2024-04-04T14:09:43","date_gmt":"2024-04-04T12:09:43","guid":{"rendered":"https:\/\/desarrollo.nexeimpressions.com\/espai-dimpressio-digital\/"},"modified":"2026-01-15T16:58:04","modified_gmt":"2026-01-15T14:58:04","slug":"impression-numerique","status":"publish","type":"page","link":"https:\/\/nexeimpressions.com\/fr\/impression-numerique\/","title":{"rendered":"Espace d&rsquo;impression num\u00e9rique"},"content":{"rendered":"<div class=\"wpb-content-wrapper\"><p>[vc_row css_animation=\u00a0\u00bb\u00a0\u00bb row_type=\u00a0\u00bbrow\u00a0\u00bb use_row_as_full_screen_section=\u00a0\u00bbno\u00a0\u00bb type=\u00a0\u00bbfull_width\u00a0\u00bb angled_section=\u00a0\u00bbno\u00a0\u00bb text_align=\u00a0\u00bbleft\u00a0\u00bb background_image_as_pattern=\u00a0\u00bbwithout_pattern\u00a0\u00bb][vc_column width=\u00a0\u00bb1\/6&Prime;][\/vc_column][vc_column width=\u00a0\u00bb2\/3&Prime; offset=\u00a0\u00bbvc_hidden-sm vc_hidden-xs\u00a0\u00bb][vc_empty_space height=\u00a0\u00bb20px\u00a0\u00bb][vc_column_text]<\/p>\n<h3 style=\"text-align: center;\">La valeur ajout\u00e9e du monde de l&rsquo;impression num\u00e9rique de haute qualit\u00e9<\/h3>\n<p>[\/vc_column_text][\/vc_column][vc_column width=\u00a0\u00bb1\/6&Prime;][\/vc_column][\/vc_row][vc_row css_animation=\u00a0\u00bb\u00a0\u00bb row_type=\u00a0\u00bbrow\u00a0\u00bb use_row_as_full_screen_section=\u00a0\u00bbno\u00a0\u00bb type=\u00a0\u00bbgrid\u00a0\u00bb angled_section=\u00a0\u00bbno\u00a0\u00bb text_align=\u00a0\u00bbleft\u00a0\u00bb background_image_as_pattern=\u00a0\u00bbwithout_pattern\u00a0\u00bb z_index=\u00a0\u00bb\u00a0\u00bb][vc_column width=\u00a0\u00bb1\/6&Prime;][\/vc_column][vc_column width=\u00a0\u00bb2\/3&Prime; offset=\u00a0\u00bbvc_hidden-lg vc_hidden-md\u00a0\u00bb][vc_empty_space height=\u00a0\u00bb50px\u00a0\u00bb][vc_column_text]<\/p>\n<h3 style=\"text-align: center;\">La valeur ajout\u00e9e du monde de l&rsquo;impression num\u00e9rique de haute qualit\u00e9<\/h3>\n<p>[\/vc_column_text][\/vc_column][vc_column width=\u00a0\u00bb1\/6&Prime;][\/vc_column][\/vc_row][vc_row css_animation=\u00a0\u00bb\u00a0\u00bb row_type=\u00a0\u00bbrow\u00a0\u00bb use_row_as_full_screen_section=\u00a0\u00bbno\u00a0\u00bb type=\u00a0\u00bbgrid\u00a0\u00bb angled_section=\u00a0\u00bbno\u00a0\u00bb text_align=\u00a0\u00bbleft\u00a0\u00bb background_image_as_pattern=\u00a0\u00bbwithout_pattern\u00a0\u00bb z_index=\u00a0\u00bb\u00a0\u00bb][vc_column][vc_empty_space height=\u00a0\u00bb60px\u00a0\u00bb][vc_row_inner row_type=\u00a0\u00bbrow\u00a0\u00bb type=\u00a0\u00bbfull_width\u00a0\u00bb text_align=\u00a0\u00bbleft\u00a0\u00bb css_animation=\u00a0\u00bb\u00a0\u00bb][vc_column_inner width=\u00a0\u00bb1\/4&Prime;]<div class='q_icon_with_title large custom_icon_image center '><div class=\"icon_holder \" style=\" \"><img decoding=\"async\" src=\"https:\/\/nexeimpressions.com\/wp-content\/uploads\/2020\/01\/01_imprimir.svg\" alt=\"\"><\/div><div class=\"icon_text_holder\" style=\"\"><div class=\"icon_text_inner\" style=\"\"><h3 class=\"icon_title\" style=\"color: #d13f52;font-weight: 700;\">Gamme de produits imprim\u00e9s<\/h3><p style='color: #303030'>Un univers de produits imprim\u00e9s avec une qualit\u00e9 avant-gardiste garantie.<\/p><a itemprop='url' class='icon_with_title_link' href='https:\/\/nexeimpressions.com\/fr\/gamme-produits\/' target='_self' style='color: #d13f52;'>Plus d&#039;informations<\/a><\/div><\/div><\/div>[\/vc_column_inner][vc_column_inner width=\u00a0\u00bb1\/4&Prime;]<div class='q_icon_with_title large custom_icon_image center '><div class=\"icon_holder \" style=\" \"><img decoding=\"async\" src=\"https:\/\/nexeimpressions.com\/wp-content\/uploads\/2020\/03\/01_tria_papers_catalegs.svg\" alt=\"\"><\/div><div class=\"icon_text_holder\" style=\"\"><div class=\"icon_text_inner\" style=\"\"><h3 class=\"icon_title\" style=\"color: #d13f52;font-weight: 700;\">Supports d\u2019impression<\/h3><p style='color: #303030'>Grande vari\u00e9t\u00e9 de supports : papier, adh\u00e9sifs et synth\u00e9tiques.<\/p><a itemprop='url' class='icon_with_title_link' href='http:\/\/nexeimpressions.com\/fr\/supports-impression\/' target='_self' style='color: #d13f52;'>Plus d&#039;informations<\/a><\/div><\/div><\/div>[\/vc_column_inner][vc_column_inner width=\u00a0\u00bb1\/4&Prime;]<div class='q_icon_with_title large custom_icon_image center '><div class=\"icon_holder \" style=\" \"><img decoding=\"async\" src=\"https:\/\/nexeimpressions.com\/wp-content\/uploads\/2017\/05\/01_flexibilitat.svg\" alt=\"\"><\/div><div class=\"icon_text_holder\" style=\"\"><div class=\"icon_text_inner\" style=\"\"><h3 class=\"icon_title\" style=\"color: #d13f52;font-weight: 700;\">Finitions num\u00e9riques<\/h3><p style='color: #303030'>Grande vari\u00e9t\u00e9 de finitions : laser, emboutissage, diverses reliures, etc.<\/p><a itemprop='url' class='icon_with_title_link' href='http:\/\/nexeimpressions.com\/fr\/finitions-numeriques\/' target='_self' style='color: #d13f52;'>Plus d&#039;informations<\/a><\/div><\/div><\/div>[\/vc_column_inner][vc_column_inner width=\u00a0\u00bb1\/4&Prime;]<div class='q_icon_with_title large custom_icon_image center '><div class=\"icon_holder \" style=\" \"><img decoding=\"async\" src=\"https:\/\/nexeimpressions.com\/wp-content\/uploads\/2017\/05\/01_rapidesa_execucio.svg\" alt=\"\"><\/div><div class=\"icon_text_holder\" style=\"\"><div class=\"icon_text_inner\" style=\"\"><h3 class=\"icon_title\" style=\"color: #d13f52;font-weight: 700;\">Rapidit\u00e9 de livraison et conditions<\/h3><p style='color: #303030'>D\u00e9lai de livraison \u00e0 choisir entre 48 heures \u00e0 8 jours. Une grande partie des commandes peuvent \u00eatre effectu\u00e9es dans les 24 heures plus la dur\u00e9e du transport (selon le tarif choisi).<\/p><a itemprop='url' class='icon_with_title_link' href='https:\/\/nexeimpressions.com\/fr\/rapidite-livraison-et-conditions\/' target='_self' style='color: #d13f52;'>Plus d&#039;informations<\/a><\/div><\/div><\/div>[\/vc_column_inner][\/vc_row_inner][vc_empty_space height=\u00a0\u00bb50px\u00a0\u00bb][\/vc_column][\/vc_row][vc_row css_animation=\u00a0\u00bb\u00a0\u00bb row_type=\u00a0\u00bbrow\u00a0\u00bb use_row_as_full_screen_section=\u00a0\u00bbno\u00a0\u00bb type=\u00a0\u00bbgrid\u00a0\u00bb angled_section=\u00a0\u00bbno\u00a0\u00bb text_align=\u00a0\u00bbcenter\u00a0\u00bb background_image_as_pattern=\u00a0\u00bbwithout_pattern\u00a0\u00bb z_index=\u00a0\u00bb\u00a0\u00bb][vc_column width=\u00a0\u00bb1\/4&Prime;][\/vc_column][vc_column width=\u00a0\u00bb1\/4&Prime; offset=\u00a0\u00bbvc_hidden-md vc_hidden-sm vc_hidden-xs\u00a0\u00bb][vc_empty_space height=\u00a0\u00bb20px\u00a0\u00bb]<a  itemprop=\"url\" href=\"http:\/\/nexeimpressions.com\/fr\/demandez-un-devis\/\" target=\"_self\" data-hover-background-color=\"#d13f52\" data-hover-border-color=\"#d13f52\" data-hover-color=\"#ffffff\" class=\"qbutton  small center default\" style=\"color: #d13f52; border-color: #d13f52; font-style: normal; font-weight: 800; margin: 0px 0px 0px 0px; background-color:#ffffff;\">DEMANDEZ VOTRE DEVIS<\/a>[\/vc_column][vc_column width=\u00a0\u00bb1\/4&Prime; offset=\u00a0\u00bbvc_hidden-md vc_hidden-sm vc_hidden-xs\u00a0\u00bb][vc_empty_space height=\u00a0\u00bb20px\u00a0\u00bb]<a  itemprop=\"url\" href=\"mailto:info@nexeimpressions.com\" target=\"_self\" data-hover-background-color=\"#ffffff\" data-hover-border-color=\"#d13f52\" data-hover-color=\"#d13f52\" class=\"qbutton  small center default\" style=\"color: #ffffff; border-color: #d13f52; font-style: normal; font-weight: 800; margin: 0px 0px 0px 0px; background-color:#d13f52;\">info@nexeimpressions.com<\/a>[\/vc_column][vc_column width=\u00a0\u00bb1\/4&Prime;][\/vc_column][\/vc_row][vc_row css_animation=\u00a0\u00bb\u00a0\u00bb row_type=\u00a0\u00bbrow\u00a0\u00bb use_row_as_full_screen_section=\u00a0\u00bbno\u00a0\u00bb type=\u00a0\u00bbgrid\u00a0\u00bb angled_section=\u00a0\u00bbno\u00a0\u00bb text_align=\u00a0\u00bbcenter\u00a0\u00bb background_image_as_pattern=\u00a0\u00bbwithout_pattern\u00a0\u00bb z_index=\u00a0\u00bb\u00a0\u00bb][vc_column width=\u00a0\u00bb1\/6&Prime;][\/vc_column][vc_column width=\u00a0\u00bb1\/3&Prime; offset=\u00a0\u00bbvc_hidden-lg vc_hidden-sm vc_hidden-xs\u00a0\u00bb][vc_empty_space height=\u00a0\u00bb20px\u00a0\u00bb]<a  itemprop=\"url\" href=\"http:\/\/nexeimpressions.com\/fr\/demandez-un-devis\/\" target=\"_self\" data-hover-background-color=\"#d13f52\" data-hover-border-color=\"#d13f52\" data-hover-color=\"#ffffff\" class=\"qbutton  small right default\" style=\"color: #d13f52; border-color: #d13f52; font-style: normal; font-weight: 800; margin: 0px 0px 0px 0px; background-color:#ffffff;\">DEMANDEZ VOTRE DEVIS<\/a>[\/vc_column][vc_column width=\u00a0\u00bb1\/3&Prime; offset=\u00a0\u00bbvc_hidden-lg vc_hidden-sm vc_hidden-xs\u00a0\u00bb][vc_empty_space height=\u00a0\u00bb20px\u00a0\u00bb]<a  itemprop=\"url\" href=\"mailto:info@nexeimpressions.com\" target=\"_self\" data-hover-background-color=\"#ffffff\" data-hover-border-color=\"#d13f52\" data-hover-color=\"#d13f52\" class=\"qbutton  small left default\" style=\"color: #ffffff; border-color: #d13f52; font-style: normal; font-weight: 800; margin: 0px 0px 0px 0px; background-color:#d13f52;\">info@nexeimpressions.com<\/a>[\/vc_column][vc_column width=\u00a0\u00bb1\/6&Prime;][\/vc_column][\/vc_row][vc_row css_animation=\u00a0\u00bb\u00a0\u00bb row_type=\u00a0\u00bbrow\u00a0\u00bb use_row_as_full_screen_section=\u00a0\u00bbno\u00a0\u00bb type=\u00a0\u00bbgrid\u00a0\u00bb angled_section=\u00a0\u00bbno\u00a0\u00bb text_align=\u00a0\u00bbcenter\u00a0\u00bb background_image_as_pattern=\u00a0\u00bbwithout_pattern\u00a0\u00bb z_index=\u00a0\u00bb\u00a0\u00bb][vc_column offset=\u00a0\u00bbvc_hidden-sm vc_hidden-xs\u00a0\u00bb][vc_empty_space height=\u00a0\u00bb70px\u00a0\u00bb][vc_column_text]<\/p>\n<h3 style=\"text-align: center;\"><span style=\"color: #d13f52;\">Si vous avez des questions, contactez-nous!<\/span><\/h3>\n<p>[\/vc_column_text][vc_empty_space]\n\n\t<a href=\"https:\/\/wa.me\/0034605932696\" target=\"_blank\" style=\"color: #d13f52;background-color: #ffffff;font-weight: 600\" class=\"qode-btn qode-btn-medium qode-btn-solid qode-btn-custom-hover-bg qode-btn-custom-hover-color qode-btn-custom-icon-bg-hover-color qode-btn-icon qode-btn-with-shadow qode-btn-default-hover\" data-hover-bg-color=\"#d13f52\" data-hover-color=\"#ffffff\" >\n\t    <span class=\"qode-btn-text\">+34 605 93 26 96<\/span><span class=\"qode-button-v2-icon-holder qode-type1-gradient-bottom-to-top-text\" style=\"background-color: #ffffff\" data-hover-icon-border-color=\"#ffffff\" data-hover-icon-bg-color=\"#ffffff\"><i class=\"qode_icon_font_awesome fa fa-whatsapp qode-button-v2-icon-holder-inner\" ><\/i><\/span>\t<\/a>\n\n[\/vc_column][\/vc_row][vc_row css_animation=\u00a0\u00bb\u00a0\u00bb row_type=\u00a0\u00bbrow\u00a0\u00bb use_row_as_full_screen_section=\u00a0\u00bbno\u00a0\u00bb type=\u00a0\u00bbfull_width\u00a0\u00bb angled_section=\u00a0\u00bbno\u00a0\u00bb text_align=\u00a0\u00bbcenter\u00a0\u00bb background_image_as_pattern=\u00a0\u00bbwithout_pattern\u00a0\u00bb][vc_column width=\u00a0\u00bb1\/2&Prime; offset=\u00a0\u00bbvc_hidden-lg vc_hidden-md\u00a0\u00bb][vc_empty_space height=\u00a0\u00bb20px\u00a0\u00bb]<a  itemprop=\"url\" href=\"http:\/\/nexeimpressions.com\/fr\/demandez-un-devis\/\" target=\"_self\" data-hover-background-color=\"#d13f52\" data-hover-border-color=\"#d13f52\" data-hover-color=\"#ffffff\" class=\"qbutton  small center default\" style=\"color: #d13f52; border-color: #d13f52; font-style: normal; font-weight: 800; margin: 0px 0px 0px 0px; background-color:#ffffff;\">DEMANDEZ VOTRE DEVIS<\/a>[\/vc_column][vc_column width=\u00a0\u00bb1\/2&Prime; offset=\u00a0\u00bbvc_hidden-lg vc_hidden-md\u00a0\u00bb][vc_empty_space height=\u00a0\u00bb20px\u00a0\u00bb]<a  itemprop=\"url\" href=\"mailto:info@nexeimpressions.com\" target=\"_self\" data-hover-background-color=\"#ffffff\" data-hover-border-color=\"#d13f52\" data-hover-color=\"#d13f52\" class=\"qbutton  small center default\" style=\"color: #ffffff; border-color: #d13f52; font-style: normal; font-weight: 800; margin: 0px 0px 0px 0px; background-color:#d13f52;\">info@nexeimpressions.com<\/a>[\/vc_column][\/vc_row][vc_row css_animation=\u00a0\u00bb\u00a0\u00bb row_type=\u00a0\u00bbrow\u00a0\u00bb use_row_as_full_screen_section=\u00a0\u00bbno\u00a0\u00bb type=\u00a0\u00bbfull_width\u00a0\u00bb angled_section=\u00a0\u00bbno\u00a0\u00bb text_align=\u00a0\u00bbcenter\u00a0\u00bb background_image_as_pattern=\u00a0\u00bbwithout_pattern\u00a0\u00bb][vc_column offset=\u00a0\u00bbvc_hidden-lg vc_hidden-md\u00a0\u00bb][vc_empty_space height=\u00a0\u00bb70px\u00a0\u00bb][vc_column_text]<\/p>\n<h3 style=\"text-align: center;\"><span style=\"color: #d13f52;\">Si vous avez des questions, contactez-nous!<\/span><\/h3>\n<p>[\/vc_column_text][vc_empty_space]\n\n\t<a href=\"https:\/\/wa.me\/0034605932696\" target=\"_blank\" style=\"color: #d13f52;background-color: #ffffff;font-weight: 800\" class=\"qode-btn qode-btn-medium qode-btn-solid qode-btn-custom-hover-bg qode-btn-custom-hover-color qode-btn-custom-icon-bg-hover-color qode-btn-icon qode-btn-with-shadow qode-btn-default-hover\" data-hover-bg-color=\"#d13f52\" data-hover-color=\"#ffffff\" >\n\t    <span class=\"qode-btn-text\">+34 605 93 26 96<\/span><span class=\"qode-button-v2-icon-holder qode-type1-gradient-bottom-to-top-text\" style=\"background-color: #ffffff\" data-hover-icon-border-color=\"#ffffff\" data-hover-icon-bg-color=\"#ffffff\"><i class=\"qode_icon_font_awesome fa fa-whatsapp qode-button-v2-icon-holder-inner\" ><\/i><\/span>\t<\/a>\n\n[\/vc_column][\/vc_row][vc_row css_animation=\u00a0\u00bb\u00a0\u00bb row_type=\u00a0\u00bbrow\u00a0\u00bb use_row_as_full_screen_section=\u00a0\u00bbno\u00a0\u00bb type=\u00a0\u00bbfull_width\u00a0\u00bb angled_section=\u00a0\u00bbno\u00a0\u00bb text_align=\u00a0\u00bbleft\u00a0\u00bb background_image_as_pattern=\u00a0\u00bbwithout_pattern\u00a0\u00bb][vc_column][vc_empty_space height=\u00a0\u00bb100px\u00a0\u00bb][\/vc_column][\/vc_row]<\/p>\n<\/div>","protected":false},"excerpt":{"rendered":"<p>[vc_row css_animation=\u00a0\u00bb\u00a0\u00bb row_type=\u00a0\u00bbrow\u00a0\u00bb use_row_as_full_screen_section=\u00a0\u00bbno\u00a0\u00bb type=\u00a0\u00bbfull_width\u00a0\u00bb angled_section=\u00a0\u00bbno\u00a0\u00bb text_align=\u00a0\u00bbleft\u00a0\u00bb background_image_as_pattern=\u00a0\u00bbwithout_pattern\u00a0\u00bb][vc_column width=\u00a0\u00bb1\/6&Prime;][\/vc_column][vc_column width=\u00a0\u00bb2\/3&Prime; offset=\u00a0\u00bbvc_hidden-sm vc_hidden-xs\u00a0\u00bb][vc_empty_space height=\u00a0\u00bb20px\u00a0\u00bb][vc_column_text] La valeur ajout\u00e9e du monde de l&rsquo;impression num\u00e9rique de haute qualit\u00e9 [\/vc_column_text][\/vc_column][vc_column width=\u00a0\u00bb1\/6&Prime;][\/vc_column][\/vc_row][vc_row css_animation=\u00a0\u00bb\u00a0\u00bb row_type=\u00a0\u00bbrow\u00a0\u00bb use_row_as_full_screen_section=\u00a0\u00bbno\u00a0\u00bb type=\u00a0\u00bbgrid\u00a0\u00bb angled_section=\u00a0\u00bbno\u00a0\u00bb text_align=\u00a0\u00bbleft\u00a0\u00bb background_image_as_pattern=\u00a0\u00bbwithout_pattern\u00a0\u00bb z_index=\u00a0\u00bb\u00a0\u00bb][vc_column width=\u00a0\u00bb1\/6&Prime;][\/vc_column][vc_column width=\u00a0\u00bb2\/3&Prime; offset=\u00a0\u00bbvc_hidden-lg vc_hidden-md\u00a0\u00bb][vc_empty_space height=\u00a0\u00bb50px\u00a0\u00bb][vc_column_text] La valeur ajout\u00e9e du monde de&#8230;<\/p>\n","protected":false},"author":1,"featured_media":0,"parent":0,"menu_order":155,"comment_status":"closed","ping_status":"closed","template":"full_width.php","meta":{"footnotes":""},"class_list":["post-21981","page","type-page","status-publish","hentry"],"yoast_head":"<!-- This site is optimized with the Yoast SEO plugin v25.0 - https:\/\/yoast.com\/wordpress\/plugins\/seo\/ -->\n<title>Espace d&#039;impression num\u00e9rique &#8211; Nexe Impressions<\/title>\n<meta name=\"description\" content=\"D\u00e9couvrez la valeur ajout\u00e9e du monde de l&#039;impression num\u00e9rique en haute qualit\u00e9: large gamme de produits imprim\u00e9s, vari\u00e9t\u00e9 de supports et de finitions.\" \/>\n<meta name=\"robots\" content=\"index, follow, max-snippet:-1, max-image-preview:large, max-video-preview:-1\" \/>\n<link rel=\"canonical\" href=\"https:\/\/nexeimpressions.com\/fr\/impression-numerique\/\" \/>\n<meta property=\"og:locale\" content=\"fr_FR\" \/>\n<meta property=\"og:type\" content=\"article\" \/>\n<meta property=\"og:title\" content=\"Espace d&#039;impression num\u00e9rique &#8211; Nexe Impressions\" \/>\n<meta property=\"og:description\" content=\"D\u00e9couvrez la valeur ajout\u00e9e du monde de l&#039;impression num\u00e9rique en haute qualit\u00e9: large gamme de produits imprim\u00e9s, vari\u00e9t\u00e9 de supports et de finitions.\" \/>\n<meta property=\"og:url\" content=\"https:\/\/nexeimpressions.com\/fr\/impression-numerique\/\" \/>\n<meta property=\"og:site_name\" content=\"Nexe Impressions\" \/>\n<meta property=\"article:publisher\" content=\"https:\/\/www.facebook.com\/nexeimpressions\" \/>\n<meta property=\"article:modified_time\" content=\"2026-01-15T14:58:04+00:00\" \/>\n<meta name=\"twitter:card\" content=\"summary_large_image\" \/>\n<meta name=\"twitter:label1\" content=\"Dur\u00e9e de lecture estim\u00e9e\" \/>\n\t<meta name=\"twitter:data1\" content=\"4 minutes\" \/>\n<script type=\"application\/ld+json\" class=\"yoast-schema-graph\">{\"@context\":\"https:\/\/schema.org\",\"@graph\":[{\"@type\":\"WebPage\",\"@id\":\"https:\/\/nexeimpressions.com\/fr\/impression-numerique\/\",\"url\":\"https:\/\/nexeimpressions.com\/fr\/impression-numerique\/\",\"name\":\"Espace d'impression num\u00e9rique &#8211; Nexe Impressions\",\"isPartOf\":{\"@id\":\"https:\/\/nexeimpressions.com\/fr\/#website\"},\"datePublished\":\"2024-04-04T12:09:43+00:00\",\"dateModified\":\"2026-01-15T14:58:04+00:00\",\"description\":\"D\u00e9couvrez la valeur ajout\u00e9e du monde de l'impression num\u00e9rique en haute qualit\u00e9: large gamme de produits imprim\u00e9s, vari\u00e9t\u00e9 de supports et de finitions.\",\"breadcrumb\":{\"@id\":\"https:\/\/nexeimpressions.com\/fr\/impression-numerique\/#breadcrumb\"},\"inLanguage\":\"fr-FR\",\"potentialAction\":[{\"@type\":\"ReadAction\",\"target\":[\"https:\/\/nexeimpressions.com\/fr\/impression-numerique\/\"]}]},{\"@type\":\"BreadcrumbList\",\"@id\":\"https:\/\/nexeimpressions.com\/fr\/impression-numerique\/#breadcrumb\",\"itemListElement\":[{\"@type\":\"ListItem\",\"position\":1,\"name\":\"Home\",\"item\":\"https:\/\/nexeimpressions.com\/fr\/\"},{\"@type\":\"ListItem\",\"position\":2,\"name\":\"Espace d&rsquo;impression num\u00e9rique\"}]},{\"@type\":\"WebSite\",\"@id\":\"https:\/\/nexeimpressions.com\/fr\/#website\",\"url\":\"https:\/\/nexeimpressions.com\/fr\/\",\"name\":\"Nexe Impressions\",\"description\":\"Print worthy\",\"potentialAction\":[{\"@type\":\"SearchAction\",\"target\":{\"@type\":\"EntryPoint\",\"urlTemplate\":\"https:\/\/nexeimpressions.com\/fr\/?s={search_term_string}\"},\"query-input\":{\"@type\":\"PropertyValueSpecification\",\"valueRequired\":true,\"valueName\":\"search_term_string\"}}],\"inLanguage\":\"fr-FR\"}]}<\/script>\n<!-- \/ Yoast SEO plugin. -->","yoast_head_json":{"title":"Espace d'impression num\u00e9rique &#8211; Nexe Impressions","description":"D\u00e9couvrez la valeur ajout\u00e9e du monde de l'impression num\u00e9rique en haute qualit\u00e9: large gamme de produits imprim\u00e9s, vari\u00e9t\u00e9 de supports et de finitions.","robots":{"index":"index","follow":"follow","max-snippet":"max-snippet:-1","max-image-preview":"max-image-preview:large","max-video-preview":"max-video-preview:-1"},"canonical":"https:\/\/nexeimpressions.com\/fr\/impression-numerique\/","og_locale":"fr_FR","og_type":"article","og_title":"Espace d'impression num\u00e9rique &#8211; Nexe Impressions","og_description":"D\u00e9couvrez la valeur ajout\u00e9e du monde de l'impression num\u00e9rique en haute qualit\u00e9: large gamme de produits imprim\u00e9s, vari\u00e9t\u00e9 de supports et de finitions.","og_url":"https:\/\/nexeimpressions.com\/fr\/impression-numerique\/","og_site_name":"Nexe Impressions","article_publisher":"https:\/\/www.facebook.com\/nexeimpressions","article_modified_time":"2026-01-15T14:58:04+00:00","twitter_card":"summary_large_image","twitter_misc":{"Dur\u00e9e de lecture estim\u00e9e":"4 minutes"},"schema":{"@context":"https:\/\/schema.org","@graph":[{"@type":"WebPage","@id":"https:\/\/nexeimpressions.com\/fr\/impression-numerique\/","url":"https:\/\/nexeimpressions.com\/fr\/impression-numerique\/","name":"Espace d'impression num\u00e9rique &#8211; Nexe Impressions","isPartOf":{"@id":"https:\/\/nexeimpressions.com\/fr\/#website"},"datePublished":"2024-04-04T12:09:43+00:00","dateModified":"2026-01-15T14:58:04+00:00","description":"D\u00e9couvrez la valeur ajout\u00e9e du monde de l'impression num\u00e9rique en haute qualit\u00e9: large gamme de produits imprim\u00e9s, vari\u00e9t\u00e9 de supports et de finitions.","breadcrumb":{"@id":"https:\/\/nexeimpressions.com\/fr\/impression-numerique\/#breadcrumb"},"inLanguage":"fr-FR","potentialAction":[{"@type":"ReadAction","target":["https:\/\/nexeimpressions.com\/fr\/impression-numerique\/"]}]},{"@type":"BreadcrumbList","@id":"https:\/\/nexeimpressions.com\/fr\/impression-numerique\/#breadcrumb","itemListElement":[{"@type":"ListItem","position":1,"name":"Home","item":"https:\/\/nexeimpressions.com\/fr\/"},{"@type":"ListItem","position":2,"name":"Espace d&rsquo;impression num\u00e9rique"}]},{"@type":"WebSite","@id":"https:\/\/nexeimpressions.com\/fr\/#website","url":"https:\/\/nexeimpressions.com\/fr\/","name":"Nexe Impressions","description":"Print worthy","potentialAction":[{"@type":"SearchAction","target":{"@type":"EntryPoint","urlTemplate":"https:\/\/nexeimpressions.com\/fr\/?s={search_term_string}"},"query-input":{"@type":"PropertyValueSpecification","valueRequired":true,"valueName":"search_term_string"}}],"inLanguage":"fr-FR"}]}},"_links":{"self":[{"href":"https:\/\/nexeimpressions.com\/fr\/wp-json\/wp\/v2\/pages\/21981","targetHints":{"allow":["GET"]}}],"collection":[{"href":"https:\/\/nexeimpressions.com\/fr\/wp-json\/wp\/v2\/pages"}],"about":[{"href":"https:\/\/nexeimpressions.com\/fr\/wp-json\/wp\/v2\/types\/page"}],"author":[{"embeddable":true,"href":"https:\/\/nexeimpressions.com\/fr\/wp-json\/wp\/v2\/users\/1"}],"replies":[{"embeddable":true,"href":"https:\/\/nexeimpressions.com\/fr\/wp-json\/wp\/v2\/comments?post=21981"}],"version-history":[{"count":10,"href":"https:\/\/nexeimpressions.com\/fr\/wp-json\/wp\/v2\/pages\/21981\/revisions"}],"predecessor-version":[{"id":25699,"href":"https:\/\/nexeimpressions.com\/fr\/wp-json\/wp\/v2\/pages\/21981\/revisions\/25699"}],"wp:attachment":[{"href":"https:\/\/nexeimpressions.com\/fr\/wp-json\/wp\/v2\/media?parent=21981"}],"curies":[{"name":"wp","href":"https:\/\/api.w.org\/{rel}","templated":true}]}}