 {"id":2473,"date":"2017-09-21T14:29:33","date_gmt":"2017-09-21T14:29:33","guid":{"rendered":"http:\/\/www.nexeimpressions.com\/rustica-cosida-amb-fil-vist\/"},"modified":"2021-03-23T11:16:18","modified_gmt":"2021-03-23T11:16:18","slug":"fil-apparent","status":"publish","type":"page","link":"https:\/\/nexeimpressions.com\/fr\/fil-apparent\/","title":{"rendered":"Fil apparent"},"content":{"rendered":"<div class=\"wpb-content-wrapper\"><p>[vc_row css_animation=\u00a0\u00bb\u00a0\u00bb row_type=\u00a0\u00bbrow\u00a0\u00bb use_row_as_full_screen_section=\u00a0\u00bbno\u00a0\u00bb type=\u00a0\u00bbfull_width\u00a0\u00bb angled_section=\u00a0\u00bbno\u00a0\u00bb text_align=\u00a0\u00bbleft\u00a0\u00bb background_image_as_pattern=\u00a0\u00bbwithout_pattern\u00a0\u00bb][vc_column][vc_gallery interval=\u00a0\u00bb3&Prime; images=\u00a0\u00bb14302,14307,14311,14315&Prime; img_size=\u00a0\u00bblarge\u00a0\u00bb onclick=\u00a0\u00bb\u00a0\u00bb][vc_empty_space height=\u00a0\u00bb50px\u00a0\u00bb][\/vc_column][\/vc_row]<\/p>\n<\/div>","protected":false},"excerpt":{"rendered":"<p>[vc_row css_animation=\u00a0\u00bb\u00a0\u00bb row_type=\u00a0\u00bbrow\u00a0\u00bb use_row_as_full_screen_section=\u00a0\u00bbno\u00a0\u00bb type=\u00a0\u00bbfull_width\u00a0\u00bb angled_section=\u00a0\u00bbno\u00a0\u00bb text_align=\u00a0\u00bbleft\u00a0\u00bb background_image_as_pattern=\u00a0\u00bbwithout_pattern\u00a0\u00bb][vc_column][vc_gallery interval=\u00a0\u00bb3&Prime; images=\u00a0\u00bb14302,14307,14311,14315&Prime; img_size=\u00a0\u00bblarge\u00a0\u00bb onclick=\u00a0\u00bb\u00a0\u00bb][vc_empty_space height=\u00a0\u00bb50px\u00a0\u00bb][\/vc_column][\/vc_row]<\/p>\n","protected":false},"author":1,"featured_media":0,"parent":0,"menu_order":285,"comment_status":"closed","ping_status":"closed","template":"","meta":{"footnotes":""},"class_list":["post-2473","page","type-page","status-publish","hentry"],"yoast_head":"<!-- This site is optimized with the Yoast SEO plugin v25.0 - https:\/\/yoast.com\/wordpress\/plugins\/seo\/ -->\n<title>Fil apparent &#8211; Nexe Impressions<\/title>\n<meta name=\"description\" content=\"D\u00e9couvrez notre vari\u00e9t\u00e9 de finitions. Cousu avec du fil Singer, fil apparent, wire-o, reliure \u00e0 la suisse, reliure \u00e0 la japonaise, etc.\" \/>\n<meta name=\"robots\" content=\"index, follow, max-snippet:-1, max-image-preview:large, max-video-preview:-1\" \/>\n<link rel=\"canonical\" href=\"https:\/\/nexeimpressions.com\/fr\/fil-apparent\/\" \/>\n<meta property=\"og:locale\" content=\"fr_FR\" \/>\n<meta property=\"og:type\" content=\"article\" \/>\n<meta property=\"og:title\" content=\"Fil apparent &#8211; Nexe Impressions\" \/>\n<meta property=\"og:description\" content=\"D\u00e9couvrez notre vari\u00e9t\u00e9 de finitions. Cousu avec du fil Singer, fil apparent, wire-o, reliure \u00e0 la suisse, reliure \u00e0 la japonaise, etc.\" \/>\n<meta property=\"og:url\" content=\"https:\/\/nexeimpressions.com\/fr\/fil-apparent\/\" \/>\n<meta property=\"og:site_name\" content=\"Nexe Impressions\" \/>\n<meta property=\"article:publisher\" content=\"https:\/\/www.facebook.com\/nexeimpressions\" \/>\n<meta property=\"article:modified_time\" content=\"2021-03-23T11:16:18+00:00\" \/>\n<meta name=\"twitter:card\" content=\"summary_large_image\" \/>\n<meta name=\"twitter:label1\" content=\"Dur\u00e9e de lecture estim\u00e9e\" \/>\n\t<meta name=\"twitter:data1\" content=\"1 minute\" \/>\n<script type=\"application\/ld+json\" class=\"yoast-schema-graph\">{\"@context\":\"https:\/\/schema.org\",\"@graph\":[{\"@type\":\"WebPage\",\"@id\":\"https:\/\/nexeimpressions.com\/fr\/fil-apparent\/\",\"url\":\"https:\/\/nexeimpressions.com\/fr\/fil-apparent\/\",\"name\":\"Fil apparent &#8211; Nexe Impressions\",\"isPartOf\":{\"@id\":\"https:\/\/nexeimpressions.com\/fr\/#website\"},\"datePublished\":\"2017-09-21T14:29:33+00:00\",\"dateModified\":\"2021-03-23T11:16:18+00:00\",\"description\":\"D\u00e9couvrez notre vari\u00e9t\u00e9 de finitions. Cousu avec du fil Singer, fil apparent, wire-o, reliure \u00e0 la suisse, reliure \u00e0 la japonaise, etc.\",\"breadcrumb\":{\"@id\":\"https:\/\/nexeimpressions.com\/fr\/fil-apparent\/#breadcrumb\"},\"inLanguage\":\"fr-FR\",\"potentialAction\":[{\"@type\":\"ReadAction\",\"target\":[\"https:\/\/nexeimpressions.com\/fr\/fil-apparent\/\"]}]},{\"@type\":\"BreadcrumbList\",\"@id\":\"https:\/\/nexeimpressions.com\/fr\/fil-apparent\/#breadcrumb\",\"itemListElement\":[{\"@type\":\"ListItem\",\"position\":1,\"name\":\"Home\",\"item\":\"https:\/\/nexeimpressions.com\/fr\/\"},{\"@type\":\"ListItem\",\"position\":2,\"name\":\"Fil apparent\"}]},{\"@type\":\"WebSite\",\"@id\":\"https:\/\/nexeimpressions.com\/fr\/#website\",\"url\":\"https:\/\/nexeimpressions.com\/fr\/\",\"name\":\"Nexe Impressions\",\"description\":\"Print worthy\",\"potentialAction\":[{\"@type\":\"SearchAction\",\"target\":{\"@type\":\"EntryPoint\",\"urlTemplate\":\"https:\/\/nexeimpressions.com\/fr\/?s={search_term_string}\"},\"query-input\":{\"@type\":\"PropertyValueSpecification\",\"valueRequired\":true,\"valueName\":\"search_term_string\"}}],\"inLanguage\":\"fr-FR\"}]}<\/script>\n<!-- \/ Yoast SEO plugin. -->","yoast_head_json":{"title":"Fil apparent &#8211; Nexe Impressions","description":"D\u00e9couvrez notre vari\u00e9t\u00e9 de finitions. Cousu avec du fil Singer, fil apparent, wire-o, reliure \u00e0 la suisse, reliure \u00e0 la japonaise, etc.","robots":{"index":"index","follow":"follow","max-snippet":"max-snippet:-1","max-image-preview":"max-image-preview:large","max-video-preview":"max-video-preview:-1"},"canonical":"https:\/\/nexeimpressions.com\/fr\/fil-apparent\/","og_locale":"fr_FR","og_type":"article","og_title":"Fil apparent &#8211; Nexe Impressions","og_description":"D\u00e9couvrez notre vari\u00e9t\u00e9 de finitions. Cousu avec du fil Singer, fil apparent, wire-o, reliure \u00e0 la suisse, reliure \u00e0 la japonaise, etc.","og_url":"https:\/\/nexeimpressions.com\/fr\/fil-apparent\/","og_site_name":"Nexe Impressions","article_publisher":"https:\/\/www.facebook.com\/nexeimpressions","article_modified_time":"2021-03-23T11:16:18+00:00","twitter_card":"summary_large_image","twitter_misc":{"Dur\u00e9e de lecture estim\u00e9e":"1 minute"},"schema":{"@context":"https:\/\/schema.org","@graph":[{"@type":"WebPage","@id":"https:\/\/nexeimpressions.com\/fr\/fil-apparent\/","url":"https:\/\/nexeimpressions.com\/fr\/fil-apparent\/","name":"Fil apparent &#8211; Nexe Impressions","isPartOf":{"@id":"https:\/\/nexeimpressions.com\/fr\/#website"},"datePublished":"2017-09-21T14:29:33+00:00","dateModified":"2021-03-23T11:16:18+00:00","description":"D\u00e9couvrez notre vari\u00e9t\u00e9 de finitions. Cousu avec du fil Singer, fil apparent, wire-o, reliure \u00e0 la suisse, reliure \u00e0 la japonaise, etc.","breadcrumb":{"@id":"https:\/\/nexeimpressions.com\/fr\/fil-apparent\/#breadcrumb"},"inLanguage":"fr-FR","potentialAction":[{"@type":"ReadAction","target":["https:\/\/nexeimpressions.com\/fr\/fil-apparent\/"]}]},{"@type":"BreadcrumbList","@id":"https:\/\/nexeimpressions.com\/fr\/fil-apparent\/#breadcrumb","itemListElement":[{"@type":"ListItem","position":1,"name":"Home","item":"https:\/\/nexeimpressions.com\/fr\/"},{"@type":"ListItem","position":2,"name":"Fil apparent"}]},{"@type":"WebSite","@id":"https:\/\/nexeimpressions.com\/fr\/#website","url":"https:\/\/nexeimpressions.com\/fr\/","name":"Nexe Impressions","description":"Print worthy","potentialAction":[{"@type":"SearchAction","target":{"@type":"EntryPoint","urlTemplate":"https:\/\/nexeimpressions.com\/fr\/?s={search_term_string}"},"query-input":{"@type":"PropertyValueSpecification","valueRequired":true,"valueName":"search_term_string"}}],"inLanguage":"fr-FR"}]}},"_links":{"self":[{"href":"https:\/\/nexeimpressions.com\/fr\/wp-json\/wp\/v2\/pages\/2473","targetHints":{"allow":["GET"]}}],"collection":[{"href":"https:\/\/nexeimpressions.com\/fr\/wp-json\/wp\/v2\/pages"}],"about":[{"href":"https:\/\/nexeimpressions.com\/fr\/wp-json\/wp\/v2\/types\/page"}],"author":[{"embeddable":true,"href":"https:\/\/nexeimpressions.com\/fr\/wp-json\/wp\/v2\/users\/1"}],"replies":[{"embeddable":true,"href":"https:\/\/nexeimpressions.com\/fr\/wp-json\/wp\/v2\/comments?post=2473"}],"version-history":[{"count":4,"href":"https:\/\/nexeimpressions.com\/fr\/wp-json\/wp\/v2\/pages\/2473\/revisions"}],"predecessor-version":[{"id":14366,"href":"https:\/\/nexeimpressions.com\/fr\/wp-json\/wp\/v2\/pages\/2473\/revisions\/14366"}],"wp:attachment":[{"href":"https:\/\/nexeimpressions.com\/fr\/wp-json\/wp\/v2\/media?parent=2473"}],"curies":[{"name":"wp","href":"https:\/\/api.w.org\/{rel}","templated":true}]}}