 {"id":2475,"date":"2017-09-21T11:57:02","date_gmt":"2017-09-21T11:57:02","guid":{"rendered":"http:\/\/www.nexeimpressions.com\/relligat-japonesa\/"},"modified":"2021-03-11T15:13:09","modified_gmt":"2021-03-11T15:13:09","slug":"reliure-japonaise","status":"publish","type":"page","link":"https:\/\/nexeimpressions.com\/fr\/reliure-japonaise\/","title":{"rendered":"Reliure \u00e0 la japonaise"},"content":{"rendered":"<div class=\"wpb-content-wrapper\"><p>[vc_row css_animation=\u00a0\u00bb\u00a0\u00bb row_type=\u00a0\u00bbrow\u00a0\u00bb use_row_as_full_screen_section=\u00a0\u00bbno\u00a0\u00bb type=\u00a0\u00bbgrid\u00a0\u00bb angled_section=\u00a0\u00bbno\u00a0\u00bb text_align=\u00a0\u00bbleft\u00a0\u00bb background_image_as_pattern=\u00a0\u00bbwithout_pattern\u00a0\u00bb z_index=\u00a0\u00bb\u00a0\u00bb][vc_column offset=\u00a0\u00bbvc_hidden-lg vc_hidden-md vc_hidden-sm vc_hidden-xs\u00a0\u00bb][vc_column_text]<\/p>\n<h1>Reliure japonaise, une finition unique et artisanale<\/h1>\n<p>[\/vc_column_text][\/vc_column][\/vc_row][vc_row css_animation=\u00a0\u00bb\u00a0\u00bb row_type=\u00a0\u00bbrow\u00a0\u00bb use_row_as_full_screen_section=\u00a0\u00bbno\u00a0\u00bb type=\u00a0\u00bbgrid\u00a0\u00bb angled_section=\u00a0\u00bbno\u00a0\u00bb text_align=\u00a0\u00bbleft\u00a0\u00bb background_image_as_pattern=\u00a0\u00bbwithout_pattern\u00a0\u00bb z_index=\u00a0\u00bb\u00a0\u00bb][vc_column][vc_column_text]La reliure cousue japonaise consiste en un processus de couture \u00e0 la main des feuilles avec un r\u00e9sultat tr\u00e8s \u00e9l\u00e9gant et sp\u00e9cial. Il est utilis\u00e9 pour donner un caract\u00e8re unique, du caract\u00e8re et une valeur ajout\u00e9e.[\/vc_column_text][vc_empty_space height=\u00a0\u00bb50px\u00a0\u00bb][vc_gallery interval=\u00a0\u00bb3&Prime; images=\u00a0\u00bb14371,14376,14380,14384&Prime; img_size=\u00a0\u00bblarge\u00a0\u00bb onclick=\u00a0\u00bb\u00a0\u00bb][vc_empty_space height=\u00a0\u00bb30px\u00a0\u00bb][vc_column_text]<\/p>\n<h2><strong>Qu&rsquo;est-ce que la reliure cousue japonaise?<\/strong><\/h2>\n<p>[\/vc_column_text][vc_empty_space height=\u00a0\u00bb20px\u00a0\u00bb][vc_column_text]La reliure japonaise est une technique artisanale enti\u00e8rement r\u00e9alis\u00e9e \u00e0 la main. Pour son utilisation, il est n\u00e9cessaire d&rsquo;utiliser des couvertures en carton d&rsquo;une \u00e9paisseur suffisante et d&rsquo;un fil r\u00e9sistant.<\/p>\n<p>Contrairement \u00e0 d&rsquo;autres types de reliure de fil, les coutures de style japonais ne sont pas cach\u00e9es derri\u00e8re le dos du livre, mais sont enti\u00e8rement visibles.[\/vc_column_text][vc_empty_space height=\u00a0\u00bb40px\u00a0\u00bb][vc_column_text]<\/p>\n<h2><strong>Caract\u00e9ristiques de la reliure japonaise<\/strong><\/h2>\n<p>[\/vc_column_text][vc_empty_space height=\u00a0\u00bb20px\u00a0\u00bb][vc_column_text]La reliure japonaise peut \u00eatre utilis\u00e9e pour relier des livres et des cahiers.[\/vc_column_text][vc_empty_space height=\u00a0\u00bb40px\u00a0\u00bb][vc_column_text]<\/p>\n<h2><strong>Types de reliure japonaise<\/strong><\/h2>\n<p>[\/vc_column_text][vc_empty_space height=\u00a0\u00bb20px\u00a0\u00bb][vc_column_text]La couture japonaise a des variantes pour r\u00e9aliser des projets uniques. Diff\u00e9rents styles de couture peuvent \u00eatre utilis\u00e9s pour la reliure. Diff\u00e9rents types de fils et de couleurs peuvent \u00e9galement \u00eatre utilis\u00e9s. Bien que le fil soit le mat\u00e9riau le plus courant pour la reliure japonaise, des mat\u00e9riaux similaires tels que des rubans ou des cordons peuvent \u00e9galement \u00eatre utilis\u00e9s.[\/vc_column_text][vc_empty_space height=\u00a0\u00bb60px\u00a0\u00bb][\/vc_column][\/vc_row]<\/p>\n<\/div>","protected":false},"excerpt":{"rendered":"<p>[vc_row css_animation=\u00a0\u00bb\u00a0\u00bb row_type=\u00a0\u00bbrow\u00a0\u00bb use_row_as_full_screen_section=\u00a0\u00bbno\u00a0\u00bb type=\u00a0\u00bbgrid\u00a0\u00bb angled_section=\u00a0\u00bbno\u00a0\u00bb text_align=\u00a0\u00bbleft\u00a0\u00bb background_image_as_pattern=\u00a0\u00bbwithout_pattern\u00a0\u00bb z_index=\u00a0\u00bb\u00a0\u00bb][vc_column offset=\u00a0\u00bbvc_hidden-lg vc_hidden-md vc_hidden-sm vc_hidden-xs\u00a0\u00bb][vc_column_text] Reliure japonaise, une finition unique et artisanale [\/vc_column_text][\/vc_column][\/vc_row][vc_row css_animation=\u00a0\u00bb\u00a0\u00bb row_type=\u00a0\u00bbrow\u00a0\u00bb use_row_as_full_screen_section=\u00a0\u00bbno\u00a0\u00bb type=\u00a0\u00bbgrid\u00a0\u00bb angled_section=\u00a0\u00bbno\u00a0\u00bb text_align=\u00a0\u00bbleft\u00a0\u00bb background_image_as_pattern=\u00a0\u00bbwithout_pattern\u00a0\u00bb z_index=\u00a0\u00bb\u00a0\u00bb][vc_column][vc_column_text]La reliure cousue japonaise consiste en un processus de couture \u00e0 la main des feuilles avec un&#8230;<\/p>\n","protected":false},"author":1,"featured_media":820,"parent":0,"menu_order":283,"comment_status":"closed","ping_status":"closed","template":"","meta":{"footnotes":""},"class_list":["post-2475","page","type-page","status-publish","has-post-thumbnail","hentry"],"yoast_head":"<!-- This site is optimized with the Yoast SEO plugin v25.0 - https:\/\/yoast.com\/wordpress\/plugins\/seo\/ -->\n<title>Reliure \u00e0 la japonaise &#8211; Nexe Impressions<\/title>\n<meta name=\"description\" content=\"La reliure \u00e0 la japonaise consiste en un processus de couture \u00e0 la main des pages avec un r\u00e9sultat tr\u00e8s \u00e9l\u00e9gant et sp\u00e9cial. Il est utilis\u00e9 pour donner un caract\u00e8re unique, du caract\u00e8re et une valeur ajout\u00e9e.\" \/>\n<meta name=\"robots\" content=\"index, follow, max-snippet:-1, max-image-preview:large, max-video-preview:-1\" \/>\n<link rel=\"canonical\" href=\"https:\/\/nexeimpressions.com\/fr\/reliure-japonaise\/\" \/>\n<meta property=\"og:locale\" content=\"fr_FR\" \/>\n<meta property=\"og:type\" content=\"article\" \/>\n<meta property=\"og:title\" content=\"Reliure \u00e0 la japonaise &#8211; Nexe Impressions\" \/>\n<meta property=\"og:description\" content=\"La reliure \u00e0 la japonaise consiste en un processus de couture \u00e0 la main des pages avec un r\u00e9sultat tr\u00e8s \u00e9l\u00e9gant et sp\u00e9cial. Il est utilis\u00e9 pour donner un caract\u00e8re unique, du caract\u00e8re et une valeur ajout\u00e9e.\" \/>\n<meta property=\"og:url\" content=\"https:\/\/nexeimpressions.com\/fr\/reliure-japonaise\/\" \/>\n<meta property=\"og:site_name\" content=\"Nexe Impressions\" \/>\n<meta property=\"article:publisher\" content=\"https:\/\/www.facebook.com\/nexeimpressions\" \/>\n<meta property=\"article:modified_time\" content=\"2021-03-11T15:13:09+00:00\" \/>\n<meta property=\"og:image\" content=\"https:\/\/nexeimpressions.com\/wp-content\/uploads\/2016\/02\/NEXE-18.jpg\" \/>\n\t<meta property=\"og:image:width\" content=\"1024\" \/>\n\t<meta property=\"og:image:height\" content=\"683\" \/>\n\t<meta property=\"og:image:type\" content=\"image\/jpeg\" \/>\n<meta name=\"twitter:card\" content=\"summary_large_image\" \/>\n<meta name=\"twitter:label1\" content=\"Dur\u00e9e de lecture estim\u00e9e\" \/>\n\t<meta name=\"twitter:data1\" content=\"1 minute\" \/>\n<script type=\"application\/ld+json\" class=\"yoast-schema-graph\">{\"@context\":\"https:\/\/schema.org\",\"@graph\":[{\"@type\":\"WebPage\",\"@id\":\"https:\/\/nexeimpressions.com\/fr\/reliure-japonaise\/\",\"url\":\"https:\/\/nexeimpressions.com\/fr\/reliure-japonaise\/\",\"name\":\"Reliure \u00e0 la japonaise &#8211; Nexe Impressions\",\"isPartOf\":{\"@id\":\"https:\/\/nexeimpressions.com\/fr\/#website\"},\"primaryImageOfPage\":{\"@id\":\"https:\/\/nexeimpressions.com\/fr\/reliure-japonaise\/#primaryimage\"},\"image\":{\"@id\":\"https:\/\/nexeimpressions.com\/fr\/reliure-japonaise\/#primaryimage\"},\"thumbnailUrl\":\"https:\/\/nexeimpressions.com\/wp-content\/uploads\/2016\/02\/NEXE-18.jpg\",\"datePublished\":\"2017-09-21T11:57:02+00:00\",\"dateModified\":\"2021-03-11T15:13:09+00:00\",\"description\":\"La reliure \u00e0 la japonaise consiste en un processus de couture \u00e0 la main des pages avec un r\u00e9sultat tr\u00e8s \u00e9l\u00e9gant et sp\u00e9cial. Il est utilis\u00e9 pour donner un caract\u00e8re unique, du caract\u00e8re et une valeur ajout\u00e9e.\",\"breadcrumb\":{\"@id\":\"https:\/\/nexeimpressions.com\/fr\/reliure-japonaise\/#breadcrumb\"},\"inLanguage\":\"fr-FR\",\"potentialAction\":[{\"@type\":\"ReadAction\",\"target\":[\"https:\/\/nexeimpressions.com\/fr\/reliure-japonaise\/\"]}]},{\"@type\":\"ImageObject\",\"inLanguage\":\"fr-FR\",\"@id\":\"https:\/\/nexeimpressions.com\/fr\/reliure-japonaise\/#primaryimage\",\"url\":\"https:\/\/nexeimpressions.com\/wp-content\/uploads\/2016\/02\/NEXE-18.jpg\",\"contentUrl\":\"https:\/\/nexeimpressions.com\/wp-content\/uploads\/2016\/02\/NEXE-18.jpg\",\"width\":1024,\"height\":683,\"caption\":\"Reliure \u00e0 la japonaise\"},{\"@type\":\"BreadcrumbList\",\"@id\":\"https:\/\/nexeimpressions.com\/fr\/reliure-japonaise\/#breadcrumb\",\"itemListElement\":[{\"@type\":\"ListItem\",\"position\":1,\"name\":\"Home\",\"item\":\"https:\/\/nexeimpressions.com\/fr\/\"},{\"@type\":\"ListItem\",\"position\":2,\"name\":\"Reliure \u00e0 la japonaise\"}]},{\"@type\":\"WebSite\",\"@id\":\"https:\/\/nexeimpressions.com\/fr\/#website\",\"url\":\"https:\/\/nexeimpressions.com\/fr\/\",\"name\":\"Nexe Impressions\",\"description\":\"Print worthy\",\"potentialAction\":[{\"@type\":\"SearchAction\",\"target\":{\"@type\":\"EntryPoint\",\"urlTemplate\":\"https:\/\/nexeimpressions.com\/fr\/?s={search_term_string}\"},\"query-input\":{\"@type\":\"PropertyValueSpecification\",\"valueRequired\":true,\"valueName\":\"search_term_string\"}}],\"inLanguage\":\"fr-FR\"}]}<\/script>\n<!-- \/ Yoast SEO plugin. -->","yoast_head_json":{"title":"Reliure \u00e0 la japonaise &#8211; Nexe Impressions","description":"La reliure \u00e0 la japonaise consiste en un processus de couture \u00e0 la main des pages avec un r\u00e9sultat tr\u00e8s \u00e9l\u00e9gant et sp\u00e9cial. Il est utilis\u00e9 pour donner un caract\u00e8re unique, du caract\u00e8re et une valeur ajout\u00e9e.","robots":{"index":"index","follow":"follow","max-snippet":"max-snippet:-1","max-image-preview":"max-image-preview:large","max-video-preview":"max-video-preview:-1"},"canonical":"https:\/\/nexeimpressions.com\/fr\/reliure-japonaise\/","og_locale":"fr_FR","og_type":"article","og_title":"Reliure \u00e0 la japonaise &#8211; Nexe Impressions","og_description":"La reliure \u00e0 la japonaise consiste en un processus de couture \u00e0 la main des pages avec un r\u00e9sultat tr\u00e8s \u00e9l\u00e9gant et sp\u00e9cial. Il est utilis\u00e9 pour donner un caract\u00e8re unique, du caract\u00e8re et une valeur ajout\u00e9e.","og_url":"https:\/\/nexeimpressions.com\/fr\/reliure-japonaise\/","og_site_name":"Nexe Impressions","article_publisher":"https:\/\/www.facebook.com\/nexeimpressions","article_modified_time":"2021-03-11T15:13:09+00:00","og_image":[{"width":1024,"height":683,"url":"https:\/\/nexeimpressions.com\/wp-content\/uploads\/2016\/02\/NEXE-18.jpg","type":"image\/jpeg"}],"twitter_card":"summary_large_image","twitter_misc":{"Dur\u00e9e de lecture estim\u00e9e":"1 minute"},"schema":{"@context":"https:\/\/schema.org","@graph":[{"@type":"WebPage","@id":"https:\/\/nexeimpressions.com\/fr\/reliure-japonaise\/","url":"https:\/\/nexeimpressions.com\/fr\/reliure-japonaise\/","name":"Reliure \u00e0 la japonaise &#8211; Nexe Impressions","isPartOf":{"@id":"https:\/\/nexeimpressions.com\/fr\/#website"},"primaryImageOfPage":{"@id":"https:\/\/nexeimpressions.com\/fr\/reliure-japonaise\/#primaryimage"},"image":{"@id":"https:\/\/nexeimpressions.com\/fr\/reliure-japonaise\/#primaryimage"},"thumbnailUrl":"https:\/\/nexeimpressions.com\/wp-content\/uploads\/2016\/02\/NEXE-18.jpg","datePublished":"2017-09-21T11:57:02+00:00","dateModified":"2021-03-11T15:13:09+00:00","description":"La reliure \u00e0 la japonaise consiste en un processus de couture \u00e0 la main des pages avec un r\u00e9sultat tr\u00e8s \u00e9l\u00e9gant et sp\u00e9cial. Il est utilis\u00e9 pour donner un caract\u00e8re unique, du caract\u00e8re et une valeur ajout\u00e9e.","breadcrumb":{"@id":"https:\/\/nexeimpressions.com\/fr\/reliure-japonaise\/#breadcrumb"},"inLanguage":"fr-FR","potentialAction":[{"@type":"ReadAction","target":["https:\/\/nexeimpressions.com\/fr\/reliure-japonaise\/"]}]},{"@type":"ImageObject","inLanguage":"fr-FR","@id":"https:\/\/nexeimpressions.com\/fr\/reliure-japonaise\/#primaryimage","url":"https:\/\/nexeimpressions.com\/wp-content\/uploads\/2016\/02\/NEXE-18.jpg","contentUrl":"https:\/\/nexeimpressions.com\/wp-content\/uploads\/2016\/02\/NEXE-18.jpg","width":1024,"height":683,"caption":"Reliure \u00e0 la japonaise"},{"@type":"BreadcrumbList","@id":"https:\/\/nexeimpressions.com\/fr\/reliure-japonaise\/#breadcrumb","itemListElement":[{"@type":"ListItem","position":1,"name":"Home","item":"https:\/\/nexeimpressions.com\/fr\/"},{"@type":"ListItem","position":2,"name":"Reliure \u00e0 la japonaise"}]},{"@type":"WebSite","@id":"https:\/\/nexeimpressions.com\/fr\/#website","url":"https:\/\/nexeimpressions.com\/fr\/","name":"Nexe Impressions","description":"Print worthy","potentialAction":[{"@type":"SearchAction","target":{"@type":"EntryPoint","urlTemplate":"https:\/\/nexeimpressions.com\/fr\/?s={search_term_string}"},"query-input":{"@type":"PropertyValueSpecification","valueRequired":true,"valueName":"search_term_string"}}],"inLanguage":"fr-FR"}]}},"_links":{"self":[{"href":"https:\/\/nexeimpressions.com\/fr\/wp-json\/wp\/v2\/pages\/2475","targetHints":{"allow":["GET"]}}],"collection":[{"href":"https:\/\/nexeimpressions.com\/fr\/wp-json\/wp\/v2\/pages"}],"about":[{"href":"https:\/\/nexeimpressions.com\/fr\/wp-json\/wp\/v2\/types\/page"}],"author":[{"embeddable":true,"href":"https:\/\/nexeimpressions.com\/fr\/wp-json\/wp\/v2\/users\/1"}],"replies":[{"embeddable":true,"href":"https:\/\/nexeimpressions.com\/fr\/wp-json\/wp\/v2\/comments?post=2475"}],"version-history":[{"count":6,"href":"https:\/\/nexeimpressions.com\/fr\/wp-json\/wp\/v2\/pages\/2475\/revisions"}],"predecessor-version":[{"id":15321,"href":"https:\/\/nexeimpressions.com\/fr\/wp-json\/wp\/v2\/pages\/2475\/revisions\/15321"}],"wp:featuredmedia":[{"embeddable":true,"href":"https:\/\/nexeimpressions.com\/fr\/wp-json\/wp\/v2\/media\/820"}],"wp:attachment":[{"href":"https:\/\/nexeimpressions.com\/fr\/wp-json\/wp\/v2\/media?parent=2475"}],"curies":[{"name":"wp","href":"https:\/\/api.w.org\/{rel}","templated":true}]}}