 {"id":2504,"date":"2017-09-22T07:17:54","date_gmt":"2017-09-22T07:17:54","guid":{"rendered":"http:\/\/www.nexeimpressions.com\/impressions-sobre-materials-offset\/"},"modified":"2021-01-25T15:54:47","modified_gmt":"2021-01-25T15:54:47","slug":"finitions-speciales-uv","status":"publish","type":"page","link":"https:\/\/nexeimpressions.com\/fr\/finitions-speciales-uv\/","title":{"rendered":"Finitions sp\u00e9ciales en impression UV"},"content":{"rendered":"<div class=\"wpb-content-wrapper\"><p>[vc_row css_animation=\u00a0\u00bb\u00a0\u00bb row_type=\u00a0\u00bbrow\u00a0\u00bb use_row_as_full_screen_section=\u00a0\u00bbno\u00a0\u00bb type=\u00a0\u00bbfull_width\u00a0\u00bb angled_section=\u00a0\u00bbno\u00a0\u00bb text_align=\u00a0\u00bbleft\u00a0\u00bb background_image_as_pattern=\u00a0\u00bbwithout_pattern\u00a0\u00bb][vc_column]<div class='qode_image_gallery_no_space '>\n            <div class='qode_image_gallery_holder' style='height: 600px;'>\n                <ul ><li >\n                    <div style=\"height: 600px; width:758px;\"><img decoding=\"async\" itemprop=\"image\" src=\"https:\/\/nexeimpressions.com\/wp-content\/uploads\/2017\/09\/DSC04347-2.jpg\" alt=\"\" \/><\/div><\/li><li >\n                    <div style=\"height: 600px; width:800px;\"><img decoding=\"async\" itemprop=\"image\" src=\"https:\/\/nexeimpressions.com\/wp-content\/uploads\/2017\/09\/DSC04344-1.jpg\" alt=\"\" \/><\/div><\/li><li >\n                    <div style=\"height: 600px; width:731px;\"><img decoding=\"async\" itemprop=\"image\" src=\"https:\/\/nexeimpressions.com\/wp-content\/uploads\/2017\/09\/DSC04345-1.jpg\" alt=\"\" \/><\/div><\/li><li >\n                    <div style=\"height: 600px; width:800px;\"><img decoding=\"async\" itemprop=\"image\" src=\"https:\/\/nexeimpressions.com\/wp-content\/uploads\/2017\/09\/DSC04346-2.jpg\" alt=\"\" \/><\/div><\/li><li >\n                    <div style=\"height: 600px; width:800px;\"><img decoding=\"async\" itemprop=\"image\" src=\"https:\/\/nexeimpressions.com\/wp-content\/uploads\/2017\/09\/DSC04341-1.jpg\" alt=\"\" \/><\/div><\/li><li >\n                    <div style=\"height: 600px; width:800px;\"><img decoding=\"async\" itemprop=\"image\" src=\"https:\/\/nexeimpressions.com\/wp-content\/uploads\/2017\/09\/DSC04343-2.jpg\" alt=\"\" \/><\/div><\/li><li >\n                    <div style=\"height: 600px; width:800px;\"><img decoding=\"async\" itemprop=\"image\" src=\"https:\/\/nexeimpressions.com\/wp-content\/uploads\/2017\/09\/DSC04342-1.jpg\" alt=\"\" \/><\/div><\/li><\/ul>\n          <\/div>\n          <div class='controls'>\n              <a class='prev-slide' href='#'><span><i class='fa fa-angle-left'><\/i><\/span><\/a>\n              <a class='next-slide' href='#'><span><i class='fa fa-angle-right'><\/i><\/span><\/a>\n          <\/div>\n      <\/div>[vc_empty_space height=\u00a0\u00bb50px\u00a0\u00bb][vc_column_text]<\/p>\n<p style=\"text-align: center;\">Pelliculages, lamination or et argent des papiers, vernis avec diff\u00e9rents effets : mat, brillant, combin\u00e9s, avec du relief 3d<\/p>\n<p>[\/vc_column_text][\/vc_column][\/vc_row]<\/p>\n<\/div>","protected":false},"excerpt":{"rendered":"<p>[vc_row css_animation=\u00a0\u00bb\u00a0\u00bb row_type=\u00a0\u00bbrow\u00a0\u00bb use_row_as_full_screen_section=\u00a0\u00bbno\u00a0\u00bb type=\u00a0\u00bbfull_width\u00a0\u00bb angled_section=\u00a0\u00bbno\u00a0\u00bb text_align=\u00a0\u00bbleft\u00a0\u00bb background_image_as_pattern=\u00a0\u00bbwithout_pattern\u00a0\u00bb][vc_column][vc_empty_space height=\u00a0\u00bb50px\u00a0\u00bb][vc_column_text] Pelliculages, lamination or et argent des papiers, vernis avec diff\u00e9rents effets : mat, brillant, combin\u00e9s, avec du relief 3d [\/vc_column_text][\/vc_column][\/vc_row]<\/p>\n","protected":false},"author":1,"featured_media":0,"parent":0,"menu_order":233,"comment_status":"closed","ping_status":"closed","template":"","meta":{"footnotes":""},"class_list":["post-2504","page","type-page","status-publish","hentry"],"yoast_head":"<!-- This site is optimized with the Yoast SEO plugin v25.0 - https:\/\/yoast.com\/wordpress\/plugins\/seo\/ -->\n<title>Finitions sp\u00e9ciales en impression UV &#8211; Nexe Impressions<\/title>\n<meta name=\"description\" content=\"D\u00e9couvrez notre grande vari\u00e9t\u00e9 de finitions. Finitions sp\u00e9ciales en impression UV, anilines color\u00e9es, inserts, s\u00e9rigraphie et plus !\" \/>\n<meta name=\"robots\" content=\"index, follow, max-snippet:-1, max-image-preview:large, max-video-preview:-1\" \/>\n<link rel=\"canonical\" href=\"https:\/\/nexeimpressions.com\/fr\/finitions-speciales-uv\/\" \/>\n<meta property=\"og:locale\" content=\"fr_FR\" \/>\n<meta property=\"og:type\" content=\"article\" \/>\n<meta property=\"og:title\" content=\"Finitions sp\u00e9ciales en impression UV &#8211; Nexe Impressions\" \/>\n<meta property=\"og:description\" content=\"D\u00e9couvrez notre grande vari\u00e9t\u00e9 de finitions. Finitions sp\u00e9ciales en impression UV, anilines color\u00e9es, inserts, s\u00e9rigraphie et plus !\" \/>\n<meta property=\"og:url\" content=\"https:\/\/nexeimpressions.com\/fr\/finitions-speciales-uv\/\" \/>\n<meta property=\"og:site_name\" content=\"Nexe Impressions\" \/>\n<meta property=\"article:publisher\" content=\"https:\/\/www.facebook.com\/nexeimpressions\" \/>\n<meta property=\"article:modified_time\" content=\"2021-01-25T15:54:47+00:00\" \/>\n<meta name=\"twitter:card\" content=\"summary_large_image\" \/>\n<meta name=\"twitter:label1\" content=\"Dur\u00e9e de lecture estim\u00e9e\" \/>\n\t<meta name=\"twitter:data1\" content=\"1 minute\" \/>\n<script type=\"application\/ld+json\" class=\"yoast-schema-graph\">{\"@context\":\"https:\/\/schema.org\",\"@graph\":[{\"@type\":\"WebPage\",\"@id\":\"https:\/\/nexeimpressions.com\/fr\/finitions-speciales-uv\/\",\"url\":\"https:\/\/nexeimpressions.com\/fr\/finitions-speciales-uv\/\",\"name\":\"Finitions sp\u00e9ciales en impression UV &#8211; Nexe Impressions\",\"isPartOf\":{\"@id\":\"https:\/\/nexeimpressions.com\/fr\/#website\"},\"datePublished\":\"2017-09-22T07:17:54+00:00\",\"dateModified\":\"2021-01-25T15:54:47+00:00\",\"description\":\"D\u00e9couvrez notre grande vari\u00e9t\u00e9 de finitions. Finitions sp\u00e9ciales en impression UV, anilines color\u00e9es, inserts, s\u00e9rigraphie et plus !\",\"breadcrumb\":{\"@id\":\"https:\/\/nexeimpressions.com\/fr\/finitions-speciales-uv\/#breadcrumb\"},\"inLanguage\":\"fr-FR\",\"potentialAction\":[{\"@type\":\"ReadAction\",\"target\":[\"https:\/\/nexeimpressions.com\/fr\/finitions-speciales-uv\/\"]}]},{\"@type\":\"BreadcrumbList\",\"@id\":\"https:\/\/nexeimpressions.com\/fr\/finitions-speciales-uv\/#breadcrumb\",\"itemListElement\":[{\"@type\":\"ListItem\",\"position\":1,\"name\":\"Home\",\"item\":\"https:\/\/nexeimpressions.com\/fr\/\"},{\"@type\":\"ListItem\",\"position\":2,\"name\":\"Finitions sp\u00e9ciales en impression UV\"}]},{\"@type\":\"WebSite\",\"@id\":\"https:\/\/nexeimpressions.com\/fr\/#website\",\"url\":\"https:\/\/nexeimpressions.com\/fr\/\",\"name\":\"Nexe Impressions\",\"description\":\"Print worthy\",\"potentialAction\":[{\"@type\":\"SearchAction\",\"target\":{\"@type\":\"EntryPoint\",\"urlTemplate\":\"https:\/\/nexeimpressions.com\/fr\/?s={search_term_string}\"},\"query-input\":{\"@type\":\"PropertyValueSpecification\",\"valueRequired\":true,\"valueName\":\"search_term_string\"}}],\"inLanguage\":\"fr-FR\"}]}<\/script>\n<!-- \/ Yoast SEO plugin. -->","yoast_head_json":{"title":"Finitions sp\u00e9ciales en impression UV &#8211; Nexe Impressions","description":"D\u00e9couvrez notre grande vari\u00e9t\u00e9 de finitions. Finitions sp\u00e9ciales en impression UV, anilines color\u00e9es, inserts, s\u00e9rigraphie et plus !","robots":{"index":"index","follow":"follow","max-snippet":"max-snippet:-1","max-image-preview":"max-image-preview:large","max-video-preview":"max-video-preview:-1"},"canonical":"https:\/\/nexeimpressions.com\/fr\/finitions-speciales-uv\/","og_locale":"fr_FR","og_type":"article","og_title":"Finitions sp\u00e9ciales en impression UV &#8211; Nexe Impressions","og_description":"D\u00e9couvrez notre grande vari\u00e9t\u00e9 de finitions. Finitions sp\u00e9ciales en impression UV, anilines color\u00e9es, inserts, s\u00e9rigraphie et plus !","og_url":"https:\/\/nexeimpressions.com\/fr\/finitions-speciales-uv\/","og_site_name":"Nexe Impressions","article_publisher":"https:\/\/www.facebook.com\/nexeimpressions","article_modified_time":"2021-01-25T15:54:47+00:00","twitter_card":"summary_large_image","twitter_misc":{"Dur\u00e9e de lecture estim\u00e9e":"1 minute"},"schema":{"@context":"https:\/\/schema.org","@graph":[{"@type":"WebPage","@id":"https:\/\/nexeimpressions.com\/fr\/finitions-speciales-uv\/","url":"https:\/\/nexeimpressions.com\/fr\/finitions-speciales-uv\/","name":"Finitions sp\u00e9ciales en impression UV &#8211; Nexe Impressions","isPartOf":{"@id":"https:\/\/nexeimpressions.com\/fr\/#website"},"datePublished":"2017-09-22T07:17:54+00:00","dateModified":"2021-01-25T15:54:47+00:00","description":"D\u00e9couvrez notre grande vari\u00e9t\u00e9 de finitions. Finitions sp\u00e9ciales en impression UV, anilines color\u00e9es, inserts, s\u00e9rigraphie et plus !","breadcrumb":{"@id":"https:\/\/nexeimpressions.com\/fr\/finitions-speciales-uv\/#breadcrumb"},"inLanguage":"fr-FR","potentialAction":[{"@type":"ReadAction","target":["https:\/\/nexeimpressions.com\/fr\/finitions-speciales-uv\/"]}]},{"@type":"BreadcrumbList","@id":"https:\/\/nexeimpressions.com\/fr\/finitions-speciales-uv\/#breadcrumb","itemListElement":[{"@type":"ListItem","position":1,"name":"Home","item":"https:\/\/nexeimpressions.com\/fr\/"},{"@type":"ListItem","position":2,"name":"Finitions sp\u00e9ciales en impression UV"}]},{"@type":"WebSite","@id":"https:\/\/nexeimpressions.com\/fr\/#website","url":"https:\/\/nexeimpressions.com\/fr\/","name":"Nexe Impressions","description":"Print worthy","potentialAction":[{"@type":"SearchAction","target":{"@type":"EntryPoint","urlTemplate":"https:\/\/nexeimpressions.com\/fr\/?s={search_term_string}"},"query-input":{"@type":"PropertyValueSpecification","valueRequired":true,"valueName":"search_term_string"}}],"inLanguage":"fr-FR"}]}},"_links":{"self":[{"href":"https:\/\/nexeimpressions.com\/fr\/wp-json\/wp\/v2\/pages\/2504","targetHints":{"allow":["GET"]}}],"collection":[{"href":"https:\/\/nexeimpressions.com\/fr\/wp-json\/wp\/v2\/pages"}],"about":[{"href":"https:\/\/nexeimpressions.com\/fr\/wp-json\/wp\/v2\/types\/page"}],"author":[{"embeddable":true,"href":"https:\/\/nexeimpressions.com\/fr\/wp-json\/wp\/v2\/users\/1"}],"replies":[{"embeddable":true,"href":"https:\/\/nexeimpressions.com\/fr\/wp-json\/wp\/v2\/comments?post=2504"}],"version-history":[{"count":2,"href":"https:\/\/nexeimpressions.com\/fr\/wp-json\/wp\/v2\/pages\/2504\/revisions"}],"predecessor-version":[{"id":13711,"href":"https:\/\/nexeimpressions.com\/fr\/wp-json\/wp\/v2\/pages\/2504\/revisions\/13711"}],"wp:attachment":[{"href":"https:\/\/nexeimpressions.com\/fr\/wp-json\/wp\/v2\/media?parent=2504"}],"curies":[{"name":"wp","href":"https:\/\/api.w.org\/{rel}","templated":true}]}}