 {"id":5872,"date":"2019-12-04T11:50:49","date_gmt":"2019-12-04T11:50:49","guid":{"rendered":"http:\/\/www.nexeimpressions.com\/plastificats-i-encapsulats\/"},"modified":"2025-11-06T17:00:55","modified_gmt":"2025-11-06T15:00:55","slug":"pellicules-et-capsules","status":"publish","type":"page","link":"https:\/\/nexeimpressions.com\/fr\/pellicules-et-capsules\/","title":{"rendered":"Pellicul\u00e9s et capsul\u00e9s"},"content":{"rendered":"<div class=\"wpb-content-wrapper\"><p>[vc_row css_animation=\u00a0\u00bb\u00a0\u00bb row_type=\u00a0\u00bbrow\u00a0\u00bb use_row_as_full_screen_section=\u00a0\u00bbno\u00a0\u00bb type=\u00a0\u00bbfull_width\u00a0\u00bb angled_section=\u00a0\u00bbno\u00a0\u00bb text_align=\u00a0\u00bbleft\u00a0\u00bb background_image_as_pattern=\u00a0\u00bbwithout_pattern\u00a0\u00bb][vc_column width=\u00a0\u00bb1\/6&Prime;][\/vc_column][vc_column width=\u00a0\u00bb2\/3&Prime;][vc_empty_space][vc_column_text]<strong><a tabindex=\"0\" href=\"\/?page_id=5862\"><span class=\"back-arrow\">\u2190 <\/span>FINITIONS NUM\u00c9RIQUES<\/a><\/strong>[\/vc_column_text][vc_empty_space][\/vc_column][vc_column width=\u00a0\u00bb1\/6&Prime;][\/vc_column][\/vc_row][vc_row css_animation=\u00a0\u00bb\u00a0\u00bb row_type=\u00a0\u00bbrow\u00a0\u00bb use_row_as_full_screen_section=\u00a0\u00bbno\u00a0\u00bb type=\u00a0\u00bbfull_width\u00a0\u00bb angled_section=\u00a0\u00bbno\u00a0\u00bb text_align=\u00a0\u00bbleft\u00a0\u00bb background_image_as_pattern=\u00a0\u00bbwithout_pattern\u00a0\u00bb][vc_column width=\u00a0\u00bb1\/6&Prime;][\/vc_column][vc_column width=\u00a0\u00bb2\/3&Prime;][vc_single_image image=\u00a0\u00bb5940&Prime; img_size=\u00a0\u00bb900&#215;600&Prime; qode_css_animation=\u00a0\u00bb\u00a0\u00bb][vc_empty_space height=\u00a0\u00bb50px\u00a0\u00bb][vc_column_text]<\/p>\n<h3><strong>Avantages<\/strong><\/h3>\n<p>[\/vc_column_text][vc_empty_space height=\u00a0\u00bb32 px\u00a0\u00bb][vc_column_text]<span style=\"color: #303030;\">Le laminage et le capsulage prot\u00e8gent l&rsquo;\u0153uvre imprim\u00e9e des liquides, des graisses, des rayures ou des d\u00e9chirures gr\u00e2ce \u00e0 une fine couche de polyester transparent. En fonction de la rigidit\u00e9 requise, diff\u00e9rentes \u00e9paisseurs de protection peuvent \u00eatre appliqu\u00e9es.<\/span>[\/vc_column_text][vc_empty_space height=\u00a0\u00bb20 px\u00a0\u00bb][vc_column_text]<span style=\"color: #303030;\">La <strong>capsulage<\/strong> est id\u00e9ale pour prot\u00e9ger les documents recto-verso qui doivent avoir du corps et de la rigidit\u00e9, ainsi que pour donner une grande durabilit\u00e9 aux posters, cartes, menus de restaurant, fiches techniques, cartes d&rsquo;identit\u00e9, etc.<\/span>[\/vc_column_text][vc_empty_space height=\u00a0\u00bb20 px\u00a0\u00bb][vc_column_text]<span style=\"color: #303030;\">La <strong>pelliculage<\/strong>\u00a0permet principalement d&rsquo;am\u00e9liorer et de prot\u00e9ger la finition des documents imprim\u00e9s. Il est possible de choisir entre un pelliculage mat ou brillant. Il est g\u00e9n\u00e9ralement utilis\u00e9 dans pratiquement tous les types de travaux imprim\u00e9s: pr\u00e9sentoirs, cartes de visite, chemises, diptyques, triptyques, autocollants, couvertures de livres, etc.<\/span>[\/vc_column_text][\/vc_column][vc_column width=\u00a0\u00bb1\/6&Prime;][\/vc_column][\/vc_row][vc_row css_animation=\u00a0\u00bb\u00a0\u00bb row_type=\u00a0\u00bbrow\u00a0\u00bb use_row_as_full_screen_section=\u00a0\u00bbno\u00a0\u00bb type=\u00a0\u00bbfull_width\u00a0\u00bb angled_section=\u00a0\u00bbno\u00a0\u00bb text_align=\u00a0\u00bbleft\u00a0\u00bb background_image_as_pattern=\u00a0\u00bbwithout_pattern\u00a0\u00bb][vc_column width=\u00a0\u00bb1\/6&Prime;][\/vc_column][vc_column width=\u00a0\u00bb2\/6&Prime;][vc_empty_space height=\u00a0\u00bb32 px\u00a0\u00bb][vc_single_image image=\u00a0\u00bb5944&Prime; img_size=\u00a0\u00bb900&#215;600&Prime; qode_css_animation=\u00a0\u00bb\u00a0\u00bb][vc_empty_space height=\u00a0\u00bb32 px\u00a0\u00bb][\/vc_column][vc_column width=\u00a0\u00bb2\/6&Prime;][vc_empty_space height=\u00a0\u00bb32 px\u00a0\u00bb][vc_single_image image=\u00a0\u00bb5948&Prime; img_size=\u00a0\u00bb900&#215;600&Prime; qode_css_animation=\u00a0\u00bb\u00a0\u00bb][vc_empty_space height=\u00a0\u00bb32 px\u00a0\u00bb][\/vc_column][vc_column width=\u00a0\u00bb1\/6&Prime;][\/vc_column][\/vc_row][vc_row css_animation=\u00a0\u00bb\u00a0\u00bb row_type=\u00a0\u00bbrow\u00a0\u00bb use_row_as_full_screen_section=\u00a0\u00bbno\u00a0\u00bb type=\u00a0\u00bbfull_width\u00a0\u00bb angled_section=\u00a0\u00bbno\u00a0\u00bb text_align=\u00a0\u00bbleft\u00a0\u00bb background_image_as_pattern=\u00a0\u00bbwithout_pattern\u00a0\u00bb][vc_column width=\u00a0\u00bb1\/6&Prime;][\/vc_column][vc_column width=\u00a0\u00bb2\/3&Prime;][vc_column_text]<\/p>\n<h3><strong>Sp\u00e9cifications<\/strong><\/h3>\n<p>[\/vc_column_text][vc_empty_space height=\u00a0\u00bb32 px\u00a0\u00bb][vc_column_text]<\/p>\n<h5><strong><span style=\"color: #303030;\">Pelliculage &#8211; Une ou deux faces<\/span><\/strong><\/h5>\n<p>&nbsp;<\/p>\n<p><span style=\"color: #303030;\">Brillance 23 \u00b5<\/span><\/p>\n<p><span style=\"color: #303030;\">Matte 25 \u00b5<\/span><\/p>\n<p><span style=\"color: #303030;\">Brillant 75 \u00b5 &#8211; Protection UV<\/span><\/p>\n<p><span style=\"color: #303030;\">Mate 75 \u00b5<\/span><\/p>\n<p><span style=\"color: #303030;\">Brillant 125 \u00b5 &#8211; Protection UV<\/span><\/p>\n<p><span style=\"color: #303030;\">Mat 125 \u00b5<\/span><\/p>\n<p><span style=\"color: #303030;\">Brillant 250 \u00b5 &#8211; Protection UV<\/span><\/p>\n<p><span style=\"color: #303030;\">Mate 250 \u00b5<\/span><\/p>\n<p><span style=\"color: #303030;\">Anti-rayures mat 25\u00b5<\/span>[\/vc_column_text][vc_empty_space height=\u00a0\u00bb32 px\u00a0\u00bb][vc_column_text]<\/p>\n<h5><span style=\"color: #303030;\"><strong>Capsulage<\/strong> &#8211; Deux c\u00f4t\u00e9s<\/span><\/h5>\n<p>&nbsp;<\/p>\n<p><span style=\"color: #303030;\">Brillant 75 \u00b5 &#8211; Protection UV<\/span><\/p>\n<p><span style=\"color: #303030;\">Mate 75 \u00b5<\/span><\/p>\n<p><span style=\"color: #303030;\">Brillant 125 \u00b5 &#8211; Protection UV<\/span><\/p>\n<p><span style=\"color: #303030;\">Mat 125 \u00b5<\/span><\/p>\n<p><span style=\"color: #303030;\">Brillant 250 \u00b5 &#8211; Protection UV<\/span><\/p>\n<p><span style=\"color: #303030;\">Mate 250 \u00b5<\/span>[\/vc_column_text][vc_empty_space height=\u00a0\u00bb32 px\u00a0\u00bb][vc_column_text]<span style=\"color: #303030;\">Le pelliculage peut \u00eatre effectu\u00e9 \u00e0 partir d&rsquo;un poids minimum de papier imprim\u00e9, par exemple 170g pour le papier couch\u00e9. Il est possible de laminer sur une ou deux faces.<\/span><\/p>\n<p><span style=\"color: #303030;\">Le laminage et le capsulage sont appliqu\u00e9s sur des supports lisses apr\u00e8s l&rsquo;impression et avant tout autre travail sur le mat\u00e9riau comme la d\u00e9coupe, le vernissage s\u00e9lectif 2D ou 3D, etc. Dans certains cas, il est possible de capsuler, en tant qu&rsquo;ach\u00e8vement du travail.<\/span><\/p>\n<p><span style=\"color: #303030;\">Il est important de tenir compte du fait que les papiers de cr\u00e9ation ne peuvent pas \u00eatre lamin\u00e9s, d&rsquo;une part pour pr\u00e9server la texture et d&rsquo;autre part parce que cela laisserait des bulles d&rsquo;air car ce n&rsquo;est pas un mat\u00e9riau lisse.<\/span>[\/vc_column_text][vc_empty_space height=\u00a0\u00bb50 px\u00a0\u00bb][\/vc_column][vc_column width=\u00a0\u00bb1\/6&Prime;][\/vc_column][\/vc_row][vc_row css_animation=\u00a0\u00bb\u00a0\u00bb row_type=\u00a0\u00bbrow\u00a0\u00bb use_row_as_full_screen_section=\u00a0\u00bbno\u00a0\u00bb type=\u00a0\u00bbfull_width\u00a0\u00bb angled_section=\u00a0\u00bbno\u00a0\u00bb text_align=\u00a0\u00bbleft\u00a0\u00bb background_image_as_pattern=\u00a0\u00bbwithout_pattern\u00a0\u00bb][vc_column width=\u00a0\u00bb1\/6&Prime;][\/vc_column][vc_column width=\u00a0\u00bb2\/6&Prime;][vc_empty_space height=\u00a0\u00bb32 px\u00a0\u00bb][vc_single_image image=\u00a0\u00bb5952&Prime; img_size=\u00a0\u00bb900&#215;600&Prime; qode_css_animation=\u00a0\u00bb\u00a0\u00bb][vc_empty_space height=\u00a0\u00bb32 px\u00a0\u00bb][\/vc_column][vc_column width=\u00a0\u00bb2\/6&Prime;][vc_empty_space height=\u00a0\u00bb32 px\u00a0\u00bb][vc_single_image image=\u00a0\u00bb5956&Prime; img_size=\u00a0\u00bb900&#215;600&Prime; qode_css_animation=\u00a0\u00bb\u00a0\u00bb][vc_empty_space height=\u00a0\u00bb32 px\u00a0\u00bb][\/vc_column][vc_column width=\u00a0\u00bb1\/6&Prime;][\/vc_column][\/vc_row][vc_row css_animation=\u00a0\u00bb\u00a0\u00bb row_type=\u00a0\u00bbrow\u00a0\u00bb use_row_as_full_screen_section=\u00a0\u00bbno\u00a0\u00bb type=\u00a0\u00bbfull_width\u00a0\u00bb angled_section=\u00a0\u00bbno\u00a0\u00bb text_align=\u00a0\u00bbleft\u00a0\u00bb background_image_as_pattern=\u00a0\u00bbwithout_pattern\u00a0\u00bb][vc_column width=\u00a0\u00bb1\/6&Prime;][\/vc_column][vc_column width=\u00a0\u00bb2\/3&Prime;][vc_column_text]<\/p>\n<h3><strong>Remarques<\/strong><\/h3>\n<p>[\/vc_column_text][vc_empty_space height=\u00a0\u00bb32 px\u00a0\u00bb][vc_column_text]<span style=\"color: #303030;\">Le laminage se fait g\u00e9n\u00e9ralement \u00e0 chaud \u00e0 une temp\u00e9rature de 90\u00ba, il est donc possible de l&rsquo;appliquer sur diff\u00e9rents types de supports d&rsquo;impression pour obtenir un meilleur fini. Les deux techniques sont recommand\u00e9es pour les menus des restaurants.<\/span>[\/vc_column_text][\/vc_column][vc_column width=\u00a0\u00bb1\/6&Prime;][\/vc_column][\/vc_row][vc_row css_animation=\u00a0\u00bb\u00a0\u00bb row_type=\u00a0\u00bbrow\u00a0\u00bb use_row_as_full_screen_section=\u00a0\u00bbno\u00a0\u00bb type=\u00a0\u00bbfull_width\u00a0\u00bb angled_section=\u00a0\u00bbno\u00a0\u00bb text_align=\u00a0\u00bbleft\u00a0\u00bb background_image_as_pattern=\u00a0\u00bbwithout_pattern\u00a0\u00bb][vc_column][vc_empty_space height=\u00a0\u00bb70px\u00a0\u00bb][vc_column_text]<\/p>\n<h2 style=\"text-align: center;\"><span style=\"color: #cc0033;\">Votre devis en 2 heures<\/span><\/h2>\n<p>[\/vc_column_text][vc_empty_space][\/vc_column][\/vc_row][vc_row css_animation=\u00a0\u00bb\u00a0\u00bb row_type=\u00a0\u00bbrow\u00a0\u00bb use_row_as_full_screen_section=\u00a0\u00bbno\u00a0\u00bb type=\u00a0\u00bbfull_width\u00a0\u00bb angled_section=\u00a0\u00bbno\u00a0\u00bb text_align=\u00a0\u00bbcenter\u00a0\u00bb background_image_as_pattern=\u00a0\u00bbwithout_pattern\u00a0\u00bb][vc_column width=\u00a0\u00bb1\/4&Prime;][\/vc_column][vc_column width=\u00a0\u00bb1\/4&Prime;][vc_empty_space height=\u00a0\u00bb20px\u00a0\u00bb]<a  itemprop=\"url\" href=\"http:\/\/nexeimpressions.com\/fr\/demandez-un-devis\/\" target=\"_self\" data-hover-background-color=\"#cc0033\" data-hover-border-color=\"#cc0033\" data-hover-color=\"#ffffff\" class=\"qbutton  medium center default\" style=\"color: #cc0033; border-color: #cc0033; font-style: normal; font-weight: 800; margin: 0px 0px 0px 0px; background-color:#ffffff;\">DEMANDEZ VOTRE DEVIS<\/a>[\/vc_column][vc_column width=\u00a0\u00bb1\/4&Prime;][vc_empty_space height=\u00a0\u00bb20px\u00a0\u00bb]<a  itemprop=\"url\" href=\"mailto:info@nexeimpressions.com\" target=\"_self\" data-hover-background-color=\"#ffffff\" data-hover-border-color=\"#cc0033\" data-hover-color=\"#cc0033\" class=\"qbutton  medium center default\" style=\"color: #ffffff; border-color: #cc0033; font-style: normal; font-weight: 800; margin: 0px 0px 0px 0px; background-color:#cc0033;\">info@nexeimpressions.com<\/a>[\/vc_column][vc_column width=\u00a0\u00bb1\/4&Prime;][\/vc_column][\/vc_row][vc_row css_animation=\u00a0\u00bb\u00a0\u00bb row_type=\u00a0\u00bbrow\u00a0\u00bb use_row_as_full_screen_section=\u00a0\u00bbno\u00a0\u00bb type=\u00a0\u00bbfull_width\u00a0\u00bb angled_section=\u00a0\u00bbno\u00a0\u00bb text_align=\u00a0\u00bbcenter\u00a0\u00bb background_image_as_pattern=\u00a0\u00bbwithout_pattern\u00a0\u00bb][vc_column][vc_empty_space height=\u00a0\u00bb70px\u00a0\u00bb][\/vc_column][\/vc_row]<\/p>\n<\/div>","protected":false},"excerpt":{"rendered":"<p>[vc_row css_animation=\u00a0\u00bb\u00a0\u00bb row_type=\u00a0\u00bbrow\u00a0\u00bb use_row_as_full_screen_section=\u00a0\u00bbno\u00a0\u00bb type=\u00a0\u00bbfull_width\u00a0\u00bb angled_section=\u00a0\u00bbno\u00a0\u00bb text_align=\u00a0\u00bbleft\u00a0\u00bb background_image_as_pattern=\u00a0\u00bbwithout_pattern\u00a0\u00bb][vc_column width=\u00a0\u00bb1\/6&Prime;][\/vc_column][vc_column width=\u00a0\u00bb2\/3&Prime;][vc_empty_space][vc_column_text]\u2190 FINITIONS NUM\u00c9RIQUES[\/vc_column_text][vc_empty_space][\/vc_column][vc_column width=\u00a0\u00bb1\/6&Prime;][\/vc_column][\/vc_row][vc_row css_animation=\u00a0\u00bb\u00a0\u00bb row_type=\u00a0\u00bbrow\u00a0\u00bb use_row_as_full_screen_section=\u00a0\u00bbno\u00a0\u00bb type=\u00a0\u00bbfull_width\u00a0\u00bb angled_section=\u00a0\u00bbno\u00a0\u00bb text_align=\u00a0\u00bbleft\u00a0\u00bb background_image_as_pattern=\u00a0\u00bbwithout_pattern\u00a0\u00bb][vc_column width=\u00a0\u00bb1\/6&Prime;][\/vc_column][vc_column width=\u00a0\u00bb2\/3&Prime;][vc_single_image image=\u00a0\u00bb5940&Prime; img_size=\u00a0\u00bb900&#215;600&Prime; qode_css_animation=\u00a0\u00bb\u00a0\u00bb][vc_empty_space height=\u00a0\u00bb50px\u00a0\u00bb][vc_column_text] Avantages [\/vc_column_text][vc_empty_space height=\u00a0\u00bb32 px\u00a0\u00bb][vc_column_text]Le laminage et le capsulage prot\u00e8gent l&rsquo;\u0153uvre imprim\u00e9e des liquides, des graisses, des rayures ou des&#8230;<\/p>\n","protected":false},"author":1,"featured_media":0,"parent":0,"menu_order":213,"comment_status":"closed","ping_status":"closed","template":"","meta":{"footnotes":""},"class_list":["post-5872","page","type-page","status-publish","hentry"],"yoast_head":"<!-- This site is optimized with the Yoast SEO plugin v25.0 - https:\/\/yoast.com\/wordpress\/plugins\/seo\/ -->\n<title>Pellicul\u00e9s et capsul\u00e9s &#8211; Nexe Impressions<\/title>\n<meta name=\"description\" content=\"Le laminage et le capsulage prot\u00e8gent l&#039;\u0153uvre imprim\u00e9e des liquides, des graisses, des rayures ou des d\u00e9chirures gr\u00e2ce \u00e0 une fine couche de polyester transparent.\" \/>\n<meta name=\"robots\" content=\"index, follow, max-snippet:-1, max-image-preview:large, max-video-preview:-1\" \/>\n<link rel=\"canonical\" href=\"https:\/\/nexeimpressions.com\/fr\/pellicules-et-capsules\/\" \/>\n<meta property=\"og:locale\" content=\"fr_FR\" \/>\n<meta property=\"og:type\" content=\"article\" \/>\n<meta property=\"og:title\" content=\"Pellicul\u00e9s et capsul\u00e9s &#8211; Nexe Impressions\" \/>\n<meta property=\"og:description\" content=\"Le laminage et le capsulage prot\u00e8gent l&#039;\u0153uvre imprim\u00e9e des liquides, des graisses, des rayures ou des d\u00e9chirures gr\u00e2ce \u00e0 une fine couche de polyester transparent.\" \/>\n<meta property=\"og:url\" content=\"https:\/\/nexeimpressions.com\/fr\/pellicules-et-capsules\/\" \/>\n<meta property=\"og:site_name\" content=\"Nexe Impressions\" \/>\n<meta property=\"article:publisher\" content=\"https:\/\/www.facebook.com\/nexeimpressions\" \/>\n<meta property=\"article:modified_time\" content=\"2025-11-06T15:00:55+00:00\" \/>\n<meta name=\"twitter:card\" content=\"summary_large_image\" \/>\n<meta name=\"twitter:label1\" content=\"Dur\u00e9e de lecture estim\u00e9e\" \/>\n\t<meta name=\"twitter:data1\" content=\"3 minutes\" \/>\n<script type=\"application\/ld+json\" class=\"yoast-schema-graph\">{\"@context\":\"https:\/\/schema.org\",\"@graph\":[{\"@type\":\"WebPage\",\"@id\":\"https:\/\/nexeimpressions.com\/fr\/pellicules-et-capsules\/\",\"url\":\"https:\/\/nexeimpressions.com\/fr\/pellicules-et-capsules\/\",\"name\":\"Pellicul\u00e9s et capsul\u00e9s &#8211; Nexe Impressions\",\"isPartOf\":{\"@id\":\"https:\/\/nexeimpressions.com\/fr\/#website\"},\"datePublished\":\"2019-12-04T11:50:49+00:00\",\"dateModified\":\"2025-11-06T15:00:55+00:00\",\"description\":\"Le laminage et le capsulage prot\u00e8gent l'\u0153uvre imprim\u00e9e des liquides, des graisses, des rayures ou des d\u00e9chirures gr\u00e2ce \u00e0 une fine couche de polyester transparent.\",\"breadcrumb\":{\"@id\":\"https:\/\/nexeimpressions.com\/fr\/pellicules-et-capsules\/#breadcrumb\"},\"inLanguage\":\"fr-FR\",\"potentialAction\":[{\"@type\":\"ReadAction\",\"target\":[\"https:\/\/nexeimpressions.com\/fr\/pellicules-et-capsules\/\"]}]},{\"@type\":\"BreadcrumbList\",\"@id\":\"https:\/\/nexeimpressions.com\/fr\/pellicules-et-capsules\/#breadcrumb\",\"itemListElement\":[{\"@type\":\"ListItem\",\"position\":1,\"name\":\"Home\",\"item\":\"https:\/\/nexeimpressions.com\/fr\/\"},{\"@type\":\"ListItem\",\"position\":2,\"name\":\"Pellicul\u00e9s et capsul\u00e9s\"}]},{\"@type\":\"WebSite\",\"@id\":\"https:\/\/nexeimpressions.com\/fr\/#website\",\"url\":\"https:\/\/nexeimpressions.com\/fr\/\",\"name\":\"Nexe Impressions\",\"description\":\"Print worthy\",\"potentialAction\":[{\"@type\":\"SearchAction\",\"target\":{\"@type\":\"EntryPoint\",\"urlTemplate\":\"https:\/\/nexeimpressions.com\/fr\/?s={search_term_string}\"},\"query-input\":{\"@type\":\"PropertyValueSpecification\",\"valueRequired\":true,\"valueName\":\"search_term_string\"}}],\"inLanguage\":\"fr-FR\"}]}<\/script>\n<!-- \/ Yoast SEO plugin. -->","yoast_head_json":{"title":"Pellicul\u00e9s et capsul\u00e9s &#8211; Nexe Impressions","description":"Le laminage et le capsulage prot\u00e8gent l'\u0153uvre imprim\u00e9e des liquides, des graisses, des rayures ou des d\u00e9chirures gr\u00e2ce \u00e0 une fine couche de polyester transparent.","robots":{"index":"index","follow":"follow","max-snippet":"max-snippet:-1","max-image-preview":"max-image-preview:large","max-video-preview":"max-video-preview:-1"},"canonical":"https:\/\/nexeimpressions.com\/fr\/pellicules-et-capsules\/","og_locale":"fr_FR","og_type":"article","og_title":"Pellicul\u00e9s et capsul\u00e9s &#8211; Nexe Impressions","og_description":"Le laminage et le capsulage prot\u00e8gent l'\u0153uvre imprim\u00e9e des liquides, des graisses, des rayures ou des d\u00e9chirures gr\u00e2ce \u00e0 une fine couche de polyester transparent.","og_url":"https:\/\/nexeimpressions.com\/fr\/pellicules-et-capsules\/","og_site_name":"Nexe Impressions","article_publisher":"https:\/\/www.facebook.com\/nexeimpressions","article_modified_time":"2025-11-06T15:00:55+00:00","twitter_card":"summary_large_image","twitter_misc":{"Dur\u00e9e de lecture estim\u00e9e":"3 minutes"},"schema":{"@context":"https:\/\/schema.org","@graph":[{"@type":"WebPage","@id":"https:\/\/nexeimpressions.com\/fr\/pellicules-et-capsules\/","url":"https:\/\/nexeimpressions.com\/fr\/pellicules-et-capsules\/","name":"Pellicul\u00e9s et capsul\u00e9s &#8211; Nexe Impressions","isPartOf":{"@id":"https:\/\/nexeimpressions.com\/fr\/#website"},"datePublished":"2019-12-04T11:50:49+00:00","dateModified":"2025-11-06T15:00:55+00:00","description":"Le laminage et le capsulage prot\u00e8gent l'\u0153uvre imprim\u00e9e des liquides, des graisses, des rayures ou des d\u00e9chirures gr\u00e2ce \u00e0 une fine couche de polyester transparent.","breadcrumb":{"@id":"https:\/\/nexeimpressions.com\/fr\/pellicules-et-capsules\/#breadcrumb"},"inLanguage":"fr-FR","potentialAction":[{"@type":"ReadAction","target":["https:\/\/nexeimpressions.com\/fr\/pellicules-et-capsules\/"]}]},{"@type":"BreadcrumbList","@id":"https:\/\/nexeimpressions.com\/fr\/pellicules-et-capsules\/#breadcrumb","itemListElement":[{"@type":"ListItem","position":1,"name":"Home","item":"https:\/\/nexeimpressions.com\/fr\/"},{"@type":"ListItem","position":2,"name":"Pellicul\u00e9s et capsul\u00e9s"}]},{"@type":"WebSite","@id":"https:\/\/nexeimpressions.com\/fr\/#website","url":"https:\/\/nexeimpressions.com\/fr\/","name":"Nexe Impressions","description":"Print worthy","potentialAction":[{"@type":"SearchAction","target":{"@type":"EntryPoint","urlTemplate":"https:\/\/nexeimpressions.com\/fr\/?s={search_term_string}"},"query-input":{"@type":"PropertyValueSpecification","valueRequired":true,"valueName":"search_term_string"}}],"inLanguage":"fr-FR"}]}},"_links":{"self":[{"href":"https:\/\/nexeimpressions.com\/fr\/wp-json\/wp\/v2\/pages\/5872","targetHints":{"allow":["GET"]}}],"collection":[{"href":"https:\/\/nexeimpressions.com\/fr\/wp-json\/wp\/v2\/pages"}],"about":[{"href":"https:\/\/nexeimpressions.com\/fr\/wp-json\/wp\/v2\/types\/page"}],"author":[{"embeddable":true,"href":"https:\/\/nexeimpressions.com\/fr\/wp-json\/wp\/v2\/users\/1"}],"replies":[{"embeddable":true,"href":"https:\/\/nexeimpressions.com\/fr\/wp-json\/wp\/v2\/comments?post=5872"}],"version-history":[{"count":2,"href":"https:\/\/nexeimpressions.com\/fr\/wp-json\/wp\/v2\/pages\/5872\/revisions"}],"predecessor-version":[{"id":25375,"href":"https:\/\/nexeimpressions.com\/fr\/wp-json\/wp\/v2\/pages\/5872\/revisions\/25375"}],"wp:attachment":[{"href":"https:\/\/nexeimpressions.com\/fr\/wp-json\/wp\/v2\/media?parent=5872"}],"curies":[{"name":"wp","href":"https:\/\/api.w.org\/{rel}","templated":true}]}}