 {"id":5880,"date":"2019-12-04T11:52:01","date_gmt":"2019-12-04T11:52:01","guid":{"rendered":"http:\/\/www.nexeimpressions.com\/enquadernacio-de-revistes-i-llibres\/"},"modified":"2025-11-06T16:49:58","modified_gmt":"2025-11-06T14:49:58","slug":"reliure-de-livres-et-magazines","status":"publish","type":"page","link":"https:\/\/nexeimpressions.com\/fr\/reliure-de-livres-et-magazines\/","title":{"rendered":"Reliure de livres et magazines"},"content":{"rendered":"<div class=\"wpb-content-wrapper\"><p>[vc_row css_animation=\u00a0\u00bb\u00a0\u00bb row_type=\u00a0\u00bbrow\u00a0\u00bb use_row_as_full_screen_section=\u00a0\u00bbno\u00a0\u00bb type=\u00a0\u00bbfull_width\u00a0\u00bb angled_section=\u00a0\u00bbno\u00a0\u00bb text_align=\u00a0\u00bbleft\u00a0\u00bb background_image_as_pattern=\u00a0\u00bbwithout_pattern\u00a0\u00bb][vc_column width=\u00a0\u00bb1\/6&Prime;][\/vc_column][vc_column width=\u00a0\u00bb2\/3&Prime;][vc_empty_space][vc_column_text]<strong><a tabindex=\"0\" href=\"\/?page_id=5862\"><span class=\"back-arrow\">\u2190 <\/span>FINITIONS NUM\u00c9RIQUES<\/a><\/strong>[\/vc_column_text][vc_empty_space][\/vc_column][vc_column width=\u00a0\u00bb1\/6&Prime;][\/vc_column][\/vc_row][vc_row css_animation=\u00a0\u00bb\u00a0\u00bb row_type=\u00a0\u00bbrow\u00a0\u00bb use_row_as_full_screen_section=\u00a0\u00bbno\u00a0\u00bb type=\u00a0\u00bbfull_width\u00a0\u00bb angled_section=\u00a0\u00bbno\u00a0\u00bb text_align=\u00a0\u00bbleft\u00a0\u00bb background_image_as_pattern=\u00a0\u00bbwithout_pattern\u00a0\u00bb][vc_column width=\u00a0\u00bb1\/6&Prime;][\/vc_column][vc_column width=\u00a0\u00bb2\/3&Prime;][vc_single_image image=\u00a0\u00bb9650&Prime; img_size=\u00a0\u00bbfull\u00a0\u00bb qode_css_animation=\u00a0\u00bb\u00a0\u00bb][vc_empty_space height=\u00a0\u00bb50px\u00a0\u00bb][\/vc_column][vc_column width=\u00a0\u00bb1\/6&Prime;][\/vc_column][\/vc_row][vc_row css_animation=\u00a0\u00bb\u00a0\u00bb row_type=\u00a0\u00bbrow\u00a0\u00bb use_row_as_full_screen_section=\u00a0\u00bbno\u00a0\u00bb type=\u00a0\u00bbfull_width\u00a0\u00bb angled_section=\u00a0\u00bbno\u00a0\u00bb text_align=\u00a0\u00bbleft\u00a0\u00bb background_image_as_pattern=\u00a0\u00bbwithout_pattern\u00a0\u00bb][vc_column width=\u00a0\u00bb1\/6&Prime;][\/vc_column][vc_column width=\u00a0\u00bb2\/3&Prime;][vc_column_text]<\/p>\n<h3><strong>Reliure \u00e0 colle PUR (couverture rigide et souple)<\/strong><\/h3>\n<p>[\/vc_column_text][vc_empty_space height=\u00a0\u00bb32 px\u00a0\u00bb][vc_column_text]<span style=\"color: #303030;\">Ce type de reliure est id\u00e9al pour les catalogues, les listes de prix, les magazines et les livres avec dos, qui doivent \u00eatre utilis\u00e9s intensivement. Le polyur\u00e9thane est utilis\u00e9 comme adh\u00e9sif, ce qui est moins cher que le fil cousu. Il peut \u00eatre reli\u00e9 avec une couverture rigide ou souple.<\/span>[\/vc_column_text][vc_empty_space height=\u00a0\u00bb32 px\u00a0\u00bb][vc_single_image image=\u00a0\u00bb9602&Prime; img_size=\u00a0\u00bbfull\u00a0\u00bb alignment=\u00a0\u00bbcenter\u00a0\u00bb qode_css_animation=\u00a0\u00bb\u00a0\u00bb][vc_empty_space height=\u00a0\u00bb32 px\u00a0\u00bb][\/vc_column][vc_column width=\u00a0\u00bb1\/6&Prime;][\/vc_column][\/vc_row][vc_row css_animation=\u00a0\u00bb\u00a0\u00bb row_type=\u00a0\u00bbrow\u00a0\u00bb use_row_as_full_screen_section=\u00a0\u00bbno\u00a0\u00bb type=\u00a0\u00bbfull_width\u00a0\u00bb angled_section=\u00a0\u00bbno\u00a0\u00bb text_align=\u00a0\u00bbleft\u00a0\u00bb background_image_as_pattern=\u00a0\u00bbwithout_pattern\u00a0\u00bb][vc_column width=\u00a0\u00bb1\/6&Prime;][\/vc_column][vc_column width=\u00a0\u00bb2\/3&Prime;][vc_column_text]<\/p>\n<h3><strong>Reliure cousue (couverture rigide et souple)<\/strong><\/h3>\n<p>[\/vc_column_text][vc_empty_space height=\u00a0\u00bb32 px\u00a0\u00bb][vc_column_text]<span style=\"color: #303030;\">Il est le plus utilis\u00e9 pour sa r\u00e9sistance, sa qualit\u00e9 et sa flexibilit\u00e9. Id\u00e9al pour les livres de haute qualit\u00e9 qui sont con\u00e7us pour durer dans le temps. Il peut \u00eatre reli\u00e9 avec une couverture rigide ou souple.<\/span>[\/vc_column_text][vc_empty_space height=\u00a0\u00bb32 px\u00a0\u00bb][vc_single_image image=\u00a0\u00bb9614&Prime; img_size=\u00a0\u00bbfull\u00a0\u00bb alignment=\u00a0\u00bbcenter\u00a0\u00bb qode_css_animation=\u00a0\u00bb\u00a0\u00bb][vc_empty_space height=\u00a0\u00bb32 px\u00a0\u00bb][\/vc_column][vc_column width=\u00a0\u00bb1\/6&Prime;][\/vc_column][\/vc_row][vc_row css_animation=\u00a0\u00bb\u00a0\u00bb row_type=\u00a0\u00bbrow\u00a0\u00bb use_row_as_full_screen_section=\u00a0\u00bbno\u00a0\u00bb type=\u00a0\u00bbfull_width\u00a0\u00bb angled_section=\u00a0\u00bbno\u00a0\u00bb text_align=\u00a0\u00bbleft\u00a0\u00bb background_image_as_pattern=\u00a0\u00bbwithout_pattern\u00a0\u00bb][vc_column width=\u00a0\u00bb1\/6&Prime;][\/vc_column][vc_column width=\u00a0\u00bb2\/3&Prime;][vc_column_text]<\/p>\n<h3><strong>Reliure wire-o et spirale<\/strong><\/h3>\n<p>[\/vc_column_text][vc_empty_space height=\u00a0\u00bb32 px\u00a0\u00bb][vc_column_text]<span style=\"color: #303030;\">La reliure wire-o est un syst\u00e8me pratique, durable et \u00e9l\u00e9gant pour les cahiers, les manuels techniques, les catalogues commerciaux, les cartes et les calendriers. La reliure spirale est un syst\u00e8me simple et fonctionnel qui permet d&rsquo;ouvrir le document \u00e0 360\u00ba et facilite la photocopie.<\/span>[\/vc_column_text][vc_empty_space height=\u00a0\u00bb20 px\u00a0\u00bb][vc_column_text]<span style=\"color: #303030;\">En termes de design, il est possible de combiner les finitions entre elles pour obtenir un plus grand impact visuel, tant sur les pages int\u00e9rieures que sur la couverture : l&rsquo;impression num\u00e9rique spectaculaire, le vernis s\u00e9lectif en 2D ou 3D, la possibilit\u00e9 d&rsquo;appliquer des matrices avec une pr\u00e9cision Ultra HD ou les encres sp\u00e9ciales &#8211; rose et blanc fluor -.<\/span>[\/vc_column_text][vc_empty_space height=\u00a0\u00bb32 px\u00a0\u00bb][vc_single_image image=\u00a0\u00bb9626&Prime; img_size=\u00a0\u00bbfull\u00a0\u00bb alignment=\u00a0\u00bbcenter\u00a0\u00bb qode_css_animation=\u00a0\u00bb\u00a0\u00bb][vc_empty_space height=\u00a0\u00bb32 px\u00a0\u00bb][\/vc_column][vc_column width=\u00a0\u00bb1\/6&Prime;][\/vc_column][\/vc_row][vc_row css_animation=\u00a0\u00bb\u00a0\u00bb row_type=\u00a0\u00bbrow\u00a0\u00bb use_row_as_full_screen_section=\u00a0\u00bbno\u00a0\u00bb type=\u00a0\u00bbfull_width\u00a0\u00bb angled_section=\u00a0\u00bbno\u00a0\u00bb text_align=\u00a0\u00bbleft\u00a0\u00bb background_image_as_pattern=\u00a0\u00bbwithout_pattern\u00a0\u00bb][vc_column width=\u00a0\u00bb1\/6&Prime;][\/vc_column][vc_column width=\u00a0\u00bb2\/3&Prime;][vc_column_text]<\/p>\n<h3><strong>Reliure \u00e0 agrafes<\/strong><\/h3>\n<p>[\/vc_column_text][vc_empty_space height=\u00a0\u00bb32 px\u00a0\u00bb][vc_column_text]<span style=\"color: #303030;\">Id\u00e9al pour les publications \u00e0 la recherche de flexibilit\u00e9 pour les rendre faciles \u00e0 lire partout. Si la publication comporte plus de 56 pages int\u00e9rieures, il faut utiliser la reliure \u00e0 dos carr\u00e9 avec agrafes.<\/span>[\/vc_column_text][vc_empty_space height=\u00a0\u00bb32 px\u00a0\u00bb][\/vc_column][vc_column width=\u00a0\u00bb1\/6&Prime;][\/vc_column][\/vc_row][vc_row css_animation=\u00a0\u00bb\u00a0\u00bb row_type=\u00a0\u00bbrow\u00a0\u00bb use_row_as_full_screen_section=\u00a0\u00bbno\u00a0\u00bb type=\u00a0\u00bbfull_width\u00a0\u00bb angled_section=\u00a0\u00bbno\u00a0\u00bb text_align=\u00a0\u00bbleft\u00a0\u00bb background_image_as_pattern=\u00a0\u00bbwithout_pattern\u00a0\u00bb][vc_column width=\u00a0\u00bb1\/6&Prime;][\/vc_column][vc_column width=\u00a0\u00bb2\/3&Prime;][vc_column_text]<\/p>\n<h3><strong>Sp\u00e9cifications<\/strong><\/h3>\n<p>[\/vc_column_text][vc_empty_space height=\u00a0\u00bb32 px\u00a0\u00bb][vc_column_text]<span style=\"color: #303030;\">Pour la reliure de livres frais\u00e9s avec de la colle PUR pour couvertures dures ou souples, il est tr\u00e8s important de conna\u00eetre le nombre de pages que le livre aura afin de d\u00e9terminer la hauteur du dos, de faire le dessin de la couverture et de calculer le prix final.<\/span>[\/vc_column_text][vc_empty_space height=\u00a0\u00bb20 px\u00a0\u00bb][vc_column_text]<span style=\"color: #303030;\">Dans les reliures wire-o et spirales, le c\u00f4t\u00e9 \u00e0 perforer doit \u00eatre pris en compte, en laissant une marge entre 10 mm et 15 mm, afin de ne pas biaiser le texte ou l&rsquo;image.<\/span>[\/vc_column_text][vc_empty_space height=\u00a0\u00bb32 px\u00a0\u00bb][vc_column_text]<\/p>\n<h3><strong>Remarques<\/strong><\/h3>\n<p>[\/vc_column_text][vc_empty_space height=\u00a0\u00bb32 px\u00a0\u00bb][vc_column_text]<span style=\"color: #303030;\">La reliure en PUR permet de combiner diff\u00e9rents types de papier &#8211; couch\u00e9, cr\u00e9atif, textur\u00e9, photographique &#8211; et de mat\u00e9riaux &#8211; synth\u00e9tiques, m\u00e9tallis\u00e9s ou transparents &#8211; dans une m\u00eame publication.<\/span>[\/vc_column_text][vc_empty_space height=\u00a0\u00bb20 px\u00a0\u00bb][vc_column_text]<span style=\"color: #303030;\">Nous recommandons la reliure en PUR pour les catalogues d&rsquo;entreprise, de produits et de prix, ainsi que pour les p\u00e9riodiques &#8211; magazines avec dos &#8211; et, en g\u00e9n\u00e9ral, tous les livres avec dos qui vont \u00eatre utilis\u00e9s intensivement.<\/span>[\/vc_column_text][vc_empty_space height=\u00a0\u00bb20 px\u00a0\u00bb][vc_column_text]<span style=\"color: #303030;\">La reliure broch\u00e9e cousue est r\u00e9alis\u00e9e avec du fil en cousant chaque livret s\u00e9par\u00e9ment. Une fois le processus termin\u00e9, ils sont assembl\u00e9s et cousus \u00e0 nouveau \u00e0 partir de la couverture. Sans d\u00e9coupage, le dos est coll\u00e9 et coll\u00e9 sur le couvercle.<\/span>[\/vc_column_text][vc_empty_space height=\u00a0\u00bb32 px\u00a0\u00bb]<div class='qode_image_gallery_no_space light'>\n            <div class='qode_image_gallery_holder' style='height: 550px;'>\n                <ul ><li >\n                    <div style=\"height: 550px; width:776px;\"><img decoding=\"async\" itemprop=\"image\" src=\"https:\/\/nexeimpressions.com\/wp-content\/uploads\/2020\/05\/enquadernacio-12.jpg\" alt=\"\" \/><\/div><\/li><li >\n                    <div style=\"height: 550px; width:966px;\"><img decoding=\"async\" itemprop=\"image\" src=\"https:\/\/nexeimpressions.com\/wp-content\/uploads\/2020\/05\/enquadernacio-11.jpg\" alt=\"\" \/><\/div><\/li><li >\n                    <div style=\"height: 550px; width:687px;\"><img decoding=\"async\" itemprop=\"image\" src=\"https:\/\/nexeimpressions.com\/wp-content\/uploads\/2020\/05\/enquadernacio-07.jpg\" alt=\"\" \/><\/div><\/li><li >\n                    <div style=\"height: 550px; width:826px;\"><img decoding=\"async\" itemprop=\"image\" src=\"https:\/\/nexeimpressions.com\/wp-content\/uploads\/2020\/05\/enquadernacio-05.jpg\" alt=\"\" \/><\/div><\/li><li >\n                    <div style=\"height: 550px; width:826px;\"><img decoding=\"async\" itemprop=\"image\" src=\"https:\/\/nexeimpressions.com\/wp-content\/uploads\/2020\/05\/enquadernacio-08.jpg\" alt=\"\" \/><\/div><\/li><li >\n                    <div style=\"height: 550px; width:826px;\"><img decoding=\"async\" itemprop=\"image\" src=\"https:\/\/nexeimpressions.com\/wp-content\/uploads\/2020\/05\/enquadernacio-04.jpg\" alt=\"\" \/><\/div><\/li><li >\n                    <div style=\"height: 550px; width:826px;\"><img decoding=\"async\" itemprop=\"image\" src=\"https:\/\/nexeimpressions.com\/wp-content\/uploads\/2020\/05\/enquadernacio-02.jpg\" alt=\"\" \/><\/div><\/li><li >\n                    <div style=\"height: 550px; width:826px;\"><img decoding=\"async\" itemprop=\"image\" src=\"https:\/\/nexeimpressions.com\/wp-content\/uploads\/2020\/05\/enquadernacio-10.jpg\" alt=\"\" \/><\/div><\/li><li >\n                    <div style=\"height: 550px; width:826px;\"><img decoding=\"async\" itemprop=\"image\" src=\"https:\/\/nexeimpressions.com\/wp-content\/uploads\/2020\/05\/enquadernacio-01.jpg\" alt=\"\" \/><\/div><\/li><\/ul>\n          <\/div>\n          <div class='controls'>\n              <a class='prev-slide' href='#'><span><i class='fa fa-angle-left'><\/i><\/span><\/a>\n              <a class='next-slide' href='#'><span><i class='fa fa-angle-right'><\/i><\/span><\/a>\n          <\/div>\n      <\/div>[\/vc_column][vc_column width=\u00a0\u00bb1\/6&Prime;][\/vc_column][\/vc_row][vc_row css_animation=\u00a0\u00bb\u00a0\u00bb row_type=\u00a0\u00bbrow\u00a0\u00bb use_row_as_full_screen_section=\u00a0\u00bbno\u00a0\u00bb type=\u00a0\u00bbfull_width\u00a0\u00bb angled_section=\u00a0\u00bbno\u00a0\u00bb text_align=\u00a0\u00bbleft\u00a0\u00bb background_image_as_pattern=\u00a0\u00bbwithout_pattern\u00a0\u00bb][vc_column][vc_empty_space height=\u00a0\u00bb70px\u00a0\u00bb][vc_column_text]<\/p>\n<h2 style=\"text-align: center;\"><span style=\"color: #cc0033;\">Votre devis en 2 heures<\/span><\/h2>\n<p>[\/vc_column_text][vc_empty_space][\/vc_column][\/vc_row][vc_row css_animation=\u00a0\u00bb\u00a0\u00bb row_type=\u00a0\u00bbrow\u00a0\u00bb use_row_as_full_screen_section=\u00a0\u00bbno\u00a0\u00bb type=\u00a0\u00bbfull_width\u00a0\u00bb angled_section=\u00a0\u00bbno\u00a0\u00bb text_align=\u00a0\u00bbcenter\u00a0\u00bb background_image_as_pattern=\u00a0\u00bbwithout_pattern\u00a0\u00bb][vc_column width=\u00a0\u00bb1\/4&Prime;][\/vc_column][vc_column width=\u00a0\u00bb1\/4&Prime;][vc_empty_space height=\u00a0\u00bb20px\u00a0\u00bb]<a  itemprop=\"url\" href=\"http:\/\/nexeimpressions.com\/fr\/demandez-un-devis\/\" target=\"_self\" data-hover-background-color=\"#cc0033\" data-hover-border-color=\"#cc0033\" data-hover-color=\"#ffffff\" class=\"qbutton  medium center default\" style=\"color: #cc0033; border-color: #cc0033; font-style: normal; font-weight: 800; margin: 0px 0px 0px 0px; background-color:#ffffff;\">DEMANDEZ VOTRE DEVIS<\/a>[\/vc_column][vc_column width=\u00a0\u00bb1\/4&Prime;][vc_empty_space height=\u00a0\u00bb20px\u00a0\u00bb]<a  itemprop=\"url\" href=\"mailto:info@nexeimpressions.com\" target=\"_self\" data-hover-background-color=\"#ffffff\" data-hover-border-color=\"#cc0033\" data-hover-color=\"#cc0033\" class=\"qbutton  medium center default\" style=\"color: #ffffff; border-color: #cc0033; font-style: normal; font-weight: 800; margin: 0px 0px 0px 0px; background-color:#cc0033;\">info@nexeimpressions.com<\/a>[\/vc_column][vc_column width=\u00a0\u00bb1\/4&Prime;][\/vc_column][\/vc_row][vc_row css_animation=\u00a0\u00bb\u00a0\u00bb row_type=\u00a0\u00bbrow\u00a0\u00bb use_row_as_full_screen_section=\u00a0\u00bbno\u00a0\u00bb type=\u00a0\u00bbfull_width\u00a0\u00bb angled_section=\u00a0\u00bbno\u00a0\u00bb text_align=\u00a0\u00bbcenter\u00a0\u00bb background_image_as_pattern=\u00a0\u00bbwithout_pattern\u00a0\u00bb][vc_column][vc_empty_space height=\u00a0\u00bb70px\u00a0\u00bb][\/vc_column][\/vc_row]<\/p>\n<\/div>","protected":false},"excerpt":{"rendered":"<p>[vc_row css_animation=\u00a0\u00bb\u00a0\u00bb row_type=\u00a0\u00bbrow\u00a0\u00bb use_row_as_full_screen_section=\u00a0\u00bbno\u00a0\u00bb type=\u00a0\u00bbfull_width\u00a0\u00bb angled_section=\u00a0\u00bbno\u00a0\u00bb text_align=\u00a0\u00bbleft\u00a0\u00bb background_image_as_pattern=\u00a0\u00bbwithout_pattern\u00a0\u00bb][vc_column width=\u00a0\u00bb1\/6&Prime;][\/vc_column][vc_column width=\u00a0\u00bb2\/3&Prime;][vc_empty_space][vc_column_text]\u2190 FINITIONS NUM\u00c9RIQUES[\/vc_column_text][vc_empty_space][\/vc_column][vc_column width=\u00a0\u00bb1\/6&Prime;][\/vc_column][\/vc_row][vc_row css_animation=\u00a0\u00bb\u00a0\u00bb row_type=\u00a0\u00bbrow\u00a0\u00bb use_row_as_full_screen_section=\u00a0\u00bbno\u00a0\u00bb type=\u00a0\u00bbfull_width\u00a0\u00bb angled_section=\u00a0\u00bbno\u00a0\u00bb text_align=\u00a0\u00bbleft\u00a0\u00bb background_image_as_pattern=\u00a0\u00bbwithout_pattern\u00a0\u00bb][vc_column width=\u00a0\u00bb1\/6&Prime;][\/vc_column][vc_column width=\u00a0\u00bb2\/3&Prime;][vc_single_image image=\u00a0\u00bb9650&Prime; img_size=\u00a0\u00bbfull\u00a0\u00bb qode_css_animation=\u00a0\u00bb\u00a0\u00bb][vc_empty_space height=\u00a0\u00bb50px\u00a0\u00bb][\/vc_column][vc_column width=\u00a0\u00bb1\/6&Prime;][\/vc_column][\/vc_row][vc_row css_animation=\u00a0\u00bb\u00a0\u00bb row_type=\u00a0\u00bbrow\u00a0\u00bb use_row_as_full_screen_section=\u00a0\u00bbno\u00a0\u00bb type=\u00a0\u00bbfull_width\u00a0\u00bb angled_section=\u00a0\u00bbno\u00a0\u00bb text_align=\u00a0\u00bbleft\u00a0\u00bb background_image_as_pattern=\u00a0\u00bbwithout_pattern\u00a0\u00bb][vc_column width=\u00a0\u00bb1\/6&Prime;][\/vc_column][vc_column width=\u00a0\u00bb2\/3&Prime;][vc_column_text] Reliure \u00e0 colle PUR (couverture rigide et souple) [\/vc_column_text][vc_empty_space&#8230;<\/p>\n","protected":false},"author":1,"featured_media":0,"parent":0,"menu_order":204,"comment_status":"closed","ping_status":"closed","template":"","meta":{"footnotes":""},"class_list":["post-5880","page","type-page","status-publish","hentry"],"yoast_head":"<!-- This site is optimized with the Yoast SEO plugin v25.0 - https:\/\/yoast.com\/wordpress\/plugins\/seo\/ -->\n<title>Reliure de livres et magazines &#8211; Nexe Impressions<\/title>\n<meta name=\"description\" content=\"Reliure de livres et magazines avec colle PUR (couverture rigide et souple), cousue (couverture rigide et souple), wire-o, spirale ou \u00e0 agrafes.\" \/>\n<meta name=\"robots\" content=\"index, follow, max-snippet:-1, max-image-preview:large, max-video-preview:-1\" \/>\n<link rel=\"canonical\" href=\"https:\/\/nexeimpressions.com\/fr\/reliure-de-livres-et-magazines\/\" \/>\n<meta property=\"og:locale\" content=\"fr_FR\" \/>\n<meta property=\"og:type\" content=\"article\" \/>\n<meta property=\"og:title\" content=\"Reliure de livres et magazines &#8211; Nexe Impressions\" \/>\n<meta property=\"og:description\" content=\"Reliure de livres et magazines avec colle PUR (couverture rigide et souple), cousue (couverture rigide et souple), wire-o, spirale ou \u00e0 agrafes.\" \/>\n<meta property=\"og:url\" content=\"https:\/\/nexeimpressions.com\/fr\/reliure-de-livres-et-magazines\/\" \/>\n<meta property=\"og:site_name\" content=\"Nexe Impressions\" \/>\n<meta property=\"article:publisher\" content=\"https:\/\/www.facebook.com\/nexeimpressions\" \/>\n<meta property=\"article:modified_time\" content=\"2025-11-06T14:49:58+00:00\" \/>\n<meta name=\"twitter:card\" content=\"summary_large_image\" \/>\n<meta name=\"twitter:label1\" content=\"Dur\u00e9e de lecture estim\u00e9e\" \/>\n\t<meta name=\"twitter:data1\" content=\"7 minutes\" \/>\n<script type=\"application\/ld+json\" class=\"yoast-schema-graph\">{\"@context\":\"https:\/\/schema.org\",\"@graph\":[{\"@type\":\"WebPage\",\"@id\":\"https:\/\/nexeimpressions.com\/fr\/reliure-de-livres-et-magazines\/\",\"url\":\"https:\/\/nexeimpressions.com\/fr\/reliure-de-livres-et-magazines\/\",\"name\":\"Reliure de livres et magazines &#8211; Nexe Impressions\",\"isPartOf\":{\"@id\":\"https:\/\/nexeimpressions.com\/fr\/#website\"},\"datePublished\":\"2019-12-04T11:52:01+00:00\",\"dateModified\":\"2025-11-06T14:49:58+00:00\",\"description\":\"Reliure de livres et magazines avec colle PUR (couverture rigide et souple), cousue (couverture rigide et souple), wire-o, spirale ou \u00e0 agrafes.\",\"breadcrumb\":{\"@id\":\"https:\/\/nexeimpressions.com\/fr\/reliure-de-livres-et-magazines\/#breadcrumb\"},\"inLanguage\":\"fr-FR\",\"potentialAction\":[{\"@type\":\"ReadAction\",\"target\":[\"https:\/\/nexeimpressions.com\/fr\/reliure-de-livres-et-magazines\/\"]}]},{\"@type\":\"BreadcrumbList\",\"@id\":\"https:\/\/nexeimpressions.com\/fr\/reliure-de-livres-et-magazines\/#breadcrumb\",\"itemListElement\":[{\"@type\":\"ListItem\",\"position\":1,\"name\":\"Home\",\"item\":\"https:\/\/nexeimpressions.com\/fr\/\"},{\"@type\":\"ListItem\",\"position\":2,\"name\":\"Reliure de livres et magazines\"}]},{\"@type\":\"WebSite\",\"@id\":\"https:\/\/nexeimpressions.com\/fr\/#website\",\"url\":\"https:\/\/nexeimpressions.com\/fr\/\",\"name\":\"Nexe Impressions\",\"description\":\"Print worthy\",\"potentialAction\":[{\"@type\":\"SearchAction\",\"target\":{\"@type\":\"EntryPoint\",\"urlTemplate\":\"https:\/\/nexeimpressions.com\/fr\/?s={search_term_string}\"},\"query-input\":{\"@type\":\"PropertyValueSpecification\",\"valueRequired\":true,\"valueName\":\"search_term_string\"}}],\"inLanguage\":\"fr-FR\"}]}<\/script>\n<!-- \/ Yoast SEO plugin. -->","yoast_head_json":{"title":"Reliure de livres et magazines &#8211; Nexe Impressions","description":"Reliure de livres et magazines avec colle PUR (couverture rigide et souple), cousue (couverture rigide et souple), wire-o, spirale ou \u00e0 agrafes.","robots":{"index":"index","follow":"follow","max-snippet":"max-snippet:-1","max-image-preview":"max-image-preview:large","max-video-preview":"max-video-preview:-1"},"canonical":"https:\/\/nexeimpressions.com\/fr\/reliure-de-livres-et-magazines\/","og_locale":"fr_FR","og_type":"article","og_title":"Reliure de livres et magazines &#8211; Nexe Impressions","og_description":"Reliure de livres et magazines avec colle PUR (couverture rigide et souple), cousue (couverture rigide et souple), wire-o, spirale ou \u00e0 agrafes.","og_url":"https:\/\/nexeimpressions.com\/fr\/reliure-de-livres-et-magazines\/","og_site_name":"Nexe Impressions","article_publisher":"https:\/\/www.facebook.com\/nexeimpressions","article_modified_time":"2025-11-06T14:49:58+00:00","twitter_card":"summary_large_image","twitter_misc":{"Dur\u00e9e de lecture estim\u00e9e":"7 minutes"},"schema":{"@context":"https:\/\/schema.org","@graph":[{"@type":"WebPage","@id":"https:\/\/nexeimpressions.com\/fr\/reliure-de-livres-et-magazines\/","url":"https:\/\/nexeimpressions.com\/fr\/reliure-de-livres-et-magazines\/","name":"Reliure de livres et magazines &#8211; Nexe Impressions","isPartOf":{"@id":"https:\/\/nexeimpressions.com\/fr\/#website"},"datePublished":"2019-12-04T11:52:01+00:00","dateModified":"2025-11-06T14:49:58+00:00","description":"Reliure de livres et magazines avec colle PUR (couverture rigide et souple), cousue (couverture rigide et souple), wire-o, spirale ou \u00e0 agrafes.","breadcrumb":{"@id":"https:\/\/nexeimpressions.com\/fr\/reliure-de-livres-et-magazines\/#breadcrumb"},"inLanguage":"fr-FR","potentialAction":[{"@type":"ReadAction","target":["https:\/\/nexeimpressions.com\/fr\/reliure-de-livres-et-magazines\/"]}]},{"@type":"BreadcrumbList","@id":"https:\/\/nexeimpressions.com\/fr\/reliure-de-livres-et-magazines\/#breadcrumb","itemListElement":[{"@type":"ListItem","position":1,"name":"Home","item":"https:\/\/nexeimpressions.com\/fr\/"},{"@type":"ListItem","position":2,"name":"Reliure de livres et magazines"}]},{"@type":"WebSite","@id":"https:\/\/nexeimpressions.com\/fr\/#website","url":"https:\/\/nexeimpressions.com\/fr\/","name":"Nexe Impressions","description":"Print worthy","potentialAction":[{"@type":"SearchAction","target":{"@type":"EntryPoint","urlTemplate":"https:\/\/nexeimpressions.com\/fr\/?s={search_term_string}"},"query-input":{"@type":"PropertyValueSpecification","valueRequired":true,"valueName":"search_term_string"}}],"inLanguage":"fr-FR"}]}},"_links":{"self":[{"href":"https:\/\/nexeimpressions.com\/fr\/wp-json\/wp\/v2\/pages\/5880","targetHints":{"allow":["GET"]}}],"collection":[{"href":"https:\/\/nexeimpressions.com\/fr\/wp-json\/wp\/v2\/pages"}],"about":[{"href":"https:\/\/nexeimpressions.com\/fr\/wp-json\/wp\/v2\/types\/page"}],"author":[{"embeddable":true,"href":"https:\/\/nexeimpressions.com\/fr\/wp-json\/wp\/v2\/users\/1"}],"replies":[{"embeddable":true,"href":"https:\/\/nexeimpressions.com\/fr\/wp-json\/wp\/v2\/comments?post=5880"}],"version-history":[{"count":2,"href":"https:\/\/nexeimpressions.com\/fr\/wp-json\/wp\/v2\/pages\/5880\/revisions"}],"predecessor-version":[{"id":25353,"href":"https:\/\/nexeimpressions.com\/fr\/wp-json\/wp\/v2\/pages\/5880\/revisions\/25353"}],"wp:attachment":[{"href":"https:\/\/nexeimpressions.com\/fr\/wp-json\/wp\/v2\/media?parent=5880"}],"curies":[{"name":"wp","href":"https:\/\/api.w.org\/{rel}","templated":true}]}}