 {"id":5887,"date":"2019-12-04T11:53:23","date_gmt":"2019-12-04T11:53:23","guid":{"rendered":"http:\/\/www.nexeimpressions.com\/vernis-digital-2d-i-3d\/"},"modified":"2025-11-06T16:50:00","modified_gmt":"2025-11-06T14:50:00","slug":"vernis-numerique-2d-et-3d","status":"publish","type":"page","link":"https:\/\/nexeimpressions.com\/fr\/vernis-numerique-2d-et-3d\/","title":{"rendered":"Vernis num\u00e9rique 2D et 3D"},"content":{"rendered":"<div class=\"wpb-content-wrapper\"><p>[vc_row css_animation=\u00a0\u00bb\u00a0\u00bb row_type=\u00a0\u00bbrow\u00a0\u00bb use_row_as_full_screen_section=\u00a0\u00bbno\u00a0\u00bb type=\u00a0\u00bbfull_width\u00a0\u00bb angled_section=\u00a0\u00bbno\u00a0\u00bb text_align=\u00a0\u00bbleft\u00a0\u00bb background_image_as_pattern=\u00a0\u00bbwithout_pattern\u00a0\u00bb][vc_column width=\u00a0\u00bb1\/6&Prime;][\/vc_column][vc_column width=\u00a0\u00bb2\/3&Prime;][vc_empty_space][vc_column_text]<strong><a tabindex=\"0\" href=\"\/?page_id=5862\"><span class=\"back-arrow\">\u2190 <\/span>FINITIONS NUM\u00c9RIQUES<\/a><\/strong>[\/vc_column_text][vc_empty_space][\/vc_column][vc_column width=\u00a0\u00bb1\/6&Prime;][\/vc_column][\/vc_row][vc_row css_animation=\u00a0\u00bb\u00a0\u00bb row_type=\u00a0\u00bbrow\u00a0\u00bb use_row_as_full_screen_section=\u00a0\u00bbno\u00a0\u00bb type=\u00a0\u00bbfull_width\u00a0\u00bb angled_section=\u00a0\u00bbno\u00a0\u00bb text_align=\u00a0\u00bbleft\u00a0\u00bb background_image_as_pattern=\u00a0\u00bbwithout_pattern\u00a0\u00bb][vc_column width=\u00a0\u00bb1\/6&Prime;][\/vc_column][vc_column width=\u00a0\u00bb2\/3&Prime;][vc_single_image image=\u00a0\u00bb5990&Prime; img_size=\u00a0\u00bb900&#215;600&Prime; qode_css_animation=\u00a0\u00bb\u00a0\u00bb][vc_empty_space height=\u00a0\u00bb50px\u00a0\u00bb][\/vc_column][vc_column width=\u00a0\u00bb1\/6&Prime;][\/vc_column][\/vc_row][vc_row css_animation=\u00a0\u00bb\u00a0\u00bb row_type=\u00a0\u00bbrow\u00a0\u00bb use_row_as_full_screen_section=\u00a0\u00bbno\u00a0\u00bb type=\u00a0\u00bbfull_width\u00a0\u00bb angled_section=\u00a0\u00bbno\u00a0\u00bb text_align=\u00a0\u00bbleft\u00a0\u00bb background_image_as_pattern=\u00a0\u00bbwithout_pattern\u00a0\u00bb][vc_column width=\u00a0\u00bb1\/6&Prime;][\/vc_column][vc_column width=\u00a0\u00bb2\/3&Prime;][vc_empty_space height=\u00a0\u00bb32 px\u00a0\u00bb][vc_column_text]<\/p>\n<h3><strong>Avantages<\/strong><\/h3>\n<p>[\/vc_column_text][vc_empty_space height=\u00a0\u00bb32 px\u00a0\u00bb][vc_column_text]<span style=\"color: #303030;\">Le vernis s\u00e9lectif 2D et 3D peut \u00eatre appliqu\u00e9 sur pratiquement tout type de support, qu&rsquo;il soit en papier ou synth\u00e9tique, cr\u00e9ant des effets tr\u00e8s frappants, tant \u00e0 l&rsquo;\u0153il qu&rsquo;au toucher. L&rsquo;application du vernis est id\u00e9ale dans les cas o\u00f9 le but est d&rsquo;attirer l&rsquo;attention du consommateur ou de transmettre une image de qualit\u00e9.<\/span>[\/vc_column_text][vc_empty_space height=\u00a0\u00bb20 px\u00a0\u00bb][vc_column_text]<span style=\"color: #303030;\">Cette finition g\u00e9n\u00e8re \u00e9galement de l&rsquo;interaction, il est possible de l&rsquo;<strong>appliquer dans sa dimension 2D ou 3D, selon l&rsquo;\u00e9paisseur que vous recherchez<\/strong>. Parmi ses principales caract\u00e9ristiques, on peut citer la r\u00e9pulsion des liquides et la grande r\u00e9sistance \u00e0 la friction.<\/span>[\/vc_column_text][vc_empty_space height=\u00a0\u00bb20 px\u00a0\u00bb][vc_column_text]<span style=\"color: #303030;\">Le <strong>vernis s\u00e9lectif 2D<\/strong> est appliqu\u00e9 en finition d&rsquo;impression pour mettre en valeur les d\u00e9tails du design par la brillance, en utilisant 100% de noir pour cr\u00e9er la silhouette des zones \u00e0 couvrir.<\/span>[\/vc_column_text][\/vc_column][vc_column width=\u00a0\u00bb1\/6&Prime;][\/vc_column][\/vc_row][vc_row css_animation=\u00a0\u00bb\u00a0\u00bb row_type=\u00a0\u00bbrow\u00a0\u00bb use_row_as_full_screen_section=\u00a0\u00bbno\u00a0\u00bb type=\u00a0\u00bbfull_width\u00a0\u00bb angled_section=\u00a0\u00bbno\u00a0\u00bb text_align=\u00a0\u00bbleft\u00a0\u00bb background_image_as_pattern=\u00a0\u00bbwithout_pattern\u00a0\u00bb][vc_column width=\u00a0\u00bb1\/6&Prime;][\/vc_column][vc_column width=\u00a0\u00bb2\/6&Prime;][vc_empty_space height=\u00a0\u00bb32 px\u00a0\u00bb][vc_single_image image=\u00a0\u00bb5982&Prime; img_size=\u00a0\u00bb900&#215;600&Prime; qode_css_animation=\u00a0\u00bb\u00a0\u00bb][vc_empty_space height=\u00a0\u00bb32 px\u00a0\u00bb][\/vc_column][vc_column width=\u00a0\u00bb2\/6&Prime;][vc_empty_space height=\u00a0\u00bb32 px\u00a0\u00bb][vc_single_image image=\u00a0\u00bb5978&Prime; img_size=\u00a0\u00bb900&#215;600&Prime; qode_css_animation=\u00a0\u00bb\u00a0\u00bb][vc_empty_space height=\u00a0\u00bb32 px\u00a0\u00bb][\/vc_column][vc_column width=\u00a0\u00bb1\/6&Prime;][\/vc_column][\/vc_row][vc_row css_animation=\u00a0\u00bb\u00a0\u00bb row_type=\u00a0\u00bbrow\u00a0\u00bb use_row_as_full_screen_section=\u00a0\u00bbno\u00a0\u00bb type=\u00a0\u00bbfull_width\u00a0\u00bb angled_section=\u00a0\u00bbno\u00a0\u00bb text_align=\u00a0\u00bbleft\u00a0\u00bb background_image_as_pattern=\u00a0\u00bbwithout_pattern\u00a0\u00bb][vc_column width=\u00a0\u00bb1\/6&Prime;][\/vc_column][vc_column width=\u00a0\u00bb2\/3&Prime;][vc_column_text]<span style=\"color: #303030;\">Le <strong>vernis 3D s\u00e9lectif<\/strong> cr\u00e9e une texture avec du relief qui donne du volume et de la profondeur aux images. Il est \u00e9galement utilis\u00e9 pour mettre en \u00e9vidence du texte ou des motifs. Pour ce faire, on utilise une couche de noir d\u00e9grad\u00e9 : plus le pourcentage de noir est \u00e9lev\u00e9, plus le relief est important, avec un maximum de 100% et un minimum de 10%.<\/span>[\/vc_column_text][\/vc_column][vc_column width=\u00a0\u00bb1\/6&Prime;][\/vc_column][\/vc_row][vc_row css_animation=\u00a0\u00bb\u00a0\u00bb row_type=\u00a0\u00bbrow\u00a0\u00bb use_row_as_full_screen_section=\u00a0\u00bbno\u00a0\u00bb type=\u00a0\u00bbfull_width\u00a0\u00bb angled_section=\u00a0\u00bbno\u00a0\u00bb text_align=\u00a0\u00bbleft\u00a0\u00bb background_image_as_pattern=\u00a0\u00bbwithout_pattern\u00a0\u00bb][vc_column width=\u00a0\u00bb1\/6&Prime;][\/vc_column][vc_column width=\u00a0\u00bb2\/6&Prime;][vc_empty_space height=\u00a0\u00bb32 px\u00a0\u00bb][vc_single_image image=\u00a0\u00bb5986&Prime; img_size=\u00a0\u00bb900&#215;600&Prime; qode_css_animation=\u00a0\u00bb\u00a0\u00bb][vc_empty_space height=\u00a0\u00bb32 px\u00a0\u00bb][\/vc_column][vc_column width=\u00a0\u00bb2\/6&Prime;][vc_empty_space height=\u00a0\u00bb32 px\u00a0\u00bb][vc_single_image image=\u00a0\u00bb5994&Prime; img_size=\u00a0\u00bb900&#215;600&Prime; qode_css_animation=\u00a0\u00bb\u00a0\u00bb][vc_empty_space height=\u00a0\u00bb32 px\u00a0\u00bb][\/vc_column][vc_column width=\u00a0\u00bb1\/6&Prime;][\/vc_column][\/vc_row][vc_row css_animation=\u00a0\u00bb\u00a0\u00bb row_type=\u00a0\u00bbrow\u00a0\u00bb use_row_as_full_screen_section=\u00a0\u00bbno\u00a0\u00bb type=\u00a0\u00bbfull_width\u00a0\u00bb angled_section=\u00a0\u00bbno\u00a0\u00bb text_align=\u00a0\u00bbleft\u00a0\u00bb background_image_as_pattern=\u00a0\u00bbwithout_pattern\u00a0\u00bb][vc_column width=\u00a0\u00bb1\/6&Prime;][\/vc_column][vc_column width=\u00a0\u00bb2\/3&Prime;][vc_column_text]<span style=\"color: #303030;\">Les deux vernis peuvent \u00eatre combin\u00e9s avec d&rsquo;autres finitions telles que l&rsquo;impression num\u00e9rique pour diff\u00e9rencier les \u00e9l\u00e9ments les plus remarquables de la marque et obtenir une connotation associ\u00e9e au luxe. Ils peuvent \u00e9galement \u00eatre combin\u00e9s dans la m\u00eame pi\u00e8ce avec les encres sp\u00e9ciales ou la matrice laser, selon les besoins de chaque conception.<\/span><\/p>\n<p><span style=\"color: #303030;\">Le vernis num\u00e9rique est non seulement utilis\u00e9 pour mettre en valeur les zones \u00e0 forte luminosit\u00e9 et\/ou relief, mais sert \u00e9galement de ressource pour cr\u00e9er des <strong>effets de filigrane<\/strong>.<\/span>[\/vc_column_text][vc_empty_space height=\u00a0\u00bb32 px\u00a0\u00bb][\/vc_column][vc_column width=\u00a0\u00bb1\/6&Prime;][\/vc_column][\/vc_row][vc_row css_animation=\u00a0\u00bb\u00a0\u00bb row_type=\u00a0\u00bbrow\u00a0\u00bb use_row_as_full_screen_section=\u00a0\u00bbno\u00a0\u00bb type=\u00a0\u00bbfull_width\u00a0\u00bb angled_section=\u00a0\u00bbno\u00a0\u00bb text_align=\u00a0\u00bbleft\u00a0\u00bb background_image_as_pattern=\u00a0\u00bbwithout_pattern\u00a0\u00bb][vc_column width=\u00a0\u00bb1\/6&Prime;][\/vc_column][vc_column width=\u00a0\u00bb2\/3&Prime;][vc_column_text]<\/p>\n<h3><strong>Sp\u00e9cifications<\/strong><\/h3>\n<p>[\/vc_column_text][vc_empty_space height=\u00a0\u00bb32 px\u00a0\u00bb][vc_column_text]<span style=\"color: #303030;\">La maquette finale est livr\u00e9e en format pdf avec une r\u00e9solution minimale de 300 dpi et en taille r\u00e9elle. Le pdf doit contenir une page avec le design graphique, et une autre avec les zones s\u00e9lectionn\u00e9es pour appliquer le vernis num\u00e9rique, en soulignant la zone et en nommant cette couche comme \u00ab\u00a0Vernis\u00a0\u00bb pour l&rsquo;identifier correctement. Une marge d&rsquo;au moins 3 mm doit \u00eatre respect\u00e9e par rapport au bord de coupe et aux plis sans application de vernis. N&rsquo;oubliez pas de signaler les directives de coupe.<\/span><\/p>\n<p><span style=\"color: #303030;\">Il est conseill\u00e9 d&rsquo;utiliser les marques d&rsquo;enregistrement pour s&rsquo;assurer qu&rsquo;elles correspondent exactement aux zones du dessin ou mod\u00e8le que vous souhaitez recouvrir de la couche de vernis. Pour une meilleure finition, il est recommand\u00e9 d&rsquo;appliquer sur des surfaces fonc\u00e9es. Il est obligatoire d&rsquo;appliquer une plastification mate sur les pi\u00e8ces avec une finition de vernis num\u00e9rique. En outre, il faut \u00e9viter d&rsquo;appliquer le vernis dans les plis ou les crevasses, sinon il pourrait se d\u00e9coller en raison de la pression exerc\u00e9e.<\/span><\/p>\n<p><span style=\"color: #303030;\">Pour l&rsquo;application en typographies ou en lignes, il faut tenir compte du fait que la ligne doit avoir un minimum de 0,5 mm en 3D et de 0,25 mm en 2D ; et en ajour\u00e9 1 mm en 3D et 0,5 mm en 2D.<\/span>[\/vc_column_text][vc_empty_space height=\u00a0\u00bb32 px\u00a0\u00bb][vc_column_text]<\/p>\n<h3><strong>Remarques<\/strong><\/h3>\n<p>[\/vc_column_text][vc_empty_space height=\u00a0\u00bb32 px\u00a0\u00bb][vc_column_text]<span style=\"color: #303030;\">Le vernis num\u00e9rique peut \u00eatre appliqu\u00e9 sur un nombre infini de pi\u00e8ces telles que des emballages, des cartes de visite, des cartes de v\u0153ux, des triptyques, des catalogues commerciaux ou des couvertures de livres. Normalement, cette finition est utilis\u00e9e dans les \u00e9l\u00e9ments de communication et d&#8217;emballage concernant les bijoux, les antiquit\u00e9s, les articles de luxe, les produits de beaut\u00e9, les boissons d&rsquo;une certaine valeur, les galeries d&rsquo;art, les studios d&rsquo;architecture et de design, etc. Cependant, il est applicable \u00e0 tout produit que vous souhaitez mettre en valeur.<\/span>[\/vc_column_text][\/vc_column][vc_column width=\u00a0\u00bb1\/6&Prime;][\/vc_column][\/vc_row][vc_row css_animation=\u00a0\u00bb\u00a0\u00bb row_type=\u00a0\u00bbrow\u00a0\u00bb use_row_as_full_screen_section=\u00a0\u00bbno\u00a0\u00bb type=\u00a0\u00bbfull_width\u00a0\u00bb angled_section=\u00a0\u00bbno\u00a0\u00bb text_align=\u00a0\u00bbleft\u00a0\u00bb background_image_as_pattern=\u00a0\u00bbwithout_pattern\u00a0\u00bb][vc_column][vc_empty_space height=\u00a0\u00bb70px\u00a0\u00bb][vc_column_text]<\/p>\n<h2 style=\"text-align: center;\"><span style=\"color: #cc0033;\">Votre devis en 2 heures<\/span><\/h2>\n<p>[\/vc_column_text][vc_empty_space][\/vc_column][\/vc_row][vc_row css_animation=\u00a0\u00bb\u00a0\u00bb row_type=\u00a0\u00bbrow\u00a0\u00bb use_row_as_full_screen_section=\u00a0\u00bbno\u00a0\u00bb type=\u00a0\u00bbfull_width\u00a0\u00bb angled_section=\u00a0\u00bbno\u00a0\u00bb text_align=\u00a0\u00bbcenter\u00a0\u00bb background_image_as_pattern=\u00a0\u00bbwithout_pattern\u00a0\u00bb][vc_column width=\u00a0\u00bb1\/4&Prime;][\/vc_column][vc_column width=\u00a0\u00bb1\/4&Prime;][vc_empty_space height=\u00a0\u00bb20px\u00a0\u00bb]<a  itemprop=\"url\" href=\"http:\/\/nexeimpressions.com\/fr\/demandez-un-devis\/\" target=\"_self\" data-hover-background-color=\"#cc0033\" data-hover-border-color=\"#cc0033\" data-hover-color=\"#ffffff\" class=\"qbutton  medium center default\" style=\"color: #cc0033; border-color: #cc0033; font-style: normal; font-weight: 800; margin: 0px 0px 0px 0px; background-color:#ffffff;\">DEMANDEZ VOTRE DEVIS<\/a>[\/vc_column][vc_column width=\u00a0\u00bb1\/4&Prime;][vc_empty_space height=\u00a0\u00bb20px\u00a0\u00bb]<a  itemprop=\"url\" href=\"mailto:info@nexeimpressions.com\" target=\"_self\" data-hover-background-color=\"#ffffff\" data-hover-border-color=\"#cc0033\" data-hover-color=\"#cc0033\" class=\"qbutton  medium center default\" style=\"color: #ffffff; border-color: #cc0033; font-style: normal; font-weight: 800; margin: 0px 0px 0px 0px; background-color:#cc0033;\">info@nexeimpressions.com<\/a>[\/vc_column][vc_column width=\u00a0\u00bb1\/4&Prime;][\/vc_column][\/vc_row][vc_row css_animation=\u00a0\u00bb\u00a0\u00bb row_type=\u00a0\u00bbrow\u00a0\u00bb use_row_as_full_screen_section=\u00a0\u00bbno\u00a0\u00bb type=\u00a0\u00bbfull_width\u00a0\u00bb angled_section=\u00a0\u00bbno\u00a0\u00bb text_align=\u00a0\u00bbcenter\u00a0\u00bb background_image_as_pattern=\u00a0\u00bbwithout_pattern\u00a0\u00bb][vc_column][vc_empty_space height=\u00a0\u00bb70px\u00a0\u00bb][\/vc_column][\/vc_row]<\/p>\n<\/div>","protected":false},"excerpt":{"rendered":"<p>[vc_row css_animation=\u00a0\u00bb\u00a0\u00bb row_type=\u00a0\u00bbrow\u00a0\u00bb use_row_as_full_screen_section=\u00a0\u00bbno\u00a0\u00bb type=\u00a0\u00bbfull_width\u00a0\u00bb angled_section=\u00a0\u00bbno\u00a0\u00bb text_align=\u00a0\u00bbleft\u00a0\u00bb background_image_as_pattern=\u00a0\u00bbwithout_pattern\u00a0\u00bb][vc_column width=\u00a0\u00bb1\/6&Prime;][\/vc_column][vc_column width=\u00a0\u00bb2\/3&Prime;][vc_empty_space][vc_column_text]\u2190 FINITIONS NUM\u00c9RIQUES[\/vc_column_text][vc_empty_space][\/vc_column][vc_column width=\u00a0\u00bb1\/6&Prime;][\/vc_column][\/vc_row][vc_row css_animation=\u00a0\u00bb\u00a0\u00bb row_type=\u00a0\u00bbrow\u00a0\u00bb use_row_as_full_screen_section=\u00a0\u00bbno\u00a0\u00bb type=\u00a0\u00bbfull_width\u00a0\u00bb angled_section=\u00a0\u00bbno\u00a0\u00bb text_align=\u00a0\u00bbleft\u00a0\u00bb background_image_as_pattern=\u00a0\u00bbwithout_pattern\u00a0\u00bb][vc_column width=\u00a0\u00bb1\/6&Prime;][\/vc_column][vc_column width=\u00a0\u00bb2\/3&Prime;][vc_single_image image=\u00a0\u00bb5990&Prime; img_size=\u00a0\u00bb900&#215;600&Prime; qode_css_animation=\u00a0\u00bb\u00a0\u00bb][vc_empty_space height=\u00a0\u00bb50px\u00a0\u00bb][\/vc_column][vc_column width=\u00a0\u00bb1\/6&Prime;][\/vc_column][\/vc_row][vc_row css_animation=\u00a0\u00bb\u00a0\u00bb row_type=\u00a0\u00bbrow\u00a0\u00bb use_row_as_full_screen_section=\u00a0\u00bbno\u00a0\u00bb type=\u00a0\u00bbfull_width\u00a0\u00bb angled_section=\u00a0\u00bbno\u00a0\u00bb text_align=\u00a0\u00bbleft\u00a0\u00bb background_image_as_pattern=\u00a0\u00bbwithout_pattern\u00a0\u00bb][vc_column width=\u00a0\u00bb1\/6&Prime;][\/vc_column][vc_column width=\u00a0\u00bb2\/3&Prime;][vc_empty_space height=\u00a0\u00bb32 px\u00a0\u00bb][vc_column_text] Avantages [\/vc_column_text][vc_empty_space height=\u00a0\u00bb32 px\u00a0\u00bb][vc_column_text]Le vernis s\u00e9lectif 2D&#8230;<\/p>\n","protected":false},"author":1,"featured_media":0,"parent":0,"menu_order":202,"comment_status":"closed","ping_status":"closed","template":"","meta":{"footnotes":""},"class_list":["post-5887","page","type-page","status-publish","hentry"],"yoast_head":"<!-- This site is optimized with the Yoast SEO plugin v25.0 - https:\/\/yoast.com\/wordpress\/plugins\/seo\/ -->\n<title>Vernis num\u00e9rique 2D et 3D &#8211; Nexe Impressions<\/title>\n<meta name=\"description\" content=\"Le vernis s\u00e9lectif 2D et 3D peut \u00eatre appliqu\u00e9 sur pratiquement tout type de support, qu&#039;il soit en papier ou synth\u00e9tique, cr\u00e9ant des effets tr\u00e8s frappants.\" \/>\n<meta name=\"robots\" content=\"index, follow, max-snippet:-1, max-image-preview:large, max-video-preview:-1\" \/>\n<link rel=\"canonical\" href=\"https:\/\/nexeimpressions.com\/fr\/vernis-numerique-2d-et-3d\/\" \/>\n<meta property=\"og:locale\" content=\"fr_FR\" \/>\n<meta property=\"og:type\" content=\"article\" \/>\n<meta property=\"og:title\" content=\"Vernis num\u00e9rique 2D et 3D &#8211; Nexe Impressions\" \/>\n<meta property=\"og:description\" content=\"Le vernis s\u00e9lectif 2D et 3D peut \u00eatre appliqu\u00e9 sur pratiquement tout type de support, qu&#039;il soit en papier ou synth\u00e9tique, cr\u00e9ant des effets tr\u00e8s frappants.\" \/>\n<meta property=\"og:url\" content=\"https:\/\/nexeimpressions.com\/fr\/vernis-numerique-2d-et-3d\/\" \/>\n<meta property=\"og:site_name\" content=\"Nexe Impressions\" \/>\n<meta property=\"article:publisher\" content=\"https:\/\/www.facebook.com\/nexeimpressions\" \/>\n<meta property=\"article:modified_time\" content=\"2025-11-06T14:50:00+00:00\" \/>\n<meta name=\"twitter:card\" content=\"summary_large_image\" \/>\n<meta name=\"twitter:label1\" content=\"Dur\u00e9e de lecture estim\u00e9e\" \/>\n\t<meta name=\"twitter:data1\" content=\"5 minutes\" \/>\n<script type=\"application\/ld+json\" class=\"yoast-schema-graph\">{\"@context\":\"https:\/\/schema.org\",\"@graph\":[{\"@type\":\"WebPage\",\"@id\":\"https:\/\/nexeimpressions.com\/fr\/vernis-numerique-2d-et-3d\/\",\"url\":\"https:\/\/nexeimpressions.com\/fr\/vernis-numerique-2d-et-3d\/\",\"name\":\"Vernis num\u00e9rique 2D et 3D &#8211; Nexe Impressions\",\"isPartOf\":{\"@id\":\"https:\/\/nexeimpressions.com\/fr\/#website\"},\"datePublished\":\"2019-12-04T11:53:23+00:00\",\"dateModified\":\"2025-11-06T14:50:00+00:00\",\"description\":\"Le vernis s\u00e9lectif 2D et 3D peut \u00eatre appliqu\u00e9 sur pratiquement tout type de support, qu'il soit en papier ou synth\u00e9tique, cr\u00e9ant des effets tr\u00e8s frappants.\",\"breadcrumb\":{\"@id\":\"https:\/\/nexeimpressions.com\/fr\/vernis-numerique-2d-et-3d\/#breadcrumb\"},\"inLanguage\":\"fr-FR\",\"potentialAction\":[{\"@type\":\"ReadAction\",\"target\":[\"https:\/\/nexeimpressions.com\/fr\/vernis-numerique-2d-et-3d\/\"]}]},{\"@type\":\"BreadcrumbList\",\"@id\":\"https:\/\/nexeimpressions.com\/fr\/vernis-numerique-2d-et-3d\/#breadcrumb\",\"itemListElement\":[{\"@type\":\"ListItem\",\"position\":1,\"name\":\"Home\",\"item\":\"https:\/\/nexeimpressions.com\/fr\/\"},{\"@type\":\"ListItem\",\"position\":2,\"name\":\"Vernis num\u00e9rique 2D et 3D\"}]},{\"@type\":\"WebSite\",\"@id\":\"https:\/\/nexeimpressions.com\/fr\/#website\",\"url\":\"https:\/\/nexeimpressions.com\/fr\/\",\"name\":\"Nexe Impressions\",\"description\":\"Print worthy\",\"potentialAction\":[{\"@type\":\"SearchAction\",\"target\":{\"@type\":\"EntryPoint\",\"urlTemplate\":\"https:\/\/nexeimpressions.com\/fr\/?s={search_term_string}\"},\"query-input\":{\"@type\":\"PropertyValueSpecification\",\"valueRequired\":true,\"valueName\":\"search_term_string\"}}],\"inLanguage\":\"fr-FR\"}]}<\/script>\n<!-- \/ Yoast SEO plugin. -->","yoast_head_json":{"title":"Vernis num\u00e9rique 2D et 3D &#8211; Nexe Impressions","description":"Le vernis s\u00e9lectif 2D et 3D peut \u00eatre appliqu\u00e9 sur pratiquement tout type de support, qu'il soit en papier ou synth\u00e9tique, cr\u00e9ant des effets tr\u00e8s frappants.","robots":{"index":"index","follow":"follow","max-snippet":"max-snippet:-1","max-image-preview":"max-image-preview:large","max-video-preview":"max-video-preview:-1"},"canonical":"https:\/\/nexeimpressions.com\/fr\/vernis-numerique-2d-et-3d\/","og_locale":"fr_FR","og_type":"article","og_title":"Vernis num\u00e9rique 2D et 3D &#8211; Nexe Impressions","og_description":"Le vernis s\u00e9lectif 2D et 3D peut \u00eatre appliqu\u00e9 sur pratiquement tout type de support, qu'il soit en papier ou synth\u00e9tique, cr\u00e9ant des effets tr\u00e8s frappants.","og_url":"https:\/\/nexeimpressions.com\/fr\/vernis-numerique-2d-et-3d\/","og_site_name":"Nexe Impressions","article_publisher":"https:\/\/www.facebook.com\/nexeimpressions","article_modified_time":"2025-11-06T14:50:00+00:00","twitter_card":"summary_large_image","twitter_misc":{"Dur\u00e9e de lecture estim\u00e9e":"5 minutes"},"schema":{"@context":"https:\/\/schema.org","@graph":[{"@type":"WebPage","@id":"https:\/\/nexeimpressions.com\/fr\/vernis-numerique-2d-et-3d\/","url":"https:\/\/nexeimpressions.com\/fr\/vernis-numerique-2d-et-3d\/","name":"Vernis num\u00e9rique 2D et 3D &#8211; Nexe Impressions","isPartOf":{"@id":"https:\/\/nexeimpressions.com\/fr\/#website"},"datePublished":"2019-12-04T11:53:23+00:00","dateModified":"2025-11-06T14:50:00+00:00","description":"Le vernis s\u00e9lectif 2D et 3D peut \u00eatre appliqu\u00e9 sur pratiquement tout type de support, qu'il soit en papier ou synth\u00e9tique, cr\u00e9ant des effets tr\u00e8s frappants.","breadcrumb":{"@id":"https:\/\/nexeimpressions.com\/fr\/vernis-numerique-2d-et-3d\/#breadcrumb"},"inLanguage":"fr-FR","potentialAction":[{"@type":"ReadAction","target":["https:\/\/nexeimpressions.com\/fr\/vernis-numerique-2d-et-3d\/"]}]},{"@type":"BreadcrumbList","@id":"https:\/\/nexeimpressions.com\/fr\/vernis-numerique-2d-et-3d\/#breadcrumb","itemListElement":[{"@type":"ListItem","position":1,"name":"Home","item":"https:\/\/nexeimpressions.com\/fr\/"},{"@type":"ListItem","position":2,"name":"Vernis num\u00e9rique 2D et 3D"}]},{"@type":"WebSite","@id":"https:\/\/nexeimpressions.com\/fr\/#website","url":"https:\/\/nexeimpressions.com\/fr\/","name":"Nexe Impressions","description":"Print worthy","potentialAction":[{"@type":"SearchAction","target":{"@type":"EntryPoint","urlTemplate":"https:\/\/nexeimpressions.com\/fr\/?s={search_term_string}"},"query-input":{"@type":"PropertyValueSpecification","valueRequired":true,"valueName":"search_term_string"}}],"inLanguage":"fr-FR"}]}},"_links":{"self":[{"href":"https:\/\/nexeimpressions.com\/fr\/wp-json\/wp\/v2\/pages\/5887","targetHints":{"allow":["GET"]}}],"collection":[{"href":"https:\/\/nexeimpressions.com\/fr\/wp-json\/wp\/v2\/pages"}],"about":[{"href":"https:\/\/nexeimpressions.com\/fr\/wp-json\/wp\/v2\/types\/page"}],"author":[{"embeddable":true,"href":"https:\/\/nexeimpressions.com\/fr\/wp-json\/wp\/v2\/users\/1"}],"replies":[{"embeddable":true,"href":"https:\/\/nexeimpressions.com\/fr\/wp-json\/wp\/v2\/comments?post=5887"}],"version-history":[{"count":2,"href":"https:\/\/nexeimpressions.com\/fr\/wp-json\/wp\/v2\/pages\/5887\/revisions"}],"predecessor-version":[{"id":25354,"href":"https:\/\/nexeimpressions.com\/fr\/wp-json\/wp\/v2\/pages\/5887\/revisions\/25354"}],"wp:attachment":[{"href":"https:\/\/nexeimpressions.com\/fr\/wp-json\/wp\/v2\/media?parent=5887"}],"curies":[{"name":"wp","href":"https:\/\/api.w.org\/{rel}","templated":true}]}}