 {"id":5900,"date":"2019-12-04T11:59:24","date_gmt":"2019-12-04T11:59:24","guid":{"rendered":"http:\/\/www.nexeimpressions.com\/troquel-laser\/"},"modified":"2025-11-06T16:55:20","modified_gmt":"2025-11-06T14:55:20","slug":"decoupe-laser","status":"publish","type":"page","link":"https:\/\/nexeimpressions.com\/fr\/decoupe-laser\/","title":{"rendered":"D\u00e9coupe laser"},"content":{"rendered":"<div class=\"wpb-content-wrapper\"><p>[vc_row css_animation=\u00a0\u00bb\u00a0\u00bb row_type=\u00a0\u00bbrow\u00a0\u00bb use_row_as_full_screen_section=\u00a0\u00bbno\u00a0\u00bb type=\u00a0\u00bbfull_width\u00a0\u00bb angled_section=\u00a0\u00bbno\u00a0\u00bb text_align=\u00a0\u00bbleft\u00a0\u00bb background_image_as_pattern=\u00a0\u00bbwithout_pattern\u00a0\u00bb][vc_column width=\u00a0\u00bb1\/6&Prime;][\/vc_column][vc_column width=\u00a0\u00bb2\/3&Prime;][vc_empty_space][vc_column_text]<strong><a tabindex=\"0\" href=\"\/?page_id=5862\"><span class=\"back-arrow\">\u2190 <\/span>FINITIONS NUM\u00c9RIQUES<\/a><\/strong>[\/vc_column_text][vc_empty_space][\/vc_column][vc_column width=\u00a0\u00bb1\/6&Prime;][\/vc_column][\/vc_row][vc_row css_animation=\u00a0\u00bb\u00a0\u00bb row_type=\u00a0\u00bbrow\u00a0\u00bb use_row_as_full_screen_section=\u00a0\u00bbno\u00a0\u00bb type=\u00a0\u00bbfull_width\u00a0\u00bb angled_section=\u00a0\u00bbno\u00a0\u00bb text_align=\u00a0\u00bbleft\u00a0\u00bb background_image_as_pattern=\u00a0\u00bbwithout_pattern\u00a0\u00bb][vc_column width=\u00a0\u00bb1\/6&Prime;][\/vc_column][vc_column width=\u00a0\u00bb2\/3&Prime;][vc_single_image image=\u00a0\u00bb8829&Prime; img_size=\u00a0\u00bbfull\u00a0\u00bb qode_css_animation=\u00a0\u00bb\u00a0\u00bb][vc_empty_space height=\u00a0\u00bb50px\u00a0\u00bb][\/vc_column][vc_column width=\u00a0\u00bb1\/6&Prime;][\/vc_column][\/vc_row][vc_row css_animation=\u00a0\u00bb\u00a0\u00bb row_type=\u00a0\u00bbrow\u00a0\u00bb use_row_as_full_screen_section=\u00a0\u00bbno\u00a0\u00bb type=\u00a0\u00bbfull_width\u00a0\u00bb angled_section=\u00a0\u00bbno\u00a0\u00bb text_align=\u00a0\u00bbleft\u00a0\u00bb background_image_as_pattern=\u00a0\u00bbwithout_pattern\u00a0\u00bb][vc_column width=\u00a0\u00bb1\/6&Prime;][\/vc_column][vc_column width=\u00a0\u00bb2\/3&Prime;][vc_column_text]<\/p>\n<h3><strong>Avantages<\/strong><\/h3>\n<p>[\/vc_column_text][vc_empty_space height=\u00a0\u00bb32 px\u00a0\u00bb][vc_column_text]<span style=\"color: #303030;\">La d\u00e9coupe laser permet de r\u00e9aliser des pi\u00e8ces de formes tr\u00e8s complexes avec d\u00e9coupe \u00e0 l&rsquo;int\u00e9rieur et \u00e0 l&rsquo;ext\u00e9rieur d&rsquo;un \u00e9l\u00e9ment. Il s&rsquo;agit d&rsquo;une possibilit\u00e9 de d\u00e9coupe presque sans limites, qui se distingue par son haut niveau de pr\u00e9cision, de d\u00e9tail et de qualit\u00e9, au-del\u00e0 des barri\u00e8res impos\u00e9es par la matrice conventionnelle.<\/span>[\/vc_column_text][vc_empty_space height=\u00a0\u00bb20 px\u00a0\u00bb][vc_column_text]<span style=\"color: #303030;\">Il existe deux types de massicot\u00e9e laser, en fonction du nombre de coupes:<\/span>[\/vc_column_text][vc_empty_space height=\u00a0\u00bb20 px\u00a0\u00bb][vc_column_text]<span style=\"color: #303030;\">La <strong>d\u00e9coupe laser HD<\/strong> permet de poin\u00e7onner jusqu&rsquo;\u00e0 50 formes \u00e0 l&rsquo;int\u00e9rieur d&rsquo;une pi\u00e8ce. A partir de 50 coupes, la <strong>d\u00e9coupe laser<\/strong><strong>\u00a0Ultra HD<\/strong> est utilis\u00e9e pour des conceptions tr\u00e8s complexes.<\/span>[\/vc_column_text][vc_empty_space height=\u00a0\u00bb20 px\u00a0\u00bb][vc_column_text]<span style=\"color: #303030;\">Cette finition rehausse la pr\u00e9sentation de tout \u00e9l\u00e9ment gr\u00e2ce \u00e0 son r\u00e9sultat spectaculaire.<\/span>[\/vc_column_text][\/vc_column][vc_column width=\u00a0\u00bb1\/6&Prime;][\/vc_column][\/vc_row][vc_row css_animation=\u00a0\u00bb\u00a0\u00bb row_type=\u00a0\u00bbrow\u00a0\u00bb use_row_as_full_screen_section=\u00a0\u00bbno\u00a0\u00bb type=\u00a0\u00bbfull_width\u00a0\u00bb angled_section=\u00a0\u00bbno\u00a0\u00bb text_align=\u00a0\u00bbleft\u00a0\u00bb background_image_as_pattern=\u00a0\u00bbwithout_pattern\u00a0\u00bb][vc_column width=\u00a0\u00bb1\/6&Prime;][\/vc_column][vc_column width=\u00a0\u00bb2\/6&Prime;][vc_empty_space height=\u00a0\u00bb32 px\u00a0\u00bb][vc_single_image image=\u00a0\u00bb6130&Prime; img_size=\u00a0\u00bb900&#215;600&Prime; qode_css_animation=\u00a0\u00bb\u00a0\u00bb][vc_empty_space height=\u00a0\u00bb32 px\u00a0\u00bb][\/vc_column][vc_column width=\u00a0\u00bb2\/6&Prime;][vc_empty_space height=\u00a0\u00bb32 px\u00a0\u00bb][vc_single_image image=\u00a0\u00bb6134&Prime; img_size=\u00a0\u00bb900&#215;600&Prime; qode_css_animation=\u00a0\u00bb\u00a0\u00bb][vc_empty_space height=\u00a0\u00bb32 px\u00a0\u00bb][\/vc_column][vc_column width=\u00a0\u00bb1\/6&Prime;][\/vc_column][\/vc_row][vc_row css_animation=\u00a0\u00bb\u00a0\u00bb row_type=\u00a0\u00bbrow\u00a0\u00bb use_row_as_full_screen_section=\u00a0\u00bbno\u00a0\u00bb type=\u00a0\u00bbfull_width\u00a0\u00bb angled_section=\u00a0\u00bbno\u00a0\u00bb text_align=\u00a0\u00bbleft\u00a0\u00bb background_image_as_pattern=\u00a0\u00bbwithout_pattern\u00a0\u00bb][vc_column width=\u00a0\u00bb1\/6&Prime;][\/vc_column][vc_column width=\u00a0\u00bb2\/6&Prime;][vc_single_image image=\u00a0\u00bb6138&Prime; img_size=\u00a0\u00bb900&#215;600&Prime; qode_css_animation=\u00a0\u00bb\u00a0\u00bb][vc_empty_space height=\u00a0\u00bb32 px\u00a0\u00bb][\/vc_column][vc_column width=\u00a0\u00bb2\/6&Prime;][vc_single_image image=\u00a0\u00bb6142&Prime; img_size=\u00a0\u00bb900&#215;600&Prime; qode_css_animation=\u00a0\u00bb\u00a0\u00bb][vc_empty_space height=\u00a0\u00bb32 px\u00a0\u00bb][\/vc_column][vc_column width=\u00a0\u00bb1\/6&Prime;][\/vc_column][\/vc_row][vc_row css_animation=\u00a0\u00bb\u00a0\u00bb row_type=\u00a0\u00bbrow\u00a0\u00bb use_row_as_full_screen_section=\u00a0\u00bbno\u00a0\u00bb type=\u00a0\u00bbfull_width\u00a0\u00bb angled_section=\u00a0\u00bbno\u00a0\u00bb text_align=\u00a0\u00bbleft\u00a0\u00bb background_image_as_pattern=\u00a0\u00bbwithout_pattern\u00a0\u00bb][vc_column width=\u00a0\u00bb1\/6&Prime;][\/vc_column][vc_column width=\u00a0\u00bb2\/3&Prime;][vc_column_text]<span style=\"color: #303030;\">De plus, il peut \u00eatre combin\u00e9 avec d&rsquo;autres types de finitions pour obtenir une connotation associ\u00e9e au luxe, par exemple, en utilisant l&rsquo;impression num\u00e9rique ou en association avec un vernis num\u00e9rique.<\/span>[\/vc_column_text][vc_empty_space height=\u00a0\u00bb32 px\u00a0\u00bb][\/vc_column][vc_column width=\u00a0\u00bb1\/6&Prime;][\/vc_column][\/vc_row][vc_row css_animation=\u00a0\u00bb\u00a0\u00bb row_type=\u00a0\u00bbrow\u00a0\u00bb use_row_as_full_screen_section=\u00a0\u00bbno\u00a0\u00bb type=\u00a0\u00bbfull_width\u00a0\u00bb angled_section=\u00a0\u00bbno\u00a0\u00bb text_align=\u00a0\u00bbleft\u00a0\u00bb background_image_as_pattern=\u00a0\u00bbwithout_pattern\u00a0\u00bb][vc_column width=\u00a0\u00bb1\/6&Prime;][\/vc_column][vc_column width=\u00a0\u00bb2\/3&Prime;][vc_single_image image=\u00a0\u00bb6150&Prime; img_size=\u00a0\u00bb900&#215;600&Prime; alignment=\u00a0\u00bbcenter\u00a0\u00bb qode_css_animation=\u00a0\u00bb\u00a0\u00bb][vc_empty_space height=\u00a0\u00bb32 px\u00a0\u00bb][\/vc_column][vc_column width=\u00a0\u00bb1\/6&Prime;][\/vc_column][\/vc_row][vc_row css_animation=\u00a0\u00bb\u00a0\u00bb row_type=\u00a0\u00bbrow\u00a0\u00bb use_row_as_full_screen_section=\u00a0\u00bbno\u00a0\u00bb type=\u00a0\u00bbfull_width\u00a0\u00bb angled_section=\u00a0\u00bbno\u00a0\u00bb text_align=\u00a0\u00bbleft\u00a0\u00bb background_image_as_pattern=\u00a0\u00bbwithout_pattern\u00a0\u00bb][vc_column width=\u00a0\u00bb1\/6&Prime;][\/vc_column][vc_column width=\u00a0\u00bb2\/3&Prime;][vc_column_text]<\/p>\n<h3><strong>Sp\u00e9cifications<\/strong><\/h3>\n<p>[\/vc_column_text][vc_empty_space height=\u00a0\u00bb32 px\u00a0\u00bb][vc_column_text]<span style=\"color: #303030;\">La maquette finale est livr\u00e9e en format pdf avec une r\u00e9solution minimale de 300 dpi et \u00e0 la taille r\u00e9elle. Le pdf doit contenir une page avec le dessin, et une autre avec la zone de coupe et de pliage de la bo\u00eete vectoris\u00e9e, en les diff\u00e9renciant avec deux couleurs.<\/span>[\/vc_column_text][vc_empty_space height=\u00a0\u00bb20 px\u00a0\u00bb][vc_column_text]<span style=\"color: #303030;\">N&rsquo;oubliez pas d&rsquo;ajouter les directives de coupe et de laisser un saignement d&rsquo;au moins 3 mm sur le p\u00e9rim\u00e8tre. Dans le cas de lignes de pliage, il est \u00e9galement recommand\u00e9, dans la mesure du possible, de laisser une marge de 3 mm. \u00c9vitez de placer des \u00e9l\u00e9ments de conception importants tels que du texte ou des images dans les zones de coupe et de rainurage.<\/span>[\/vc_column_text][vc_empty_space height=\u00a0\u00bb20 px\u00a0\u00bb][vc_column_text]<span style=\"color: #303030;\">La d\u00e9coupe laser jaunit les bords du papier. Un papier de couleur ou un support imprim\u00e9 att\u00e9nue tr\u00e8s efficacement cet effet. Pour plus d&rsquo;informations, veuillez consulter ce guide technique.<\/span>[\/vc_column_text][vc_empty_space height=\u00a0\u00bb32 px\u00a0\u00bb][vc_column_text]<\/p>\n<h3><strong>Remarques<\/strong><\/h3>\n<p>[\/vc_column_text][vc_empty_space height=\u00a0\u00bb32 px\u00a0\u00bb][vc_column_text]<\/p>\n<div class=\"grid\">\n<p><span style=\"color: #303030;\">La d\u00e9coupe laser est une ressource largement utilis\u00e9e dans les \u00e9l\u00e9ments de la marque d&rsquo;une entreprise tels que les cartes de visite ou les emballages car elle permet d&rsquo;obtenir un impact \u00e9lev\u00e9 sur la pr\u00e9sentation en captant et en fid\u00e9lisant les consommateurs ou les clients.<\/span><\/div>\n<p>[\/vc_column_text][vc_empty_space height=\u00a0\u00bb20 px\u00a0\u00bb][vc_column_text]<\/p>\n<div class=\"grid\">\n<p><span style=\"color: #303030;\">Ce syst\u00e8me permet de multiples applications dans le monde de l&#8217;emballage &#8211; \u00e9tuis, couvertures, gaines, etc. &#8211; et une grande versatilit\u00e9 pour des designs tr\u00e8s cr\u00e9atifs applicables \u00e0 des pi\u00e8ces telles que cartes de v\u0153ux, invitations de mariage, cartes d&rsquo;\u00e9v\u00e9nements, calendriers, couvertures, brochures marketing, menus de restaurants ou sous-verres cr\u00e9atifs, etc.<\/span><\/div>\n<p>[\/vc_column_text][\/vc_column][vc_column width=\u00a0\u00bb1\/6&Prime;][\/vc_column][\/vc_row][vc_row css_animation=\u00a0\u00bb\u00a0\u00bb row_type=\u00a0\u00bbrow\u00a0\u00bb use_row_as_full_screen_section=\u00a0\u00bbno\u00a0\u00bb type=\u00a0\u00bbfull_width\u00a0\u00bb angled_section=\u00a0\u00bbno\u00a0\u00bb text_align=\u00a0\u00bbleft\u00a0\u00bb background_image_as_pattern=\u00a0\u00bbwithout_pattern\u00a0\u00bb][vc_column][vc_empty_space height=\u00a0\u00bb70px\u00a0\u00bb][vc_column_text]<\/p>\n<h2 style=\"text-align: center;\"><span style=\"color: #cc0033;\">Votre devis en 2 heures<\/span><\/h2>\n<p>[\/vc_column_text][vc_empty_space][\/vc_column][\/vc_row][vc_row css_animation=\u00a0\u00bb\u00a0\u00bb row_type=\u00a0\u00bbrow\u00a0\u00bb use_row_as_full_screen_section=\u00a0\u00bbno\u00a0\u00bb type=\u00a0\u00bbfull_width\u00a0\u00bb angled_section=\u00a0\u00bbno\u00a0\u00bb text_align=\u00a0\u00bbcenter\u00a0\u00bb background_image_as_pattern=\u00a0\u00bbwithout_pattern\u00a0\u00bb][vc_column width=\u00a0\u00bb1\/4&Prime;][\/vc_column][vc_column width=\u00a0\u00bb1\/4&Prime;][vc_empty_space height=\u00a0\u00bb20px\u00a0\u00bb]<a  itemprop=\"url\" href=\"http:\/\/nexeimpressions.com\/fr\/demandez-un-devis\/\" target=\"_self\" data-hover-background-color=\"#cc0033\" data-hover-border-color=\"#cc0033\" data-hover-color=\"#ffffff\" class=\"qbutton  medium center default\" style=\"color: #cc0033; border-color: #cc0033; font-style: normal; font-weight: 800; margin: 0px 0px 0px 0px; background-color:#ffffff;\">DEMANDEZ VOTRE DEVIS<\/a>[\/vc_column][vc_column width=\u00a0\u00bb1\/4&Prime;][vc_empty_space height=\u00a0\u00bb20px\u00a0\u00bb]<a  itemprop=\"url\" href=\"mailto:info@nexeimpressions.com\" target=\"_self\" data-hover-background-color=\"#ffffff\" data-hover-border-color=\"#cc0033\" data-hover-color=\"#cc0033\" class=\"qbutton  medium center default\" style=\"color: #ffffff; border-color: #cc0033; font-style: normal; font-weight: 800; margin: 0px 0px 0px 0px; background-color:#cc0033;\">info@nexeimpressions.com<\/a>[\/vc_column][vc_column width=\u00a0\u00bb1\/4&Prime;][\/vc_column][\/vc_row][vc_row css_animation=\u00a0\u00bb\u00a0\u00bb row_type=\u00a0\u00bbrow\u00a0\u00bb use_row_as_full_screen_section=\u00a0\u00bbno\u00a0\u00bb type=\u00a0\u00bbfull_width\u00a0\u00bb angled_section=\u00a0\u00bbno\u00a0\u00bb text_align=\u00a0\u00bbcenter\u00a0\u00bb background_image_as_pattern=\u00a0\u00bbwithout_pattern\u00a0\u00bb][vc_column][vc_empty_space height=\u00a0\u00bb70px\u00a0\u00bb][\/vc_column][\/vc_row]<\/p>\n<\/div>","protected":false},"excerpt":{"rendered":"<p>[vc_row css_animation=\u00a0\u00bb\u00a0\u00bb row_type=\u00a0\u00bbrow\u00a0\u00bb use_row_as_full_screen_section=\u00a0\u00bbno\u00a0\u00bb type=\u00a0\u00bbfull_width\u00a0\u00bb angled_section=\u00a0\u00bbno\u00a0\u00bb text_align=\u00a0\u00bbleft\u00a0\u00bb background_image_as_pattern=\u00a0\u00bbwithout_pattern\u00a0\u00bb][vc_column width=\u00a0\u00bb1\/6&Prime;][\/vc_column][vc_column width=\u00a0\u00bb2\/3&Prime;][vc_empty_space][vc_column_text]\u2190 FINITIONS NUM\u00c9RIQUES[\/vc_column_text][vc_empty_space][\/vc_column][vc_column width=\u00a0\u00bb1\/6&Prime;][\/vc_column][\/vc_row][vc_row css_animation=\u00a0\u00bb\u00a0\u00bb row_type=\u00a0\u00bbrow\u00a0\u00bb use_row_as_full_screen_section=\u00a0\u00bbno\u00a0\u00bb type=\u00a0\u00bbfull_width\u00a0\u00bb angled_section=\u00a0\u00bbno\u00a0\u00bb text_align=\u00a0\u00bbleft\u00a0\u00bb background_image_as_pattern=\u00a0\u00bbwithout_pattern\u00a0\u00bb][vc_column width=\u00a0\u00bb1\/6&Prime;][\/vc_column][vc_column width=\u00a0\u00bb2\/3&Prime;][vc_single_image image=\u00a0\u00bb8829&Prime; img_size=\u00a0\u00bbfull\u00a0\u00bb qode_css_animation=\u00a0\u00bb\u00a0\u00bb][vc_empty_space height=\u00a0\u00bb50px\u00a0\u00bb][\/vc_column][vc_column width=\u00a0\u00bb1\/6&Prime;][\/vc_column][\/vc_row][vc_row css_animation=\u00a0\u00bb\u00a0\u00bb row_type=\u00a0\u00bbrow\u00a0\u00bb use_row_as_full_screen_section=\u00a0\u00bbno\u00a0\u00bb type=\u00a0\u00bbfull_width\u00a0\u00bb angled_section=\u00a0\u00bbno\u00a0\u00bb text_align=\u00a0\u00bbleft\u00a0\u00bb background_image_as_pattern=\u00a0\u00bbwithout_pattern\u00a0\u00bb][vc_column width=\u00a0\u00bb1\/6&Prime;][\/vc_column][vc_column width=\u00a0\u00bb2\/3&Prime;][vc_column_text] Avantages [\/vc_column_text][vc_empty_space height=\u00a0\u00bb32 px\u00a0\u00bb][vc_column_text]La d\u00e9coupe laser permet de r\u00e9aliser&#8230;<\/p>\n","protected":false},"author":1,"featured_media":0,"parent":0,"menu_order":182,"comment_status":"closed","ping_status":"closed","template":"","meta":{"footnotes":""},"class_list":["post-5900","page","type-page","status-publish","hentry"],"yoast_head":"<!-- This site is optimized with the Yoast SEO plugin v25.0 - https:\/\/yoast.com\/wordpress\/plugins\/seo\/ -->\n<title>D\u00e9coupe laser &#8211; Nexe Impressions<\/title>\n<meta name=\"description\" content=\"La d\u00e9coupe laser permet de r\u00e9aliser des pi\u00e8ces de formes tr\u00e8s complexes avec d\u00e9coupe \u00e0 l&#039;int\u00e9rieur et \u00e0 l&#039;ext\u00e9rieur d&#039;un \u00e9l\u00e9ment.\" \/>\n<meta name=\"robots\" content=\"index, follow, max-snippet:-1, max-image-preview:large, max-video-preview:-1\" \/>\n<link rel=\"canonical\" href=\"https:\/\/nexeimpressions.com\/fr\/decoupe-laser\/\" \/>\n<meta property=\"og:locale\" content=\"fr_FR\" \/>\n<meta property=\"og:type\" content=\"article\" \/>\n<meta property=\"og:title\" content=\"D\u00e9coupe laser &#8211; Nexe Impressions\" \/>\n<meta property=\"og:description\" content=\"La d\u00e9coupe laser permet de r\u00e9aliser des pi\u00e8ces de formes tr\u00e8s complexes avec d\u00e9coupe \u00e0 l&#039;int\u00e9rieur et \u00e0 l&#039;ext\u00e9rieur d&#039;un \u00e9l\u00e9ment.\" \/>\n<meta property=\"og:url\" content=\"https:\/\/nexeimpressions.com\/fr\/decoupe-laser\/\" \/>\n<meta property=\"og:site_name\" content=\"Nexe Impressions\" \/>\n<meta property=\"article:publisher\" content=\"https:\/\/www.facebook.com\/nexeimpressions\" \/>\n<meta property=\"article:modified_time\" content=\"2025-11-06T14:55:20+00:00\" \/>\n<meta name=\"twitter:card\" content=\"summary_large_image\" \/>\n<meta name=\"twitter:label1\" content=\"Dur\u00e9e de lecture estim\u00e9e\" \/>\n\t<meta name=\"twitter:data1\" content=\"4 minutes\" \/>\n<script type=\"application\/ld+json\" class=\"yoast-schema-graph\">{\"@context\":\"https:\/\/schema.org\",\"@graph\":[{\"@type\":\"WebPage\",\"@id\":\"https:\/\/nexeimpressions.com\/fr\/decoupe-laser\/\",\"url\":\"https:\/\/nexeimpressions.com\/fr\/decoupe-laser\/\",\"name\":\"D\u00e9coupe laser &#8211; Nexe Impressions\",\"isPartOf\":{\"@id\":\"https:\/\/nexeimpressions.com\/fr\/#website\"},\"datePublished\":\"2019-12-04T11:59:24+00:00\",\"dateModified\":\"2025-11-06T14:55:20+00:00\",\"description\":\"La d\u00e9coupe laser permet de r\u00e9aliser des pi\u00e8ces de formes tr\u00e8s complexes avec d\u00e9coupe \u00e0 l'int\u00e9rieur et \u00e0 l'ext\u00e9rieur d'un \u00e9l\u00e9ment.\",\"breadcrumb\":{\"@id\":\"https:\/\/nexeimpressions.com\/fr\/decoupe-laser\/#breadcrumb\"},\"inLanguage\":\"fr-FR\",\"potentialAction\":[{\"@type\":\"ReadAction\",\"target\":[\"https:\/\/nexeimpressions.com\/fr\/decoupe-laser\/\"]}]},{\"@type\":\"BreadcrumbList\",\"@id\":\"https:\/\/nexeimpressions.com\/fr\/decoupe-laser\/#breadcrumb\",\"itemListElement\":[{\"@type\":\"ListItem\",\"position\":1,\"name\":\"Home\",\"item\":\"https:\/\/nexeimpressions.com\/fr\/\"},{\"@type\":\"ListItem\",\"position\":2,\"name\":\"D\u00e9coupe laser\"}]},{\"@type\":\"WebSite\",\"@id\":\"https:\/\/nexeimpressions.com\/fr\/#website\",\"url\":\"https:\/\/nexeimpressions.com\/fr\/\",\"name\":\"Nexe Impressions\",\"description\":\"Print worthy\",\"potentialAction\":[{\"@type\":\"SearchAction\",\"target\":{\"@type\":\"EntryPoint\",\"urlTemplate\":\"https:\/\/nexeimpressions.com\/fr\/?s={search_term_string}\"},\"query-input\":{\"@type\":\"PropertyValueSpecification\",\"valueRequired\":true,\"valueName\":\"search_term_string\"}}],\"inLanguage\":\"fr-FR\"}]}<\/script>\n<!-- \/ Yoast SEO plugin. -->","yoast_head_json":{"title":"D\u00e9coupe laser &#8211; Nexe Impressions","description":"La d\u00e9coupe laser permet de r\u00e9aliser des pi\u00e8ces de formes tr\u00e8s complexes avec d\u00e9coupe \u00e0 l'int\u00e9rieur et \u00e0 l'ext\u00e9rieur d'un \u00e9l\u00e9ment.","robots":{"index":"index","follow":"follow","max-snippet":"max-snippet:-1","max-image-preview":"max-image-preview:large","max-video-preview":"max-video-preview:-1"},"canonical":"https:\/\/nexeimpressions.com\/fr\/decoupe-laser\/","og_locale":"fr_FR","og_type":"article","og_title":"D\u00e9coupe laser &#8211; Nexe Impressions","og_description":"La d\u00e9coupe laser permet de r\u00e9aliser des pi\u00e8ces de formes tr\u00e8s complexes avec d\u00e9coupe \u00e0 l'int\u00e9rieur et \u00e0 l'ext\u00e9rieur d'un \u00e9l\u00e9ment.","og_url":"https:\/\/nexeimpressions.com\/fr\/decoupe-laser\/","og_site_name":"Nexe Impressions","article_publisher":"https:\/\/www.facebook.com\/nexeimpressions","article_modified_time":"2025-11-06T14:55:20+00:00","twitter_card":"summary_large_image","twitter_misc":{"Dur\u00e9e de lecture estim\u00e9e":"4 minutes"},"schema":{"@context":"https:\/\/schema.org","@graph":[{"@type":"WebPage","@id":"https:\/\/nexeimpressions.com\/fr\/decoupe-laser\/","url":"https:\/\/nexeimpressions.com\/fr\/decoupe-laser\/","name":"D\u00e9coupe laser &#8211; Nexe Impressions","isPartOf":{"@id":"https:\/\/nexeimpressions.com\/fr\/#website"},"datePublished":"2019-12-04T11:59:24+00:00","dateModified":"2025-11-06T14:55:20+00:00","description":"La d\u00e9coupe laser permet de r\u00e9aliser des pi\u00e8ces de formes tr\u00e8s complexes avec d\u00e9coupe \u00e0 l'int\u00e9rieur et \u00e0 l'ext\u00e9rieur d'un \u00e9l\u00e9ment.","breadcrumb":{"@id":"https:\/\/nexeimpressions.com\/fr\/decoupe-laser\/#breadcrumb"},"inLanguage":"fr-FR","potentialAction":[{"@type":"ReadAction","target":["https:\/\/nexeimpressions.com\/fr\/decoupe-laser\/"]}]},{"@type":"BreadcrumbList","@id":"https:\/\/nexeimpressions.com\/fr\/decoupe-laser\/#breadcrumb","itemListElement":[{"@type":"ListItem","position":1,"name":"Home","item":"https:\/\/nexeimpressions.com\/fr\/"},{"@type":"ListItem","position":2,"name":"D\u00e9coupe laser"}]},{"@type":"WebSite","@id":"https:\/\/nexeimpressions.com\/fr\/#website","url":"https:\/\/nexeimpressions.com\/fr\/","name":"Nexe Impressions","description":"Print worthy","potentialAction":[{"@type":"SearchAction","target":{"@type":"EntryPoint","urlTemplate":"https:\/\/nexeimpressions.com\/fr\/?s={search_term_string}"},"query-input":{"@type":"PropertyValueSpecification","valueRequired":true,"valueName":"search_term_string"}}],"inLanguage":"fr-FR"}]}},"_links":{"self":[{"href":"https:\/\/nexeimpressions.com\/fr\/wp-json\/wp\/v2\/pages\/5900","targetHints":{"allow":["GET"]}}],"collection":[{"href":"https:\/\/nexeimpressions.com\/fr\/wp-json\/wp\/v2\/pages"}],"about":[{"href":"https:\/\/nexeimpressions.com\/fr\/wp-json\/wp\/v2\/types\/page"}],"author":[{"embeddable":true,"href":"https:\/\/nexeimpressions.com\/fr\/wp-json\/wp\/v2\/users\/1"}],"replies":[{"embeddable":true,"href":"https:\/\/nexeimpressions.com\/fr\/wp-json\/wp\/v2\/comments?post=5900"}],"version-history":[{"count":2,"href":"https:\/\/nexeimpressions.com\/fr\/wp-json\/wp\/v2\/pages\/5900\/revisions"}],"predecessor-version":[{"id":25363,"href":"https:\/\/nexeimpressions.com\/fr\/wp-json\/wp\/v2\/pages\/5900\/revisions\/25363"}],"wp:attachment":[{"href":"https:\/\/nexeimpressions.com\/fr\/wp-json\/wp\/v2\/media?parent=5900"}],"curies":[{"name":"wp","href":"https:\/\/api.w.org\/{rel}","templated":true}]}}