 {"id":6073,"date":"2020-01-14T11:05:02","date_gmt":"2020-01-14T11:05:02","guid":{"rendered":"http:\/\/www.nexeimpressions.com\/?page_id=6073"},"modified":"2025-11-06T16:50:10","modified_gmt":"2025-11-06T14:50:10","slug":"dorure-a-chaud-numerique","status":"publish","type":"page","link":"https:\/\/nexeimpressions.com\/fr\/dorure-a-chaud-numerique\/","title":{"rendered":"Dorure \u00e0 chaud num\u00e9rique"},"content":{"rendered":"<div class=\"wpb-content-wrapper\"><p>[vc_row css_animation=\u00a0\u00bb\u00a0\u00bb row_type=\u00a0\u00bbrow\u00a0\u00bb use_row_as_full_screen_section=\u00a0\u00bbno\u00a0\u00bb type=\u00a0\u00bbfull_width\u00a0\u00bb angled_section=\u00a0\u00bbno\u00a0\u00bb text_align=\u00a0\u00bbleft\u00a0\u00bb background_image_as_pattern=\u00a0\u00bbwithout_pattern\u00a0\u00bb][vc_column width=\u00a0\u00bb1\/6&Prime;][\/vc_column][vc_column width=\u00a0\u00bb2\/3&Prime;][vc_empty_space][vc_column_text]<strong><a tabindex=\"0\" href=\"\/?page_id=5862\"><span class=\"back-arrow\">\u2190 <\/span>FINITIONS NUM\u00c9RIQUES<\/a><\/strong>[\/vc_column_text][vc_empty_space][\/vc_column][vc_column width=\u00a0\u00bb1\/6&Prime;][\/vc_column][\/vc_row][vc_row css_animation=\u00a0\u00bb\u00a0\u00bb row_type=\u00a0\u00bbrow\u00a0\u00bb use_row_as_full_screen_section=\u00a0\u00bbno\u00a0\u00bb type=\u00a0\u00bbfull_width\u00a0\u00bb angled_section=\u00a0\u00bbno\u00a0\u00bb text_align=\u00a0\u00bbleft\u00a0\u00bb background_image_as_pattern=\u00a0\u00bbwithout_pattern\u00a0\u00bb][vc_column width=\u00a0\u00bb1\/6&Prime;][\/vc_column][vc_column width=\u00a0\u00bb2\/3&Prime;][vc_single_image image=\u00a0\u00bb8892&Prime; img_size=\u00a0\u00bbfull\u00a0\u00bb qode_css_animation=\u00a0\u00bb\u00a0\u00bb][vc_empty_space height=\u00a0\u00bb50px\u00a0\u00bb][\/vc_column][vc_column width=\u00a0\u00bb1\/6&Prime;][\/vc_column][\/vc_row][vc_row css_animation=\u00a0\u00bb\u00a0\u00bb row_type=\u00a0\u00bbrow\u00a0\u00bb use_row_as_full_screen_section=\u00a0\u00bbno\u00a0\u00bb type=\u00a0\u00bbfull_width\u00a0\u00bb angled_section=\u00a0\u00bbno\u00a0\u00bb text_align=\u00a0\u00bbleft\u00a0\u00bb background_image_as_pattern=\u00a0\u00bbwithout_pattern\u00a0\u00bb][vc_column width=\u00a0\u00bb1\/6&Prime;][\/vc_column][vc_column width=\u00a0\u00bb2\/3&Prime;][vc_empty_space height=\u00a0\u00bb32 px\u00a0\u00bb][vc_column_text]<\/p>\n<h3><strong>Avantages<\/strong><\/h3>\n<p>[\/vc_column_text][vc_empty_space height=\u00a0\u00bb32 px\u00a0\u00bb][vc_column_text]<span style=\"color: #303030;\">Ajoutez de la valeur \u00e0 vos designs gr\u00e2ce \u00e0 la dorure \u00e0 chaud num\u00e9rique disponible en six couleurs.<\/span>[\/vc_column_text][vc_empty_space height=\u00a0\u00bb20 px\u00a0\u00bb][vc_column_text]<span style=\"color: #303030;\">L&rsquo;effet m\u00e9tallique que procure la couleur <strong>or, argent, cuivre ou bronze<\/strong>, a une connotation associ\u00e9e au luxe, \u00e0 l&rsquo;\u00e9l\u00e9gance et \u00e0 la distinction. Ce type de couleur est appliqu\u00e9 aux \u00e9l\u00e9ments de communication et d&#8217;emballage relatifs aux bijoux, aux objets d&rsquo;artisanat, aux antiquit\u00e9s, aux articles cadeaux, aux produits de luxe, aux produits de beaut\u00e9, aux boissons d&rsquo;une certaine valeur, aux galeries d&rsquo;art, aux studios de design, etc.<\/span>[\/vc_column_text][vc_empty_space height=\u00a0\u00bb20 px\u00a0\u00bb][vc_column_text]<span style=\"color: #303030;\">De plus, les couleurs m\u00e9talliques telles que le <strong>rouge<\/strong>, le <strong>vert<\/strong> ou le <strong>bleu<\/strong> sont parfaites pour obtenir un effet original et frappant, tr\u00e8s utile pour d\u00e9velopper une identit\u00e9 de marque unique, avoir un impact plus important sur les cartes de visite, mettre en valeur des logos ou des images pour enrichir des rapports ou des certificats, cr\u00e9er des couvertures de livres attrayantes, etc. Ce fini rehausse l&rsquo;attrait de tout mat\u00e9riel promotionnel ou publicitaire.<\/span>[\/vc_column_text][\/vc_column][vc_column width=\u00a0\u00bb1\/6&Prime;][\/vc_column][\/vc_row][vc_row css_animation=\u00a0\u00bb\u00a0\u00bb row_type=\u00a0\u00bbrow\u00a0\u00bb use_row_as_full_screen_section=\u00a0\u00bbno\u00a0\u00bb type=\u00a0\u00bbfull_width\u00a0\u00bb angled_section=\u00a0\u00bbno\u00a0\u00bb text_align=\u00a0\u00bbleft\u00a0\u00bb background_image_as_pattern=\u00a0\u00bbwithout_pattern\u00a0\u00bb][vc_column width=\u00a0\u00bb1\/6&Prime;][\/vc_column][vc_column width=\u00a0\u00bb2\/6&Prime;][vc_empty_space height=\u00a0\u00bb32 px\u00a0\u00bb][vc_single_image image=\u00a0\u00bb6030&Prime; img_size=\u00a0\u00bb900&#215;600&Prime; qode_css_animation=\u00a0\u00bb\u00a0\u00bb][vc_empty_space height=\u00a0\u00bb32 px\u00a0\u00bb][\/vc_column][vc_column width=\u00a0\u00bb2\/6&Prime;][vc_empty_space height=\u00a0\u00bb32 px\u00a0\u00bb][vc_single_image image=\u00a0\u00bb6034&Prime; img_size=\u00a0\u00bb900&#215;600&Prime; qode_css_animation=\u00a0\u00bb\u00a0\u00bb][vc_empty_space height=\u00a0\u00bb32 px\u00a0\u00bb][\/vc_column][vc_column width=\u00a0\u00bb1\/6&Prime;][\/vc_column][\/vc_row][vc_row css_animation=\u00a0\u00bb\u00a0\u00bb row_type=\u00a0\u00bbrow\u00a0\u00bb use_row_as_full_screen_section=\u00a0\u00bbno\u00a0\u00bb type=\u00a0\u00bbfull_width\u00a0\u00bb angled_section=\u00a0\u00bbno\u00a0\u00bb text_align=\u00a0\u00bbleft\u00a0\u00bb background_image_as_pattern=\u00a0\u00bbwithout_pattern\u00a0\u00bb][vc_column width=\u00a0\u00bb1\/6&Prime;][\/vc_column][vc_column width=\u00a0\u00bb2\/6&Prime;][vc_empty_space height=\u00a0\u00bb32 px\u00a0\u00bb][vc_single_image image=\u00a0\u00bb6038&Prime; img_size=\u00a0\u00bb900&#215;600&Prime; qode_css_animation=\u00a0\u00bb\u00a0\u00bb][vc_empty_space height=\u00a0\u00bb32 px\u00a0\u00bb][\/vc_column][vc_column width=\u00a0\u00bb2\/6&Prime;][vc_empty_space height=\u00a0\u00bb32 px\u00a0\u00bb][vc_single_image image=\u00a0\u00bb6042&Prime; img_size=\u00a0\u00bb900&#215;600&Prime; qode_css_animation=\u00a0\u00bb\u00a0\u00bb][vc_empty_space height=\u00a0\u00bb32 px\u00a0\u00bb][\/vc_column][vc_column width=\u00a0\u00bb1\/6&Prime;][\/vc_column][\/vc_row][vc_row css_animation=\u00a0\u00bb\u00a0\u00bb row_type=\u00a0\u00bbrow\u00a0\u00bb use_row_as_full_screen_section=\u00a0\u00bbno\u00a0\u00bb type=\u00a0\u00bbfull_width\u00a0\u00bb angled_section=\u00a0\u00bbno\u00a0\u00bb text_align=\u00a0\u00bbleft\u00a0\u00bb background_image_as_pattern=\u00a0\u00bbwithout_pattern\u00a0\u00bb][vc_column width=\u00a0\u00bb1\/6&Prime;][\/vc_column][vc_column width=\u00a0\u00bb2\/3&Prime;][vc_column_text]<\/p>\n<h3><strong>Sp\u00e9cifications<\/strong><\/h3>\n<p>[\/vc_column_text][vc_empty_space height=\u00a0\u00bb32 px\u00a0\u00bb][vc_column_text]<span style=\"color: #303030;\">Le processus d&rsquo;impression directe est r\u00e9alis\u00e9 en deux phases :<\/span><\/p>\n<ul>\n<li><span style=\"color: #303030;\">Le CMYK est imprim\u00e9 sur lequel nous allons appliquer l&rsquo;estampage m\u00e9tallique.<\/span><\/li>\n<li><span style=\"color: #303030;\">Le support est plastifi\u00e9 en mat et l&rsquo;impression est appliqu\u00e9e sur la zone choisie.<\/span><\/li>\n<\/ul>\n<p>[\/vc_column_text][vc_empty_space height=\u00a0\u00bb20 px\u00a0\u00bb][vc_column_text]<span style=\"color: #303030;\">La maquette finale est livr\u00e9e en format pdf avec une r\u00e9solution minimale de 300 dpi et \u00e0 la taille r\u00e9elle. Le pdf doit contenir au moins une page avec le design graphique, et une autre contenant la zone s\u00e9lectionn\u00e9e pour appliquer l&rsquo;impression num\u00e9rique, 100% noire et en nommant cette couche comme \u00ab\u00a0Stamped\u00a0\u00bb pour l&rsquo;identifier correctement.<\/span>[\/vc_column_text][\/vc_column][vc_column width=\u00a0\u00bb1\/6&Prime;][\/vc_column][\/vc_row][vc_row css_animation=\u00a0\u00bb\u00a0\u00bb row_type=\u00a0\u00bbrow\u00a0\u00bb use_row_as_full_screen_section=\u00a0\u00bbno\u00a0\u00bb type=\u00a0\u00bbfull_width\u00a0\u00bb angled_section=\u00a0\u00bbno\u00a0\u00bb text_align=\u00a0\u00bbleft\u00a0\u00bb background_image_as_pattern=\u00a0\u00bbwithout_pattern\u00a0\u00bb][vc_column width=\u00a0\u00bb1\/6&Prime;][\/vc_column][vc_column width=\u00a0\u00bb2\/6&Prime;][vc_empty_space height=\u00a0\u00bb32 px\u00a0\u00bb][vc_single_image image=\u00a0\u00bb6046&Prime; img_size=\u00a0\u00bb900&#215;600&Prime; qode_css_animation=\u00a0\u00bb\u00a0\u00bb][vc_empty_space height=\u00a0\u00bb32 px\u00a0\u00bb][\/vc_column][vc_column width=\u00a0\u00bb2\/6&Prime;][vc_empty_space height=\u00a0\u00bb32 px\u00a0\u00bb][vc_single_image image=\u00a0\u00bb6050&Prime; img_size=\u00a0\u00bb900&#215;600&Prime; qode_css_animation=\u00a0\u00bb\u00a0\u00bb][vc_empty_space height=\u00a0\u00bb32 px\u00a0\u00bb][\/vc_column][vc_column width=\u00a0\u00bb1\/6&Prime;][\/vc_column][\/vc_row][vc_row css_animation=\u00a0\u00bb\u00a0\u00bb row_type=\u00a0\u00bbrow\u00a0\u00bb use_row_as_full_screen_section=\u00a0\u00bbno\u00a0\u00bb type=\u00a0\u00bbfull_width\u00a0\u00bb angled_section=\u00a0\u00bbno\u00a0\u00bb text_align=\u00a0\u00bbleft\u00a0\u00bb background_image_as_pattern=\u00a0\u00bbwithout_pattern\u00a0\u00bb][vc_column width=\u00a0\u00bb1\/6&Prime;][\/vc_column][vc_column width=\u00a0\u00bb2\/3&Prime;][vc_column_text]<\/p>\n<h3><strong>Remarques<\/strong><\/h3>\n<p>[\/vc_column_text][vc_empty_space height=\u00a0\u00bb32 px\u00a0\u00bb][vc_column_text]<span style=\"color: #303030;\">L&rsquo;impression num\u00e9rique peut \u00eatre appliqu\u00e9e \u00e0 une infinit\u00e9 de designs tels que des emballages, des cartes de visite, des cartes de v\u0153ux, des triptyques, des catalogues commerciaux ou des couvertures de livres. C&rsquo;est une finition qui rehausse la pr\u00e9sentation et encourage l&rsquo;interaction, donc elle est tr\u00e8s efficace pour transformer n&rsquo;importe quel produit en une exp\u00e9rience pour le consommateur.<\/span>[\/vc_column_text][\/vc_column][vc_column width=\u00a0\u00bb1\/6&Prime;][\/vc_column][\/vc_row][vc_row css_animation=\u00a0\u00bb\u00a0\u00bb row_type=\u00a0\u00bbrow\u00a0\u00bb use_row_as_full_screen_section=\u00a0\u00bbno\u00a0\u00bb type=\u00a0\u00bbfull_width\u00a0\u00bb angled_section=\u00a0\u00bbno\u00a0\u00bb text_align=\u00a0\u00bbleft\u00a0\u00bb background_image_as_pattern=\u00a0\u00bbwithout_pattern\u00a0\u00bb][vc_column][vc_empty_space height=\u00a0\u00bb70px\u00a0\u00bb][vc_column_text]<\/p>\n<h2 style=\"text-align: center;\"><span style=\"color: #cc0033;\">Votre devis en 2 heures<\/span><\/h2>\n<p>[\/vc_column_text][vc_empty_space][\/vc_column][\/vc_row][vc_row css_animation=\u00a0\u00bb\u00a0\u00bb row_type=\u00a0\u00bbrow\u00a0\u00bb use_row_as_full_screen_section=\u00a0\u00bbno\u00a0\u00bb type=\u00a0\u00bbfull_width\u00a0\u00bb angled_section=\u00a0\u00bbno\u00a0\u00bb text_align=\u00a0\u00bbcenter\u00a0\u00bb background_image_as_pattern=\u00a0\u00bbwithout_pattern\u00a0\u00bb][vc_column width=\u00a0\u00bb1\/4&Prime;][\/vc_column][vc_column width=\u00a0\u00bb1\/4&Prime;][vc_empty_space height=\u00a0\u00bb20px\u00a0\u00bb]<a  itemprop=\"url\" href=\"http:\/\/nexeimpressions.com\/fr\/demandez-un-devis\/\" target=\"_self\" data-hover-background-color=\"#cc0033\" data-hover-border-color=\"#cc0033\" data-hover-color=\"#ffffff\" class=\"qbutton  medium center default\" style=\"color: #cc0033; border-color: #cc0033; font-style: normal; font-weight: 800; margin: 0px 0px 0px 0px; background-color:#ffffff;\">DEMANDEZ VOTRE DEVIS<\/a>[\/vc_column][vc_column width=\u00a0\u00bb1\/4&Prime;][vc_empty_space height=\u00a0\u00bb20px\u00a0\u00bb]<a  itemprop=\"url\" href=\"mailto:info@nexeimpressions.com\" target=\"_self\" data-hover-background-color=\"#ffffff\" data-hover-border-color=\"#cc0033\" data-hover-color=\"#cc0033\" class=\"qbutton  medium center default\" style=\"color: #ffffff; border-color: #cc0033; font-style: normal; font-weight: 800; margin: 0px 0px 0px 0px; background-color:#cc0033;\">info@nexeimpressions.com<\/a>[\/vc_column][vc_column width=\u00a0\u00bb1\/4&Prime;][\/vc_column][\/vc_row][vc_row css_animation=\u00a0\u00bb\u00a0\u00bb row_type=\u00a0\u00bbrow\u00a0\u00bb use_row_as_full_screen_section=\u00a0\u00bbno\u00a0\u00bb type=\u00a0\u00bbfull_width\u00a0\u00bb angled_section=\u00a0\u00bbno\u00a0\u00bb text_align=\u00a0\u00bbcenter\u00a0\u00bb background_image_as_pattern=\u00a0\u00bbwithout_pattern\u00a0\u00bb][vc_column][vc_empty_space height=\u00a0\u00bb70px\u00a0\u00bb][\/vc_column][\/vc_row]<\/p>\n<\/div>","protected":false},"excerpt":{"rendered":"<p>[vc_row css_animation=\u00a0\u00bb\u00a0\u00bb row_type=\u00a0\u00bbrow\u00a0\u00bb use_row_as_full_screen_section=\u00a0\u00bbno\u00a0\u00bb type=\u00a0\u00bbfull_width\u00a0\u00bb angled_section=\u00a0\u00bbno\u00a0\u00bb text_align=\u00a0\u00bbleft\u00a0\u00bb background_image_as_pattern=\u00a0\u00bbwithout_pattern\u00a0\u00bb][vc_column width=\u00a0\u00bb1\/6&Prime;][\/vc_column][vc_column width=\u00a0\u00bb2\/3&Prime;][vc_empty_space][vc_column_text]\u2190 FINITIONS NUM\u00c9RIQUES[\/vc_column_text][vc_empty_space][\/vc_column][vc_column width=\u00a0\u00bb1\/6&Prime;][\/vc_column][\/vc_row][vc_row css_animation=\u00a0\u00bb\u00a0\u00bb row_type=\u00a0\u00bbrow\u00a0\u00bb use_row_as_full_screen_section=\u00a0\u00bbno\u00a0\u00bb type=\u00a0\u00bbfull_width\u00a0\u00bb angled_section=\u00a0\u00bbno\u00a0\u00bb text_align=\u00a0\u00bbleft\u00a0\u00bb background_image_as_pattern=\u00a0\u00bbwithout_pattern\u00a0\u00bb][vc_column width=\u00a0\u00bb1\/6&Prime;][\/vc_column][vc_column width=\u00a0\u00bb2\/3&Prime;][vc_single_image image=\u00a0\u00bb8892&Prime; img_size=\u00a0\u00bbfull\u00a0\u00bb qode_css_animation=\u00a0\u00bb\u00a0\u00bb][vc_empty_space height=\u00a0\u00bb50px\u00a0\u00bb][\/vc_column][vc_column width=\u00a0\u00bb1\/6&Prime;][\/vc_column][\/vc_row][vc_row css_animation=\u00a0\u00bb\u00a0\u00bb row_type=\u00a0\u00bbrow\u00a0\u00bb use_row_as_full_screen_section=\u00a0\u00bbno\u00a0\u00bb type=\u00a0\u00bbfull_width\u00a0\u00bb angled_section=\u00a0\u00bbno\u00a0\u00bb text_align=\u00a0\u00bbleft\u00a0\u00bb background_image_as_pattern=\u00a0\u00bbwithout_pattern\u00a0\u00bb][vc_column width=\u00a0\u00bb1\/6&Prime;][\/vc_column][vc_column width=\u00a0\u00bb2\/3&Prime;][vc_empty_space height=\u00a0\u00bb32 px\u00a0\u00bb][vc_column_text] Avantages [\/vc_column_text][vc_empty_space height=\u00a0\u00bb32 px\u00a0\u00bb][vc_column_text]Ajoutez de la valeur&#8230;<\/p>\n","protected":false},"author":1,"featured_media":0,"parent":0,"menu_order":194,"comment_status":"closed","ping_status":"closed","template":"","meta":{"footnotes":""},"class_list":["post-6073","page","type-page","status-publish","hentry"],"yoast_head":"<!-- This site is optimized with the Yoast SEO plugin v25.0 - https:\/\/yoast.com\/wordpress\/plugins\/seo\/ -->\n<title>Dorure \u00e0 chaud num\u00e9rique &#8211; Nexe Impressions<\/title>\n<meta name=\"description\" content=\"Ajoutez de la valeur \u00e0 vos designs gr\u00e2ce \u00e0 la dorure \u00e0 chaud num\u00e9rique disponible en six couleurs: or, argent, cuivre, bronze, rouge, vert ou bleu.\" \/>\n<meta name=\"robots\" content=\"index, follow, max-snippet:-1, max-image-preview:large, max-video-preview:-1\" \/>\n<link rel=\"canonical\" href=\"https:\/\/nexeimpressions.com\/fr\/dorure-a-chaud-numerique\/\" \/>\n<meta property=\"og:locale\" content=\"fr_FR\" \/>\n<meta property=\"og:type\" content=\"article\" \/>\n<meta property=\"og:title\" content=\"Dorure \u00e0 chaud num\u00e9rique &#8211; Nexe Impressions\" \/>\n<meta property=\"og:description\" content=\"Ajoutez de la valeur \u00e0 vos designs gr\u00e2ce \u00e0 la dorure \u00e0 chaud num\u00e9rique disponible en six couleurs: or, argent, cuivre, bronze, rouge, vert ou bleu.\" \/>\n<meta property=\"og:url\" content=\"https:\/\/nexeimpressions.com\/fr\/dorure-a-chaud-numerique\/\" \/>\n<meta property=\"og:site_name\" content=\"Nexe Impressions\" \/>\n<meta property=\"article:publisher\" content=\"https:\/\/www.facebook.com\/nexeimpressions\" \/>\n<meta property=\"article:modified_time\" content=\"2025-11-06T14:50:10+00:00\" \/>\n<meta name=\"twitter:card\" content=\"summary_large_image\" \/>\n<meta name=\"twitter:label1\" content=\"Dur\u00e9e de lecture estim\u00e9e\" \/>\n\t<meta name=\"twitter:data1\" content=\"3 minutes\" \/>\n<script type=\"application\/ld+json\" class=\"yoast-schema-graph\">{\"@context\":\"https:\/\/schema.org\",\"@graph\":[{\"@type\":\"WebPage\",\"@id\":\"https:\/\/nexeimpressions.com\/fr\/dorure-a-chaud-numerique\/\",\"url\":\"https:\/\/nexeimpressions.com\/fr\/dorure-a-chaud-numerique\/\",\"name\":\"Dorure \u00e0 chaud num\u00e9rique &#8211; Nexe Impressions\",\"isPartOf\":{\"@id\":\"https:\/\/nexeimpressions.com\/fr\/#website\"},\"datePublished\":\"2020-01-14T11:05:02+00:00\",\"dateModified\":\"2025-11-06T14:50:10+00:00\",\"description\":\"Ajoutez de la valeur \u00e0 vos designs gr\u00e2ce \u00e0 la dorure \u00e0 chaud num\u00e9rique disponible en six couleurs: or, argent, cuivre, bronze, rouge, vert ou bleu.\",\"breadcrumb\":{\"@id\":\"https:\/\/nexeimpressions.com\/fr\/dorure-a-chaud-numerique\/#breadcrumb\"},\"inLanguage\":\"fr-FR\",\"potentialAction\":[{\"@type\":\"ReadAction\",\"target\":[\"https:\/\/nexeimpressions.com\/fr\/dorure-a-chaud-numerique\/\"]}]},{\"@type\":\"BreadcrumbList\",\"@id\":\"https:\/\/nexeimpressions.com\/fr\/dorure-a-chaud-numerique\/#breadcrumb\",\"itemListElement\":[{\"@type\":\"ListItem\",\"position\":1,\"name\":\"Home\",\"item\":\"https:\/\/nexeimpressions.com\/fr\/\"},{\"@type\":\"ListItem\",\"position\":2,\"name\":\"Dorure \u00e0 chaud num\u00e9rique\"}]},{\"@type\":\"WebSite\",\"@id\":\"https:\/\/nexeimpressions.com\/fr\/#website\",\"url\":\"https:\/\/nexeimpressions.com\/fr\/\",\"name\":\"Nexe Impressions\",\"description\":\"Print worthy\",\"potentialAction\":[{\"@type\":\"SearchAction\",\"target\":{\"@type\":\"EntryPoint\",\"urlTemplate\":\"https:\/\/nexeimpressions.com\/fr\/?s={search_term_string}\"},\"query-input\":{\"@type\":\"PropertyValueSpecification\",\"valueRequired\":true,\"valueName\":\"search_term_string\"}}],\"inLanguage\":\"fr-FR\"}]}<\/script>\n<!-- \/ Yoast SEO plugin. -->","yoast_head_json":{"title":"Dorure \u00e0 chaud num\u00e9rique &#8211; Nexe Impressions","description":"Ajoutez de la valeur \u00e0 vos designs gr\u00e2ce \u00e0 la dorure \u00e0 chaud num\u00e9rique disponible en six couleurs: or, argent, cuivre, bronze, rouge, vert ou bleu.","robots":{"index":"index","follow":"follow","max-snippet":"max-snippet:-1","max-image-preview":"max-image-preview:large","max-video-preview":"max-video-preview:-1"},"canonical":"https:\/\/nexeimpressions.com\/fr\/dorure-a-chaud-numerique\/","og_locale":"fr_FR","og_type":"article","og_title":"Dorure \u00e0 chaud num\u00e9rique &#8211; Nexe Impressions","og_description":"Ajoutez de la valeur \u00e0 vos designs gr\u00e2ce \u00e0 la dorure \u00e0 chaud num\u00e9rique disponible en six couleurs: or, argent, cuivre, bronze, rouge, vert ou bleu.","og_url":"https:\/\/nexeimpressions.com\/fr\/dorure-a-chaud-numerique\/","og_site_name":"Nexe Impressions","article_publisher":"https:\/\/www.facebook.com\/nexeimpressions","article_modified_time":"2025-11-06T14:50:10+00:00","twitter_card":"summary_large_image","twitter_misc":{"Dur\u00e9e de lecture estim\u00e9e":"3 minutes"},"schema":{"@context":"https:\/\/schema.org","@graph":[{"@type":"WebPage","@id":"https:\/\/nexeimpressions.com\/fr\/dorure-a-chaud-numerique\/","url":"https:\/\/nexeimpressions.com\/fr\/dorure-a-chaud-numerique\/","name":"Dorure \u00e0 chaud num\u00e9rique &#8211; Nexe Impressions","isPartOf":{"@id":"https:\/\/nexeimpressions.com\/fr\/#website"},"datePublished":"2020-01-14T11:05:02+00:00","dateModified":"2025-11-06T14:50:10+00:00","description":"Ajoutez de la valeur \u00e0 vos designs gr\u00e2ce \u00e0 la dorure \u00e0 chaud num\u00e9rique disponible en six couleurs: or, argent, cuivre, bronze, rouge, vert ou bleu.","breadcrumb":{"@id":"https:\/\/nexeimpressions.com\/fr\/dorure-a-chaud-numerique\/#breadcrumb"},"inLanguage":"fr-FR","potentialAction":[{"@type":"ReadAction","target":["https:\/\/nexeimpressions.com\/fr\/dorure-a-chaud-numerique\/"]}]},{"@type":"BreadcrumbList","@id":"https:\/\/nexeimpressions.com\/fr\/dorure-a-chaud-numerique\/#breadcrumb","itemListElement":[{"@type":"ListItem","position":1,"name":"Home","item":"https:\/\/nexeimpressions.com\/fr\/"},{"@type":"ListItem","position":2,"name":"Dorure \u00e0 chaud num\u00e9rique"}]},{"@type":"WebSite","@id":"https:\/\/nexeimpressions.com\/fr\/#website","url":"https:\/\/nexeimpressions.com\/fr\/","name":"Nexe Impressions","description":"Print worthy","potentialAction":[{"@type":"SearchAction","target":{"@type":"EntryPoint","urlTemplate":"https:\/\/nexeimpressions.com\/fr\/?s={search_term_string}"},"query-input":{"@type":"PropertyValueSpecification","valueRequired":true,"valueName":"search_term_string"}}],"inLanguage":"fr-FR"}]}},"_links":{"self":[{"href":"https:\/\/nexeimpressions.com\/fr\/wp-json\/wp\/v2\/pages\/6073","targetHints":{"allow":["GET"]}}],"collection":[{"href":"https:\/\/nexeimpressions.com\/fr\/wp-json\/wp\/v2\/pages"}],"about":[{"href":"https:\/\/nexeimpressions.com\/fr\/wp-json\/wp\/v2\/types\/page"}],"author":[{"embeddable":true,"href":"https:\/\/nexeimpressions.com\/fr\/wp-json\/wp\/v2\/users\/1"}],"replies":[{"embeddable":true,"href":"https:\/\/nexeimpressions.com\/fr\/wp-json\/wp\/v2\/comments?post=6073"}],"version-history":[{"count":2,"href":"https:\/\/nexeimpressions.com\/fr\/wp-json\/wp\/v2\/pages\/6073\/revisions"}],"predecessor-version":[{"id":25355,"href":"https:\/\/nexeimpressions.com\/fr\/wp-json\/wp\/v2\/pages\/6073\/revisions\/25355"}],"wp:attachment":[{"href":"https:\/\/nexeimpressions.com\/fr\/wp-json\/wp\/v2\/media?parent=6073"}],"curies":[{"name":"wp","href":"https:\/\/api.w.org\/{rel}","templated":true}]}}