 {"id":6653,"date":"2020-01-27T09:38:17","date_gmt":"2020-01-27T09:38:17","guid":{"rendered":"http:\/\/www.nexeimpressions.com\/hp-indigo\/"},"modified":"2026-01-15T16:57:28","modified_gmt":"2026-01-15T14:57:28","slug":"gamme-produits","status":"publish","type":"page","link":"https:\/\/nexeimpressions.com\/fr\/gamme-produits\/","title":{"rendered":"Gamme de produits imprim\u00e9s"},"content":{"rendered":"<div class=\"wpb-content-wrapper\"><p>[vc_row css_animation=\u00a0\u00bb\u00a0\u00bb row_type=\u00a0\u00bbrow\u00a0\u00bb use_row_as_full_screen_section=\u00a0\u00bbno\u00a0\u00bb type=\u00a0\u00bbfull_width\u00a0\u00bb angled_section=\u00a0\u00bbno\u00a0\u00bb text_align=\u00a0\u00bbleft\u00a0\u00bb background_image_as_pattern=\u00a0\u00bbwithout_pattern\u00a0\u00bb][vc_column][vc_empty_space][vc_column_text]<strong><a tabindex=\"0\" href=\"\/?page_id=6639\"><span class=\"back-arrow\">\u2190 <\/span>ESPACE D&rsquo;IMPRESSION NUM\u00c9RIQUE<\/a><\/strong>[\/vc_column_text][vc_empty_space][\/vc_column][\/vc_row][vc_row css_animation=\u00a0\u00bb\u00a0\u00bb row_type=\u00a0\u00bbrow\u00a0\u00bb use_row_as_full_screen_section=\u00a0\u00bbno\u00a0\u00bb type=\u00a0\u00bbfull_width\u00a0\u00bb angled_section=\u00a0\u00bbno\u00a0\u00bb text_align=\u00a0\u00bbleft\u00a0\u00bb background_image_as_pattern=\u00a0\u00bbwithout_pattern\u00a0\u00bb][vc_column width=\u00a0\u00bb1\/4&Prime;][\/vc_column][vc_column width=\u00a0\u00bb1\/2&Prime;][vc_empty_space height=\u00a0\u00bb50px\u00a0\u00bb][vc_accordion active_tab=\u00a0\u00bbfalse\u00a0\u00bb collapsible=\u00a0\u00bbyes\u00a0\u00bb style=\u00a0\u00bbaccordion\u00a0\u00bb el_class=\u00a0\u00bb.q_accordion_holder.accordion .ui-accordion-header.ui-state-active .accordion_mark { background-color: #cc0033 !important; }\u00a0\u00bb][vc_accordion_tab title=\u00a0\u00bbLivres, magazines et catalogues\u00a0\u00bb title_color=\u00a0\u00bb#303030&Prime;][vc_column_text]<\/p>\n<ul>\n<li><span style=\"color: #303030;\"><strong>Piq\u00fbres en format personnalis\u00e9<\/strong><\/span><\/li>\n<li><span style=\"color: #303030;\"><strong>Dos carr\u00e9 cousu<\/strong><\/span><\/li>\n<li><span style=\"color: #303030;\"><strong>Dos carr\u00e9 coll\u00e9 PUR<\/strong><\/span><\/li>\n<li><span style=\"color: #303030;\"><strong>Reliure cartonn\u00e9e<\/strong><\/span><\/li>\n<li><span style=\"color: #303030;\"><strong>Reliure Wire-o<\/strong><\/span><\/li>\n<li><span style=\"color: #303030;\"><strong>Reliure spirale<\/strong><\/span><\/li>\n<\/ul>\n<p>[\/vc_column_text][\/vc_accordion_tab][vc_accordion_tab title=\u00a0\u00bbImprim\u00e9s publicitaires et promotionnels\u00a0\u00bb title_color=\u00a0\u00bb#303030&Prime;][vc_column_text]<\/p>\n<ul>\n<li><span style=\"color: #303030;\"><strong>Sacs en papier<\/strong><\/span><\/li>\n<li><span style=\"color: #303030;\"><strong>Cartes postales<\/strong><\/span><\/li>\n<li><span style=\"color: #303030;\"><strong>Affiches<\/strong><\/span><\/li>\n<li><span style=\"color: #303030;\"><strong>Calendriers<\/strong><\/span><\/li>\n<li><span style=\"color: #303030;\"><strong>Cartes et d\u00e9pliants<\/strong><\/span><\/li>\n<li><span style=\"color: #303030;\"><strong>Support mobile<\/strong><\/span><\/li>\n<li><span style=\"color: #303030;\"><strong>Signets<\/strong><\/span><\/li>\n<li><span style=\"color: #303030;\"><strong>Dossiers<\/strong><\/span><\/li>\n<li><span style=\"color: #303030;\"><strong>Classeur de classement<\/strong><\/span><\/li>\n<li><span style=\"color: #303030;\"><strong>Brochures pli\u00e9es<\/strong><\/span><\/li>\n<li><span style=\"color: #303030;\"><strong>Flyers<\/strong><\/span><\/li>\n<li><span style=\"color: #303030;\"><strong>\u00c9tiquettes volantes<\/strong><\/span><\/li>\n<li><span style=\"color: #303030;\"><strong>Enveloppes<\/strong><\/span><\/li>\n<\/ul>\n<p>[\/vc_column_text][\/vc_accordion_tab][vc_accordion_tab title=\u00a0\u00bbProduits sp\u00e9ciaux pour l&rsquo;h\u00f4tellerie et la restauration.\u00a0\u00bb title_color=\u00a0\u00bb#303030&Prime;][vc_column_text]<\/p>\n<ul>\n<li><span style=\"color: #303030;\"><strong>Nappes<\/strong><\/span><\/li>\n<li><span style=\"color: #303030;\"><strong>Dessous de verre<\/strong><\/span><\/li>\n<li><span style=\"color: #303030;\"><strong>Porte-cl\u00e9s<\/strong><\/span><\/li>\n<li><span style=\"color: #303030;\"><strong>Accroche-portes<\/strong><\/span><\/li>\n<li><span style=\"color: #303030;\"><strong>Porte-bouteilles<\/strong><\/span><\/li>\n<li><span style=\"color: #303030;\"><strong>Porte-couverts<\/strong><\/span><\/li>\n<li><span style=\"color: #303030;\"><strong>Porte-serviettes<\/strong><\/span><\/li>\n<li><span style=\"color: #303030;\"><strong>Col de bouteille<\/strong><\/span><\/li>\n<li><span style=\"color: #303030;\"><strong>Cartes restaurant<\/strong><\/span><\/li>\n<li><span style=\"color: #303030;\"><strong>Affiches<\/strong><\/span><\/li>\n<\/ul>\n<p>[\/vc_column_text][\/vc_accordion_tab][vc_accordion_tab title=\u00a0\u00bbPLV\u00a0\u00bb title_color=\u00a0\u00bb#303030&Prime;][vc_column_text]<\/p>\n<ul>\n<li><span style=\"color: #303030;\"><strong>Pr\u00e9sentoirs de table<\/strong><\/span><\/li>\n<li><span style=\"color: #303030;\"><strong>Pr\u00e9sentoirs au sol<\/strong><\/span><\/li>\n<li><span style=\"color: #303030;\"><strong>Pr\u00e9sentoirs de comptoir<\/strong><\/span><\/li>\n<li><span style=\"color: #303030;\"><strong>Pr\u00e9sentoirs Totem<\/strong><\/span><\/li>\n<li><span style=\"color: #303030;\"><strong>Exposants pour la d\u00e9coration<\/strong><\/span><\/li>\n<\/ul>\n<p>[\/vc_column_text][\/vc_accordion_tab][vc_accordion_tab title=\u00a0\u00bbPackaging pliant\u00a0\u00bb title_color=\u00a0\u00bb#303030&Prime;][vc_column_text]<\/p>\n<ul>\n<li><span style=\"color: #303030;\"><strong>Packaging standard<\/strong><\/span><\/li>\n<li><span style=\"color: #303030;\"><strong>Packaging promotionnel<\/strong><\/span><\/li>\n<li><span style=\"color: #303030;\"><strong>Packaging de boisson<\/strong><\/span><\/li>\n<li><span style=\"color: #303030;\"><strong>Packaging alimentaire<\/strong><\/span><\/li>\n<li><span style=\"color: #303030;\"><strong>Packaging personnalis\u00e9<\/strong><\/span><\/li>\n<\/ul>\n<p>[\/vc_column_text][\/vc_accordion_tab][vc_accordion_tab title=\u00a0\u00bbPackaging en carton ondul\u00e9\u00a0\u00bb title_color=\u00a0\u00bb#303030&Prime;][vc_column_text]<\/p>\n<ul>\n<li><span style=\"color: #303030;\"><strong>Packaging pour bouteilles<\/strong><\/span><\/li>\n<li><span style=\"color: #303030;\"><strong>Dossiers en carton ondul\u00e9<\/strong><\/span><\/li>\n<li><span style=\"color: #303030;\"><strong>Bo\u00eetes promotionnelles<\/strong><\/span><\/li>\n<li><span style=\"color: #303030;\"><strong>Bo\u00eetes d&rsquo;exp\u00e9dition<\/strong><\/span><\/li>\n<\/ul>\n<p>[\/vc_column_text][\/vc_accordion_tab][vc_accordion_tab title=\u00a0\u00bbAutocollants et \u00e9tiquettes\u00a0\u00bb title_color=\u00a0\u00bb#303030&Prime;][vc_column_text]<\/p>\n<ul>\n<li><span style=\"color: #303030;\"><strong>Autocollants en papier<\/strong><\/span><\/li>\n<li><span style=\"color: #303030;\"><strong>Adh\u00e9sifs synth\u00e9tiques<\/strong><\/span><\/li>\n<li><span style=\"color: #303030;\"><strong>Autocollants amovibles<\/strong><\/span><\/li>\n<li><span style=\"color: #303030;\"><strong>Autocollants permanents<\/strong><\/span><\/li>\n<li><span style=\"color: #303030;\"><strong>Adh\u00e9sifs avec vernis s\u00e9lectif<\/strong><\/span><\/li>\n<li><span style=\"color: #303030;\"><strong>Autocollants imprim\u00e9s<\/strong><\/span><\/li>\n<li><span style=\"color: #303030;\"><strong>Vinyle adh\u00e9sif ext\u00e9rieur<\/strong><\/span><\/li>\n<li><span style=\"color: #303030;\"><strong>\u00c9tiquettes sur bobines<\/strong><\/span><\/li>\n<li><span style=\"color: #303030;\"><strong>Aimants<\/strong><\/span><\/li>\n<\/ul>\n<p>[\/vc_column_text][\/vc_accordion_tab][\/vc_accordion][vc_empty_space height=\u00a0\u00bb50px\u00a0\u00bb][\/vc_column][vc_column width=\u00a0\u00bb1\/4&Prime;][\/vc_column][\/vc_row][vc_row css_animation=\u00a0\u00bb\u00a0\u00bb row_type=\u00a0\u00bbrow\u00a0\u00bb use_row_as_full_screen_section=\u00a0\u00bbno\u00a0\u00bb type=\u00a0\u00bbfull_width\u00a0\u00bb angled_section=\u00a0\u00bbno\u00a0\u00bb text_align=\u00a0\u00bbleft\u00a0\u00bb background_image_as_pattern=\u00a0\u00bbwithout_pattern\u00a0\u00bb][vc_column width=\u00a0\u00bb1\/6&Prime;][\/vc_column][vc_column width=\u00a0\u00bb4\/6&Prime;][vc_column_text]<\/p>\n<p style=\"text-align: center;\">L\u2019impression num\u00e9rique est synonyme de vitesse et de flexibilit\u00e9 d\u2019impression, mais avec la technologie 7 couleurs de HP INDIGO, elle est \u00e9galement assur\u00e9e d\u2019une qualit\u00e9 d\u2019avant-garde gr\u00e2ce \u00e0 ses encres liquides de haute durabilit\u00e9. Nos machines HP INDIGO 7600 et 12000 aux formats 32\u00d748 cm et 53\u00d773 cm sont polyvalentes, rapides et offrent une qualit\u00e9 d\u2019impression haut de gamme.<\/p>\n<p style=\"text-align: center;\">Ainsi la technologie FUJI rend des r\u00e9sultats excellents pour des impressions photographiques de haut de gamme.<\/p>\n<p>[\/vc_column_text][vc_empty_space height=\u00a0\u00bb40px\u00a0\u00bb][\/vc_column][vc_column width=\u00a0\u00bb1\/6&Prime;][\/vc_column][\/vc_row][vc_row css_animation=\u00a0\u00bb\u00a0\u00bb row_type=\u00a0\u00bbrow\u00a0\u00bb use_row_as_full_screen_section=\u00a0\u00bbno\u00a0\u00bb type=\u00a0\u00bbfull_width\u00a0\u00bb angled_section=\u00a0\u00bbno\u00a0\u00bb text_align=\u00a0\u00bbleft\u00a0\u00bb background_image_as_pattern=\u00a0\u00bbwithout_pattern\u00a0\u00bb][vc_column width=\u00a0\u00bb1\/6&Prime;][\/vc_column][vc_column width=\u00a0\u00bb1\/6&Prime;][\/vc_column][vc_column width=\u00a0\u00bb1\/6&Prime;][vc_single_image image=\u00a0\u00bb14700&Prime; img_size=\u00a0\u00bb\u00a0\u00bb alignment=\u00a0\u00bbcenter\u00a0\u00bb qode_css_animation=\u00a0\u00bb\u00a0\u00bb][vc_empty_space height=\u00a0\u00bb10px\u00a0\u00bb][vc_column_text]<\/p>\n<p style=\"text-align: center;\"><a href=\"https:\/\/www8.hp.com\/us\/en\/commercial-printers\/indigo-presses\/12000.html\" target=\"_blank\" rel=\"noopener noreferrer\"><span style=\"color: #d13f52;\"><strong>Plus d&rsquo;information<\/strong><\/span><\/a><\/p>\n<p>[\/vc_column_text][vc_empty_space height=\u00a0\u00bb70px\u00a0\u00bb][\/vc_column][vc_column width=\u00a0\u00bb1\/6&Prime;][vc_single_image image=\u00a0\u00bb14696&Prime; img_size=\u00a0\u00bb\u00a0\u00bb alignment=\u00a0\u00bbcenter\u00a0\u00bb qode_css_animation=\u00a0\u00bb\u00a0\u00bb][vc_empty_space height=\u00a0\u00bb10px\u00a0\u00bb][vc_column_text]<\/p>\n<p style=\"text-align: center;\"><a href=\"https:\/\/www.fujifilm.eu\/es\/productos\/sistemas-graficos\/impresion-digital-comercial\/p\/jet-press-750s#overview\" target=\"_blank\" rel=\"noopener noreferrer\"><span style=\"color: #d13f52;\"><strong>Plus d&rsquo;information<\/strong><\/span><\/a><\/p>\n<p>[\/vc_column_text][vc_empty_space height=\u00a0\u00bb70px\u00a0\u00bb][\/vc_column][vc_column width=\u00a0\u00bb1\/6&Prime;][\/vc_column][vc_column width=\u00a0\u00bb1\/6&Prime;][\/vc_column][\/vc_row][vc_row css_animation=\u00a0\u00bb\u00a0\u00bb row_type=\u00a0\u00bbrow\u00a0\u00bb use_row_as_full_screen_section=\u00a0\u00bbno\u00a0\u00bb type=\u00a0\u00bbgrid\u00a0\u00bb angled_section=\u00a0\u00bbno\u00a0\u00bb text_align=\u00a0\u00bbcenter\u00a0\u00bb background_image_as_pattern=\u00a0\u00bbwithout_pattern\u00a0\u00bb z_index=\u00a0\u00bb\u00a0\u00bb][vc_column][vc_empty_space height=\u00a0\u00bb40px\u00a0\u00bb][vc_video link=\u00a0\u00bbhttps:\/\/www.youtube.com\/watch?v=N9WalTS67Tg\u00a0\u00bb el_width=\u00a0\u00bb70&Prime; align=\u00a0\u00bbcenter\u00a0\u00bb][vc_empty_space height=\u00a0\u00bb80px\u00a0\u00bb][\/vc_column][\/vc_row][vc_row css_animation=\u00a0\u00bb\u00a0\u00bb row_type=\u00a0\u00bbrow\u00a0\u00bb use_row_as_full_screen_section=\u00a0\u00bbno\u00a0\u00bb type=\u00a0\u00bbfull_width\u00a0\u00bb angled_section=\u00a0\u00bbno\u00a0\u00bb text_align=\u00a0\u00bbleft\u00a0\u00bb background_image_as_pattern=\u00a0\u00bbwithout_pattern\u00a0\u00bb][vc_column width=\u00a0\u00bb1\/6&Prime;][\/vc_column][vc_column width=\u00a0\u00bb1\/3&Prime;][vc_empty_space][vc_single_image image=\u00a0\u00bb7486&Prime; img_size=\u00a0\u00bbfull\u00a0\u00bb qode_css_animation=\u00a0\u00bb\u00a0\u00bb][\/vc_column][vc_column width=\u00a0\u00bb1\/3&Prime;][vc_empty_space][vc_single_image image=\u00a0\u00bb8208&Prime; img_size=\u00a0\u00bbfull\u00a0\u00bb qode_css_animation=\u00a0\u00bb\u00a0\u00bb][\/vc_column][vc_column width=\u00a0\u00bb1\/6&Prime;][\/vc_column][\/vc_row][vc_row css_animation=\u00a0\u00bb\u00a0\u00bb row_type=\u00a0\u00bbrow\u00a0\u00bb use_row_as_full_screen_section=\u00a0\u00bbno\u00a0\u00bb type=\u00a0\u00bbfull_width\u00a0\u00bb angled_section=\u00a0\u00bbno\u00a0\u00bb text_align=\u00a0\u00bbleft\u00a0\u00bb background_image_as_pattern=\u00a0\u00bbwithout_pattern\u00a0\u00bb][vc_column width=\u00a0\u00bb1\/6&Prime;][\/vc_column][vc_column width=\u00a0\u00bb1\/3&Prime;][vc_empty_space][vc_single_image image=\u00a0\u00bb8212&Prime; img_size=\u00a0\u00bbfull\u00a0\u00bb qode_css_animation=\u00a0\u00bb\u00a0\u00bb][\/vc_column][vc_column width=\u00a0\u00bb1\/3&Prime;][vc_empty_space][vc_single_image image=\u00a0\u00bb8216&Prime; img_size=\u00a0\u00bbfull\u00a0\u00bb qode_css_animation=\u00a0\u00bb\u00a0\u00bb][\/vc_column][vc_column width=\u00a0\u00bb1\/6&Prime;][\/vc_column][\/vc_row][vc_row css_animation=\u00a0\u00bb\u00a0\u00bb row_type=\u00a0\u00bbrow\u00a0\u00bb use_row_as_full_screen_section=\u00a0\u00bbno\u00a0\u00bb type=\u00a0\u00bbfull_width\u00a0\u00bb angled_section=\u00a0\u00bbno\u00a0\u00bb text_align=\u00a0\u00bbleft\u00a0\u00bb background_image_as_pattern=\u00a0\u00bbwithout_pattern\u00a0\u00bb][vc_column][vc_empty_space height=\u00a0\u00bb80px\u00a0\u00bb][\/vc_column][\/vc_row][vc_row css_animation=\u00a0\u00bb\u00a0\u00bb row_type=\u00a0\u00bbrow\u00a0\u00bb use_row_as_full_screen_section=\u00a0\u00bbno\u00a0\u00bb type=\u00a0\u00bbfull_width\u00a0\u00bb angled_section=\u00a0\u00bbno\u00a0\u00bb text_align=\u00a0\u00bbcenter\u00a0\u00bb background_image_as_pattern=\u00a0\u00bbwithout_pattern\u00a0\u00bb][vc_column width=\u00a0\u00bb1\/6&Prime;][\/vc_column][vc_column width=\u00a0\u00bb1\/3&Prime;][vc_empty_space height=\u00a0\u00bb20px\u00a0\u00bb]<a  itemprop=\"url\" href=\"http:\/\/nexeimpressions.com\/fr\/demandez-un-devis\/\" target=\"_self\" data-hover-background-color=\"#d13f52\" data-hover-border-color=\"#d13f52\" data-hover-color=\"#ffffff\" class=\"qbutton  medium center default\" style=\"color: #d13f52; border-color: #d13f52; font-style: normal; font-weight: 800; margin: 0px 0px 0px 0px; background-color:#ffffff;\">DEMANDEZ VOTRE DEVIS<\/a>[\/vc_column][vc_column width=\u00a0\u00bb1\/3&Prime;][vc_empty_space height=\u00a0\u00bb20px\u00a0\u00bb]<a  itemprop=\"url\" href=\"mailto:info@nexeimpressions.com\" target=\"_self\" data-hover-background-color=\"#ffffff\" data-hover-border-color=\"#d13f52\" data-hover-color=\"#d13f52\" class=\"qbutton  medium center default\" style=\"color: #ffffff; border-color: #d13f52; font-style: normal; font-weight: 800; margin: 0px 0px 0px 0px; background-color:#d13f52;\">info@nexeimpressions.com<\/a>[\/vc_column][vc_column width=\u00a0\u00bb1\/6&Prime;][\/vc_column][\/vc_row][vc_row css_animation=\u00a0\u00bb\u00a0\u00bb row_type=\u00a0\u00bbrow\u00a0\u00bb use_row_as_full_screen_section=\u00a0\u00bbno\u00a0\u00bb type=\u00a0\u00bbfull_width\u00a0\u00bb angled_section=\u00a0\u00bbno\u00a0\u00bb text_align=\u00a0\u00bbleft\u00a0\u00bb background_image_as_pattern=\u00a0\u00bbwithout_pattern\u00a0\u00bb][vc_column][vc_empty_space height=\u00a0\u00bb50px\u00a0\u00bb][\/vc_column][\/vc_row]<\/p>\n<\/div>","protected":false},"excerpt":{"rendered":"<p>[vc_row css_animation=\u00a0\u00bb\u00a0\u00bb row_type=\u00a0\u00bbrow\u00a0\u00bb use_row_as_full_screen_section=\u00a0\u00bbno\u00a0\u00bb type=\u00a0\u00bbfull_width\u00a0\u00bb angled_section=\u00a0\u00bbno\u00a0\u00bb text_align=\u00a0\u00bbleft\u00a0\u00bb background_image_as_pattern=\u00a0\u00bbwithout_pattern\u00a0\u00bb][vc_column][vc_empty_space][vc_column_text]\u2190 ESPACE D&rsquo;IMPRESSION NUM\u00c9RIQUE[\/vc_column_text][vc_empty_space][\/vc_column][\/vc_row][vc_row css_animation=\u00a0\u00bb\u00a0\u00bb row_type=\u00a0\u00bbrow\u00a0\u00bb use_row_as_full_screen_section=\u00a0\u00bbno\u00a0\u00bb type=\u00a0\u00bbfull_width\u00a0\u00bb angled_section=\u00a0\u00bbno\u00a0\u00bb text_align=\u00a0\u00bbleft\u00a0\u00bb background_image_as_pattern=\u00a0\u00bbwithout_pattern\u00a0\u00bb][vc_column width=\u00a0\u00bb1\/4&Prime;][\/vc_column][vc_column width=\u00a0\u00bb1\/2&Prime;][vc_empty_space height=\u00a0\u00bb50px\u00a0\u00bb][vc_accordion active_tab=\u00a0\u00bbfalse\u00a0\u00bb collapsible=\u00a0\u00bbyes\u00a0\u00bb style=\u00a0\u00bbaccordion\u00a0\u00bb el_class=\u00a0\u00bb.q_accordion_holder.accordion .ui-accordion-header.ui-state-active .accordion_mark { background-color: #cc0033 !important; }\u00a0\u00bb][vc_accordion_tab title=\u00a0\u00bbLivres, magazines et catalogues\u00a0\u00bb title_color=\u00a0\u00bb#303030&Prime;][vc_column_text] Piq\u00fbres en format personnalis\u00e9 Dos carr\u00e9 cousu Dos&#8230;<\/p>\n","protected":false},"author":1,"featured_media":0,"parent":0,"menu_order":147,"comment_status":"closed","ping_status":"closed","template":"","meta":{"footnotes":""},"class_list":["post-6653","page","type-page","status-publish","hentry"],"yoast_head":"<!-- This site is optimized with the Yoast SEO plugin v25.0 - https:\/\/yoast.com\/wordpress\/plugins\/seo\/ -->\n<title>Gamme de produits imprim\u00e9s &#8211; Nexe Impressions<\/title>\n<meta name=\"description\" content=\"L&#039;impression num\u00e9rique garantit une qualit\u00e9 de pointe gr\u00e2ce \u00e0 ses encres liquides \u00e0 haute durabilit\u00e9. D\u00e9couvrez notre gamme de produits imprim\u00e9s!\" \/>\n<meta name=\"robots\" content=\"index, follow, max-snippet:-1, max-image-preview:large, max-video-preview:-1\" \/>\n<link rel=\"canonical\" href=\"https:\/\/nexeimpressions.com\/fr\/gamme-produits\/\" \/>\n<meta property=\"og:locale\" content=\"fr_FR\" \/>\n<meta property=\"og:type\" content=\"article\" \/>\n<meta property=\"og:title\" content=\"Gamme de produits imprim\u00e9s &#8211; Nexe Impressions\" \/>\n<meta property=\"og:description\" content=\"L&#039;impression num\u00e9rique garantit une qualit\u00e9 de pointe gr\u00e2ce \u00e0 ses encres liquides \u00e0 haute durabilit\u00e9. D\u00e9couvrez notre gamme de produits imprim\u00e9s!\" \/>\n<meta property=\"og:url\" content=\"https:\/\/nexeimpressions.com\/fr\/gamme-produits\/\" \/>\n<meta property=\"og:site_name\" content=\"Nexe Impressions\" \/>\n<meta property=\"article:publisher\" content=\"https:\/\/www.facebook.com\/nexeimpressions\" \/>\n<meta property=\"article:modified_time\" content=\"2026-01-15T14:57:28+00:00\" \/>\n<meta name=\"twitter:card\" content=\"summary_large_image\" \/>\n<meta name=\"twitter:label1\" content=\"Dur\u00e9e de lecture estim\u00e9e\" \/>\n\t<meta name=\"twitter:data1\" content=\"3 minutes\" \/>\n<script type=\"application\/ld+json\" class=\"yoast-schema-graph\">{\"@context\":\"https:\/\/schema.org\",\"@graph\":[{\"@type\":\"WebPage\",\"@id\":\"https:\/\/nexeimpressions.com\/fr\/gamme-produits\/\",\"url\":\"https:\/\/nexeimpressions.com\/fr\/gamme-produits\/\",\"name\":\"Gamme de produits imprim\u00e9s &#8211; Nexe Impressions\",\"isPartOf\":{\"@id\":\"https:\/\/nexeimpressions.com\/fr\/#website\"},\"datePublished\":\"2020-01-27T09:38:17+00:00\",\"dateModified\":\"2026-01-15T14:57:28+00:00\",\"description\":\"L'impression num\u00e9rique garantit une qualit\u00e9 de pointe gr\u00e2ce \u00e0 ses encres liquides \u00e0 haute durabilit\u00e9. D\u00e9couvrez notre gamme de produits imprim\u00e9s!\",\"breadcrumb\":{\"@id\":\"https:\/\/nexeimpressions.com\/fr\/gamme-produits\/#breadcrumb\"},\"inLanguage\":\"fr-FR\",\"potentialAction\":[{\"@type\":\"ReadAction\",\"target\":[\"https:\/\/nexeimpressions.com\/fr\/gamme-produits\/\"]}]},{\"@type\":\"BreadcrumbList\",\"@id\":\"https:\/\/nexeimpressions.com\/fr\/gamme-produits\/#breadcrumb\",\"itemListElement\":[{\"@type\":\"ListItem\",\"position\":1,\"name\":\"Home\",\"item\":\"https:\/\/nexeimpressions.com\/fr\/\"},{\"@type\":\"ListItem\",\"position\":2,\"name\":\"Gamme de produits imprim\u00e9s\"}]},{\"@type\":\"WebSite\",\"@id\":\"https:\/\/nexeimpressions.com\/fr\/#website\",\"url\":\"https:\/\/nexeimpressions.com\/fr\/\",\"name\":\"Nexe Impressions\",\"description\":\"Print worthy\",\"potentialAction\":[{\"@type\":\"SearchAction\",\"target\":{\"@type\":\"EntryPoint\",\"urlTemplate\":\"https:\/\/nexeimpressions.com\/fr\/?s={search_term_string}\"},\"query-input\":{\"@type\":\"PropertyValueSpecification\",\"valueRequired\":true,\"valueName\":\"search_term_string\"}}],\"inLanguage\":\"fr-FR\"}]}<\/script>\n<!-- \/ Yoast SEO plugin. -->","yoast_head_json":{"title":"Gamme de produits imprim\u00e9s &#8211; Nexe Impressions","description":"L'impression num\u00e9rique garantit une qualit\u00e9 de pointe gr\u00e2ce \u00e0 ses encres liquides \u00e0 haute durabilit\u00e9. D\u00e9couvrez notre gamme de produits imprim\u00e9s!","robots":{"index":"index","follow":"follow","max-snippet":"max-snippet:-1","max-image-preview":"max-image-preview:large","max-video-preview":"max-video-preview:-1"},"canonical":"https:\/\/nexeimpressions.com\/fr\/gamme-produits\/","og_locale":"fr_FR","og_type":"article","og_title":"Gamme de produits imprim\u00e9s &#8211; Nexe Impressions","og_description":"L'impression num\u00e9rique garantit une qualit\u00e9 de pointe gr\u00e2ce \u00e0 ses encres liquides \u00e0 haute durabilit\u00e9. D\u00e9couvrez notre gamme de produits imprim\u00e9s!","og_url":"https:\/\/nexeimpressions.com\/fr\/gamme-produits\/","og_site_name":"Nexe Impressions","article_publisher":"https:\/\/www.facebook.com\/nexeimpressions","article_modified_time":"2026-01-15T14:57:28+00:00","twitter_card":"summary_large_image","twitter_misc":{"Dur\u00e9e de lecture estim\u00e9e":"3 minutes"},"schema":{"@context":"https:\/\/schema.org","@graph":[{"@type":"WebPage","@id":"https:\/\/nexeimpressions.com\/fr\/gamme-produits\/","url":"https:\/\/nexeimpressions.com\/fr\/gamme-produits\/","name":"Gamme de produits imprim\u00e9s &#8211; Nexe Impressions","isPartOf":{"@id":"https:\/\/nexeimpressions.com\/fr\/#website"},"datePublished":"2020-01-27T09:38:17+00:00","dateModified":"2026-01-15T14:57:28+00:00","description":"L'impression num\u00e9rique garantit une qualit\u00e9 de pointe gr\u00e2ce \u00e0 ses encres liquides \u00e0 haute durabilit\u00e9. D\u00e9couvrez notre gamme de produits imprim\u00e9s!","breadcrumb":{"@id":"https:\/\/nexeimpressions.com\/fr\/gamme-produits\/#breadcrumb"},"inLanguage":"fr-FR","potentialAction":[{"@type":"ReadAction","target":["https:\/\/nexeimpressions.com\/fr\/gamme-produits\/"]}]},{"@type":"BreadcrumbList","@id":"https:\/\/nexeimpressions.com\/fr\/gamme-produits\/#breadcrumb","itemListElement":[{"@type":"ListItem","position":1,"name":"Home","item":"https:\/\/nexeimpressions.com\/fr\/"},{"@type":"ListItem","position":2,"name":"Gamme de produits imprim\u00e9s"}]},{"@type":"WebSite","@id":"https:\/\/nexeimpressions.com\/fr\/#website","url":"https:\/\/nexeimpressions.com\/fr\/","name":"Nexe Impressions","description":"Print worthy","potentialAction":[{"@type":"SearchAction","target":{"@type":"EntryPoint","urlTemplate":"https:\/\/nexeimpressions.com\/fr\/?s={search_term_string}"},"query-input":{"@type":"PropertyValueSpecification","valueRequired":true,"valueName":"search_term_string"}}],"inLanguage":"fr-FR"}]}},"_links":{"self":[{"href":"https:\/\/nexeimpressions.com\/fr\/wp-json\/wp\/v2\/pages\/6653","targetHints":{"allow":["GET"]}}],"collection":[{"href":"https:\/\/nexeimpressions.com\/fr\/wp-json\/wp\/v2\/pages"}],"about":[{"href":"https:\/\/nexeimpressions.com\/fr\/wp-json\/wp\/v2\/types\/page"}],"author":[{"embeddable":true,"href":"https:\/\/nexeimpressions.com\/fr\/wp-json\/wp\/v2\/users\/1"}],"replies":[{"embeddable":true,"href":"https:\/\/nexeimpressions.com\/fr\/wp-json\/wp\/v2\/comments?post=6653"}],"version-history":[{"count":8,"href":"https:\/\/nexeimpressions.com\/fr\/wp-json\/wp\/v2\/pages\/6653\/revisions"}],"predecessor-version":[{"id":25698,"href":"https:\/\/nexeimpressions.com\/fr\/wp-json\/wp\/v2\/pages\/6653\/revisions\/25698"}],"wp:attachment":[{"href":"https:\/\/nexeimpressions.com\/fr\/wp-json\/wp\/v2\/media?parent=6653"}],"curies":[{"name":"wp","href":"https:\/\/api.w.org\/{rel}","templated":true}]}}