 {"id":7327,"date":"2020-02-25T07:41:35","date_gmt":"2020-02-25T07:41:35","guid":{"rendered":"http:\/\/www.nexeimpressions.com\/?page_id=7327"},"modified":"2023-08-04T14:36:21","modified_gmt":"2023-08-04T12:36:21","slug":"mentions-legales","status":"publish","type":"page","link":"https:\/\/nexeimpressions.com\/fr\/mentions-legales\/","title":{"rendered":"Mentions l\u00e9gales"},"content":{"rendered":"<div class=\"wpb-content-wrapper\"><p>[vc_row css_animation=\u00a0\u00bb\u00a0\u00bb row_type=\u00a0\u00bbrow\u00a0\u00bb use_row_as_full_screen_section=\u00a0\u00bbno\u00a0\u00bb type=\u00a0\u00bbfull_width\u00a0\u00bb angled_section=\u00a0\u00bbno\u00a0\u00bb text_align=\u00a0\u00bbleft\u00a0\u00bb background_image_as_pattern=\u00a0\u00bbwithout_pattern\u00a0\u00bb][vc_column][vc_empty_space][vc_column_text]<\/p>\n<p class=\"p1\">Conform\u00e9ment aux dispositions de la loi 34\/2002 du 11 juillet sur les services de la soci\u00e9t\u00e9 de l&rsquo;information et du commerce \u00e9lectronique (LSSICE), les aspects juridiques suivants sont signal\u00e9s :<\/p>\n<p>[\/vc_column_text][vc_empty_space height=\u00a0\u00bb50px\u00a0\u00bb][vc_column_text]<\/p>\n<h3 style=\"text-align: center;\">Propri\u00e9t\u00e9 du site web<\/h3>\n<p>[\/vc_column_text][vc_empty_space][vc_column_text]<\/p>\n<p class=\"p1\"><strong>Propri\u00e9taire du site web :<\/strong> NEXE TECNICS IMPRESSORS, S.L &#8211; CIF B09905670 &#8211; Nexe Impressions<br \/>\n<strong>Adresse :<\/strong> Rue Ramon Turr\u00f3, 16, local, rez-de-chauss\u00e9e. 17005, Girona, Espagne<br \/>\n<strong>Contact :<\/strong> T\u00e9l. 972246048 &#8211; Email : info@nexeimpressions.com<br \/>\n<strong>Activit\u00e9 :<\/strong> ARTS GRAPHIQUES<\/p>\n<p>[\/vc_column_text][vc_empty_space height=\u00a0\u00bb50px\u00a0\u00bb][vc_column_text]<\/p>\n<h3 style=\"text-align: center;\">Conditions g\u00e9n\u00e9rales d&rsquo;utilisation<\/h3>\n<p>[\/vc_column_text][vc_empty_space][vc_column_text]<\/p>\n<p class=\"p1\">Le portail web http:\/\/nexeimpressions.com vise \u00e0 fournir au public, en g\u00e9n\u00e9ral, des connaissances sur les activit\u00e9s que cette organisation r\u00e9alise et les produits et services qu&rsquo;elle fournit, pour le d\u00e9veloppement de son activit\u00e9.<\/p>\n<p>[\/vc_column_text][vc_empty_space height=\u00a0\u00bb15px\u00a0\u00bb][vc_column_text]<\/p>\n<p class=\"p1\">L&rsquo;utilisation de l&rsquo;une des fonctionnalit\u00e9s du Site implique l&rsquo;acceptation expresse et totale des conditions \u00e9nonc\u00e9es ici, sans pr\u00e9judice de celles particuli\u00e8res qui peuvent s&rsquo;appliquer \u00e0 certains des services sp\u00e9cifiques offerts par le biais du Site.<\/p>\n<p>[\/vc_column_text][vc_empty_space height=\u00a0\u00bb15px\u00a0\u00bb][vc_column_text]<\/p>\n<p class=\"p1\">Le propri\u00e9taire du site web se r\u00e9serve le droit d&rsquo;apporter, \u00e0 tout moment et sans pr\u00e9avis, des modifications et des mises \u00e0 jour aux informations contenues dans son site web ou dans sa configuration et sa pr\u00e9sentation.<\/p>\n<p>[\/vc_column_text][vc_empty_space height=\u00a0\u00bb15px\u00a0\u00bb][vc_column_text]<\/p>\n<p class=\"p1\">Afin de maintenir \u00e0 jour les informations publi\u00e9es sur le portail Web, son contenu peut \u00eatre modifi\u00e9, corrig\u00e9, supprim\u00e9 ou ajout\u00e9 \u00e0 tout moment, de sorte qu&rsquo;il sera commode de v\u00e9rifier la validit\u00e9 ou l&rsquo;exactitude de celles-ci en s&rsquo;adressant aux sources officielles.<\/p>\n<p>[\/vc_column_text][vc_empty_space height=\u00a0\u00bb50px\u00a0\u00bb][vc_column_text]<\/p>\n<h3 style=\"text-align: center;\">Propri\u00e9t\u00e9 intellectuelle, industrielle et cadres<\/h3>\n<p>[\/vc_column_text][vc_empty_space][vc_column_text]<\/p>\n<p class=\"p1\">Tous les \u00e9l\u00e9ments qui composent le site web, ainsi que sa structure, son design, son code source, ainsi que les logos, marques et autres signes distinctifs qui y apparaissent, sont la propri\u00e9t\u00e9 de NEXE IMPRESSIONS SL, NEXE IMPRESSIONS ou de ses collaborateurs et sont prot\u00e9g\u00e9s par les droits de propri\u00e9t\u00e9 intellectuelle et industrielle correspondants.<\/p>\n<p>[\/vc_column_text][vc_empty_space height=\u00a0\u00bb15px\u00a0\u00bb][vc_column_text]<\/p>\n<p class=\"p1\">De m\u00eame, les images et autres \u00e9l\u00e9ments graphiques contenus dans le site web sont prot\u00e9g\u00e9s par les droits de propri\u00e9t\u00e9 intellectuelle et industrielle correspondants.<\/p>\n<p>[\/vc_column_text][vc_empty_space height=\u00a0\u00bb15px\u00a0\u00bb][vc_column_text]<\/p>\n<p class=\"p1\">Le propri\u00e9taire du site web interdit express\u00e9ment l&rsquo;ex\u00e9cution de \u00ab\u00a0framing\u00a0\u00bb ou l&rsquo;utilisation par des tiers de tout autre m\u00e9canisme qui alt\u00e8re la conception, la configuration originale ou le contenu de notre site web.<\/p>\n<p>[\/vc_column_text][vc_empty_space height=\u00a0\u00bb15px\u00a0\u00bb][vc_column_text]<\/p>\n<p class=\"p1\">L&rsquo;utilisation du contenu doit respecter votre licence particuli\u00e8re. Ainsi, son utilisation, reproduction, distribution, communication publique, transformation ou toute autre activit\u00e9 similaire ou analogue, est totalement interdite sauf autorisation pr\u00e9alable et expresse du propri\u00e9taire du site web NEXE IMPRESSIONS.<\/p>\n<p>[\/vc_column_text][vc_empty_space height=\u00a0\u00bb15px\u00a0\u00bb][vc_column_text]Seule la reproduction totale ou partielle des textes et contenus fournis par le site est autoris\u00e9e, sous r\u00e9serve du respect de chacune des conditions suivantes<\/p>\n<ul>\n<li>L&rsquo;int\u00e9grit\u00e9 des contenus, documents ou graphiques est maintenue<\/li>\n<li>Le propri\u00e9taire du site est express\u00e9ment cit\u00e9 comme source et origine de ceux-ci.<\/li>\n<li>L&rsquo;objet et la finalit\u00e9 de cette utilisation sont compatibles avec les objectifs du site web et\/ou l&rsquo;activit\u00e9 du propri\u00e9taire du site web.<\/li>\n<li>Aucune utilisation commerciale n&rsquo;est pr\u00e9vue, sa distribution, sa communication publique, sa transformation ou sa d\u00e9compilation \u00e9tant express\u00e9ment interdite.<\/li>\n<\/ul>\n<p>[\/vc_column_text][vc_empty_space height=\u00a0\u00bb15px\u00a0\u00bb][vc_column_text]<\/p>\n<p class=\"p1\">Toute autre utilisation doit \u00eatre communiqu\u00e9e et autoris\u00e9e par le propri\u00e9taire du site, pr\u00e9alablement et express\u00e9ment.<\/p>\n<p>[\/vc_column_text][vc_empty_space height=\u00a0\u00bb15px\u00a0\u00bb][vc_column_text]<\/p>\n<p class=\"p1\">En ce qui concerne les citations de produits et services de tiers, le propri\u00e9taire du site Web reconna\u00eet en faveur de ses titulaires les droits de propri\u00e9t\u00e9 industrielle et intellectuelle correspondants, n&rsquo;impliquant pas sa simple mention ou apparition sur le Web l&rsquo;existence de droits ou toute responsabilit\u00e9 sur ceux-ci, ni comme un soutien, un parrainage ou une recommandation.<\/p>\n<p>[\/vc_column_text][vc_empty_space height=\u00a0\u00bb15px\u00a0\u00bb][vc_column_text]<\/p>\n<p class=\"p1\">Le propri\u00e9taire du site web d\u00e9clare son respect pour les droits de propri\u00e9t\u00e9 intellectuelle et industrielle des tiers ; par cons\u00e9quent, si vous pensez que notre site web peut violer vos droits, veuillez contacter le propri\u00e9taire du site web.<\/p>\n<p>[\/vc_column_text][vc_empty_space height=\u00a0\u00bb50px\u00a0\u00bb][vc_column_text]<\/p>\n<h3 style=\"text-align: center;\">Responsabilit\u00e9<\/h3>\n<p>[\/vc_column_text][vc_empty_space][vc_column_text]<\/p>\n<p class=\"p1\">Le propri\u00e9taire du site web ne garantit pas l&rsquo;absence d&rsquo;erreurs dans l&rsquo;acc\u00e8s au site web, dans son contenu ou dans sa mise \u00e0 jour, bien que le propri\u00e9taire du site web fasse de son mieux pour, le cas \u00e9ch\u00e9ant, les \u00e9viter, les corriger ou les mettre \u00e0 jour.<\/p>\n<p>[\/vc_column_text][vc_empty_space height=\u00a0\u00bb15px\u00a0\u00bb][vc_column_text]<\/p>\n<p class=\"p1\">Tant l&rsquo;acc\u00e8s au site web que l&rsquo;utilisation qui peut \u00eatre faite des informations qu&rsquo;il contient rel\u00e8vent de la seule responsabilit\u00e9 de la personne qui l&rsquo;effectue.<\/p>\n<p>[\/vc_column_text][vc_empty_space height=\u00a0\u00bb15px\u00a0\u00bb][vc_column_text]<\/p>\n<p class=\"p1\">Le propri\u00e9taire du site n&rsquo;est pas responsable des informations et des contenus stock\u00e9s, \u00e0 titre d&rsquo;exemple mais non limitatif, dans les forums, chats, blogs, commentaires, r\u00e9seaux sociaux ou tout autre moyen permettant \u00e0 des tiers de publier des contenus de mani\u00e8re ind\u00e9pendante dans la page web http:\/\/nexeimpressions.com.<\/p>\n<p>[\/vc_column_text][vc_empty_space height=\u00a0\u00bb15px\u00a0\u00bb][vc_column_text]<\/p>\n<p class=\"p1\">Cependant, et conform\u00e9ment aux dispositions de la LSSI, le propri\u00e9taire du site web est mis \u00e0 la disposition de tous les utilisateurs, des autorit\u00e9s et des forces de s\u00e9curit\u00e9, et collabore activement au retrait ou au blocage de tous ces contenus. qui pourraient affecter ou contrevenir \u00e0 la l\u00e9gislation nationale ou internationale, aux droits des tiers ou \u00e0 l&rsquo;ordre moral et public. Si l&rsquo;utilisateur estime qu&rsquo;un contenu du site web est susceptible de faire l&rsquo;objet de cette classification, il doit contacter le propri\u00e9taire du site web.<\/p>\n<p>[\/vc_column_text][vc_empty_space height=\u00a0\u00bb15px\u00a0\u00bb][vc_column_text]<\/p>\n<p class=\"p1\">The owner of the website is not responsible for the replies made through the different email addresses that appear on its website, so that under no circumstances may the legal effect be derived from them.<\/p>\n<p>[\/vc_column_text][vc_empty_space height=\u00a0\u00bb50px\u00a0\u00bb][vc_column_text]<\/p>\n<h3 style=\"text-align: center;\">Liens ou hyperliens<\/h3>\n<p>[\/vc_column_text][vc_empty_space][vc_column_text]<\/p>\n<p class=\"p1\">Les liens contenus dans notre site web peuvent conduire \u00e0 des contenus web de tiers. L&rsquo;objectif de ces liens est uniquement de faciliter la recherche de ressources susceptibles de vous int\u00e9resser par le biais d&rsquo;Internet. Cependant, ces pages n&rsquo;appartiennent pas au propri\u00e9taire du site web, ni ne r\u00e9vise leur contenu et, par cons\u00e9quent, le propri\u00e9taire du site web n&rsquo;assume aucune responsabilit\u00e9 quant aux contenus, informations ou services qui peuvent appara\u00eetre sur lesdits sites, qui auront un caract\u00e8re exclusivement informatif et qui n&rsquo;impliquent en aucun cas une relation quelconque entre le propri\u00e9taire du site web et les personnes ou entit\u00e9s d\u00e9tentrices de ces contenus ou les propri\u00e9taires d&rsquo;autres sites o\u00f9 ils se trouvent. Le propri\u00e9taire du site web ne peut \u00eatre tenu pour responsable du fonctionnement de la page li\u00e9e ou de tout dommage pouvant d\u00e9couler de l&rsquo;acc\u00e8s ou de l&rsquo;utilisation de celle-ci.<\/p>\n<p>[\/vc_column_text][vc_empty_space height=\u00a0\u00bb15px\u00a0\u00bb][vc_column_text]Les liens vers le site http:\/\/nexeimpressions.com doivent respecter les conditions suivantes :<\/p>\n<ul>\n<li>L&rsquo;\u00e9tablissement du lien n&rsquo;impliquera aucun type d&rsquo;accord, de contrat, de parrainage ou de recommandation par NEXE IMPRESSIONS S.L de la page qui fait le lien.<\/li>\n<li>La page web sur laquelle est \u00e9tabli l&rsquo;hyperlien ne contiendra pas d&rsquo;informations dont le contenu est ill\u00e9gal, discriminatoire, contraire aux principes \u00e9thiques commun\u00e9ment accept\u00e9s ou contraire \u00e0 l&rsquo;ordre public, ni ne contiendra de contenus contraires aux droits de tiers.<\/li>\n<li>Le propri\u00e9taire du site web peut demander qu&rsquo;un lien vers son site soit supprim\u00e9, sans qu&rsquo;il soit n\u00e9cessaire d&rsquo;invoquer une quelconque cause. Dans ce cas, la page qui a cr\u00e9\u00e9 le lien doit proc\u00e9der \u00e0 sa suppression imm\u00e9diate, d\u00e8s qu&rsquo;elle re\u00e7oit la notification du propri\u00e9taire du site web.<\/li>\n<li>Elle n&rsquo;est en aucun cas responsable ni ne garantit la clart\u00e9, l&rsquo;exactitude, la fiabilit\u00e9, la justesse ou la moralit\u00e9 des contenus ou des services que l&rsquo;\u00e9tablissement du lien hypertexte peut offrir. L&rsquo;utilisateur assume sous sa seule responsabilit\u00e9 les cons\u00e9quences, dommages ou actions qui pourraient d\u00e9couler de l&rsquo;acc\u00e8s \u00e0 la page web de l&rsquo;hyperlien.<\/li>\n<li>La page web sur laquelle est \u00e9tabli l&rsquo;hyperlien ne peut contenir une marque, un nom, un logo, un slogan ou d&rsquo;autres signes distinctifs appartenant au propri\u00e9taire du site web, \u00e0 l&rsquo;exception des signes qui font partie du m\u00eame hyperlien.<\/li>\n<\/ul>\n<p>[\/vc_column_text][vc_empty_space height=\u00a0\u00bb50px\u00a0\u00bb][vc_column_text]<\/p>\n<h3 style=\"text-align: center;\">Protection des donn\u00e9es personnelles<\/h3>\n<p>[\/vc_column_text][vc_empty_space][vc_column_text]<\/p>\n<p class=\"p1\">Pour les cas o\u00f9 des donn\u00e9es \u00e0 caract\u00e8re personnel sont collect\u00e9es, trait\u00e9es ou stock\u00e9es, cela se fera conform\u00e9ment \u00e0 la politique de confidentialit\u00e9 publi\u00e9e sur le site web et qui peut \u00eatre consult\u00e9e dans le pied de page du site web.<\/p>\n<p>[\/vc_column_text][vc_empty_space height=\u00a0\u00bb50px\u00a0\u00bb][vc_column_text]<\/p>\n<h3 style=\"text-align: center;\">Droit applicable et juridiction<\/h3>\n<p>[\/vc_column_text][vc_empty_space][vc_column_text]<\/p>\n<p class=\"p1\">La loi applicable en cas de litige ou de conflit d&rsquo;interpr\u00e9tation des termes qui composent le pr\u00e9sent avis juridique, ainsi que pour toute question li\u00e9e aux services de ce portail, sera la loi espagnole.<\/p>\n<p>[\/vc_column_text][vc_empty_space height=\u00a0\u00bb15px\u00a0\u00bb][vc_column_text]<\/p>\n<p class=\"p1\">Pour la r\u00e9solution de tout conflit pouvant survenir lors de la visite du site web ou de l&rsquo;utilisation des services qui peuvent y \u00eatre propos\u00e9s, le propri\u00e9taire du site web et l&rsquo;utilisateur acceptent de se soumettre aux juges et tribunaux du domicile de l&rsquo;utilisateur, \u00e0 condition qu&rsquo;il soit situ\u00e9 sur le territoire espagnol et qu&rsquo;il agisse en tant que consommateur. Dans le cas contraire, la soumission sera faite aux Cours et Tribunaux de la ville de G\u00e9rone, Espagne.<\/p>\n<p>[\/vc_column_text][vc_empty_space][\/vc_column][\/vc_row]<\/p>\n<\/div>","protected":false},"excerpt":{"rendered":"<p>[vc_row css_animation=\u00a0\u00bb\u00a0\u00bb row_type=\u00a0\u00bbrow\u00a0\u00bb use_row_as_full_screen_section=\u00a0\u00bbno\u00a0\u00bb type=\u00a0\u00bbfull_width\u00a0\u00bb angled_section=\u00a0\u00bbno\u00a0\u00bb text_align=\u00a0\u00bbleft\u00a0\u00bb background_image_as_pattern=\u00a0\u00bbwithout_pattern\u00a0\u00bb][vc_column][vc_empty_space][vc_column_text] Conform\u00e9ment aux dispositions de la loi 34\/2002 du 11 juillet sur les services de la soci\u00e9t\u00e9 de l&rsquo;information et du commerce \u00e9lectronique (LSSICE), les aspects juridiques suivants sont signal\u00e9s : [\/vc_column_text][vc_empty_space height=\u00a0\u00bb50px\u00a0\u00bb][vc_column_text] Propri\u00e9t\u00e9 du site web [\/vc_column_text][vc_empty_space][vc_column_text]&#8230;<\/p>\n","protected":false},"author":1,"featured_media":0,"parent":0,"menu_order":108,"comment_status":"closed","ping_status":"closed","template":"","meta":{"footnotes":""},"class_list":["post-7327","page","type-page","status-publish","hentry"],"yoast_head":"<!-- This site is optimized with the Yoast SEO plugin v25.0 - https:\/\/yoast.com\/wordpress\/plugins\/seo\/ -->\n<title>Mentions l\u00e9gales &#8211; Nexe Impressions<\/title>\n<meta name=\"description\" content=\"Mentions l\u00e9gales Nexe Impressions conform\u00e9ment \u00e0 la r\u00e9glementation en vigueur sur la protection des donn\u00e9es personnelles et le traitement des donn\u00e9es.\" \/>\n<meta name=\"robots\" content=\"noindex, follow\" \/>\n<meta property=\"og:locale\" content=\"fr_FR\" \/>\n<meta property=\"og:type\" content=\"article\" \/>\n<meta property=\"og:title\" content=\"Mentions l\u00e9gales &#8211; Nexe Impressions\" \/>\n<meta property=\"og:description\" content=\"Mentions l\u00e9gales Nexe Impressions conform\u00e9ment \u00e0 la r\u00e9glementation en vigueur sur la protection des donn\u00e9es personnelles et le traitement des donn\u00e9es.\" \/>\n<meta property=\"og:url\" content=\"https:\/\/nexeimpressions.com\/fr\/mentions-legales\/\" \/>\n<meta property=\"og:site_name\" content=\"Nexe Impressions\" \/>\n<meta property=\"article:publisher\" content=\"https:\/\/www.facebook.com\/nexeimpressions\" \/>\n<meta property=\"article:modified_time\" content=\"2023-08-04T12:36:21+00:00\" \/>\n<meta name=\"twitter:card\" content=\"summary_large_image\" \/>\n<meta name=\"twitter:label1\" content=\"Dur\u00e9e de lecture estim\u00e9e\" \/>\n\t<meta name=\"twitter:data1\" content=\"8 minutes\" \/>\n<script type=\"application\/ld+json\" class=\"yoast-schema-graph\">{\"@context\":\"https:\/\/schema.org\",\"@graph\":[{\"@type\":\"WebPage\",\"@id\":\"https:\/\/nexeimpressions.com\/fr\/mentions-legales\/\",\"url\":\"https:\/\/nexeimpressions.com\/fr\/mentions-legales\/\",\"name\":\"Mentions l\u00e9gales &#8211; Nexe Impressions\",\"isPartOf\":{\"@id\":\"https:\/\/nexeimpressions.com\/fr\/#website\"},\"datePublished\":\"2020-02-25T07:41:35+00:00\",\"dateModified\":\"2023-08-04T12:36:21+00:00\",\"description\":\"Mentions l\u00e9gales Nexe Impressions conform\u00e9ment \u00e0 la r\u00e9glementation en vigueur sur la protection des donn\u00e9es personnelles et le traitement des donn\u00e9es.\",\"breadcrumb\":{\"@id\":\"https:\/\/nexeimpressions.com\/fr\/mentions-legales\/#breadcrumb\"},\"inLanguage\":\"fr-FR\",\"potentialAction\":[{\"@type\":\"ReadAction\",\"target\":[\"https:\/\/nexeimpressions.com\/fr\/mentions-legales\/\"]}]},{\"@type\":\"BreadcrumbList\",\"@id\":\"https:\/\/nexeimpressions.com\/fr\/mentions-legales\/#breadcrumb\",\"itemListElement\":[{\"@type\":\"ListItem\",\"position\":1,\"name\":\"Home\",\"item\":\"https:\/\/nexeimpressions.com\/fr\/\"},{\"@type\":\"ListItem\",\"position\":2,\"name\":\"Mentions l\u00e9gales\"}]},{\"@type\":\"WebSite\",\"@id\":\"https:\/\/nexeimpressions.com\/fr\/#website\",\"url\":\"https:\/\/nexeimpressions.com\/fr\/\",\"name\":\"Nexe Impressions\",\"description\":\"Print worthy\",\"potentialAction\":[{\"@type\":\"SearchAction\",\"target\":{\"@type\":\"EntryPoint\",\"urlTemplate\":\"https:\/\/nexeimpressions.com\/fr\/?s={search_term_string}\"},\"query-input\":{\"@type\":\"PropertyValueSpecification\",\"valueRequired\":true,\"valueName\":\"search_term_string\"}}],\"inLanguage\":\"fr-FR\"}]}<\/script>\n<!-- \/ Yoast SEO plugin. -->","yoast_head_json":{"title":"Mentions l\u00e9gales &#8211; Nexe Impressions","description":"Mentions l\u00e9gales Nexe Impressions conform\u00e9ment \u00e0 la r\u00e9glementation en vigueur sur la protection des donn\u00e9es personnelles et le traitement des donn\u00e9es.","robots":{"index":"noindex","follow":"follow"},"og_locale":"fr_FR","og_type":"article","og_title":"Mentions l\u00e9gales &#8211; Nexe Impressions","og_description":"Mentions l\u00e9gales Nexe Impressions conform\u00e9ment \u00e0 la r\u00e9glementation en vigueur sur la protection des donn\u00e9es personnelles et le traitement des donn\u00e9es.","og_url":"https:\/\/nexeimpressions.com\/fr\/mentions-legales\/","og_site_name":"Nexe Impressions","article_publisher":"https:\/\/www.facebook.com\/nexeimpressions","article_modified_time":"2023-08-04T12:36:21+00:00","twitter_card":"summary_large_image","twitter_misc":{"Dur\u00e9e de lecture estim\u00e9e":"8 minutes"},"schema":{"@context":"https:\/\/schema.org","@graph":[{"@type":"WebPage","@id":"https:\/\/nexeimpressions.com\/fr\/mentions-legales\/","url":"https:\/\/nexeimpressions.com\/fr\/mentions-legales\/","name":"Mentions l\u00e9gales &#8211; Nexe Impressions","isPartOf":{"@id":"https:\/\/nexeimpressions.com\/fr\/#website"},"datePublished":"2020-02-25T07:41:35+00:00","dateModified":"2023-08-04T12:36:21+00:00","description":"Mentions l\u00e9gales Nexe Impressions conform\u00e9ment \u00e0 la r\u00e9glementation en vigueur sur la protection des donn\u00e9es personnelles et le traitement des donn\u00e9es.","breadcrumb":{"@id":"https:\/\/nexeimpressions.com\/fr\/mentions-legales\/#breadcrumb"},"inLanguage":"fr-FR","potentialAction":[{"@type":"ReadAction","target":["https:\/\/nexeimpressions.com\/fr\/mentions-legales\/"]}]},{"@type":"BreadcrumbList","@id":"https:\/\/nexeimpressions.com\/fr\/mentions-legales\/#breadcrumb","itemListElement":[{"@type":"ListItem","position":1,"name":"Home","item":"https:\/\/nexeimpressions.com\/fr\/"},{"@type":"ListItem","position":2,"name":"Mentions l\u00e9gales"}]},{"@type":"WebSite","@id":"https:\/\/nexeimpressions.com\/fr\/#website","url":"https:\/\/nexeimpressions.com\/fr\/","name":"Nexe Impressions","description":"Print worthy","potentialAction":[{"@type":"SearchAction","target":{"@type":"EntryPoint","urlTemplate":"https:\/\/nexeimpressions.com\/fr\/?s={search_term_string}"},"query-input":{"@type":"PropertyValueSpecification","valueRequired":true,"valueName":"search_term_string"}}],"inLanguage":"fr-FR"}]}},"_links":{"self":[{"href":"https:\/\/nexeimpressions.com\/fr\/wp-json\/wp\/v2\/pages\/7327","targetHints":{"allow":["GET"]}}],"collection":[{"href":"https:\/\/nexeimpressions.com\/fr\/wp-json\/wp\/v2\/pages"}],"about":[{"href":"https:\/\/nexeimpressions.com\/fr\/wp-json\/wp\/v2\/types\/page"}],"author":[{"embeddable":true,"href":"https:\/\/nexeimpressions.com\/fr\/wp-json\/wp\/v2\/users\/1"}],"replies":[{"embeddable":true,"href":"https:\/\/nexeimpressions.com\/fr\/wp-json\/wp\/v2\/comments?post=7327"}],"version-history":[{"count":3,"href":"https:\/\/nexeimpressions.com\/fr\/wp-json\/wp\/v2\/pages\/7327\/revisions"}],"predecessor-version":[{"id":21166,"href":"https:\/\/nexeimpressions.com\/fr\/wp-json\/wp\/v2\/pages\/7327\/revisions\/21166"}],"wp:attachment":[{"href":"https:\/\/nexeimpressions.com\/fr\/wp-json\/wp\/v2\/media?parent=7327"}],"curies":[{"name":"wp","href":"https:\/\/api.w.org\/{rel}","templated":true}]}}