 {"id":7547,"date":"2020-02-27T13:08:50","date_gmt":"2020-02-27T13:08:50","guid":{"rendered":"http:\/\/www.nexeimpressions.com\/?page_id=7547"},"modified":"2025-11-06T16:59:43","modified_gmt":"2025-11-06T14:59:43","slug":"haute-definition-dorure-a-chaud","status":"publish","type":"page","link":"https:\/\/nexeimpressions.com\/fr\/haute-definition-dorure-a-chaud\/","title":{"rendered":"Haute d\u00e9finition dorure \u00e0 chaud"},"content":{"rendered":"<div class=\"wpb-content-wrapper\"><p>[vc_row css_animation=\u00a0\u00bb\u00a0\u00bb row_type=\u00a0\u00bbrow\u00a0\u00bb use_row_as_full_screen_section=\u00a0\u00bbno\u00a0\u00bb type=\u00a0\u00bbfull_width\u00a0\u00bb angled_section=\u00a0\u00bbno\u00a0\u00bb text_align=\u00a0\u00bbleft\u00a0\u00bb background_image_as_pattern=\u00a0\u00bbwithout_pattern\u00a0\u00bb][vc_column width=\u00a0\u00bb1\/6&Prime;][\/vc_column][vc_column width=\u00a0\u00bb2\/3&Prime;][vc_empty_space][vc_column_text]<strong><a tabindex=\"0\" href=\"\/?page_id=5862\"><span class=\"back-arrow\">\u2190 <\/span>FINITIONS NUM\u00c9RIQUES<\/a><\/strong>[\/vc_column_text][vc_empty_space][\/vc_column][vc_column width=\u00a0\u00bb1\/6&Prime;][\/vc_column][\/vc_row][vc_row css_animation=\u00a0\u00bb\u00a0\u00bb row_type=\u00a0\u00bbrow\u00a0\u00bb use_row_as_full_screen_section=\u00a0\u00bbno\u00a0\u00bb type=\u00a0\u00bbfull_width\u00a0\u00bb angled_section=\u00a0\u00bbno\u00a0\u00bb text_align=\u00a0\u00bbleft\u00a0\u00bb background_image_as_pattern=\u00a0\u00bbwithout_pattern\u00a0\u00bb][vc_column width=\u00a0\u00bb1\/6&Prime;][\/vc_column][vc_column width=\u00a0\u00bb2\/3&Prime;][vc_empty_space height=\u00a0\u00bb32 px\u00a0\u00bb][vc_column_text]<span style=\"color: #303030;\">Les derni\u00e8res technologies s&rsquo;allient aux tendances pour cr\u00e9er des bijoux authentiques aux finitions haute d\u00e9finition. L&rsquo;impression num\u00e9rique et le vernis s\u00e9lectif atteignent d\u00e9sormais des param\u00e8tres d&rsquo;impression millim\u00e9triques: des motifs plus d\u00e9taill\u00e9s, des traits 100% d\u00e9finis, avec un effet m\u00e9tallique et la possibilit\u00e9 de jouer avec les volumes pour une exp\u00e9rience sensorielle premium.<\/span>[\/vc_column_text][vc_empty_space height=\u00a0\u00bb20 px\u00a0\u00bb][vc_column_text]<span style=\"color: #303030;\">Combinez-les pour cr\u00e9er des designs exclusifs: impression num\u00e9rique multicolore, m\u00e9lange d&rsquo;estampage et vernis pour varier les volumes m\u00e9talliques ou design uniquement avec du vernis.<\/span><br \/>\n<span style=\"color: #303030;\">Pr\u00e9vision maximale pour les conceptions les plus exigeantes.<\/span><\/p>\n<p>[\/vc_column_text][\/vc_column][vc_column width=\u00a0\u00bb1\/6&Prime;][\/vc_column][\/vc_row][vc_row css_animation=\u00a0\u00bb\u00a0\u00bb row_type=\u00a0\u00bbrow\u00a0\u00bb use_row_as_full_screen_section=\u00a0\u00bbno\u00a0\u00bb type=\u00a0\u00bbfull_width\u00a0\u00bb angled_section=\u00a0\u00bbno\u00a0\u00bb text_align=\u00a0\u00bbleft\u00a0\u00bb background_image_as_pattern=\u00a0\u00bbwithout_pattern\u00a0\u00bb][vc_column width=\u00a0\u00bb1\/6&Prime;][\/vc_column][vc_column width=\u00a0\u00bb2\/6&Prime; css=\u00a0\u00bb.vc_custom_1583397987916{border-radius: 10px !important;}\u00a0\u00bb][vc_empty_space height=\u00a0\u00bb90px\u00a0\u00bb][vc_single_image image=\u00a0\u00bb7345&Prime; img_size=\u00a0\u00bbmedium\u00a0\u00bb alignment=\u00a0\u00bbcenter\u00a0\u00bb style=\u00a0\u00bbvc_box_circle_2&Prime; qode_css_animation=\u00a0\u00bb\u00a0\u00bb][vc_empty_space height=\u00a0\u00bb20 px\u00a0\u00bb][vc_column_text]<\/p>\n<h3 style=\"text-align: center;\"><strong>Dorure \u00e0 chaud + Dorure \u00e0 chaud<\/strong><\/h3>\n<p>[\/vc_column_text][\/vc_column][vc_column width=\u00a0\u00bb2\/6&Prime; css=\u00a0\u00bb.vc_custom_1583397644357{border-radius: 10px !important;}\u00a0\u00bb][vc_empty_space height=\u00a0\u00bb90px\u00a0\u00bb][vc_single_image image=\u00a0\u00bb7672&Prime; img_size=\u00a0\u00bbmedium\u00a0\u00bb alignment=\u00a0\u00bbcenter\u00a0\u00bb style=\u00a0\u00bbvc_box_circle_2&Prime; qode_css_animation=\u00a0\u00bb\u00a0\u00bb][vc_empty_space height=\u00a0\u00bb20 px\u00a0\u00bb][vc_column_text]<\/p>\n<h3 style=\"text-align: center;\"><strong>Dorure \u00e0 chaud + Vernis 3D<\/strong><\/h3>\n<p>[\/vc_column_text][\/vc_column][vc_column width=\u00a0\u00bb1\/6&Prime;][\/vc_column][\/vc_row][vc_row css_animation=\u00a0\u00bb\u00a0\u00bb row_type=\u00a0\u00bbrow\u00a0\u00bb use_row_as_full_screen_section=\u00a0\u00bbno\u00a0\u00bb type=\u00a0\u00bbfull_width\u00a0\u00bb angled_section=\u00a0\u00bbno\u00a0\u00bb text_align=\u00a0\u00bbleft\u00a0\u00bb background_image_as_pattern=\u00a0\u00bbwithout_pattern\u00a0\u00bb][vc_column width=\u00a0\u00bb1\/6&Prime;][\/vc_column][vc_column width=\u00a0\u00bb2\/6&Prime;][vc_empty_space height=\u00a0\u00bb90px\u00a0\u00bb][vc_single_image image=\u00a0\u00bb7349&Prime; img_size=\u00a0\u00bbmedium\u00a0\u00bb alignment=\u00a0\u00bbcenter\u00a0\u00bb style=\u00a0\u00bbvc_box_circle_2&Prime; qode_css_animation=\u00a0\u00bb\u00a0\u00bb][vc_empty_space height=\u00a0\u00bb20 px\u00a0\u00bb][vc_column_text]<\/p>\n<h3 style=\"text-align: center;\"><strong>Dorure \u00e0 chaud + Dorure \u00e0 chaud<\/strong><\/h3>\n<p>[\/vc_column_text][\/vc_column][vc_column width=\u00a0\u00bb2\/6&Prime;][vc_empty_space height=\u00a0\u00bb90px\u00a0\u00bb][vc_single_image image=\u00a0\u00bb7668&Prime; img_size=\u00a0\u00bbmedium\u00a0\u00bb alignment=\u00a0\u00bbcenter\u00a0\u00bb style=\u00a0\u00bbvc_box_circle_2&Prime; qode_css_animation=\u00a0\u00bb\u00a0\u00bb][vc_empty_space height=\u00a0\u00bb20 px\u00a0\u00bb][vc_column_text]<\/p>\n<h3 style=\"text-align: center;\"><strong>Dorure \u00e0 chaud + Vernis 3D<\/strong><\/h3>\n<p>[\/vc_column_text][\/vc_column][vc_column width=\u00a0\u00bb1\/6&Prime;][\/vc_column][\/vc_row][vc_row css_animation=\u00a0\u00bb\u00a0\u00bb row_type=\u00a0\u00bbrow\u00a0\u00bb use_row_as_full_screen_section=\u00a0\u00bbno\u00a0\u00bb type=\u00a0\u00bbfull_width\u00a0\u00bb angled_section=\u00a0\u00bbno\u00a0\u00bb text_align=\u00a0\u00bbleft\u00a0\u00bb background_image_as_pattern=\u00a0\u00bbwithout_pattern\u00a0\u00bb][vc_column width=\u00a0\u00bb1\/6&Prime;][\/vc_column][vc_column width=\u00a0\u00bb2\/6&Prime;][vc_empty_space height=\u00a0\u00bb90px\u00a0\u00bb][vc_single_image image=\u00a0\u00bb7538&Prime; img_size=\u00a0\u00bbmedium\u00a0\u00bb alignment=\u00a0\u00bbcenter\u00a0\u00bb style=\u00a0\u00bbvc_box_circle_2&Prime; qode_css_animation=\u00a0\u00bb\u00a0\u00bb][vc_empty_space height=\u00a0\u00bb20 px\u00a0\u00bb][vc_column_text]<\/p>\n<h3 style=\"text-align: center;\"><strong>Dorure \u00e0 chaud + Dorure \u00e0 chaud <\/strong><strong>+ Vernis 3D<\/strong><\/h3>\n<p>[\/vc_column_text][\/vc_column][vc_column width=\u00a0\u00bb2\/6&Prime;][vc_empty_space height=\u00a0\u00bb90px\u00a0\u00bb][vc_single_image image=\u00a0\u00bb7676&Prime; img_size=\u00a0\u00bbmedium\u00a0\u00bb alignment=\u00a0\u00bbcenter\u00a0\u00bb style=\u00a0\u00bbvc_box_circle_2&Prime; qode_css_animation=\u00a0\u00bb\u00a0\u00bb][vc_empty_space height=\u00a0\u00bb20 px\u00a0\u00bb][vc_column_text]<\/p>\n<h3 style=\"text-align: center;\"><strong>Dorure \u00e0 chaud 3D + Vernis 3D<\/strong><\/h3>\n<p>[\/vc_column_text][\/vc_column][vc_column width=\u00a0\u00bb1\/6&Prime;][\/vc_column][\/vc_row][vc_row css_animation=\u00a0\u00bb\u00a0\u00bb row_type=\u00a0\u00bbrow\u00a0\u00bb use_row_as_full_screen_section=\u00a0\u00bbno\u00a0\u00bb type=\u00a0\u00bbfull_width\u00a0\u00bb angled_section=\u00a0\u00bbno\u00a0\u00bb text_align=\u00a0\u00bbleft\u00a0\u00bb background_image_as_pattern=\u00a0\u00bbwithout_pattern\u00a0\u00bb][vc_column][vc_empty_space height=\u00a0\u00bb90px\u00a0\u00bb][vc_column_text]<\/p>\n<h2 style=\"text-align: center;\"><span style=\"color: #cc0033;\">Votre devis en 2 heures<\/span><\/h2>\n<p>[\/vc_column_text][vc_empty_space][\/vc_column][\/vc_row][vc_row css_animation=\u00a0\u00bb\u00a0\u00bb row_type=\u00a0\u00bbrow\u00a0\u00bb use_row_as_full_screen_section=\u00a0\u00bbno\u00a0\u00bb type=\u00a0\u00bbfull_width\u00a0\u00bb angled_section=\u00a0\u00bbno\u00a0\u00bb text_align=\u00a0\u00bbcenter\u00a0\u00bb background_image_as_pattern=\u00a0\u00bbwithout_pattern\u00a0\u00bb][vc_column width=\u00a0\u00bb1\/4&Prime;][\/vc_column][vc_column width=\u00a0\u00bb1\/4&Prime;][vc_empty_space height=\u00a0\u00bb20px\u00a0\u00bb]<a  itemprop=\"url\" href=\"http:\/\/nexeimpressions.com\/fr\/demandez-un-devis\/\" target=\"_self\" data-hover-background-color=\"#cc0033\" data-hover-border-color=\"#cc0033\" data-hover-color=\"#ffffff\" class=\"qbutton  medium center default\" style=\"color: #cc0033; border-color: #cc0033; font-style: normal; font-weight: 800; margin: 0px 0px 0px 0px; background-color:#ffffff;\">DEMANDEZ VOTRE DEVIS<\/a>[\/vc_column][vc_column width=\u00a0\u00bb1\/4&Prime;][vc_empty_space height=\u00a0\u00bb20px\u00a0\u00bb]<a  itemprop=\"url\" href=\"mailto:info@nexeimpressions.com\" target=\"_self\" data-hover-background-color=\"#ffffff\" data-hover-border-color=\"#cc0033\" data-hover-color=\"#cc0033\" class=\"qbutton  medium center default\" style=\"color: #ffffff; border-color: #cc0033; font-style: normal; font-weight: 800; margin: 0px 0px 0px 0px; background-color:#cc0033;\">info@nexeimpressions.com<\/a>[\/vc_column][vc_column width=\u00a0\u00bb1\/4&Prime;][\/vc_column][\/vc_row][vc_row css_animation=\u00a0\u00bb\u00a0\u00bb row_type=\u00a0\u00bbrow\u00a0\u00bb use_row_as_full_screen_section=\u00a0\u00bbno\u00a0\u00bb type=\u00a0\u00bbfull_width\u00a0\u00bb angled_section=\u00a0\u00bbno\u00a0\u00bb text_align=\u00a0\u00bbcenter\u00a0\u00bb background_image_as_pattern=\u00a0\u00bbwithout_pattern\u00a0\u00bb][vc_column][vc_empty_space height=\u00a0\u00bb70px\u00a0\u00bb][\/vc_column][\/vc_row]<\/p>\n<\/div>","protected":false},"excerpt":{"rendered":"<p>[vc_row css_animation=\u00a0\u00bb\u00a0\u00bb row_type=\u00a0\u00bbrow\u00a0\u00bb use_row_as_full_screen_section=\u00a0\u00bbno\u00a0\u00bb type=\u00a0\u00bbfull_width\u00a0\u00bb angled_section=\u00a0\u00bbno\u00a0\u00bb text_align=\u00a0\u00bbleft\u00a0\u00bb background_image_as_pattern=\u00a0\u00bbwithout_pattern\u00a0\u00bb][vc_column width=\u00a0\u00bb1\/6&Prime;][\/vc_column][vc_column width=\u00a0\u00bb2\/3&Prime;][vc_empty_space][vc_column_text]\u2190 FINITIONS NUM\u00c9RIQUES[\/vc_column_text][vc_empty_space][\/vc_column][vc_column width=\u00a0\u00bb1\/6&Prime;][\/vc_column][\/vc_row][vc_row css_animation=\u00a0\u00bb\u00a0\u00bb row_type=\u00a0\u00bbrow\u00a0\u00bb use_row_as_full_screen_section=\u00a0\u00bbno\u00a0\u00bb type=\u00a0\u00bbfull_width\u00a0\u00bb angled_section=\u00a0\u00bbno\u00a0\u00bb text_align=\u00a0\u00bbleft\u00a0\u00bb background_image_as_pattern=\u00a0\u00bbwithout_pattern\u00a0\u00bb][vc_column width=\u00a0\u00bb1\/6&Prime;][\/vc_column][vc_column width=\u00a0\u00bb2\/3&Prime;][vc_empty_space height=\u00a0\u00bb32 px\u00a0\u00bb][vc_column_text]Les derni\u00e8res technologies s&rsquo;allient aux tendances pour cr\u00e9er des bijoux authentiques aux finitions haute d\u00e9finition. L&rsquo;impression num\u00e9rique et le vernis s\u00e9lectif atteignent&#8230;<\/p>\n","protected":false},"author":1,"featured_media":0,"parent":0,"menu_order":102,"comment_status":"closed","ping_status":"closed","template":"","meta":{"footnotes":""},"class_list":["post-7547","page","type-page","status-publish","hentry"],"yoast_head":"<!-- This site is optimized with the Yoast SEO plugin v25.0 - https:\/\/yoast.com\/wordpress\/plugins\/seo\/ -->\n<title>Haute d\u00e9finition dorure \u00e0 chaud &#8211; Nexe Impressions<\/title>\n<meta name=\"description\" content=\"La derni\u00e8re technologie est alli\u00e9e aux tendances pour cr\u00e9er haute d\u00e9finition dorure \u00e0 chaud. Combinez-les pour cr\u00e9er des designs uniques!\" \/>\n<meta name=\"robots\" content=\"index, follow, max-snippet:-1, max-image-preview:large, max-video-preview:-1\" \/>\n<link rel=\"canonical\" href=\"https:\/\/nexeimpressions.com\/fr\/haute-definition-dorure-a-chaud\/\" \/>\n<meta property=\"og:locale\" content=\"fr_FR\" \/>\n<meta property=\"og:type\" content=\"article\" \/>\n<meta property=\"og:title\" content=\"Haute d\u00e9finition dorure \u00e0 chaud &#8211; Nexe Impressions\" \/>\n<meta property=\"og:description\" content=\"La derni\u00e8re technologie est alli\u00e9e aux tendances pour cr\u00e9er haute d\u00e9finition dorure \u00e0 chaud. Combinez-les pour cr\u00e9er des designs uniques!\" \/>\n<meta property=\"og:url\" content=\"https:\/\/nexeimpressions.com\/fr\/haute-definition-dorure-a-chaud\/\" \/>\n<meta property=\"og:site_name\" content=\"Nexe Impressions\" \/>\n<meta property=\"article:publisher\" content=\"https:\/\/www.facebook.com\/nexeimpressions\" \/>\n<meta property=\"article:modified_time\" content=\"2025-11-06T14:59:43+00:00\" \/>\n<meta name=\"twitter:card\" content=\"summary_large_image\" \/>\n<meta name=\"twitter:label1\" content=\"Dur\u00e9e de lecture estim\u00e9e\" \/>\n\t<meta name=\"twitter:data1\" content=\"2 minutes\" \/>\n<script type=\"application\/ld+json\" class=\"yoast-schema-graph\">{\"@context\":\"https:\/\/schema.org\",\"@graph\":[{\"@type\":\"WebPage\",\"@id\":\"https:\/\/nexeimpressions.com\/fr\/haute-definition-dorure-a-chaud\/\",\"url\":\"https:\/\/nexeimpressions.com\/fr\/haute-definition-dorure-a-chaud\/\",\"name\":\"Haute d\u00e9finition dorure \u00e0 chaud &#8211; Nexe Impressions\",\"isPartOf\":{\"@id\":\"https:\/\/nexeimpressions.com\/fr\/#website\"},\"datePublished\":\"2020-02-27T13:08:50+00:00\",\"dateModified\":\"2025-11-06T14:59:43+00:00\",\"description\":\"La derni\u00e8re technologie est alli\u00e9e aux tendances pour cr\u00e9er haute d\u00e9finition dorure \u00e0 chaud. Combinez-les pour cr\u00e9er des designs uniques!\",\"breadcrumb\":{\"@id\":\"https:\/\/nexeimpressions.com\/fr\/haute-definition-dorure-a-chaud\/#breadcrumb\"},\"inLanguage\":\"fr-FR\",\"potentialAction\":[{\"@type\":\"ReadAction\",\"target\":[\"https:\/\/nexeimpressions.com\/fr\/haute-definition-dorure-a-chaud\/\"]}]},{\"@type\":\"BreadcrumbList\",\"@id\":\"https:\/\/nexeimpressions.com\/fr\/haute-definition-dorure-a-chaud\/#breadcrumb\",\"itemListElement\":[{\"@type\":\"ListItem\",\"position\":1,\"name\":\"Home\",\"item\":\"https:\/\/nexeimpressions.com\/fr\/\"},{\"@type\":\"ListItem\",\"position\":2,\"name\":\"Haute d\u00e9finition dorure \u00e0 chaud\"}]},{\"@type\":\"WebSite\",\"@id\":\"https:\/\/nexeimpressions.com\/fr\/#website\",\"url\":\"https:\/\/nexeimpressions.com\/fr\/\",\"name\":\"Nexe Impressions\",\"description\":\"Print worthy\",\"potentialAction\":[{\"@type\":\"SearchAction\",\"target\":{\"@type\":\"EntryPoint\",\"urlTemplate\":\"https:\/\/nexeimpressions.com\/fr\/?s={search_term_string}\"},\"query-input\":{\"@type\":\"PropertyValueSpecification\",\"valueRequired\":true,\"valueName\":\"search_term_string\"}}],\"inLanguage\":\"fr-FR\"}]}<\/script>\n<!-- \/ Yoast SEO plugin. -->","yoast_head_json":{"title":"Haute d\u00e9finition dorure \u00e0 chaud &#8211; Nexe Impressions","description":"La derni\u00e8re technologie est alli\u00e9e aux tendances pour cr\u00e9er haute d\u00e9finition dorure \u00e0 chaud. Combinez-les pour cr\u00e9er des designs uniques!","robots":{"index":"index","follow":"follow","max-snippet":"max-snippet:-1","max-image-preview":"max-image-preview:large","max-video-preview":"max-video-preview:-1"},"canonical":"https:\/\/nexeimpressions.com\/fr\/haute-definition-dorure-a-chaud\/","og_locale":"fr_FR","og_type":"article","og_title":"Haute d\u00e9finition dorure \u00e0 chaud &#8211; Nexe Impressions","og_description":"La derni\u00e8re technologie est alli\u00e9e aux tendances pour cr\u00e9er haute d\u00e9finition dorure \u00e0 chaud. Combinez-les pour cr\u00e9er des designs uniques!","og_url":"https:\/\/nexeimpressions.com\/fr\/haute-definition-dorure-a-chaud\/","og_site_name":"Nexe Impressions","article_publisher":"https:\/\/www.facebook.com\/nexeimpressions","article_modified_time":"2025-11-06T14:59:43+00:00","twitter_card":"summary_large_image","twitter_misc":{"Dur\u00e9e de lecture estim\u00e9e":"2 minutes"},"schema":{"@context":"https:\/\/schema.org","@graph":[{"@type":"WebPage","@id":"https:\/\/nexeimpressions.com\/fr\/haute-definition-dorure-a-chaud\/","url":"https:\/\/nexeimpressions.com\/fr\/haute-definition-dorure-a-chaud\/","name":"Haute d\u00e9finition dorure \u00e0 chaud &#8211; Nexe Impressions","isPartOf":{"@id":"https:\/\/nexeimpressions.com\/fr\/#website"},"datePublished":"2020-02-27T13:08:50+00:00","dateModified":"2025-11-06T14:59:43+00:00","description":"La derni\u00e8re technologie est alli\u00e9e aux tendances pour cr\u00e9er haute d\u00e9finition dorure \u00e0 chaud. Combinez-les pour cr\u00e9er des designs uniques!","breadcrumb":{"@id":"https:\/\/nexeimpressions.com\/fr\/haute-definition-dorure-a-chaud\/#breadcrumb"},"inLanguage":"fr-FR","potentialAction":[{"@type":"ReadAction","target":["https:\/\/nexeimpressions.com\/fr\/haute-definition-dorure-a-chaud\/"]}]},{"@type":"BreadcrumbList","@id":"https:\/\/nexeimpressions.com\/fr\/haute-definition-dorure-a-chaud\/#breadcrumb","itemListElement":[{"@type":"ListItem","position":1,"name":"Home","item":"https:\/\/nexeimpressions.com\/fr\/"},{"@type":"ListItem","position":2,"name":"Haute d\u00e9finition dorure \u00e0 chaud"}]},{"@type":"WebSite","@id":"https:\/\/nexeimpressions.com\/fr\/#website","url":"https:\/\/nexeimpressions.com\/fr\/","name":"Nexe Impressions","description":"Print worthy","potentialAction":[{"@type":"SearchAction","target":{"@type":"EntryPoint","urlTemplate":"https:\/\/nexeimpressions.com\/fr\/?s={search_term_string}"},"query-input":{"@type":"PropertyValueSpecification","valueRequired":true,"valueName":"search_term_string"}}],"inLanguage":"fr-FR"}]}},"_links":{"self":[{"href":"https:\/\/nexeimpressions.com\/fr\/wp-json\/wp\/v2\/pages\/7547","targetHints":{"allow":["GET"]}}],"collection":[{"href":"https:\/\/nexeimpressions.com\/fr\/wp-json\/wp\/v2\/pages"}],"about":[{"href":"https:\/\/nexeimpressions.com\/fr\/wp-json\/wp\/v2\/types\/page"}],"author":[{"embeddable":true,"href":"https:\/\/nexeimpressions.com\/fr\/wp-json\/wp\/v2\/users\/1"}],"replies":[{"embeddable":true,"href":"https:\/\/nexeimpressions.com\/fr\/wp-json\/wp\/v2\/comments?post=7547"}],"version-history":[{"count":2,"href":"https:\/\/nexeimpressions.com\/fr\/wp-json\/wp\/v2\/pages\/7547\/revisions"}],"predecessor-version":[{"id":25372,"href":"https:\/\/nexeimpressions.com\/fr\/wp-json\/wp\/v2\/pages\/7547\/revisions\/25372"}],"wp:attachment":[{"href":"https:\/\/nexeimpressions.com\/fr\/wp-json\/wp\/v2\/media?parent=7547"}],"curies":[{"name":"wp","href":"https:\/\/api.w.org\/{rel}","templated":true}]}}